{"id":6816,"date":"2024-04-29T14:40:41","date_gmt":"2024-04-29T11:40:41","guid":{"rendered":"https:\/\/endustriyel.com\/urun\/flasor-zaman-rolesi\/"},"modified":"2024-12-04T11:41:17","modified_gmt":"2024-12-04T08:41:17","slug":"%d0%bc%d0%b8%d0%b3%d0%b0%d1%8e%d1%89%d0%b5%d0%b5-%d1%80%d0%b5%d0%bb%d0%b5-%d0%b2%d1%80%d0%b5%d0%bc%d0%b5%d0%bd%d0%b8","status":"publish","type":"product","link":"https:\/\/endustriyel.com\/ru\/urun\/%d0%bc%d0%b8%d0%b3%d0%b0%d1%8e%d1%89%d0%b5%d0%b5-%d1%80%d0%b5%d0%bb%d0%b5-%d0%b2%d1%80%d0%b5%d0%bc%d0%b5%d0%bd%d0%b8\/","title":{"rendered":"\u0420\u0435\u043b\u0435 \u0432\u0440\u0435\u043c\u0435\u043d\u0438 (\u043c\u0438\u0433\u0430\u043d\u0438\u0435 \u0441 \u043d\u0430\u0447\u0430\u043b\u0430 \u0438\u043c\u043f\u0443\u043b\u044c\u0441\u0430)"},"content":{"rendered":"<p>F\u00fchrt die Pr\u00fcfung durch die duale Zeiteinstellung im gew\u00fcnschten Betriebszeitintervall durch.<br \/>\nDas Zeitintervall ist zwischen 0,5 Sekunden bis 30 Minuten einstellbar.<\/p>\n","protected":false},"excerpt":{"rendered":"<p>F\u00fchrt die Pr\u00fcfung durch die duale Zeiteinstellung im gew\u00fcnschten Betriebszeitintervall durch.<br \/>\nDas Zeitintervall ist zwischen 0,5 Sekunden bis 30 Minuten einstellbar. <\/p>\n","protected":false},"featured_media":6811,"comment_status":"open","ping_status":"closed","template":"","meta":{"_acf_changed":false,"site-sidebar-layout":"default","site-content-layout":"","ast-site-content-layout":"default","site-content-style":"default","site-sidebar-style":"default","ast-global-header-display":"","ast-banner-title-visibility":"","ast-main-header-display":"","ast-hfb-above-header-display":"","ast-hfb-below-header-display":"","ast-hfb-mobile-header-display":"","site-post-title":"","ast-breadcrumbs-content":"","ast-featured-img":"","footer-sml-layout":"","theme-transparent-header-meta":"default","adv-header-id-meta":"","stick-header-meta":"","header-above-stick-meta":"","header-main-stick-meta":"","header-below-stick-meta":"","astra-migrate-meta-layouts":"set","ast-page-background-enabled":"default","ast-page-background-meta":{"desktop":{"background-color":"var(--ast-global-color-4)","background-image":"","background-repeat":"repeat","background-position":"center center","background-size":"auto","background-attachment":"scroll","background-type":"","background-media":"","overlay-type":"","overlay-color":"","overlay-opacity":"","overlay-gradient":""},"tablet":{"background-color":"","background-image":"","background-repeat":"repeat","background-position":"center center","background-size":"auto","background-attachment":"scroll","background-type":"","background-media":"","overlay-type":"","overlay-color":"","overlay-opacity":"","overlay-gradient":""},"mobile":{"background-color":"","background-image":"","background-repeat":"repeat","background-position":"center center","background-size":"auto","background-attachment":"scroll","background-type":"","background-media":"","overlay-type":"","overlay-color":"","overlay-opacity":"","overlay-gradient":""}},"ast-content-background-meta":{"desktop":{"background-color":"var(--ast-global-color-5)","background-image":"","background-repeat":"repeat","background-position":"center center","background-size":"auto","background-attachment":"scroll","background-type":"","background-media":"","overlay-type":"","overlay-color":"","overlay-opacity":"","overlay-gradient":""},"tablet":{"background-color":"var(--ast-global-color-5)","background-image":"","background-repeat":"repeat","background-position":"center center","background-size":"auto","background-attachment":"scroll","background-type":"","background-media":"","overlay-type":"","overlay-color":"","overlay-opacity":"","overlay-gradient":""},"mobile":{"background-color":"var(--ast-global-color-5)","background-image":"","background-repeat":"repeat","background-position":"center center","background-size":"auto","background-attachment":"scroll","background-type":"","background-media":"","overlay-type":"","overlay-color":"","overlay-opacity":"","overlay-gradient":""}}},"product_cat":[410],"product_tag":[],"class_list":{"0":"post-6816","1":"product","2":"type-product","3":"status-publish","4":"has-post-thumbnail","6":"product_cat-410","7":"desktop-align-left","8":"tablet-align-left","9":"mobile-align-left","11":"first","12":"instock","13":"shipping-taxable","14":"product-type-simple"},"acf":[],"_links":{"self":[{"href":"https:\/\/endustriyel.com\/ru\/wp-json\/wp\/v2\/product\/6816","targetHints":{"allow":["GET"]}}],"collection":[{"href":"https:\/\/endustriyel.com\/ru\/wp-json\/wp\/v2\/product"}],"about":[{"href":"https:\/\/endustriyel.com\/ru\/wp-json\/wp\/v2\/types\/product"}],"replies":[{"embeddable":true,"href":"https:\/\/endustriyel.com\/ru\/wp-json\/wp\/v2\/comments?post=6816"}],"wp:featuredmedia":[{"embeddable":true,"href":"https:\/\/endustriyel.com\/ru\/wp-json\/wp\/v2\/media\/6811"}],"wp:attachment":[{"href":"https:\/\/endustriyel.com\/ru\/wp-json\/wp\/v2\/media?parent=6816"}],"wp:term":[{"taxonomy":"product_cat","embeddable":true,"href":"https:\/\/endustriyel.com\/ru\/wp-json\/wp\/v2\/product_cat?post=6816"},{"taxonomy":"product_tag","embeddable":true,"href":"https:\/\/endustriyel.com\/ru\/wp-json\/wp\/v2\/product_tag?post=6816"}],"curies":[{"name":"wp","href":"https:\/\/api.w.org\/{rel}","templated":true}]}}