{"id":7619,"date":"2024-04-25T16:00:45","date_gmt":"2024-04-25T13:00:45","guid":{"rendered":"https:\/\/endustriyel.com\/urun\/step-motorlu-super-sonic-filtre-kontrol-unitesi\/"},"modified":"2024-05-02T15:35:37","modified_gmt":"2024-05-02T12:35:37","slug":"unite-de-commande-de-filtre-super-sonic-avec-moteur-pas-a-pas","status":"publish","type":"product","link":"https:\/\/endustriyel.com\/fr\/urun\/unite-de-commande-de-filtre-super-sonic-avec-moteur-pas-a-pas\/","title":{"rendered":"Unit\u00e9 de commande de filtre Super Sonic avec moteur pas \u00e0 pas"},"content":{"rendered":"<p>Il est utilis\u00e9 pour s\u00e9parer les particules de poussi\u00e8re dans les conduites d\u2019air des usines. Dans les mod\u00e8les pressuris\u00e9s\u00a0; pression<br \/>\nGr\u00e2ce \u00e0 son syst\u00e8me de suivi, il offre une facilit\u00e9 d&rsquo;utilisation en ajustant automatiquement les param\u00e8tres de temps et de pouls. filtre en rafale<br \/>\nIl informe l&rsquo;utilisateur avec un avertissement de sortie de d\u00e9faut de filtre complet. Il est en bo\u00eete pour un usage externe. pension suppl\u00e9mentaire<br \/>\nCela n\u2019exige pas. Il dispose de deux r\u00e9glages d\u2019heure : impulsion et heure. Il existe 26 points de vente de sacs de nettoyage.<\/p>\n","protected":false},"excerpt":{"rendered":"<p>Il est utilis\u00e9 pour s\u00e9parer les particules de poussi\u00e8re dans les conduites d\u2019air des usines. Dans les mod\u00e8les pressuris\u00e9s\u00a0; pression<br \/>\nGr\u00e2ce \u00e0 son syst\u00e8me de suivi, il offre une facilit\u00e9 d&rsquo;utilisation en ajustant automatiquement les param\u00e8tres de temps et de pouls. filtre en rafale<br \/>\nIl informe l&rsquo;utilisateur avec un avertissement de sortie de d\u00e9faut de filtre complet. Il est en bo\u00eete pour un usage externe. pension suppl\u00e9mentaire<br \/>\nCela n\u2019exige pas. Il dispose de deux r\u00e9glages d\u2019heure : impulsion et heure. Il existe 26 points de vente de sacs de nettoyage.<\/p>\n","protected":false},"featured_media":5869,"comment_status":"open","ping_status":"closed","template":"","meta":{"_acf_changed":false,"site-sidebar-layout":"default","site-content-layout":"","ast-site-content-layout":"default","site-content-style":"default","site-sidebar-style":"default","ast-global-header-display":"","ast-banner-title-visibility":"","ast-main-header-display":"","ast-hfb-above-header-display":"","ast-hfb-below-header-display":"","ast-hfb-mobile-header-display":"","site-post-title":"","ast-breadcrumbs-content":"","ast-featured-img":"","footer-sml-layout":"","theme-transparent-header-meta":"default","adv-header-id-meta":"","stick-header-meta":"","header-above-stick-meta":"","header-main-stick-meta":"","header-below-stick-meta":"","astra-migrate-meta-layouts":"set","ast-page-background-enabled":"default","ast-page-background-meta":{"desktop":{"background-color":"var(--ast-global-color-4)","background-image":"","background-repeat":"repeat","background-position":"center center","background-size":"auto","background-attachment":"scroll","background-type":"","background-media":"","overlay-type":"","overlay-color":"","overlay-opacity":"","overlay-gradient":""},"tablet":{"background-color":"","background-image":"","background-repeat":"repeat","background-position":"center center","background-size":"auto","background-attachment":"scroll","background-type":"","background-media":"","overlay-type":"","overlay-color":"","overlay-opacity":"","overlay-gradient":""},"mobile":{"background-color":"","background-image":"","background-repeat":"repeat","background-position":"center center","background-size":"auto","background-attachment":"scroll","background-type":"","background-media":"","overlay-type":"","overlay-color":"","overlay-opacity":"","overlay-gradient":""}},"ast-content-background-meta":{"desktop":{"background-color":"var(--ast-global-color-5)","background-image":"","background-repeat":"repeat","background-position":"center center","background-size":"auto","background-attachment":"scroll","background-type":"","background-media":"","overlay-type":"","overlay-color":"","overlay-opacity":"","overlay-gradient":""},"tablet":{"background-color":"var(--ast-global-color-5)","background-image":"","background-repeat":"repeat","background-position":"center center","background-size":"auto","background-attachment":"scroll","background-type":"","background-media":"","overlay-type":"","overlay-color":"","overlay-opacity":"","overlay-gradient":""},"mobile":{"background-color":"var(--ast-global-color-5)","background-image":"","background-repeat":"repeat","background-position":"center center","background-size":"auto","background-attachment":"scroll","background-type":"","background-media":"","overlay-type":"","overlay-color":"","overlay-opacity":"","overlay-gradient":""}}},"product_cat":[408],"product_tag":[],"class_list":{"0":"post-7619","1":"product","2":"type-product","3":"status-publish","4":"has-post-thumbnail","6":"product_cat-produits-electroniques","7":"desktop-align-left","8":"tablet-align-left","9":"mobile-align-left","11":"first","12":"instock","13":"shipping-taxable","14":"product-type-simple"},"acf":[],"_links":{"self":[{"href":"https:\/\/endustriyel.com\/fr\/wp-json\/wp\/v2\/product\/7619","targetHints":{"allow":["GET"]}}],"collection":[{"href":"https:\/\/endustriyel.com\/fr\/wp-json\/wp\/v2\/product"}],"about":[{"href":"https:\/\/endustriyel.com\/fr\/wp-json\/wp\/v2\/types\/product"}],"replies":[{"embeddable":true,"href":"https:\/\/endustriyel.com\/fr\/wp-json\/wp\/v2\/comments?post=7619"}],"wp:featuredmedia":[{"embeddable":true,"href":"https:\/\/endustriyel.com\/fr\/wp-json\/wp\/v2\/media\/5869"}],"wp:attachment":[{"href":"https:\/\/endustriyel.com\/fr\/wp-json\/wp\/v2\/media?parent=7619"}],"wp:term":[{"taxonomy":"product_cat","embeddable":true,"href":"https:\/\/endustriyel.com\/fr\/wp-json\/wp\/v2\/product_cat?post=7619"},{"taxonomy":"product_tag","embeddable":true,"href":"https:\/\/endustriyel.com\/fr\/wp-json\/wp\/v2\/product_tag?post=7619"}],"curies":[{"name":"wp","href":"https:\/\/api.w.org\/{rel}","templated":true}]}}