{"id":6735,"date":"2024-04-29T14:17:01","date_gmt":"2024-04-29T11:17:01","guid":{"rendered":"https:\/\/endustriyel.com\/urun\/5li-flash-ariza-kartlari\/"},"modified":"2024-05-02T13:53:57","modified_gmt":"2024-05-02T10:53:57","slug":"5-cartes-de-defauts-flash","status":"publish","type":"product","link":"https:\/\/endustriyel.com\/fr\/urun\/5-cartes-de-defauts-flash\/","title":{"rendered":"5 cartes de d\u00e9fauts Flash"},"content":{"rendered":"<p>Une fois que la carte flash a re\u00e7u les informations de d\u00e9marrage du relais, elle envoie les informations de d\u00e9marrage \u00e0 l&rsquo;automate si vous le souhaitez.<br \/>\nEn m\u00eame temps, il active la LED de travail sur l&rsquo;\u00e9cran de contr\u00f4le. Apr\u00e8s avoir re\u00e7u des informations de d\u00e9faut du relais<br \/>\nEnsuite, si vous le souhaitez, il envoie des informations de d\u00e9faut au PLC. En m\u00eame temps, la LED sur l&rsquo;\u00e9cran de contr\u00f4le<br \/>\nL&rsquo;active en le faisant clignoter.<\/p>\n","protected":false},"excerpt":{"rendered":"<p>Une fois que la carte flash a re\u00e7u les informations de d\u00e9marrage du relais, elle envoie les informations de d\u00e9marrage \u00e0 l&rsquo;automate si vous le souhaitez.<br \/>\nEn m\u00eame temps, il active la LED de travail sur l&rsquo;\u00e9cran de contr\u00f4le. Apr\u00e8s avoir re\u00e7u des informations de d\u00e9faut du relais<br \/>\nEnsuite, si vous le souhaitez, il envoie des informations de d\u00e9faut au PLC. En m\u00eame temps, la LED sur l&rsquo;\u00e9cran de contr\u00f4le<br \/>\nL&rsquo;active en le faisant clignoter.<\/p>\n","protected":false},"featured_media":6730,"comment_status":"open","ping_status":"closed","template":"","meta":{"_acf_changed":false,"site-sidebar-layout":"default","site-content-layout":"","ast-site-content-layout":"default","site-content-style":"default","site-sidebar-style":"default","ast-global-header-display":"","ast-banner-title-visibility":"","ast-main-header-display":"","ast-hfb-above-header-display":"","ast-hfb-below-header-display":"","ast-hfb-mobile-header-display":"","site-post-title":"","ast-breadcrumbs-content":"","ast-featured-img":"","footer-sml-layout":"","theme-transparent-header-meta":"default","adv-header-id-meta":"","stick-header-meta":"","header-above-stick-meta":"","header-main-stick-meta":"","header-below-stick-meta":"","astra-migrate-meta-layouts":"set","ast-page-background-enabled":"default","ast-page-background-meta":{"desktop":{"background-color":"var(--ast-global-color-4)","background-image":"","background-repeat":"repeat","background-position":"center center","background-size":"auto","background-attachment":"scroll","background-type":"","background-media":"","overlay-type":"","overlay-color":"","overlay-opacity":"","overlay-gradient":""},"tablet":{"background-color":"","background-image":"","background-repeat":"repeat","background-position":"center center","background-size":"auto","background-attachment":"scroll","background-type":"","background-media":"","overlay-type":"","overlay-color":"","overlay-opacity":"","overlay-gradient":""},"mobile":{"background-color":"","background-image":"","background-repeat":"repeat","background-position":"center center","background-size":"auto","background-attachment":"scroll","background-type":"","background-media":"","overlay-type":"","overlay-color":"","overlay-opacity":"","overlay-gradient":""}},"ast-content-background-meta":{"desktop":{"background-color":"var(--ast-global-color-5)","background-image":"","background-repeat":"repeat","background-position":"center center","background-size":"auto","background-attachment":"scroll","background-type":"","background-media":"","overlay-type":"","overlay-color":"","overlay-opacity":"","overlay-gradient":""},"tablet":{"background-color":"var(--ast-global-color-5)","background-image":"","background-repeat":"repeat","background-position":"center center","background-size":"auto","background-attachment":"scroll","background-type":"","background-media":"","overlay-type":"","overlay-color":"","overlay-opacity":"","overlay-gradient":""},"mobile":{"background-color":"var(--ast-global-color-5)","background-image":"","background-repeat":"repeat","background-position":"center center","background-size":"auto","background-attachment":"scroll","background-type":"","background-media":"","overlay-type":"","overlay-color":"","overlay-opacity":"","overlay-gradient":""}}},"product_cat":[408],"product_tag":[],"class_list":{"0":"post-6735","1":"product","2":"type-product","3":"status-publish","4":"has-post-thumbnail","6":"product_cat-produits-electroniques","7":"desktop-align-left","8":"tablet-align-left","9":"mobile-align-left","11":"first","12":"instock","13":"shipping-taxable","14":"product-type-simple"},"acf":[],"_links":{"self":[{"href":"https:\/\/endustriyel.com\/fr\/wp-json\/wp\/v2\/product\/6735","targetHints":{"allow":["GET"]}}],"collection":[{"href":"https:\/\/endustriyel.com\/fr\/wp-json\/wp\/v2\/product"}],"about":[{"href":"https:\/\/endustriyel.com\/fr\/wp-json\/wp\/v2\/types\/product"}],"replies":[{"embeddable":true,"href":"https:\/\/endustriyel.com\/fr\/wp-json\/wp\/v2\/comments?post=6735"}],"wp:featuredmedia":[{"embeddable":true,"href":"https:\/\/endustriyel.com\/fr\/wp-json\/wp\/v2\/media\/6730"}],"wp:attachment":[{"href":"https:\/\/endustriyel.com\/fr\/wp-json\/wp\/v2\/media?parent=6735"}],"wp:term":[{"taxonomy":"product_cat","embeddable":true,"href":"https:\/\/endustriyel.com\/fr\/wp-json\/wp\/v2\/product_cat?post=6735"},{"taxonomy":"product_tag","embeddable":true,"href":"https:\/\/endustriyel.com\/fr\/wp-json\/wp\/v2\/product_tag?post=6735"}],"curies":[{"name":"wp","href":"https:\/\/api.w.org\/{rel}","templated":true}]}}