{"id":6638,"date":"2024-04-29T13:17:52","date_gmt":"2024-04-29T10:17:52","guid":{"rendered":"https:\/\/endustriyel.com\/urun\/plc-roleli-output-modulu\/"},"modified":"2024-05-02T15:41:42","modified_gmt":"2024-05-02T12:41:42","slug":"module-de-sortie-relais-plc","status":"publish","type":"product","link":"https:\/\/endustriyel.com\/fr\/urun\/module-de-sortie-relais-plc\/","title":{"rendered":"Module de sortie relais PLC"},"content":{"rendered":"<p>Le module de sortie PLC offre une isolation compl\u00e8te des sorties PLC gr\u00e2ce \u00e0 un relais ind\u00e9pendant.<br \/>\ns&rsquo;active. De plus, il facilite l&rsquo;utilisation des connexions par c\u00e2ble et assure le suivi des adresses.<br \/>\nCela aide \u00e0 le faire. Il permet une installation rapide gr\u00e2ce \u00e0 sa connexion par c\u00e2ble enfichable. Relais avec LED de relais<br \/>\nle statut peut \u00eatre suivi. Lorsque le relais est actif, la LED rouge s&rsquo;allume.<\/p>\n","protected":false},"excerpt":{"rendered":"<p>Le module de sortie PLC offre une isolation compl\u00e8te des sorties PLC gr\u00e2ce \u00e0 un relais ind\u00e9pendant.<br \/>\ns&rsquo;active. De plus, il facilite l&rsquo;utilisation des connexions par c\u00e2ble et assure le suivi des adresses.<br \/>\nCela aide \u00e0 le faire. Il permet une installation rapide gr\u00e2ce \u00e0 sa connexion par c\u00e2ble enfichable. Relais avec LED de relais<br \/>\nle statut peut \u00eatre suivi. Lorsque le relais est actif, la LED rouge s&rsquo;allume.<\/p>\n","protected":false},"featured_media":6633,"comment_status":"open","ping_status":"closed","template":"","meta":{"_acf_changed":false,"site-sidebar-layout":"default","site-content-layout":"","ast-site-content-layout":"default","site-content-style":"default","site-sidebar-style":"default","ast-global-header-display":"","ast-banner-title-visibility":"","ast-main-header-display":"","ast-hfb-above-header-display":"","ast-hfb-below-header-display":"","ast-hfb-mobile-header-display":"","site-post-title":"","ast-breadcrumbs-content":"","ast-featured-img":"","footer-sml-layout":"","theme-transparent-header-meta":"default","adv-header-id-meta":"","stick-header-meta":"","header-above-stick-meta":"","header-main-stick-meta":"","header-below-stick-meta":"","astra-migrate-meta-layouts":"set","ast-page-background-enabled":"default","ast-page-background-meta":{"desktop":{"background-color":"var(--ast-global-color-4)","background-image":"","background-repeat":"repeat","background-position":"center center","background-size":"auto","background-attachment":"scroll","background-type":"","background-media":"","overlay-type":"","overlay-color":"","overlay-opacity":"","overlay-gradient":""},"tablet":{"background-color":"","background-image":"","background-repeat":"repeat","background-position":"center center","background-size":"auto","background-attachment":"scroll","background-type":"","background-media":"","overlay-type":"","overlay-color":"","overlay-opacity":"","overlay-gradient":""},"mobile":{"background-color":"","background-image":"","background-repeat":"repeat","background-position":"center center","background-size":"auto","background-attachment":"scroll","background-type":"","background-media":"","overlay-type":"","overlay-color":"","overlay-opacity":"","overlay-gradient":""}},"ast-content-background-meta":{"desktop":{"background-color":"var(--ast-global-color-5)","background-image":"","background-repeat":"repeat","background-position":"center center","background-size":"auto","background-attachment":"scroll","background-type":"","background-media":"","overlay-type":"","overlay-color":"","overlay-opacity":"","overlay-gradient":""},"tablet":{"background-color":"var(--ast-global-color-5)","background-image":"","background-repeat":"repeat","background-position":"center center","background-size":"auto","background-attachment":"scroll","background-type":"","background-media":"","overlay-type":"","overlay-color":"","overlay-opacity":"","overlay-gradient":""},"mobile":{"background-color":"var(--ast-global-color-5)","background-image":"","background-repeat":"repeat","background-position":"center center","background-size":"auto","background-attachment":"scroll","background-type":"","background-media":"","overlay-type":"","overlay-color":"","overlay-opacity":"","overlay-gradient":""}}},"product_cat":[408],"product_tag":[],"class_list":{"0":"post-6638","1":"product","2":"type-product","3":"status-publish","4":"has-post-thumbnail","6":"product_cat-produits-electroniques","7":"desktop-align-left","8":"tablet-align-left","9":"mobile-align-left","11":"first","12":"instock","13":"shipping-taxable","14":"product-type-simple"},"acf":[],"_links":{"self":[{"href":"https:\/\/endustriyel.com\/fr\/wp-json\/wp\/v2\/product\/6638","targetHints":{"allow":["GET"]}}],"collection":[{"href":"https:\/\/endustriyel.com\/fr\/wp-json\/wp\/v2\/product"}],"about":[{"href":"https:\/\/endustriyel.com\/fr\/wp-json\/wp\/v2\/types\/product"}],"replies":[{"embeddable":true,"href":"https:\/\/endustriyel.com\/fr\/wp-json\/wp\/v2\/comments?post=6638"}],"wp:featuredmedia":[{"embeddable":true,"href":"https:\/\/endustriyel.com\/fr\/wp-json\/wp\/v2\/media\/6633"}],"wp:attachment":[{"href":"https:\/\/endustriyel.com\/fr\/wp-json\/wp\/v2\/media?parent=6638"}],"wp:term":[{"taxonomy":"product_cat","embeddable":true,"href":"https:\/\/endustriyel.com\/fr\/wp-json\/wp\/v2\/product_cat?post=6638"},{"taxonomy":"product_tag","embeddable":true,"href":"https:\/\/endustriyel.com\/fr\/wp-json\/wp\/v2\/product_tag?post=6638"}],"curies":[{"name":"wp","href":"https:\/\/api.w.org\/{rel}","templated":true}]}}