{"id":6626,"date":"2024-04-29T13:12:44","date_gmt":"2024-04-29T10:12:44","guid":{"rendered":"https:\/\/endustriyel.com\/urun\/patlac-valfli-filtre-kontrol-unitesi\/"},"modified":"2024-05-02T14:11:34","modified_gmt":"2024-05-02T11:11:34","slug":"unite-de-commande-de-filtre-avec-vanne-a-impulsion","status":"publish","type":"product","link":"https:\/\/endustriyel.com\/fr\/urun\/unite-de-commande-de-filtre-avec-vanne-a-impulsion\/","title":{"rendered":"Unit\u00e9 de commande de filtre avec vanne \u00e0 impulsion"},"content":{"rendered":"<p>Dans les mod\u00e8les pressuris\u00e9s\u00a0; Gr\u00e2ce au syst\u00e8me de surveillance de la pression, le temps d&rsquo;explosion des soupapes d&rsquo;explosion peut \u00eatre<br \/>\nIl offre une facilit\u00e9 d&rsquo;utilisation en rendant le temps de transition automatique et fournit \u00e9galement un filtre en rafale et un minibus<br \/>\nIl informe l&rsquo;utilisateur avec un avertissement de sortie de d\u00e9faut de filtre. La minuterie de filtre produit jusqu&rsquo;\u00e0 16 relais ind\u00e9pendants<br \/>\ndonne. En option, des vannes 24 V CC ou 220 V CA peuvent \u00eatre utilis\u00e9es aux sorties.<\/p>\n","protected":false},"excerpt":{"rendered":"<p>Dans les mod\u00e8les pressuris\u00e9s\u00a0; Gr\u00e2ce au syst\u00e8me de surveillance de la pression, le temps d&rsquo;explosion des soupapes d&rsquo;explosion peut \u00eatre<br \/>\nIl offre une facilit\u00e9 d&rsquo;utilisation en rendant le temps de transition automatique et fournit \u00e9galement un filtre en rafale et un minibus<br \/>\nIl informe l&rsquo;utilisateur avec un avertissement de sortie de d\u00e9faut de filtre. La minuterie de filtre produit jusqu&rsquo;\u00e0 16 relais ind\u00e9pendants<br \/>\ndonne. En option, des vannes 24 V CC ou 220 V CA peuvent \u00eatre utilis\u00e9es aux sorties.<\/p>\n","protected":false},"featured_media":6621,"comment_status":"open","ping_status":"closed","template":"","meta":{"_acf_changed":false,"site-sidebar-layout":"default","site-content-layout":"","ast-site-content-layout":"default","site-content-style":"default","site-sidebar-style":"default","ast-global-header-display":"","ast-banner-title-visibility":"","ast-main-header-display":"","ast-hfb-above-header-display":"","ast-hfb-below-header-display":"","ast-hfb-mobile-header-display":"","site-post-title":"","ast-breadcrumbs-content":"","ast-featured-img":"","footer-sml-layout":"","theme-transparent-header-meta":"default","adv-header-id-meta":"","stick-header-meta":"","header-above-stick-meta":"","header-main-stick-meta":"","header-below-stick-meta":"","astra-migrate-meta-layouts":"set","ast-page-background-enabled":"default","ast-page-background-meta":{"desktop":{"background-color":"var(--ast-global-color-4)","background-image":"","background-repeat":"repeat","background-position":"center center","background-size":"auto","background-attachment":"scroll","background-type":"","background-media":"","overlay-type":"","overlay-color":"","overlay-opacity":"","overlay-gradient":""},"tablet":{"background-color":"","background-image":"","background-repeat":"repeat","background-position":"center center","background-size":"auto","background-attachment":"scroll","background-type":"","background-media":"","overlay-type":"","overlay-color":"","overlay-opacity":"","overlay-gradient":""},"mobile":{"background-color":"","background-image":"","background-repeat":"repeat","background-position":"center center","background-size":"auto","background-attachment":"scroll","background-type":"","background-media":"","overlay-type":"","overlay-color":"","overlay-opacity":"","overlay-gradient":""}},"ast-content-background-meta":{"desktop":{"background-color":"var(--ast-global-color-5)","background-image":"","background-repeat":"repeat","background-position":"center center","background-size":"auto","background-attachment":"scroll","background-type":"","background-media":"","overlay-type":"","overlay-color":"","overlay-opacity":"","overlay-gradient":""},"tablet":{"background-color":"var(--ast-global-color-5)","background-image":"","background-repeat":"repeat","background-position":"center center","background-size":"auto","background-attachment":"scroll","background-type":"","background-media":"","overlay-type":"","overlay-color":"","overlay-opacity":"","overlay-gradient":""},"mobile":{"background-color":"var(--ast-global-color-5)","background-image":"","background-repeat":"repeat","background-position":"center center","background-size":"auto","background-attachment":"scroll","background-type":"","background-media":"","overlay-type":"","overlay-color":"","overlay-opacity":"","overlay-gradient":""}}},"product_cat":[408],"product_tag":[],"class_list":{"0":"post-6626","1":"product","2":"type-product","3":"status-publish","4":"has-post-thumbnail","6":"product_cat-produits-electroniques","7":"desktop-align-left","8":"tablet-align-left","9":"mobile-align-left","11":"first","12":"instock","13":"shipping-taxable","14":"product-type-simple"},"acf":[],"_links":{"self":[{"href":"https:\/\/endustriyel.com\/fr\/wp-json\/wp\/v2\/product\/6626","targetHints":{"allow":["GET"]}}],"collection":[{"href":"https:\/\/endustriyel.com\/fr\/wp-json\/wp\/v2\/product"}],"about":[{"href":"https:\/\/endustriyel.com\/fr\/wp-json\/wp\/v2\/types\/product"}],"replies":[{"embeddable":true,"href":"https:\/\/endustriyel.com\/fr\/wp-json\/wp\/v2\/comments?post=6626"}],"wp:featuredmedia":[{"embeddable":true,"href":"https:\/\/endustriyel.com\/fr\/wp-json\/wp\/v2\/media\/6621"}],"wp:attachment":[{"href":"https:\/\/endustriyel.com\/fr\/wp-json\/wp\/v2\/media?parent=6626"}],"wp:term":[{"taxonomy":"product_cat","embeddable":true,"href":"https:\/\/endustriyel.com\/fr\/wp-json\/wp\/v2\/product_cat?post=6626"},{"taxonomy":"product_tag","embeddable":true,"href":"https:\/\/endustriyel.com\/fr\/wp-json\/wp\/v2\/product_tag?post=6626"}],"curies":[{"name":"wp","href":"https:\/\/api.w.org\/{rel}","templated":true}]}}