{"id":6577,"date":"2024-04-25T15:57:53","date_gmt":"2024-04-25T12:57:53","guid":{"rendered":"https:\/\/endustriyel.com\/urun\/flow-balancer-kontrol-unitesi\/"},"modified":"2024-05-02T15:44:26","modified_gmt":"2024-05-02T12:44:26","slug":"unite-de-controle-de-lequilibreur-de-debit","status":"publish","type":"product","link":"https:\/\/endustriyel.com\/fr\/urun\/unite-de-controle-de-lequilibreur-de-debit\/","title":{"rendered":"Unit\u00e9 de contr\u00f4le de l&rsquo;\u00e9quilibreur de d\u00e9bit"},"content":{"rendered":"<p>L&rsquo;\u00e9quilibreur de flux est utilis\u00e9 pour m\u00e9langer du bl\u00e9 de diff\u00e9rents types et qualit\u00e9s dans les silos au d\u00e9bit souhait\u00e9.<br \/>\nIl est utilis\u00e9 pour un m\u00e9lange pr\u00e9cis. De cette fa\u00e7on, la qualit\u00e9 du produit et la production<br \/>\nl&rsquo;efficacit\u00e9 peut \u00eatre maintenue sous contr\u00f4le et la capacit\u00e9 souhait\u00e9e peut \u00eatre atteinte de mani\u00e8re stable.<br \/>\nassure sa r\u00e9alisation.<br \/>\nL&rsquo;\u00e9quilibreur de d\u00e9bit mesure avec une pr\u00e9cision maximale de \u00b1 1,5 %. Combin\u00e9 avec des pi\u00e8ces m\u00e9caniques<br \/>\nL&rsquo;unit\u00e9 d&rsquo;\u00e9quilibrage de d\u00e9bit calcule le d\u00e9bit et le d\u00e9bit du produit traversant le syst\u00e8me.<br \/>\net ouvre ou ferme en cons\u00e9quence la valve pneumatique sur celui-ci. Machine \u00e0 m\u00e9langer les informations<br \/>\nIl est accessible via des panneaux de commande ou une unit\u00e9 de commande centrale,<br \/>\npeut \u00eatre surveill\u00e9 et modifi\u00e9. De plus, des informations sur le produit passant dans le syst\u00e8me, kg\/heure ou<br \/>\nIl permet de surveiller proportionnellement (%).<\/p>\n","protected":false},"excerpt":{"rendered":"<p>L&rsquo;\u00e9quilibreur de flux est utilis\u00e9 pour m\u00e9langer du bl\u00e9 de diff\u00e9rents types et qualit\u00e9s dans les silos au d\u00e9bit souhait\u00e9.<br \/>\nIl est utilis\u00e9 pour un m\u00e9lange pr\u00e9cis. De cette fa\u00e7on, la qualit\u00e9 du produit et la production<br \/>\nl&rsquo;efficacit\u00e9 peut \u00eatre maintenue sous contr\u00f4le et la capacit\u00e9 souhait\u00e9e peut \u00eatre atteinte de mani\u00e8re stable.<br \/>\nassure sa r\u00e9alisation.<br \/>\nL&rsquo;\u00e9quilibreur de d\u00e9bit mesure avec une pr\u00e9cision maximale de \u00b1 1,5 %. Combin\u00e9 avec des pi\u00e8ces m\u00e9caniques<br \/>\nL&rsquo;unit\u00e9 d&rsquo;\u00e9quilibrage de d\u00e9bit calcule le d\u00e9bit et le d\u00e9bit du produit traversant le syst\u00e8me.<br \/>\net ouvre ou ferme en cons\u00e9quence la valve pneumatique sur celui-ci. Machine \u00e0 m\u00e9langer les informations<br \/>\nIl est accessible via des panneaux de commande ou une unit\u00e9 de commande centrale,<br \/>\npeut \u00eatre surveill\u00e9 et modifi\u00e9. De plus, des informations sur le produit passant dans le syst\u00e8me, kg\/heure ou<br \/>\nIl permet de surveiller proportionnellement (%).<\/p>\n","protected":false},"featured_media":6583,"comment_status":"open","ping_status":"closed","template":"","meta":{"_acf_changed":false,"site-sidebar-layout":"default","site-content-layout":"","ast-site-content-layout":"default","site-content-style":"default","site-sidebar-style":"default","ast-global-header-display":"","ast-banner-title-visibility":"","ast-main-header-display":"","ast-hfb-above-header-display":"","ast-hfb-below-header-display":"","ast-hfb-mobile-header-display":"","site-post-title":"","ast-breadcrumbs-content":"","ast-featured-img":"","footer-sml-layout":"","theme-transparent-header-meta":"default","adv-header-id-meta":"","stick-header-meta":"","header-above-stick-meta":"","header-main-stick-meta":"","header-below-stick-meta":"","astra-migrate-meta-layouts":"set","ast-page-background-enabled":"default","ast-page-background-meta":{"desktop":{"background-color":"var(--ast-global-color-4)","background-image":"","background-repeat":"repeat","background-position":"center center","background-size":"auto","background-attachment":"scroll","background-type":"","background-media":"","overlay-type":"","overlay-color":"","overlay-opacity":"","overlay-gradient":""},"tablet":{"background-color":"","background-image":"","background-repeat":"repeat","background-position":"center center","background-size":"auto","background-attachment":"scroll","background-type":"","background-media":"","overlay-type":"","overlay-color":"","overlay-opacity":"","overlay-gradient":""},"mobile":{"background-color":"","background-image":"","background-repeat":"repeat","background-position":"center center","background-size":"auto","background-attachment":"scroll","background-type":"","background-media":"","overlay-type":"","overlay-color":"","overlay-opacity":"","overlay-gradient":""}},"ast-content-background-meta":{"desktop":{"background-color":"var(--ast-global-color-5)","background-image":"","background-repeat":"repeat","background-position":"center center","background-size":"auto","background-attachment":"scroll","background-type":"","background-media":"","overlay-type":"","overlay-color":"","overlay-opacity":"","overlay-gradient":""},"tablet":{"background-color":"var(--ast-global-color-5)","background-image":"","background-repeat":"repeat","background-position":"center center","background-size":"auto","background-attachment":"scroll","background-type":"","background-media":"","overlay-type":"","overlay-color":"","overlay-opacity":"","overlay-gradient":""},"mobile":{"background-color":"var(--ast-global-color-5)","background-image":"","background-repeat":"repeat","background-position":"center center","background-size":"auto","background-attachment":"scroll","background-type":"","background-media":"","overlay-type":"","overlay-color":"","overlay-opacity":"","overlay-gradient":""}}},"product_cat":[408],"product_tag":[],"class_list":{"0":"post-6577","1":"product","2":"type-product","3":"status-publish","4":"has-post-thumbnail","6":"product_cat-produits-electroniques","7":"desktop-align-left","8":"tablet-align-left","9":"mobile-align-left","11":"first","12":"instock","13":"shipping-taxable","14":"product-type-simple"},"acf":[],"_links":{"self":[{"href":"https:\/\/endustriyel.com\/fr\/wp-json\/wp\/v2\/product\/6577","targetHints":{"allow":["GET"]}}],"collection":[{"href":"https:\/\/endustriyel.com\/fr\/wp-json\/wp\/v2\/product"}],"about":[{"href":"https:\/\/endustriyel.com\/fr\/wp-json\/wp\/v2\/types\/product"}],"replies":[{"embeddable":true,"href":"https:\/\/endustriyel.com\/fr\/wp-json\/wp\/v2\/comments?post=6577"}],"wp:featuredmedia":[{"embeddable":true,"href":"https:\/\/endustriyel.com\/fr\/wp-json\/wp\/v2\/media\/6583"}],"wp:attachment":[{"href":"https:\/\/endustriyel.com\/fr\/wp-json\/wp\/v2\/media?parent=6577"}],"wp:term":[{"taxonomy":"product_cat","embeddable":true,"href":"https:\/\/endustriyel.com\/fr\/wp-json\/wp\/v2\/product_cat?post=6577"},{"taxonomy":"product_tag","embeddable":true,"href":"https:\/\/endustriyel.com\/fr\/wp-json\/wp\/v2\/product_tag?post=6577"}],"curies":[{"name":"wp","href":"https:\/\/api.w.org\/{rel}","templated":true}]}}