{"id":6472,"date":"2024-04-25T15:36:08","date_gmt":"2024-04-25T12:36:08","guid":{"rendered":"https:\/\/endustriyel.com\/urun\/cift-problu-kapasitif-sensor-ve-analog-ceviricisi\/"},"modified":"2024-05-02T16:10:45","modified_gmt":"2024-05-02T13:10:45","slug":"capteur-capacitif-a-double-sonde-et-convertisseur-analogique","status":"publish","type":"product","link":"https:\/\/endustriyel.com\/fr\/urun\/capteur-capacitif-a-double-sonde-et-convertisseur-analogique\/","title":{"rendered":"Capteur capacitif \u00e0 double sonde et convertisseur analogique"},"content":{"rendered":"<p>Il permet une surveillance de niveau de haute pr\u00e9cision dans les broyeurs \u00e0 rouleaux. Bas et haut d&rsquo;un point \u00e9loign\u00e9<br \/>\nPossibilit\u00e9 de calibrer. Fournit une sortie programmable avec relais interne.<\/p>\n","protected":false},"excerpt":{"rendered":"<p>Il permet une surveillance de niveau de haute pr\u00e9cision dans les broyeurs \u00e0 rouleaux. Bas et haut d&rsquo;un point \u00e9loign\u00e9<br \/>\nPossibilit\u00e9 de calibrer. Fournit une sortie programmable avec relais interne.<\/p>\n","protected":false},"featured_media":6428,"comment_status":"open","ping_status":"closed","template":"","meta":{"_acf_changed":false,"site-sidebar-layout":"default","site-content-layout":"","ast-site-content-layout":"default","site-content-style":"default","site-sidebar-style":"default","ast-global-header-display":"","ast-banner-title-visibility":"","ast-main-header-display":"","ast-hfb-above-header-display":"","ast-hfb-below-header-display":"","ast-hfb-mobile-header-display":"","site-post-title":"","ast-breadcrumbs-content":"","ast-featured-img":"","footer-sml-layout":"","theme-transparent-header-meta":"default","adv-header-id-meta":"","stick-header-meta":"","header-above-stick-meta":"","header-main-stick-meta":"","header-below-stick-meta":"","astra-migrate-meta-layouts":"set","ast-page-background-enabled":"default","ast-page-background-meta":{"desktop":{"background-color":"var(--ast-global-color-4)","background-image":"","background-repeat":"repeat","background-position":"center center","background-size":"auto","background-attachment":"scroll","background-type":"","background-media":"","overlay-type":"","overlay-color":"","overlay-opacity":"","overlay-gradient":""},"tablet":{"background-color":"","background-image":"","background-repeat":"repeat","background-position":"center center","background-size":"auto","background-attachment":"scroll","background-type":"","background-media":"","overlay-type":"","overlay-color":"","overlay-opacity":"","overlay-gradient":""},"mobile":{"background-color":"","background-image":"","background-repeat":"repeat","background-position":"center center","background-size":"auto","background-attachment":"scroll","background-type":"","background-media":"","overlay-type":"","overlay-color":"","overlay-opacity":"","overlay-gradient":""}},"ast-content-background-meta":{"desktop":{"background-color":"var(--ast-global-color-5)","background-image":"","background-repeat":"repeat","background-position":"center center","background-size":"auto","background-attachment":"scroll","background-type":"","background-media":"","overlay-type":"","overlay-color":"","overlay-opacity":"","overlay-gradient":""},"tablet":{"background-color":"var(--ast-global-color-5)","background-image":"","background-repeat":"repeat","background-position":"center center","background-size":"auto","background-attachment":"scroll","background-type":"","background-media":"","overlay-type":"","overlay-color":"","overlay-opacity":"","overlay-gradient":""},"mobile":{"background-color":"var(--ast-global-color-5)","background-image":"","background-repeat":"repeat","background-position":"center center","background-size":"auto","background-attachment":"scroll","background-type":"","background-media":"","overlay-type":"","overlay-color":"","overlay-opacity":"","overlay-gradient":""}}},"product_cat":[408],"product_tag":[],"class_list":{"0":"post-6472","1":"product","2":"type-product","3":"status-publish","4":"has-post-thumbnail","6":"product_cat-produits-electroniques","7":"desktop-align-left","8":"tablet-align-left","9":"mobile-align-left","11":"first","12":"instock","13":"shipping-taxable","14":"product-type-simple"},"acf":[],"_links":{"self":[{"href":"https:\/\/endustriyel.com\/fr\/wp-json\/wp\/v2\/product\/6472","targetHints":{"allow":["GET"]}}],"collection":[{"href":"https:\/\/endustriyel.com\/fr\/wp-json\/wp\/v2\/product"}],"about":[{"href":"https:\/\/endustriyel.com\/fr\/wp-json\/wp\/v2\/types\/product"}],"replies":[{"embeddable":true,"href":"https:\/\/endustriyel.com\/fr\/wp-json\/wp\/v2\/comments?post=6472"}],"wp:featuredmedia":[{"embeddable":true,"href":"https:\/\/endustriyel.com\/fr\/wp-json\/wp\/v2\/media\/6428"}],"wp:attachment":[{"href":"https:\/\/endustriyel.com\/fr\/wp-json\/wp\/v2\/media?parent=6472"}],"wp:term":[{"taxonomy":"product_cat","embeddable":true,"href":"https:\/\/endustriyel.com\/fr\/wp-json\/wp\/v2\/product_cat?post=6472"},{"taxonomy":"product_tag","embeddable":true,"href":"https:\/\/endustriyel.com\/fr\/wp-json\/wp\/v2\/product_tag?post=6472"}],"curies":[{"name":"wp","href":"https:\/\/api.w.org\/{rel}","templated":true}]}}