{"id":4980,"date":"2024-03-23T16:49:48","date_gmt":"2024-03-23T13:49:48","guid":{"rendered":"https:\/\/endustriyel.com\/urun\/mustakil-plc-kontrollu-randiman-kantarlari-30-60-100-250-lt\/"},"modified":"2024-05-07T15:53:46","modified_gmt":"2024-05-07T12:53:46","slug":"balances-de-rendement-controlees-par-plc-detachees-30-60-100-250-lt","status":"publish","type":"product","link":"https:\/\/endustriyel.com\/fr\/urun\/balances-de-rendement-controlees-par-plc-detachees-30-60-100-250-lt\/","title":{"rendered":"Balances de rendement contr\u00f4l\u00e9es par PLC d\u00e9tach\u00e9es 30\/60\/100\/250 Lt."},"content":{"rendered":"<p>Syst\u00e8mes d&rsquo;\u00e9chelle d&rsquo;efficacit\u00e9\u00a0; bl\u00e9, farine, son, etc. Il s&rsquo;agit de syst\u00e8mes utilis\u00e9s pour peser des produits pendant la production sans interrompre la production.<br \/>\nIl garantit que les valeurs de capacit\u00e9 et d&rsquo;efficacit\u00e9 sont constamment contr\u00f4l\u00e9es dans les usines de farine.<br \/>\nL\u2019un des probl\u00e8mes les plus importants dans la production de farine est de maintenir sous contr\u00f4le constant les valeurs de capacit\u00e9 et d\u2019efficacit\u00e9.<br \/>\nC\u2019est pour cette raison que les \u00e9chelles d\u2019efficacit\u00e9 ont acquis une grande importance ces derni\u00e8res ann\u00e9es et ont commenc\u00e9 \u00e0 \u00eatre utilis\u00e9es dans les usines.<br \/>\nDans les syst\u00e8mes d&rsquo;efficacit\u00e9 dot\u00e9s d&rsquo;une infrastructure technologique avanc\u00e9e, les informations sur la production telles que les valeurs de capacit\u00e9 et d&rsquo;efficacit\u00e9 sont facilement accessibles \u00e0 tout moment pendant que la production se poursuit.<br \/>\nL&rsquo;acc\u00e8s \u00e0 ces informations peut \u00eatre fourni \u00e0 partir de panneaux de commande, d&rsquo;unit\u00e9s de contr\u00f4le centrales et \u00e0 des distances beaucoup plus \u00e9loign\u00e9es dans des environnements dot\u00e9s d&rsquo;un acc\u00e8s Internet.<br \/>\nLe d\u00e9bit du bl\u00e9 entrant et les valeurs en pourcentage de tous les produits produits en sortie peuvent \u00eatre surveill\u00e9s sur l&rsquo;\u00e9cran.<br \/>\nToutes les donn\u00e9es peuvent \u00eatre lues en kg\/heure, tonne\/jour ou proportionnellement (%).<br \/>\nDes rapports de production instantan\u00e9s, horaires, par \u00e9quipe, hebdomadaires et mensuels peuvent \u00eatre obtenus.<br \/>\nTous les param\u00e8tres de mesure, r\u00e9glage, ouverture, fermeture et reporting peuvent \u00eatre facilement effectu\u00e9s sur l&rsquo;ordinateur.<br \/>\nDe nombreuses balances d\u2019efficacit\u00e9 peuvent \u00eatre connect\u00e9es au syst\u00e8me.<br \/>\nLes rapports peuvent \u00eatre obtenus par p\u00e9riodes horaires, de 8 heures, quotidiennes, hebdomadaires, mensuelles et annuelles.<br \/>\nEn cas de dysfonctionnement, un acc\u00e8s \u00e0 distance peut \u00eatre fourni via Internet et le dysfonctionnement peut \u00eatre intervenu.<\/p>\n","protected":false},"excerpt":{"rendered":"<p>AVANTAGES DU SYST\u00c8ME \u00c0 EFFICACIT\u00c9 MULTIPLE<\/p>\n<p>Toutes les informations li\u00e9es \u00e0 la production sont facilement accessibles lorsque vous le souhaitez.<br \/>\nLe d\u00e9bit du bl\u00e9 entrant et les valeurs proportionnelles (%) de tous les produits sortis peuvent \u00eatre surveill\u00e9s sur l&rsquo;\u00e9cran.<br \/>\nToutes les donn\u00e9es peuvent \u00eatre lues en kg\/heure, tonne\/jour ou proportionnellement (%).<br \/>\nIl peut fonctionner sur tous les programmes ex\u00e9cut\u00e9s sous Windows. Un grand nombre de balances d&rsquo;efficacit\u00e9 (jusqu&rsquo;\u00e0 28) peuvent \u00eatre connect\u00e9es au syst\u00e8me.<br \/>\nLes informations sur l&rsquo;\u00e9tat de l&rsquo;usine peuvent \u00eatre suivies en acc\u00e9dant directement au syst\u00e8me depuis n&rsquo;importe quel endroit disposant d&rsquo;un acc\u00e8s Internet.<br \/>\nDes rapports de production instantan\u00e9s, horaires, post\u00e9s, hebdomadaires et mensuels peuvent \u00eatre obtenus.<br \/>\n*En option, les rapports peuvent \u00eatre transf\u00e9r\u00e9s vers n&rsquo;importe quel PC.<\/p>\n","protected":false},"featured_media":12584,"comment_status":"open","ping_status":"closed","template":"","meta":{"_acf_changed":false,"site-sidebar-layout":"default","site-content-layout":"","ast-site-content-layout":"default","site-content-style":"default","site-sidebar-style":"default","ast-global-header-display":"","ast-banner-title-visibility":"","ast-main-header-display":"","ast-hfb-above-header-display":"","ast-hfb-below-header-display":"","ast-hfb-mobile-header-display":"","site-post-title":"","ast-breadcrumbs-content":"","ast-featured-img":"","footer-sml-layout":"","theme-transparent-header-meta":"default","adv-header-id-meta":"","stick-header-meta":"","header-above-stick-meta":"","header-main-stick-meta":"","header-below-stick-meta":"","astra-migrate-meta-layouts":"set","ast-page-background-enabled":"default","ast-page-background-meta":{"desktop":{"background-color":"var(--ast-global-color-4)","background-image":"","background-repeat":"repeat","background-position":"center center","background-size":"auto","background-attachment":"scroll","background-type":"","background-media":"","overlay-type":"","overlay-color":"","overlay-opacity":"","overlay-gradient":""},"tablet":{"background-color":"","background-image":"","background-repeat":"repeat","background-position":"center center","background-size":"auto","background-attachment":"scroll","background-type":"","background-media":"","overlay-type":"","overlay-color":"","overlay-opacity":"","overlay-gradient":""},"mobile":{"background-color":"","background-image":"","background-repeat":"repeat","background-position":"center center","background-size":"auto","background-attachment":"scroll","background-type":"","background-media":"","overlay-type":"","overlay-color":"","overlay-opacity":"","overlay-gradient":""}},"ast-content-background-meta":{"desktop":{"background-color":"var(--ast-global-color-5)","background-image":"","background-repeat":"repeat","background-position":"center center","background-size":"auto","background-attachment":"scroll","background-type":"","background-media":"","overlay-type":"","overlay-color":"","overlay-opacity":"","overlay-gradient":""},"tablet":{"background-color":"var(--ast-global-color-5)","background-image":"","background-repeat":"repeat","background-position":"center center","background-size":"auto","background-attachment":"scroll","background-type":"","background-media":"","overlay-type":"","overlay-color":"","overlay-opacity":"","overlay-gradient":""},"mobile":{"background-color":"var(--ast-global-color-5)","background-image":"","background-repeat":"repeat","background-position":"center center","background-size":"auto","background-attachment":"scroll","background-type":"","background-media":"","overlay-type":"","overlay-color":"","overlay-opacity":"","overlay-gradient":""}}},"product_cat":[255],"product_tag":[],"class_list":{"0":"post-4980","1":"product","2":"type-product","3":"status-publish","4":"has-post-thumbnail","6":"product_cat-randiman-kantarlari-fr","7":"desktop-align-left","8":"tablet-align-left","9":"mobile-align-left","11":"first","12":"instock","13":"shipping-taxable","14":"product-type-simple"},"acf":[],"_links":{"self":[{"href":"https:\/\/endustriyel.com\/fr\/wp-json\/wp\/v2\/product\/4980","targetHints":{"allow":["GET"]}}],"collection":[{"href":"https:\/\/endustriyel.com\/fr\/wp-json\/wp\/v2\/product"}],"about":[{"href":"https:\/\/endustriyel.com\/fr\/wp-json\/wp\/v2\/types\/product"}],"replies":[{"embeddable":true,"href":"https:\/\/endustriyel.com\/fr\/wp-json\/wp\/v2\/comments?post=4980"}],"wp:featuredmedia":[{"embeddable":true,"href":"https:\/\/endustriyel.com\/fr\/wp-json\/wp\/v2\/media\/12584"}],"wp:attachment":[{"href":"https:\/\/endustriyel.com\/fr\/wp-json\/wp\/v2\/media?parent=4980"}],"wp:term":[{"taxonomy":"product_cat","embeddable":true,"href":"https:\/\/endustriyel.com\/fr\/wp-json\/wp\/v2\/product_cat?post=4980"},{"taxonomy":"product_tag","embeddable":true,"href":"https:\/\/endustriyel.com\/fr\/wp-json\/wp\/v2\/product_tag?post=4980"}],"curies":[{"name":"wp","href":"https:\/\/api.w.org\/{rel}","templated":true}]}}