{"id":4975,"date":"2024-03-23T16:46:55","date_gmt":"2024-03-23T13:46:55","guid":{"rendered":"https:\/\/endustriyel.com\/urun\/strec-sarma-makinesi\/"},"modified":"2024-11-07T15:38:29","modified_gmt":"2024-11-07T12:38:29","slug":"machine-demballage-etirable","status":"publish","type":"product","link":"https:\/\/endustriyel.com\/fr\/urun\/machine-demballage-etirable\/","title":{"rendered":"Machine d&#8217;emballage \u00e9tirable"},"content":{"rendered":"","protected":false},"excerpt":{"rendered":"<p>\u2022 (H) : 2 500 mm (L) : 1 500 mm x 1 500 mm<br \/>\n\u2022 Tension m\u00e9canique.<br \/>\n\u2022 3 programmes avec r\u00e9glage automatique<br \/>\n(les programmes peuvent \u00eatre ajust\u00e9s en eux-m\u00eames).<br \/>\n\u2022 Tours de remontage inf\u00e9rieur et sup\u00e9rieur num\u00e9rot\u00e9s.<br \/>\n\u2022 Menu configurable : Turc.<br \/>\n\u2022 Touchez l&rsquo;\u00e9cran LCD.<br \/>\n\u2022 Photocellule r\u00e9glage automatique de la hauteur et du bas.<br \/>\n(Photocellule chaude de marque ou autonics).<br \/>\n\u2022 Syst\u00e8me CPL.<br \/>\n\u2022 Capacit\u00e9 de charge jusqu&rsquo;\u00e0 1 500 kg<br \/>\n(r\u00e9glable en option).<br \/>\n\u2022 Table \/ rotation \/ vitesse \/ min. 1-12 tr\/min<br \/>\n(europalette min 60m\/min +- max 75m\/min +-).<br \/>\n\u2022 R\u00e9glage table \/ rotation \/ vitesse (1 &#8211; 100).<br \/>\n\u2022 Vitesse de sortie de l&rsquo;ascenseur 6,5 m\/min (circuit ferm\u00e9)<br \/>\nr\u00e9glable.<br \/>\n\u2022 Circuit ouvert normal 3,5 m\/min.<br \/>\n\u2022 Enroulement plus ou moins crois\u00e9.<br \/>\n\u2022 L&rsquo;ascenseur est \u00e9quip\u00e9 d&rsquo;un syst\u00e8me d&rsquo;engrenage \u00e0 cha\u00eene.<br \/>\n\u2022 Possibilit\u00e9 de r\u00e9cup\u00e9rer la palette au fur et \u00e0 mesure de sa pose, avec capteur<br \/>\nvisuel.<br \/>\n\u2022 Ascenseur avec syst\u00e8me inverseur<br \/>\n\u2022 Longueur du film 500 mm<br \/>\n\u2022 Ascenseur trois fins de course de s\u00e9curit\u00e9.<\/p>\n","protected":false},"featured_media":3088,"comment_status":"open","ping_status":"closed","template":"","meta":{"_acf_changed":false,"site-sidebar-layout":"default","site-content-layout":"","ast-site-content-layout":"default","site-content-style":"default","site-sidebar-style":"default","ast-global-header-display":"","ast-banner-title-visibility":"","ast-main-header-display":"","ast-hfb-above-header-display":"","ast-hfb-below-header-display":"","ast-hfb-mobile-header-display":"","site-post-title":"","ast-breadcrumbs-content":"","ast-featured-img":"","footer-sml-layout":"","theme-transparent-header-meta":"default","adv-header-id-meta":"","stick-header-meta":"","header-above-stick-meta":"","header-main-stick-meta":"","header-below-stick-meta":"","astra-migrate-meta-layouts":"set","ast-page-background-enabled":"default","ast-page-background-meta":{"desktop":{"background-color":"var(--ast-global-color-4)","background-image":"","background-repeat":"repeat","background-position":"center center","background-size":"auto","background-attachment":"scroll","background-type":"","background-media":"","overlay-type":"","overlay-color":"","overlay-opacity":"","overlay-gradient":""},"tablet":{"background-color":"","background-image":"","background-repeat":"repeat","background-position":"center center","background-size":"auto","background-attachment":"scroll","background-type":"","background-media":"","overlay-type":"","overlay-color":"","overlay-opacity":"","overlay-gradient":""},"mobile":{"background-color":"","background-image":"","background-repeat":"repeat","background-position":"center center","background-size":"auto","background-attachment":"scroll","background-type":"","background-media":"","overlay-type":"","overlay-color":"","overlay-opacity":"","overlay-gradient":""}},"ast-content-background-meta":{"desktop":{"background-color":"var(--ast-global-color-5)","background-image":"","background-repeat":"repeat","background-position":"center center","background-size":"auto","background-attachment":"scroll","background-type":"","background-media":"","overlay-type":"","overlay-color":"","overlay-opacity":"","overlay-gradient":""},"tablet":{"background-color":"var(--ast-global-color-5)","background-image":"","background-repeat":"repeat","background-position":"center center","background-size":"auto","background-attachment":"scroll","background-type":"","background-media":"","overlay-type":"","overlay-color":"","overlay-opacity":"","overlay-gradient":""},"mobile":{"background-color":"var(--ast-global-color-5)","background-image":"","background-repeat":"repeat","background-position":"center center","background-size":"auto","background-attachment":"scroll","background-type":"","background-media":"","overlay-type":"","overlay-color":"","overlay-opacity":"","overlay-gradient":""}}},"product_cat":[590],"product_tag":[380],"class_list":{"0":"post-4975","1":"product","2":"type-product","3":"status-publish","4":"has-post-thumbnail","6":"product_cat-systemes-de-palettisation-automatique-fr","7":"product_tag-strec-sarma-makinesi-fr","8":"desktop-align-left","9":"tablet-align-left","10":"mobile-align-left","12":"first","13":"instock","14":"shipping-taxable","15":"product-type-simple"},"acf":[],"_links":{"self":[{"href":"https:\/\/endustriyel.com\/fr\/wp-json\/wp\/v2\/product\/4975","targetHints":{"allow":["GET"]}}],"collection":[{"href":"https:\/\/endustriyel.com\/fr\/wp-json\/wp\/v2\/product"}],"about":[{"href":"https:\/\/endustriyel.com\/fr\/wp-json\/wp\/v2\/types\/product"}],"replies":[{"embeddable":true,"href":"https:\/\/endustriyel.com\/fr\/wp-json\/wp\/v2\/comments?post=4975"}],"wp:featuredmedia":[{"embeddable":true,"href":"https:\/\/endustriyel.com\/fr\/wp-json\/wp\/v2\/media\/3088"}],"wp:attachment":[{"href":"https:\/\/endustriyel.com\/fr\/wp-json\/wp\/v2\/media?parent=4975"}],"wp:term":[{"taxonomy":"product_cat","embeddable":true,"href":"https:\/\/endustriyel.com\/fr\/wp-json\/wp\/v2\/product_cat?post=4975"},{"taxonomy":"product_tag","embeddable":true,"href":"https:\/\/endustriyel.com\/fr\/wp-json\/wp\/v2\/product_tag?post=4975"}],"curies":[{"name":"wp","href":"https:\/\/api.w.org\/{rel}","templated":true}]}}