{"id":4965,"date":"2024-03-23T16:46:55","date_gmt":"2024-03-23T13:46:55","guid":{"rendered":"https:\/\/endustriyel.com\/urun\/lineer-tam-otomatik-un-paketleme-hatti\/"},"modified":"2024-05-07T15:42:11","modified_gmt":"2024-05-07T12:42:11","slug":"ligne-de-conditionnement-de-farine-lineaire-entierement-automatique","status":"publish","type":"product","link":"https:\/\/endustriyel.com\/fr\/urun\/ligne-de-conditionnement-de-farine-lineaire-entierement-automatique\/","title":{"rendered":"Ligne de conditionnement de farine lin\u00e9aire enti\u00e8rement automatique"},"content":{"rendered":"<p>Changement de taille rapide.<br \/>\nConception hygi\u00e9nique.<br \/>\nGr\u00e2ce \u00e0 la disposition am\u00e9lior\u00e9e du placement des produits, un emballage compact du produit final est assur\u00e9.<br \/>\nAucune ventouse ni pi\u00e8ce d&rsquo;usure rapide n&rsquo;est utilis\u00e9e.<br \/>\nAcc\u00e8s facile \u00e0 la machine.<br \/>\nCanal d&rsquo;extraction de poussi\u00e8re interne am\u00e9lior\u00e9, rendant la machine plus propre.<br \/>\nFaibles \u00e9missions sonores.<br \/>\nN\u00e9cessit\u00e9 d&rsquo;entretien minimale gr\u00e2ce \u00e0 la technologie de servomoteur int\u00e9gr\u00e9e.<br \/>\nNe n\u00e9cessite pas de lubrification.<\/p>\n<p>&nbsp;<\/p>\n<p>&nbsp;<\/p>\n<p>&nbsp;<\/p>\n<p>OPTIONS<\/p>\n<p>Remplissage de sacs\u00a0: syst\u00e8me de distribution de magazines, unit\u00e9 de remplissage et de scellage buccal.<br \/>\nMat\u00e9riaux d&#8217;emballage\u00a0: papier, sacs en plastique, film en bobine de plastique.<br \/>\nRemplisseur\u00a0: remplisseur \u00e0 tari\u00e8re, remplisseur de conteneurs, remplisseur de poids net.<br \/>\nFonctionnement : servomoteur ou entra\u00eenement par arbre \u00e0 cames.<br \/>\nCaract\u00e9ristiques suppl\u00e9mentaires\u00a0: syst\u00e8me de contr\u00f4le de pesage, d\u00e9tecteur de m\u00e9taux<\/p>\n<p>&nbsp;<\/p>\n<p>EE-FHK-OT-50S r\u00e9pond de mani\u00e8re optimale aux exigences d\u2019hygi\u00e8ne plus \u00e9lev\u00e9es gr\u00e2ce \u00e0 la caract\u00e9ristique de minimiser consid\u00e9rablement les zones d\u2019accumulation de poussi\u00e8re de produit. Entre autres choses, les t\u00e2ches de nettoyage peuvent \u00eatre effectu\u00e9es facilement et rapidement gr\u00e2ce \u00e0 la r\u00e9duction des c\u00e2bles et des tuyaux \u00e0 l&rsquo;int\u00e9rieur du syst\u00e8me et \u00e0 la conception du convoyeur suspendu sur le c\u00f4t\u00e9. L&rsquo;utilisation de lubrifiants peut \u00e9galement \u00eatre \u00e9vit\u00e9e. En plus de ces exigences d&rsquo;hygi\u00e8ne, l&rsquo;accessibilit\u00e9 des pi\u00e8ces du syst\u00e8me est consid\u00e9rablement am\u00e9lior\u00e9e gr\u00e2ce \u00e0 la structure ergonomique de la machine.<\/p>\n","protected":false},"excerpt":{"rendered":"<p>La s\u00e9rie INDUSTRIELLE EE-FHK-OT-50S permet le conditionnement de sacs de 1 \u00e0 2 \u00e0 5 kilos. Les sacs en papier des tailles sp\u00e9cifi\u00e9es sont remplis automatiquement. La ligne lin\u00e9aire de la machine transporte les emballages remplis respectivement vers les op\u00e9rations de d\u00e9coupe, de pliage et de torsion. Enfin, la partie buccale est coll\u00e9e ; Les sacs en papier sont \u00e9cras\u00e9s, mis sous forme serr\u00e9e et pr\u00eats \u00e0 \u00eatre empil\u00e9s.<\/p>\n","protected":false},"featured_media":3003,"comment_status":"open","ping_status":"closed","template":"","meta":{"_acf_changed":false,"site-sidebar-layout":"default","site-content-layout":"","ast-site-content-layout":"default","site-content-style":"default","site-sidebar-style":"default","ast-global-header-display":"","ast-banner-title-visibility":"","ast-main-header-display":"","ast-hfb-above-header-display":"","ast-hfb-below-header-display":"","ast-hfb-mobile-header-display":"","site-post-title":"","ast-breadcrumbs-content":"","ast-featured-img":"","footer-sml-layout":"","theme-transparent-header-meta":"default","adv-header-id-meta":"","stick-header-meta":"","header-above-stick-meta":"","header-main-stick-meta":"","header-below-stick-meta":"","astra-migrate-meta-layouts":"set","ast-page-background-enabled":"default","ast-page-background-meta":{"desktop":{"background-color":"var(--ast-global-color-4)","background-image":"","background-repeat":"repeat","background-position":"center center","background-size":"auto","background-attachment":"scroll","background-type":"","background-media":"","overlay-type":"","overlay-color":"","overlay-opacity":"","overlay-gradient":""},"tablet":{"background-color":"","background-image":"","background-repeat":"repeat","background-position":"center center","background-size":"auto","background-attachment":"scroll","background-type":"","background-media":"","overlay-type":"","overlay-color":"","overlay-opacity":"","overlay-gradient":""},"mobile":{"background-color":"","background-image":"","background-repeat":"repeat","background-position":"center center","background-size":"auto","background-attachment":"scroll","background-type":"","background-media":"","overlay-type":"","overlay-color":"","overlay-opacity":"","overlay-gradient":""}},"ast-content-background-meta":{"desktop":{"background-color":"var(--ast-global-color-5)","background-image":"","background-repeat":"repeat","background-position":"center center","background-size":"auto","background-attachment":"scroll","background-type":"","background-media":"","overlay-type":"","overlay-color":"","overlay-opacity":"","overlay-gradient":""},"tablet":{"background-color":"var(--ast-global-color-5)","background-image":"","background-repeat":"repeat","background-position":"center center","background-size":"auto","background-attachment":"scroll","background-type":"","background-media":"","overlay-type":"","overlay-color":"","overlay-opacity":"","overlay-gradient":""},"mobile":{"background-color":"var(--ast-global-color-5)","background-image":"","background-repeat":"repeat","background-position":"center center","background-size":"auto","background-attachment":"scroll","background-type":"","background-media":"","overlay-type":"","overlay-color":"","overlay-opacity":"","overlay-gradient":""}}},"product_cat":[280],"product_tag":[],"class_list":{"0":"post-4965","1":"product","2":"type-product","3":"status-publish","4":"has-post-thumbnail","6":"product_cat-systemes-demballage-automatises","7":"desktop-align-left","8":"tablet-align-left","9":"mobile-align-left","11":"first","12":"instock","13":"shipping-taxable","14":"purchasable","15":"product-type-simple"},"acf":[],"_links":{"self":[{"href":"https:\/\/endustriyel.com\/fr\/wp-json\/wp\/v2\/product\/4965","targetHints":{"allow":["GET"]}}],"collection":[{"href":"https:\/\/endustriyel.com\/fr\/wp-json\/wp\/v2\/product"}],"about":[{"href":"https:\/\/endustriyel.com\/fr\/wp-json\/wp\/v2\/types\/product"}],"replies":[{"embeddable":true,"href":"https:\/\/endustriyel.com\/fr\/wp-json\/wp\/v2\/comments?post=4965"}],"wp:featuredmedia":[{"embeddable":true,"href":"https:\/\/endustriyel.com\/fr\/wp-json\/wp\/v2\/media\/3003"}],"wp:attachment":[{"href":"https:\/\/endustriyel.com\/fr\/wp-json\/wp\/v2\/media?parent=4965"}],"wp:term":[{"taxonomy":"product_cat","embeddable":true,"href":"https:\/\/endustriyel.com\/fr\/wp-json\/wp\/v2\/product_cat?post=4965"},{"taxonomy":"product_tag","embeddable":true,"href":"https:\/\/endustriyel.com\/fr\/wp-json\/wp\/v2\/product_tag?post=4965"}],"curies":[{"name":"wp","href":"https:\/\/api.w.org\/{rel}","templated":true}]}}