{"id":4960,"date":"2024-03-23T16:46:55","date_gmt":"2024-03-23T13:46:55","guid":{"rendered":"https:\/\/endustriyel.com\/urun\/programlanabilir-dijital-gostergeli-otomatik-su-unitesi\/"},"modified":"2024-12-05T13:59:06","modified_gmt":"2024-12-05T10:59:06","slug":"unite-deau-automatique-avec-affichage-numerique-programmable","status":"publish","type":"product","link":"https:\/\/endustriyel.com\/fr\/urun\/unite-deau-automatique-avec-affichage-numerique-programmable\/","title":{"rendered":"Unit\u00e9 d&rsquo;eau automatique, 1000 L"},"content":{"rendered":"<ul>\n<li>Afin d&rsquo;amener le produit \u00e0 l&rsquo;humidit\u00e9 souhait\u00e9e, le taux d&rsquo;humidit\u00e9 vis\u00e9 est d\u00e9termin\u00e9 en fonction du d\u00e9bit du bl\u00e9, calcul de la quantit\u00e9 d&rsquo;eau qu&rsquo;il recevra automatiquement est programm\u00e9 dans le PLC et l&rsquo;eau est automatiquement d\u00e9livr\u00e9e. L&rsquo;eau est contr\u00f4l\u00e9e automatiquement via la servovalve. <\/li>\n<li><span style=\"font-size: 16px;\">Le d\u00e9bit d&rsquo;eau est mesur\u00e9 avec une pr\u00e9cision de 0,5 %. Il y a un d\u00e9bitm\u00e8tre sur le panneau, ce qui permet de visualiser et d&rsquo;enregistrer dans l&rsquo;archive informatique la quantit\u00e9 totale d&rsquo;eau \u00e9coul\u00e9e en litres\/litre. Ces valeurs peuvent \u00eatre report\u00e9es quotidiennement, mensuellement ou annuellement sur demande.  <\/span><\/li>\n<\/ul>\n","protected":false},"excerpt":{"rendered":"<ul>\n<li>Afin d&rsquo;amener le produit \u00e0 l&rsquo;humidit\u00e9 souhait\u00e9e, le taux d&rsquo;humidit\u00e9 vis\u00e9 est d\u00e9termin\u00e9 en fonction du d\u00e9bit du bl\u00e9, calcul de la quantit\u00e9 d&rsquo;eau qu&rsquo;il recevra automatiquement est programm\u00e9 dans le PLC et l&rsquo;eau est automatiquement d\u00e9livr\u00e9e. L&rsquo;eau est contr\u00f4l\u00e9e automatiquement via la servovalve. <\/li>\n<li><span style=\"font-size: 16px;\">Le d\u00e9bit d&rsquo;eau est mesur\u00e9 avec une pr\u00e9cision de 0,5 %. Il y a un d\u00e9bitm\u00e8tre sur le panneau, ce qui permet de visualiser et d&rsquo;enregistrer dans l&rsquo;archive informatique la quantit\u00e9 totale d&rsquo;eau \u00e9coul\u00e9e en litres\/litre. Ces valeurs peuvent \u00eatre report\u00e9es quotidiennement, mensuellement ou annuellement sur demande.  <\/span><\/li>\n<\/ul>\n","protected":false},"featured_media":3043,"comment_status":"open","ping_status":"closed","template":"","meta":{"_acf_changed":false,"site-sidebar-layout":"default","site-content-layout":"","ast-site-content-layout":"default","site-content-style":"default","site-sidebar-style":"default","ast-global-header-display":"","ast-banner-title-visibility":"","ast-main-header-display":"","ast-hfb-above-header-display":"","ast-hfb-below-header-display":"","ast-hfb-mobile-header-display":"","site-post-title":"","ast-breadcrumbs-content":"","ast-featured-img":"","footer-sml-layout":"","theme-transparent-header-meta":"default","adv-header-id-meta":"","stick-header-meta":"","header-above-stick-meta":"","header-main-stick-meta":"","header-below-stick-meta":"","astra-migrate-meta-layouts":"set","ast-page-background-enabled":"default","ast-page-background-meta":{"desktop":{"background-color":"var(--ast-global-color-4)","background-image":"","background-repeat":"repeat","background-position":"center center","background-size":"auto","background-attachment":"scroll","background-type":"","background-media":"","overlay-type":"","overlay-color":"","overlay-opacity":"","overlay-gradient":""},"tablet":{"background-color":"","background-image":"","background-repeat":"repeat","background-position":"center center","background-size":"auto","background-attachment":"scroll","background-type":"","background-media":"","overlay-type":"","overlay-color":"","overlay-opacity":"","overlay-gradient":""},"mobile":{"background-color":"","background-image":"","background-repeat":"repeat","background-position":"center center","background-size":"auto","background-attachment":"scroll","background-type":"","background-media":"","overlay-type":"","overlay-color":"","overlay-opacity":"","overlay-gradient":""}},"ast-content-background-meta":{"desktop":{"background-color":"var(--ast-global-color-5)","background-image":"","background-repeat":"repeat","background-position":"center center","background-size":"auto","background-attachment":"scroll","background-type":"","background-media":"","overlay-type":"","overlay-color":"","overlay-opacity":"","overlay-gradient":""},"tablet":{"background-color":"var(--ast-global-color-5)","background-image":"","background-repeat":"repeat","background-position":"center center","background-size":"auto","background-attachment":"scroll","background-type":"","background-media":"","overlay-type":"","overlay-color":"","overlay-opacity":"","overlay-gradient":""},"mobile":{"background-color":"var(--ast-global-color-5)","background-image":"","background-repeat":"repeat","background-position":"center center","background-size":"auto","background-attachment":"scroll","background-type":"","background-media":"","overlay-type":"","overlay-color":"","overlay-opacity":"","overlay-gradient":""}}},"product_cat":[230],"product_tag":[355],"class_list":{"0":"post-4960","1":"product","2":"type-product","3":"status-publish","4":"has-post-thumbnail","6":"product_cat-systemes-de-recuit-automatique","7":"product_tag-otomatik-su-unitesi-fr","8":"desktop-align-left","9":"tablet-align-left","10":"mobile-align-left","12":"first","13":"instock","14":"shipping-taxable","15":"product-type-simple"},"acf":[],"_links":{"self":[{"href":"https:\/\/endustriyel.com\/fr\/wp-json\/wp\/v2\/product\/4960","targetHints":{"allow":["GET"]}}],"collection":[{"href":"https:\/\/endustriyel.com\/fr\/wp-json\/wp\/v2\/product"}],"about":[{"href":"https:\/\/endustriyel.com\/fr\/wp-json\/wp\/v2\/types\/product"}],"replies":[{"embeddable":true,"href":"https:\/\/endustriyel.com\/fr\/wp-json\/wp\/v2\/comments?post=4960"}],"wp:featuredmedia":[{"embeddable":true,"href":"https:\/\/endustriyel.com\/fr\/wp-json\/wp\/v2\/media\/3043"}],"wp:attachment":[{"href":"https:\/\/endustriyel.com\/fr\/wp-json\/wp\/v2\/media?parent=4960"}],"wp:term":[{"taxonomy":"product_cat","embeddable":true,"href":"https:\/\/endustriyel.com\/fr\/wp-json\/wp\/v2\/product_cat?post=4960"},{"taxonomy":"product_tag","embeddable":true,"href":"https:\/\/endustriyel.com\/fr\/wp-json\/wp\/v2\/product_tag?post=4960"}],"curies":[{"name":"wp","href":"https:\/\/api.w.org\/{rel}","templated":true}]}}