{"id":4955,"date":"2024-03-23T16:46:55","date_gmt":"2024-03-23T13:46:55","guid":{"rendered":"https:\/\/endustriyel.com\/urun\/renk-ayirici\/"},"modified":"2024-05-07T15:43:38","modified_gmt":"2024-05-07T12:43:38","slug":"trieur-de-couleurs","status":"publish","type":"product","link":"https:\/\/endustriyel.com\/fr\/urun\/trieur-de-couleurs\/","title":{"rendered":"Trieur de couleurs"},"content":{"rendered":"<p>SP\u00c9CIFICATIONS TECHNIQUES<\/p>\n<p>Capacit\u00e9 maximale, excellentes performances<br \/>\nFournit une s\u00e9paration plus claire et plus pr\u00e9cise gr\u00e2ce \u00e0 la source de lumi\u00e8re LED<br \/>\nIl a une longue dur\u00e9e de vie<br \/>\nFonction de s\u00e9paration parfaite gr\u00e2ce \u00e0 des capteurs CCD haute performance \u00e0 pixels \u00e9lev\u00e9s qui utilisent deux types de soufflage simultan\u00e9ment d\u00e9clench\u00e9s par les cam\u00e9ras avant et arri\u00e8re (technologie de soufflage intelligente)<br \/>\nGr\u00e2ce au calibrage automatique, il se calibre \u00e0 intervalles r\u00e9guliers et vous n&rsquo;avez pas besoin de le r\u00e9gler.<br \/>\nGr\u00e2ce \u00e0 ses canaux ondul\u00e9s, il assure un flux de produit plus stable et assure une s\u00e9paration pr\u00e9cise sur le terrain.<br \/>\nGr\u00e2ce \u00e0 des capteurs, il a la capacit\u00e9 de classer les troubles de couleurs similaires.<br \/>\nIl peut s\u00e9parer de nombreux grains en fonction de d\u00e9fauts de couleur.<br \/>\nIl dispose d&rsquo;un syst\u00e8me pris en charge par un logiciel sp\u00e9cial qui se contr\u00f4le et se v\u00e9rifie mutuellement gr\u00e2ce \u00e0 la carte de contr\u00f4le EMBEDDED.<br \/>\nInterface utilisateur facile \u00e0 comprendre<br \/>\nIl offre une utilisation plus facile et plus confortable pour l&rsquo;op\u00e9rateur gr\u00e2ce \u00e0 son \u00e9cran couleur tactile et facile \u00e0 comprendre et \u00e0 son interface utilisateur facile \u00e0 comprendre.<\/p>\n<p>CARACT\u00c9RISTIQUES SUPPL\u00c9MENTAIRES<\/p>\n<p>Fonction de prise de photos<br \/>\nProtection contre les erreurs de tous les composants \u00e9lectroniques et possibilit\u00e9 d&rsquo;observer la notification d&rsquo;erreur sur l&rsquo;\u00e9cran<br \/>\nPossibilit\u00e9 de mesurer la qualit\u00e9 et la valeur de la tension d&rsquo;entr\u00e9e et de la voir sur l&rsquo;\u00e9cran<br \/>\nPossibilit\u00e9 de s\u00e9lectionner une taille de spot jusqu&rsquo;\u00e0 0,04 mm<br \/>\nUn objectif de 54 mm est utilis\u00e9 sur chaque cam\u00e9ra<br \/>\nUn \u00e9cran tactile haute r\u00e9solution de 12,1 pouces est utilis\u00e9<br \/>\nTechnologie d&rsquo;\u00e9clairage LED longue dur\u00e9e et possibilit\u00e9 de r\u00e9gler l&rsquo;intensit\u00e9 lumineuse via l&rsquo;\u00e9cran<br \/>\nCanaux r\u00e9sistants aux rayures<br \/>\nUn syst\u00e8me de ventilateur interne est disponible pour refroidir les cartes \u00e9lectroniques<br \/>\nHaute performance. L&rsquo;alimentation stable, le taux de rejet et la pr\u00e9cision sont grandement am\u00e9lior\u00e9s.<br \/>\nFaible taux de casse. Avec moins de mouvements et moins de taux de collision dans les mat\u00e9riaux, le taux de casse a consid\u00e9rablement diminu\u00e9, au b\u00e9n\u00e9fice des clients.<br \/>\nGrande capacit\u00e9. Sans limitation de canal, la totalit\u00e9 de la bande est pleinement utilis\u00e9e et la capacit\u00e9 est bien plus \u00e9lev\u00e9e.<br \/>\nRemplacement pratique et facile de la bande.<br \/>\nGrande fiabilit\u00e9. Divers outils de surveillance sont utilis\u00e9s.<br \/>\nMoins d&rsquo;espace est requis pour l&rsquo;installation.<br \/>\nLe rendement \u00e9lev\u00e9 des mat\u00e9riaux les rend \u00e9galement adapt\u00e9s \u00e0 l\u2019installation d\u2019autres \u00e9quipements sur la ligne.<\/p>\n","protected":false},"excerpt":{"rendered":"<p>Capteurs CCD sensibles Capacit\u00e9 \u00e0 capturer n&rsquo;importe quel produit sans manquer. La machine de s\u00e9paration optique des couleurs distingue les particules de mauvaise qualit\u00e9 de couleur dans les produits c\u00e9r\u00e9aliers ou l\u00e9gumineux qui ont pass\u00e9 l&rsquo;\u00e9tape de pr\u00e9-nettoyage des bons produits.<br \/>\nDe cette mani\u00e8re, la qualit\u00e9 du produit cribl\u00e9 et transform\u00e9 augmente de 99,8 %. La qualit\u00e9 du produit obtenue lors du tamisage et de la distinction avec la machine de tri des couleurs est le dernier point atteint dans la technologie actuelle.<\/p>\n","protected":false},"featured_media":3048,"comment_status":"open","ping_status":"closed","template":"","meta":{"_acf_changed":false,"site-sidebar-layout":"default","site-content-layout":"","ast-site-content-layout":"default","site-content-style":"default","site-sidebar-style":"default","ast-global-header-display":"","ast-banner-title-visibility":"","ast-main-header-display":"","ast-hfb-above-header-display":"","ast-hfb-below-header-display":"","ast-hfb-mobile-header-display":"","site-post-title":"","ast-breadcrumbs-content":"","ast-featured-img":"","footer-sml-layout":"","theme-transparent-header-meta":"default","adv-header-id-meta":"","stick-header-meta":"","header-above-stick-meta":"","header-main-stick-meta":"","header-below-stick-meta":"","astra-migrate-meta-layouts":"set","ast-page-background-enabled":"default","ast-page-background-meta":{"desktop":{"background-color":"var(--ast-global-color-4)","background-image":"","background-repeat":"repeat","background-position":"center center","background-size":"auto","background-attachment":"scroll","background-type":"","background-media":"","overlay-type":"","overlay-color":"","overlay-opacity":"","overlay-gradient":""},"tablet":{"background-color":"","background-image":"","background-repeat":"repeat","background-position":"center center","background-size":"auto","background-attachment":"scroll","background-type":"","background-media":"","overlay-type":"","overlay-color":"","overlay-opacity":"","overlay-gradient":""},"mobile":{"background-color":"","background-image":"","background-repeat":"repeat","background-position":"center center","background-size":"auto","background-attachment":"scroll","background-type":"","background-media":"","overlay-type":"","overlay-color":"","overlay-opacity":"","overlay-gradient":""}},"ast-content-background-meta":{"desktop":{"background-color":"var(--ast-global-color-5)","background-image":"","background-repeat":"repeat","background-position":"center center","background-size":"auto","background-attachment":"scroll","background-type":"","background-media":"","overlay-type":"","overlay-color":"","overlay-opacity":"","overlay-gradient":""},"tablet":{"background-color":"var(--ast-global-color-5)","background-image":"","background-repeat":"repeat","background-position":"center center","background-size":"auto","background-attachment":"scroll","background-type":"","background-media":"","overlay-type":"","overlay-color":"","overlay-opacity":"","overlay-gradient":""},"mobile":{"background-color":"var(--ast-global-color-5)","background-image":"","background-repeat":"repeat","background-position":"center center","background-size":"auto","background-attachment":"scroll","background-type":"","background-media":"","overlay-type":"","overlay-color":"","overlay-opacity":"","overlay-gradient":""}}},"product_cat":[565],"product_tag":[343],"class_list":{"0":"post-4955","1":"product","2":"type-product","3":"status-publish","4":"has-post-thumbnail","6":"product_cat-systemes-de-tri-automatique","7":"product_tag-renk-ayirici-fr","8":"desktop-align-left","9":"tablet-align-left","10":"mobile-align-left","12":"first","13":"onbackorder","14":"shipping-taxable","15":"product-type-simple"},"acf":[],"_links":{"self":[{"href":"https:\/\/endustriyel.com\/fr\/wp-json\/wp\/v2\/product\/4955","targetHints":{"allow":["GET"]}}],"collection":[{"href":"https:\/\/endustriyel.com\/fr\/wp-json\/wp\/v2\/product"}],"about":[{"href":"https:\/\/endustriyel.com\/fr\/wp-json\/wp\/v2\/types\/product"}],"replies":[{"embeddable":true,"href":"https:\/\/endustriyel.com\/fr\/wp-json\/wp\/v2\/comments?post=4955"}],"wp:featuredmedia":[{"embeddable":true,"href":"https:\/\/endustriyel.com\/fr\/wp-json\/wp\/v2\/media\/3048"}],"wp:attachment":[{"href":"https:\/\/endustriyel.com\/fr\/wp-json\/wp\/v2\/media?parent=4955"}],"wp:term":[{"taxonomy":"product_cat","embeddable":true,"href":"https:\/\/endustriyel.com\/fr\/wp-json\/wp\/v2\/product_cat?post=4955"},{"taxonomy":"product_tag","embeddable":true,"href":"https:\/\/endustriyel.com\/fr\/wp-json\/wp\/v2\/product_tag?post=4955"}],"curies":[{"name":"wp","href":"https:\/\/api.w.org\/{rel}","templated":true}]}}