{"id":4940,"date":"2024-03-23T16:46:56","date_gmt":"2024-03-23T13:46:56","guid":{"rendered":"https:\/\/endustriyel.com\/urun\/cift-tartim-tek-istasyon-un-paketleme-makinesi-25-50-kg\/"},"modified":"2024-12-05T13:51:03","modified_gmt":"2024-12-05T10:51:03","slug":"double-pesant-la-machine-de-conditionnement-de-farine-de-station-unique-25-50-kilogrammes","status":"publish","type":"product","link":"https:\/\/endustriyel.com\/fr\/urun\/double-pesant-la-machine-de-conditionnement-de-farine-de-station-unique-25-50-kilogrammes\/","title":{"rendered":"Machine d&#8217;emballage de farine \u00e0 double pes\u00e9e \u00e0 station unique 25\/50 kg"},"content":{"rendered":"<ul>\n<li>Informations sur la capacit\u00e9 : Bien que cela varie en fonction du produit \u00e0 ensacher et de la tol\u00e9rance souhait\u00e9e, les valeurs concernant la vitesse d&#8217;emballage ci-dessous donneront des informations<br \/>\nsur la capacit\u00e9 du syst\u00e8me.<\/li>\n<li>13,75 tonnes\/heure pour un emballage de 25 kg<\/li>\n<li>25 tonnes\/heure pour un emballage de 50 kg.<\/li>\n<li>La tol\u00e9rance par emballage varie de \u00b10,15 kg pour les emballages de 50 kg.<\/li>\n<li>De plus, il est garanti de fonctionner avec une capacit\u00e9 de 25 tonnes\/heure pour la farine ou les produits similaires avec une marge d&rsquo;erreur moyenne par colis.<\/li>\n<li>Valeurs d\u00e9finies pour l&#8217;emballage : les poids de remplissage des emballages peuvent \u00eatre d\u00e9finis par l&rsquo;op\u00e9rateur entre 25-50 kg.<\/li>\n<\/ul>\n","protected":false},"excerpt":{"rendered":"<ul>\n<li>Informations sur la capacit\u00e9 : Bien que cela varie en fonction du produit \u00e0 ensacher et de la tol\u00e9rance souhait\u00e9e, les valeurs concernant la vitesse d&#8217;emballage ci-dessous donneront des informations<br \/>\nsur la capacit\u00e9 du syst\u00e8me.<\/li>\n<li>13,75 tonnes\/heure pour un emballage de 25 kg<\/li>\n<li>25 tonnes\/heure pour un emballage de 50 kg.<\/li>\n<li>La tol\u00e9rance par emballage varie de \u00b10,15 kg pour les emballages de 50 kg.<\/li>\n<li>De plus, il est garanti de fonctionner avec une capacit\u00e9 de 25 tonnes\/heure pour la farine ou les produits similaires avec une marge d&rsquo;erreur moyenne par colis.<\/li>\n<li>Valeurs d\u00e9finies pour l&#8217;emballage : les poids de remplissage des emballages peuvent \u00eatre d\u00e9finis par l&rsquo;op\u00e9rateur entre 25-50 kg.<\/li>\n<\/ul>\n","protected":false},"featured_media":12542,"comment_status":"open","ping_status":"closed","template":"","meta":{"_acf_changed":false,"site-sidebar-layout":"default","site-content-layout":"","ast-site-content-layout":"default","site-content-style":"default","site-sidebar-style":"default","ast-global-header-display":"","ast-banner-title-visibility":"","ast-main-header-display":"","ast-hfb-above-header-display":"","ast-hfb-below-header-display":"","ast-hfb-mobile-header-display":"","site-post-title":"","ast-breadcrumbs-content":"","ast-featured-img":"","footer-sml-layout":"","theme-transparent-header-meta":"default","adv-header-id-meta":"","stick-header-meta":"","header-above-stick-meta":"","header-main-stick-meta":"","header-below-stick-meta":"","astra-migrate-meta-layouts":"set","ast-page-background-enabled":"default","ast-page-background-meta":{"desktop":{"background-color":"var(--ast-global-color-4)","background-image":"","background-repeat":"repeat","background-position":"center center","background-size":"auto","background-attachment":"scroll","background-type":"","background-media":"","overlay-type":"","overlay-color":"","overlay-opacity":"","overlay-gradient":""},"tablet":{"background-color":"","background-image":"","background-repeat":"repeat","background-position":"center center","background-size":"auto","background-attachment":"scroll","background-type":"","background-media":"","overlay-type":"","overlay-color":"","overlay-opacity":"","overlay-gradient":""},"mobile":{"background-color":"","background-image":"","background-repeat":"repeat","background-position":"center center","background-size":"auto","background-attachment":"scroll","background-type":"","background-media":"","overlay-type":"","overlay-color":"","overlay-opacity":"","overlay-gradient":""}},"ast-content-background-meta":{"desktop":{"background-color":"var(--ast-global-color-5)","background-image":"","background-repeat":"repeat","background-position":"center center","background-size":"auto","background-attachment":"scroll","background-type":"","background-media":"","overlay-type":"","overlay-color":"","overlay-opacity":"","overlay-gradient":""},"tablet":{"background-color":"var(--ast-global-color-5)","background-image":"","background-repeat":"repeat","background-position":"center center","background-size":"auto","background-attachment":"scroll","background-type":"","background-media":"","overlay-type":"","overlay-color":"","overlay-opacity":"","overlay-gradient":""},"mobile":{"background-color":"var(--ast-global-color-5)","background-image":"","background-repeat":"repeat","background-position":"center center","background-size":"auto","background-attachment":"scroll","background-type":"","background-media":"","overlay-type":"","overlay-color":"","overlay-opacity":"","overlay-gradient":""}}},"product_cat":[280],"product_tag":[],"class_list":{"0":"post-4940","1":"product","2":"type-product","3":"status-publish","4":"has-post-thumbnail","6":"product_cat-systemes-demballage-automatises","7":"desktop-align-left","8":"tablet-align-left","9":"mobile-align-left","11":"first","12":"instock","13":"shipping-taxable","14":"product-type-simple"},"acf":[],"_links":{"self":[{"href":"https:\/\/endustriyel.com\/fr\/wp-json\/wp\/v2\/product\/4940","targetHints":{"allow":["GET"]}}],"collection":[{"href":"https:\/\/endustriyel.com\/fr\/wp-json\/wp\/v2\/product"}],"about":[{"href":"https:\/\/endustriyel.com\/fr\/wp-json\/wp\/v2\/types\/product"}],"replies":[{"embeddable":true,"href":"https:\/\/endustriyel.com\/fr\/wp-json\/wp\/v2\/comments?post=4940"}],"wp:featuredmedia":[{"embeddable":true,"href":"https:\/\/endustriyel.com\/fr\/wp-json\/wp\/v2\/media\/12542"}],"wp:attachment":[{"href":"https:\/\/endustriyel.com\/fr\/wp-json\/wp\/v2\/media?parent=4940"}],"wp:term":[{"taxonomy":"product_cat","embeddable":true,"href":"https:\/\/endustriyel.com\/fr\/wp-json\/wp\/v2\/product_cat?post=4940"},{"taxonomy":"product_tag","embeddable":true,"href":"https:\/\/endustriyel.com\/fr\/wp-json\/wp\/v2\/product_tag?post=4940"}],"curies":[{"name":"wp","href":"https:\/\/api.w.org\/{rel}","templated":true}]}}