{"id":4915,"date":"2024-03-23T16:47:27","date_gmt":"2024-03-23T13:47:27","guid":{"rendered":"https:\/\/endustriyel.com\/urun\/otomatik-torba-agzi-duzeltme-makinesi\/"},"modified":"2024-05-07T15:17:07","modified_gmt":"2024-05-07T12:17:07","slug":"machine-automatique-de-redressage-du-col-du-sac","status":"publish","type":"product","link":"https:\/\/endustriyel.com\/fr\/urun\/machine-automatique-de-redressage-du-col-du-sac\/","title":{"rendered":"Machine automatique de redressage du col du sac"},"content":{"rendered":"<p>Il est utilis\u00e9 dans le syst\u00e8me de sacs \u00e0 gueule ouverte.<br \/>\nIl peut \u00e9galement \u00eatre utilis\u00e9 dans diff\u00e9rentes tailles de sacs en effectuant des ajustements.<br \/>\nIl est compatible avec les syst\u00e8mes de bandes et de convoyeurs.<br \/>\nIl s&rsquo;utilise sur des ceintures de minimum 5 m\u00e8tres.<br \/>\nLa machine est \u00e9quip\u00e9e d&rsquo;un moteur \u00e9lectrique, pneumatique et d&rsquo;un syst\u00e8me coulissant.<br \/>\nIl a une capacit\u00e9 de 500 sacs par heure.<\/p>\n","protected":false},"excerpt":{"rendered":"<p>Il est utilis\u00e9 dans le syst\u00e8me de sacs \u00e0 gueule ouverte.<br \/>\nIl peut \u00e9galement \u00eatre utilis\u00e9 dans diff\u00e9rentes tailles de sacs en effectuant des ajustements.<br \/>\nIl est compatible avec les syst\u00e8mes de bandes et de convoyeurs.<br \/>\nIl s&rsquo;utilise sur des ceintures de minimum 5 m\u00e8tres.<br \/>\nLa machine est \u00e9quip\u00e9e d&rsquo;un moteur \u00e9lectrique, pneumatique et d&rsquo;un syst\u00e8me coulissant.<br \/>\nIl a une capacit\u00e9 de 500 sacs par heure.<\/p>\n","protected":false},"featured_media":3403,"comment_status":"open","ping_status":"closed","template":"","meta":{"_acf_changed":false,"site-sidebar-layout":"default","site-content-layout":"","ast-site-content-layout":"default","site-content-style":"default","site-sidebar-style":"default","ast-global-header-display":"","ast-banner-title-visibility":"","ast-main-header-display":"","ast-hfb-above-header-display":"","ast-hfb-below-header-display":"","ast-hfb-mobile-header-display":"","site-post-title":"","ast-breadcrumbs-content":"","ast-featured-img":"","footer-sml-layout":"","theme-transparent-header-meta":"default","adv-header-id-meta":"","stick-header-meta":"","header-above-stick-meta":"","header-main-stick-meta":"","header-below-stick-meta":"","astra-migrate-meta-layouts":"set","ast-page-background-enabled":"default","ast-page-background-meta":{"desktop":{"background-color":"var(--ast-global-color-4)","background-image":"","background-repeat":"repeat","background-position":"center center","background-size":"auto","background-attachment":"scroll","background-type":"","background-media":"","overlay-type":"","overlay-color":"","overlay-opacity":"","overlay-gradient":""},"tablet":{"background-color":"","background-image":"","background-repeat":"repeat","background-position":"center center","background-size":"auto","background-attachment":"scroll","background-type":"","background-media":"","overlay-type":"","overlay-color":"","overlay-opacity":"","overlay-gradient":""},"mobile":{"background-color":"","background-image":"","background-repeat":"repeat","background-position":"center center","background-size":"auto","background-attachment":"scroll","background-type":"","background-media":"","overlay-type":"","overlay-color":"","overlay-opacity":"","overlay-gradient":""}},"ast-content-background-meta":{"desktop":{"background-color":"var(--ast-global-color-5)","background-image":"","background-repeat":"repeat","background-position":"center center","background-size":"auto","background-attachment":"scroll","background-type":"","background-media":"","overlay-type":"","overlay-color":"","overlay-opacity":"","overlay-gradient":""},"tablet":{"background-color":"var(--ast-global-color-5)","background-image":"","background-repeat":"repeat","background-position":"center center","background-size":"auto","background-attachment":"scroll","background-type":"","background-media":"","overlay-type":"","overlay-color":"","overlay-opacity":"","overlay-gradient":""},"mobile":{"background-color":"var(--ast-global-color-5)","background-image":"","background-repeat":"repeat","background-position":"center center","background-size":"auto","background-attachment":"scroll","background-type":"","background-media":"","overlay-type":"","overlay-color":"","overlay-opacity":"","overlay-gradient":""}}},"product_cat":[590],"product_tag":[],"class_list":{"0":"post-4915","1":"product","2":"type-product","3":"status-publish","4":"has-post-thumbnail","6":"product_cat-systemes-de-palettisation-automatique-fr","7":"desktop-align-left","8":"tablet-align-left","9":"mobile-align-left","11":"first","12":"instock","13":"shipping-taxable","14":"product-type-simple"},"acf":[],"_links":{"self":[{"href":"https:\/\/endustriyel.com\/fr\/wp-json\/wp\/v2\/product\/4915","targetHints":{"allow":["GET"]}}],"collection":[{"href":"https:\/\/endustriyel.com\/fr\/wp-json\/wp\/v2\/product"}],"about":[{"href":"https:\/\/endustriyel.com\/fr\/wp-json\/wp\/v2\/types\/product"}],"replies":[{"embeddable":true,"href":"https:\/\/endustriyel.com\/fr\/wp-json\/wp\/v2\/comments?post=4915"}],"wp:featuredmedia":[{"embeddable":true,"href":"https:\/\/endustriyel.com\/fr\/wp-json\/wp\/v2\/media\/3403"}],"wp:attachment":[{"href":"https:\/\/endustriyel.com\/fr\/wp-json\/wp\/v2\/media?parent=4915"}],"wp:term":[{"taxonomy":"product_cat","embeddable":true,"href":"https:\/\/endustriyel.com\/fr\/wp-json\/wp\/v2\/product_cat?post=4915"},{"taxonomy":"product_tag","embeddable":true,"href":"https:\/\/endustriyel.com\/fr\/wp-json\/wp\/v2\/product_tag?post=4915"}],"curies":[{"name":"wp","href":"https:\/\/api.w.org\/{rel}","templated":true}]}}