{"id":4843,"date":"2024-03-23T16:53:56","date_gmt":"2024-03-23T13:53:56","guid":{"rendered":"https:\/\/endustriyel.com\/urun\/dijital-gostergeli-manuel-su-ayarli-debimetre\/"},"modified":"2024-05-07T16:05:39","modified_gmt":"2024-05-07T13:05:39","slug":"debitmetre-a-reglage-manuel-de-leau-avec-affichage-numerique","status":"publish","type":"product","link":"https:\/\/endustriyel.com\/fr\/urun\/debitmetre-a-reglage-manuel-de-leau-avec-affichage-numerique\/","title":{"rendered":"D\u00e9bitm\u00e8tre \u00e0 r\u00e9glage manuel de l&rsquo;eau avec affichage num\u00e9rique"},"content":{"rendered":"<p>Les d\u00e9bitm\u00e8tres m\u00e9caniques \u00e0 affichage num\u00e9rique transmettent les informations re\u00e7ues pendant l&rsquo;\u00e9coulement du bl\u00e9 au dispositif d\u00e9bitm\u00e8tre, gr\u00e2ce au capteur capacitif fix\u00e9 \u00e0 l&rsquo;appareil d&rsquo;entr\u00e9e des marchandises plac\u00e9 \u00e0 l&rsquo;entr\u00e9e de la temp\u00e9reuse forc\u00e9e ; En ouvrant l&rsquo;\u00e9lectrovanne, le d\u00e9bit d&rsquo;eau est surveill\u00e9 sur l&rsquo;affichage num\u00e9rique et le nombre de litres\/litres que l&rsquo;eau veut laisser passer par heure est r\u00e9gl\u00e9 depuis la vanne d&rsquo;entr\u00e9e.<br \/>\nLe fonctionnement du dispositif d&rsquo;affichage num\u00e9rique (d\u00e9bitm\u00e8tre) compte les informations d&rsquo;impulsion qu&rsquo;il re\u00e7oit du compteur d&rsquo;eau num\u00e9rique sur le d\u00e9bitm\u00e8tre et montre combien de litres ont pass\u00e9 par heure et accumule la valeur totale et la garde en m\u00e9moire, et donne \u00e9galement un Sortie 4\/20 mA. Cette information est \u00e9valu\u00e9e dans l&rsquo;automate et son d\u00e9bit est surveill\u00e9 sur le PC lt\/h 50\/4500.<br \/>\nRemarque : Les informations peuvent \u00e9galement \u00eatre transf\u00e9r\u00e9es au centre.<\/p>\n","protected":false},"excerpt":{"rendered":"<p>Les d\u00e9bitm\u00e8tres m\u00e9caniques \u00e0 affichage num\u00e9rique transmettent les informations re\u00e7ues pendant l&rsquo;\u00e9coulement du bl\u00e9 au dispositif d\u00e9bitm\u00e8tre, gr\u00e2ce au capteur capacitif fix\u00e9 sur l&rsquo;appareil d&rsquo;entr\u00e9e des marchandises plac\u00e9 \u00e0 l&rsquo;entr\u00e9e de la temp\u00e9reuse forc\u00e9e ; En ouvrant l&rsquo;\u00e9lectrovanne, le d\u00e9bit d&rsquo;eau est surveill\u00e9 sur l&rsquo;affichage num\u00e9rique et le nombre de litres\/litres que l&rsquo;eau veut laisser passer par heure est r\u00e9gl\u00e9 depuis la vanne d&rsquo;entr\u00e9e.<br \/>\nLe fonctionnement du dispositif d&rsquo;affichage num\u00e9rique (d\u00e9bitm\u00e8tre) compte les informations d&rsquo;impulsion qu&rsquo;il re\u00e7oit du compteur d&rsquo;eau num\u00e9rique sur le d\u00e9bitm\u00e8tre et montre combien de litres ont pass\u00e9 par heure et accumule la valeur totale et la garde en m\u00e9moire, et donne \u00e9galement un Sortie 4\/20 mA. Cette information est \u00e9valu\u00e9e dans l&rsquo;automate et son d\u00e9bit est surveill\u00e9 sur le PC lt\/h 50\/4500.<br \/>\nRemarque : Les informations peuvent \u00e9galement \u00eatre transf\u00e9r\u00e9es au centre.<\/p>\n","protected":false},"featured_media":3568,"comment_status":"open","ping_status":"closed","template":"","meta":{"_acf_changed":false,"site-sidebar-layout":"default","site-content-layout":"","ast-site-content-layout":"default","site-content-style":"default","site-sidebar-style":"default","ast-global-header-display":"","ast-banner-title-visibility":"","ast-main-header-display":"","ast-hfb-above-header-display":"","ast-hfb-below-header-display":"","ast-hfb-mobile-header-display":"","site-post-title":"","ast-breadcrumbs-content":"","ast-featured-img":"","footer-sml-layout":"","theme-transparent-header-meta":"default","adv-header-id-meta":"","stick-header-meta":"","header-above-stick-meta":"","header-main-stick-meta":"","header-below-stick-meta":"","astra-migrate-meta-layouts":"set","ast-page-background-enabled":"default","ast-page-background-meta":{"desktop":{"background-color":"var(--ast-global-color-4)","background-image":"","background-repeat":"repeat","background-position":"center center","background-size":"auto","background-attachment":"scroll","background-type":"","background-media":"","overlay-type":"","overlay-color":"","overlay-opacity":"","overlay-gradient":""},"tablet":{"background-color":"","background-image":"","background-repeat":"repeat","background-position":"center center","background-size":"auto","background-attachment":"scroll","background-type":"","background-media":"","overlay-type":"","overlay-color":"","overlay-opacity":"","overlay-gradient":""},"mobile":{"background-color":"","background-image":"","background-repeat":"repeat","background-position":"center center","background-size":"auto","background-attachment":"scroll","background-type":"","background-media":"","overlay-type":"","overlay-color":"","overlay-opacity":"","overlay-gradient":""}},"ast-content-background-meta":{"desktop":{"background-color":"var(--ast-global-color-5)","background-image":"","background-repeat":"repeat","background-position":"center center","background-size":"auto","background-attachment":"scroll","background-type":"","background-media":"","overlay-type":"","overlay-color":"","overlay-opacity":"","overlay-gradient":""},"tablet":{"background-color":"var(--ast-global-color-5)","background-image":"","background-repeat":"repeat","background-position":"center center","background-size":"auto","background-attachment":"scroll","background-type":"","background-media":"","overlay-type":"","overlay-color":"","overlay-opacity":"","overlay-gradient":""},"mobile":{"background-color":"var(--ast-global-color-5)","background-image":"","background-repeat":"repeat","background-position":"center center","background-size":"auto","background-attachment":"scroll","background-type":"","background-media":"","overlay-type":"","overlay-color":"","overlay-opacity":"","overlay-gradient":""}}},"product_cat":[230],"product_tag":[],"class_list":{"0":"post-4843","1":"product","2":"type-product","3":"status-publish","4":"has-post-thumbnail","6":"product_cat-systemes-de-recuit-automatique","7":"desktop-align-left","8":"tablet-align-left","9":"mobile-align-left","11":"first","12":"instock","13":"shipping-taxable","14":"product-type-simple"},"acf":[],"_links":{"self":[{"href":"https:\/\/endustriyel.com\/fr\/wp-json\/wp\/v2\/product\/4843","targetHints":{"allow":["GET"]}}],"collection":[{"href":"https:\/\/endustriyel.com\/fr\/wp-json\/wp\/v2\/product"}],"about":[{"href":"https:\/\/endustriyel.com\/fr\/wp-json\/wp\/v2\/types\/product"}],"replies":[{"embeddable":true,"href":"https:\/\/endustriyel.com\/fr\/wp-json\/wp\/v2\/comments?post=4843"}],"wp:featuredmedia":[{"embeddable":true,"href":"https:\/\/endustriyel.com\/fr\/wp-json\/wp\/v2\/media\/3568"}],"wp:attachment":[{"href":"https:\/\/endustriyel.com\/fr\/wp-json\/wp\/v2\/media?parent=4843"}],"wp:term":[{"taxonomy":"product_cat","embeddable":true,"href":"https:\/\/endustriyel.com\/fr\/wp-json\/wp\/v2\/product_cat?post=4843"},{"taxonomy":"product_tag","embeddable":true,"href":"https:\/\/endustriyel.com\/fr\/wp-json\/wp\/v2\/product_tag?post=4843"}],"curies":[{"name":"wp","href":"https:\/\/api.w.org\/{rel}","templated":true}]}}