{"id":4828,"date":"2024-03-23T16:56:32","date_gmt":"2024-03-23T13:56:32","guid":{"rendered":"https:\/\/endustriyel.com\/urun\/ltd-salter-panolari-merkezi-ve-tali-dagitim-panolari-ic-kapakli\/"},"modified":"2024-05-07T16:10:42","modified_gmt":"2024-05-07T13:10:42","slug":"ltd-switch-panels-central-and-secondary-distribution-panels-with-inner-cover","status":"publish","type":"product","link":"https:\/\/endustriyel.com\/fr\/urun\/ltd-switch-panels-central-and-secondary-distribution-panels-with-inner-cover\/","title":{"rendered":"LTD &#8211; Switch Panels Central and Secondary Distribution Panels with Inner Cover"},"content":{"rendered":"<p>In an industrial facility, they are used to start and stop the motors or electrical equipment on each floor under operator control, to intervene in malfunctions and to perform test checks.<br \/>\nFloor switch panels are connected with MMC panels to ensure safe management of the system.<br \/>\nThanks to floor panels, they provide businesses with a significant economic performance in terms of occupational health and safety, equipment damage and extending the life of equipment.<br \/>\nWe make sure that all the equipment and switchgear materials we use in our panels are quality certified products. Color coding is applied to labeling, cables and busbars for ease of installation in panels or systems, fault finding, quick intervention and problem solving.<br \/>\nThe pedestal and piano type panels we produce are tested and certified according to IEC \/ TSE EN 60439-1 B.<br \/>\nIn addition, our panels provide protection under IP44 conditions against dust and other particle leaks that may come from outside.<\/p>\n","protected":false},"excerpt":{"rendered":"<p>Ils sont utilis\u00e9s pour d\u00e9marrer et arr\u00eater les moteurs ou les \u00e9quipements \u00e9lectriques \u00e0 chaque \u00e9tage d&rsquo;une installation industrielle, sous le contr\u00f4le de l&rsquo;op\u00e9rateur, pour intervenir en cas de dysfonctionnements et pour effectuer des contr\u00f4les d&rsquo;essais.<br \/>\nLes panneaux de commutation au sol sont connect\u00e9s aux panneaux MMC pour assurer une gestion s\u00fbre du syst\u00e8me.<br \/>\nGr\u00e2ce aux panneaux de plancher, ils offrent aux entreprises une performance \u00e9conomique significative en termes de sant\u00e9 et s\u00e9curit\u00e9 au travail, de dommages aux \u00e9quipements et d&rsquo;allongement de la dur\u00e9e de vie des \u00e9quipements.<br \/>\nNous nous assurons que tous les \u00e9quipements et mat\u00e9riaux de commutation que nous utilisons dans nos panneaux sont des produits certifi\u00e9s de qualit\u00e9. Un code couleur est appliqu\u00e9 \u00e0 l&rsquo;\u00e9tiquetage, aux c\u00e2bles et aux jeux de barres pour faciliter l&rsquo;installation dans les panneaux ou les syst\u00e8mes, la recherche de pannes, l&rsquo;intervention rapide et la r\u00e9solution de probl\u00e8mes.<br \/>\nLes panneaux de type socle et piano que nous produisons sont test\u00e9s et certifi\u00e9s selon la norme CEI\/TSE EN 60439-1 B.<br \/>\nDe plus, nos panneaux offrent une protection dans des conditions IP44 contre les poussi\u00e8res et autres fuites de particules pouvant provenir de l&rsquo;ext\u00e9rieur.<\/p>\n","protected":false},"featured_media":3588,"comment_status":"open","ping_status":"closed","template":"","meta":{"_acf_changed":false,"site-sidebar-layout":"default","site-content-layout":"","ast-site-content-layout":"default","site-content-style":"default","site-sidebar-style":"default","ast-global-header-display":"","ast-banner-title-visibility":"","ast-main-header-display":"","ast-hfb-above-header-display":"","ast-hfb-below-header-display":"","ast-hfb-mobile-header-display":"","site-post-title":"","ast-breadcrumbs-content":"","ast-featured-img":"","footer-sml-layout":"","theme-transparent-header-meta":"default","adv-header-id-meta":"","stick-header-meta":"","header-above-stick-meta":"","header-main-stick-meta":"","header-below-stick-meta":"","astra-migrate-meta-layouts":"set","ast-page-background-enabled":"default","ast-page-background-meta":{"desktop":{"background-color":"var(--ast-global-color-4)","background-image":"","background-repeat":"repeat","background-position":"center center","background-size":"auto","background-attachment":"scroll","background-type":"","background-media":"","overlay-type":"","overlay-color":"","overlay-opacity":"","overlay-gradient":""},"tablet":{"background-color":"","background-image":"","background-repeat":"repeat","background-position":"center center","background-size":"auto","background-attachment":"scroll","background-type":"","background-media":"","overlay-type":"","overlay-color":"","overlay-opacity":"","overlay-gradient":""},"mobile":{"background-color":"","background-image":"","background-repeat":"repeat","background-position":"center center","background-size":"auto","background-attachment":"scroll","background-type":"","background-media":"","overlay-type":"","overlay-color":"","overlay-opacity":"","overlay-gradient":""}},"ast-content-background-meta":{"desktop":{"background-color":"var(--ast-global-color-5)","background-image":"","background-repeat":"repeat","background-position":"center center","background-size":"auto","background-attachment":"scroll","background-type":"","background-media":"","overlay-type":"","overlay-color":"","overlay-opacity":"","overlay-gradient":""},"tablet":{"background-color":"var(--ast-global-color-5)","background-image":"","background-repeat":"repeat","background-position":"center center","background-size":"auto","background-attachment":"scroll","background-type":"","background-media":"","overlay-type":"","overlay-color":"","overlay-opacity":"","overlay-gradient":""},"mobile":{"background-color":"var(--ast-global-color-5)","background-image":"","background-repeat":"repeat","background-position":"center center","background-size":"auto","background-attachment":"scroll","background-type":"","background-media":"","overlay-type":"","overlay-color":"","overlay-opacity":"","overlay-gradient":""}}},"product_cat":[160],"product_tag":[],"class_list":{"0":"post-4828","1":"product","2":"type-product","3":"status-publish","4":"has-post-thumbnail","6":"product_cat-systemes-de-controle-et-de-distribution-electriques","7":"desktop-align-left","8":"tablet-align-left","9":"mobile-align-left","11":"first","12":"instock","13":"shipping-taxable","14":"product-type-simple"},"acf":[],"_links":{"self":[{"href":"https:\/\/endustriyel.com\/fr\/wp-json\/wp\/v2\/product\/4828","targetHints":{"allow":["GET"]}}],"collection":[{"href":"https:\/\/endustriyel.com\/fr\/wp-json\/wp\/v2\/product"}],"about":[{"href":"https:\/\/endustriyel.com\/fr\/wp-json\/wp\/v2\/types\/product"}],"replies":[{"embeddable":true,"href":"https:\/\/endustriyel.com\/fr\/wp-json\/wp\/v2\/comments?post=4828"}],"wp:featuredmedia":[{"embeddable":true,"href":"https:\/\/endustriyel.com\/fr\/wp-json\/wp\/v2\/media\/3588"}],"wp:attachment":[{"href":"https:\/\/endustriyel.com\/fr\/wp-json\/wp\/v2\/media?parent=4828"}],"wp:term":[{"taxonomy":"product_cat","embeddable":true,"href":"https:\/\/endustriyel.com\/fr\/wp-json\/wp\/v2\/product_cat?post=4828"},{"taxonomy":"product_tag","embeddable":true,"href":"https:\/\/endustriyel.com\/fr\/wp-json\/wp\/v2\/product_tag?post=4828"}],"curies":[{"name":"wp","href":"https:\/\/api.w.org\/{rel}","templated":true}]}}