{"id":4812,"date":"2024-03-23T16:58:29","date_gmt":"2024-03-23T13:58:29","guid":{"rendered":"https:\/\/endustriyel.com\/urun\/plc-panolari\/"},"modified":"2024-05-07T16:14:24","modified_gmt":"2024-05-07T13:14:24","slug":"panneaux-api","status":"publish","type":"product","link":"https:\/\/endustriyel.com\/fr\/urun\/panneaux-api\/","title":{"rendered":"Panneaux API"},"content":{"rendered":"<ul>\n<li>Dans nos panneaux, l&rsquo;\u00e9tiquetage et le codage couleur des c\u00e2bles sont effectu\u00e9s en fonction de leur \u00e9tat pour faciliter l&rsquo;installation, la recherche de pannes, une r\u00e9ponse rapide aux erreurs\/dysfonctionnements et la r\u00e9solution de probl\u00e8mes.<br \/>\nLes tableaux \u00e9lectriques que nous produisons ont \u00e9t\u00e9 test\u00e9s et certifi\u00e9s jusqu&rsquo;\u00e0 5000 A.<br \/>\nDe plus, nos panneaux offrent une protection dans des conditions IP44 contre les poussi\u00e8res et autres fuites de particules pouvant provenir de l&rsquo;ext\u00e9rieur.<br \/>\nToutes les pi\u00e8ces en t\u00f4le et les groupes de mat\u00e9riaux d&rsquo;appareillage de commutation, parmi les mat\u00e9riaux utilis\u00e9s dans la fabrication de panneaux \u00e9lectriques INDUSTRIELS, test\u00e9s de type et certifi\u00e9s TSE, sont des produits de marque de classe mondiale.<\/li>\n<\/ul>\n","protected":false},"excerpt":{"rendered":"<p>Aujourd&rsquo;hui, le PLC est utilis\u00e9 dans presque tous les domaines industriels, en particulier dans la production intacte.<br \/>\nSyst\u00e8mes de distribution d&rsquo;\u00e9nergie, automatisations d&rsquo;usines complexes, convoyeurs, contr\u00f4le de vitesse de moteur, etc. De nombreuses autres applications peuvent \u00eatre g\u00e9r\u00e9es efficacement avec des syst\u00e8mes PLC.<br \/>\nPanneaux CPL\u00a0; Ils sont con\u00e7us pour ex\u00e9cuter automatiquement les \u00e9tapes du processus \u00e0 contr\u00f4ler et les contr\u00f4les de ces \u00e9tapes du processus.<br \/>\nDe plus, ces panneaux disposent de l&rsquo;infrastructure de communication n\u00e9cessaire pour les syst\u00e8mes PLC, d&rsquo;automatisation centrale et SCADA.<br \/>\nLes pi\u00e8ces en t\u00f4le de nos panneaux sont fabriqu\u00e9es avec la plus haute technologie et selon les normes mondiales.<br \/>\nLes t\u00f4les utilis\u00e9es dans nos produits sont des produits Erdemir, la t\u00f4le DKP est de qualit\u00e9 conforme \u00e0 la norme 6112 DIN EN 10130\u201399 DC01, la t\u00f4le galvanis\u00e9e est de 1311 DIN EN 10142\u201300 DX51 D+Z et la t\u00f4le inoxydable est de 304 ou 316 ( 1.4301).<\/p>\n","protected":false},"featured_media":3598,"comment_status":"open","ping_status":"closed","template":"","meta":{"_acf_changed":false,"site-sidebar-layout":"default","site-content-layout":"","ast-site-content-layout":"default","site-content-style":"default","site-sidebar-style":"default","ast-global-header-display":"","ast-banner-title-visibility":"","ast-main-header-display":"","ast-hfb-above-header-display":"","ast-hfb-below-header-display":"","ast-hfb-mobile-header-display":"","site-post-title":"","ast-breadcrumbs-content":"","ast-featured-img":"","footer-sml-layout":"","theme-transparent-header-meta":"default","adv-header-id-meta":"","stick-header-meta":"","header-above-stick-meta":"","header-main-stick-meta":"","header-below-stick-meta":"","astra-migrate-meta-layouts":"set","ast-page-background-enabled":"default","ast-page-background-meta":{"desktop":{"background-color":"var(--ast-global-color-4)","background-image":"","background-repeat":"repeat","background-position":"center center","background-size":"auto","background-attachment":"scroll","background-type":"","background-media":"","overlay-type":"","overlay-color":"","overlay-opacity":"","overlay-gradient":""},"tablet":{"background-color":"","background-image":"","background-repeat":"repeat","background-position":"center center","background-size":"auto","background-attachment":"scroll","background-type":"","background-media":"","overlay-type":"","overlay-color":"","overlay-opacity":"","overlay-gradient":""},"mobile":{"background-color":"","background-image":"","background-repeat":"repeat","background-position":"center center","background-size":"auto","background-attachment":"scroll","background-type":"","background-media":"","overlay-type":"","overlay-color":"","overlay-opacity":"","overlay-gradient":""}},"ast-content-background-meta":{"desktop":{"background-color":"var(--ast-global-color-5)","background-image":"","background-repeat":"repeat","background-position":"center center","background-size":"auto","background-attachment":"scroll","background-type":"","background-media":"","overlay-type":"","overlay-color":"","overlay-opacity":"","overlay-gradient":""},"tablet":{"background-color":"var(--ast-global-color-5)","background-image":"","background-repeat":"repeat","background-position":"center center","background-size":"auto","background-attachment":"scroll","background-type":"","background-media":"","overlay-type":"","overlay-color":"","overlay-opacity":"","overlay-gradient":""},"mobile":{"background-color":"var(--ast-global-color-5)","background-image":"","background-repeat":"repeat","background-position":"center center","background-size":"auto","background-attachment":"scroll","background-type":"","background-media":"","overlay-type":"","overlay-color":"","overlay-opacity":"","overlay-gradient":""}}},"product_cat":[160],"product_tag":[],"class_list":{"0":"post-4812","1":"product","2":"type-product","3":"status-publish","4":"has-post-thumbnail","6":"product_cat-systemes-de-controle-et-de-distribution-electriques","7":"desktop-align-left","8":"tablet-align-left","9":"mobile-align-left","11":"first","12":"instock","13":"shipping-taxable","14":"product-type-simple"},"acf":[],"_links":{"self":[{"href":"https:\/\/endustriyel.com\/fr\/wp-json\/wp\/v2\/product\/4812","targetHints":{"allow":["GET"]}}],"collection":[{"href":"https:\/\/endustriyel.com\/fr\/wp-json\/wp\/v2\/product"}],"about":[{"href":"https:\/\/endustriyel.com\/fr\/wp-json\/wp\/v2\/types\/product"}],"replies":[{"embeddable":true,"href":"https:\/\/endustriyel.com\/fr\/wp-json\/wp\/v2\/comments?post=4812"}],"wp:featuredmedia":[{"embeddable":true,"href":"https:\/\/endustriyel.com\/fr\/wp-json\/wp\/v2\/media\/3598"}],"wp:attachment":[{"href":"https:\/\/endustriyel.com\/fr\/wp-json\/wp\/v2\/media?parent=4812"}],"wp:term":[{"taxonomy":"product_cat","embeddable":true,"href":"https:\/\/endustriyel.com\/fr\/wp-json\/wp\/v2\/product_cat?post=4812"},{"taxonomy":"product_tag","embeddable":true,"href":"https:\/\/endustriyel.com\/fr\/wp-json\/wp\/v2\/product_tag?post=4812"}],"curies":[{"name":"wp","href":"https:\/\/api.w.org\/{rel}","templated":true}]}}