{"id":4623,"date":"2024-03-23T17:02:57","date_gmt":"2024-03-23T14:02:57","guid":{"rendered":"https:\/\/endustriyel.com\/urun\/makarna-fabrikalari-otomasyon-sistemleri\/"},"modified":"2024-04-15T13:24:45","modified_gmt":"2024-04-15T10:24:45","slug":"systemes-dautomatisation-des-usines-de-pates-alimentaires","status":"publish","type":"product","link":"https:\/\/endustriyel.com\/fr\/urun\/systemes-dautomatisation-des-usines-de-pates-alimentaires\/","title":{"rendered":"Syst\u00e8mes d&rsquo;automatisation des usines de p\u00e2tes alimentaires"},"content":{"rendered":"<p>Avec ce syst\u00e8me, de nombreux facteurs tels que toutes sortes de capteurs, toutes sortes d&rsquo;\u00e9quipements pneumatiques et hydrauliques, moteurs, commandes de mouvement et de position, robots, rapports, t\u00e9l\u00e9commandes d&rsquo;unit\u00e9s de puissance (MCC), qui peuvent \u00eatre n\u00e9cessaires dans l&rsquo;ensemble du processus de production, sont d\u00e9sormais disponibles. sous le contr\u00f4le de cette application d\u2019automatisation.<br \/>\nLorsque cette application d&rsquo;automatisation est mise en service, les donn\u00e9es instantan\u00e9es des machines du syst\u00e8me (courant, quantit\u00e9 de produit passant par unit\u00e9 de temps, poids, temp\u00e9rature, etc.) sont surveill\u00e9es de mani\u00e8re r\u00e9aliste, instantan\u00e9e et r\u00e9trospective sur l&rsquo;\u00e9cran SCADA.<\/p>\n","protected":false},"excerpt":{"rendered":"<ul>\n<li>END\u00dcSTR\u0130YEL\u2019in makarna \u00fcretimi yapan m\u00fc\u015fterileri i\u00e7in geli\u015ftirdi\u011fi bu PCL \u2013 SCADA t\u00fcr\u00fc otomasyon uygulamas\u0131 ile makarna \u00fcretimindeki her prosesin otomatik kumanda<br \/>\nsistemiyle y\u00f6netilmesini sa\u011flamak temel hedeftir.<\/li>\n<li>Geli\u015ftirilen bu uygulama ile makarna \u00fcretim prosesinin en ak\u0131lc\u0131 kontrol\u00fc, \u00fcretim a\u015famalar\u0131n\u0131n planlanmas\u0131, \u00fcretim a\u015famalar\u0131n\u0131n kontrol\u00fc, anl\u0131k ve geriye d\u00f6n\u00fck g\u00f6zlemlenmesi gibi bir dizi s\u00fcre\u00e7 art\u0131k, HMI (Human Machine Interface) denilen, insanla makineler aras\u0131ndaki ileti\u015fimi sa\u011flayan bu SCADA ve operat\u00f6r panelleri ile ger\u00e7ekle\u015ftirilir.<\/li>\n<\/ul>\n","protected":false},"featured_media":3628,"comment_status":"open","ping_status":"closed","template":"","meta":{"_acf_changed":false,"site-sidebar-layout":"default","site-content-layout":"","ast-site-content-layout":"default","site-content-style":"default","site-sidebar-style":"default","ast-global-header-display":"","ast-banner-title-visibility":"","ast-main-header-display":"","ast-hfb-above-header-display":"","ast-hfb-below-header-display":"","ast-hfb-mobile-header-display":"","site-post-title":"","ast-breadcrumbs-content":"","ast-featured-img":"","footer-sml-layout":"","theme-transparent-header-meta":"default","adv-header-id-meta":"","stick-header-meta":"","header-above-stick-meta":"","header-main-stick-meta":"","header-below-stick-meta":"","astra-migrate-meta-layouts":"set","ast-page-background-enabled":"default","ast-page-background-meta":{"desktop":{"background-color":"var(--ast-global-color-4)","background-image":"","background-repeat":"repeat","background-position":"center center","background-size":"auto","background-attachment":"scroll","background-type":"","background-media":"","overlay-type":"","overlay-color":"","overlay-opacity":"","overlay-gradient":""},"tablet":{"background-color":"","background-image":"","background-repeat":"repeat","background-position":"center center","background-size":"auto","background-attachment":"scroll","background-type":"","background-media":"","overlay-type":"","overlay-color":"","overlay-opacity":"","overlay-gradient":""},"mobile":{"background-color":"","background-image":"","background-repeat":"repeat","background-position":"center center","background-size":"auto","background-attachment":"scroll","background-type":"","background-media":"","overlay-type":"","overlay-color":"","overlay-opacity":"","overlay-gradient":""}},"ast-content-background-meta":{"desktop":{"background-color":"var(--ast-global-color-5)","background-image":"","background-repeat":"repeat","background-position":"center center","background-size":"auto","background-attachment":"scroll","background-type":"","background-media":"","overlay-type":"","overlay-color":"","overlay-opacity":"","overlay-gradient":""},"tablet":{"background-color":"var(--ast-global-color-5)","background-image":"","background-repeat":"repeat","background-position":"center center","background-size":"auto","background-attachment":"scroll","background-type":"","background-media":"","overlay-type":"","overlay-color":"","overlay-opacity":"","overlay-gradient":""},"mobile":{"background-color":"var(--ast-global-color-5)","background-image":"","background-repeat":"repeat","background-position":"center center","background-size":"auto","background-attachment":"scroll","background-type":"","background-media":"","overlay-type":"","overlay-color":"","overlay-opacity":"","overlay-gradient":""}}},"product_cat":[134],"product_tag":[],"class_list":{"0":"post-4623","1":"product","2":"type-product","3":"status-publish","4":"has-post-thumbnail","6":"product_cat-applications-dautomatisation","7":"desktop-align-left","8":"tablet-align-left","9":"mobile-align-left","11":"first","12":"instock","13":"shipping-taxable","14":"product-type-simple"},"acf":[],"_links":{"self":[{"href":"https:\/\/endustriyel.com\/fr\/wp-json\/wp\/v2\/product\/4623","targetHints":{"allow":["GET"]}}],"collection":[{"href":"https:\/\/endustriyel.com\/fr\/wp-json\/wp\/v2\/product"}],"about":[{"href":"https:\/\/endustriyel.com\/fr\/wp-json\/wp\/v2\/types\/product"}],"replies":[{"embeddable":true,"href":"https:\/\/endustriyel.com\/fr\/wp-json\/wp\/v2\/comments?post=4623"}],"wp:featuredmedia":[{"embeddable":true,"href":"https:\/\/endustriyel.com\/fr\/wp-json\/wp\/v2\/media\/3628"}],"wp:attachment":[{"href":"https:\/\/endustriyel.com\/fr\/wp-json\/wp\/v2\/media?parent=4623"}],"wp:term":[{"taxonomy":"product_cat","embeddable":true,"href":"https:\/\/endustriyel.com\/fr\/wp-json\/wp\/v2\/product_cat?post=4623"},{"taxonomy":"product_tag","embeddable":true,"href":"https:\/\/endustriyel.com\/fr\/wp-json\/wp\/v2\/product_tag?post=4623"}],"curies":[{"name":"wp","href":"https:\/\/api.w.org\/{rel}","templated":true}]}}