{"id":4610,"date":"2024-03-23T17:03:46","date_gmt":"2024-03-23T14:03:46","guid":{"rendered":"https:\/\/endustriyel.com\/urun\/pvc-profil-ve-boru-fabrikalari-otomasyon-sistemleri\/"},"modified":"2024-05-07T16:21:49","modified_gmt":"2024-05-07T13:21:49","slug":"pvc-profil-ve-boru-fabrikalari-otomasyon-sistemleri","status":"publish","type":"product","link":"https:\/\/endustriyel.com\/fr\/urun\/pvc-profil-ve-boru-fabrikalari-otomasyon-sistemleri\/","title":{"rendered":"Syst\u00e8mes d&rsquo;automatisation pour usines de profil\u00e9s et de tuyaux en PVC"},"content":{"rendered":"<pre id=\"tw-target-text\" class=\"tw-data-text tw-text-large tw-ta\" dir=\"ltr\" data-placeholder=\"\u00c7eviri\" aria-label=\"\u00c7evrilmi\u015f metin\" data-ved=\"2ahUKEwisjovt6MOFAxVxQPEDHQUNBL8Q3ewLegQIBRAU\"><span class=\"Y2IQFc\" lang=\"fr\">Dans cette solution d'automatisation, le syst\u00e8me d\u00e9marre automatiquement sans que l'op\u00e9rateur ait \u00e0 attendre au d\u00e9but du syst\u00e8me et les mat\u00e9riaux n\u00e9cessaires \u00e0 la construction des profil\u00e9s et des tuyaux en PVC sont fournis.\r\nLe dosage automatique des mati\u00e8res premi\u00e8res est effectu\u00e9 et celles-ci peuvent \u00eatre m\u00e9lang\u00e9es dans le m\u00e9langeur et envoy\u00e9es aux machines d'injection.<\/span><\/pre>\n","protected":false},"excerpt":{"rendered":"<p>Cette solution d&rsquo;automatisation est un projet d&rsquo;automatisation qui fournit automatiquement les mati\u00e8res premi\u00e8res n\u00e9cessaires \u00e0 la production de profil\u00e9s et de tuyaux en PVC en les dosant, en les m\u00e9langeant dans le m\u00e9langeur et en les envoyant aux machines d&rsquo;injection\/extrudeuse.<br \/>\nAvec cette solution, les recettes de dosage souhait\u00e9es sont pes\u00e9es avec pr\u00e9cision et envoy\u00e9es au m\u00e9langeur pour \u00eatre m\u00e9lang\u00e9es.<br \/>\nLa premi\u00e8re \u00e9tape dans la production de profil\u00e9s et de tuyaux en plastique est le dosage et le m\u00e9lange pr\u00e9cis des mati\u00e8res premi\u00e8res et des additifs selon une recette sp\u00e9cifique.<br \/>\nSi ces op\u00e9rations sont effectu\u00e9es manuellement, les pertes d\u2019\u00e9nergie et de mati\u00e8res premi\u00e8res augmentent ainsi que le taux d\u2019erreur humaine.<\/p>\n","protected":false},"featured_media":3633,"comment_status":"open","ping_status":"closed","template":"","meta":{"_acf_changed":false,"site-sidebar-layout":"default","site-content-layout":"","ast-site-content-layout":"default","site-content-style":"default","site-sidebar-style":"default","ast-global-header-display":"","ast-banner-title-visibility":"","ast-main-header-display":"","ast-hfb-above-header-display":"","ast-hfb-below-header-display":"","ast-hfb-mobile-header-display":"","site-post-title":"","ast-breadcrumbs-content":"","ast-featured-img":"","footer-sml-layout":"","theme-transparent-header-meta":"default","adv-header-id-meta":"","stick-header-meta":"","header-above-stick-meta":"","header-main-stick-meta":"","header-below-stick-meta":"","astra-migrate-meta-layouts":"set","ast-page-background-enabled":"default","ast-page-background-meta":{"desktop":{"background-color":"var(--ast-global-color-4)","background-image":"","background-repeat":"repeat","background-position":"center center","background-size":"auto","background-attachment":"scroll","background-type":"","background-media":"","overlay-type":"","overlay-color":"","overlay-opacity":"","overlay-gradient":""},"tablet":{"background-color":"","background-image":"","background-repeat":"repeat","background-position":"center center","background-size":"auto","background-attachment":"scroll","background-type":"","background-media":"","overlay-type":"","overlay-color":"","overlay-opacity":"","overlay-gradient":""},"mobile":{"background-color":"","background-image":"","background-repeat":"repeat","background-position":"center center","background-size":"auto","background-attachment":"scroll","background-type":"","background-media":"","overlay-type":"","overlay-color":"","overlay-opacity":"","overlay-gradient":""}},"ast-content-background-meta":{"desktop":{"background-color":"var(--ast-global-color-5)","background-image":"","background-repeat":"repeat","background-position":"center center","background-size":"auto","background-attachment":"scroll","background-type":"","background-media":"","overlay-type":"","overlay-color":"","overlay-opacity":"","overlay-gradient":""},"tablet":{"background-color":"var(--ast-global-color-5)","background-image":"","background-repeat":"repeat","background-position":"center center","background-size":"auto","background-attachment":"scroll","background-type":"","background-media":"","overlay-type":"","overlay-color":"","overlay-opacity":"","overlay-gradient":""},"mobile":{"background-color":"var(--ast-global-color-5)","background-image":"","background-repeat":"repeat","background-position":"center center","background-size":"auto","background-attachment":"scroll","background-type":"","background-media":"","overlay-type":"","overlay-color":"","overlay-opacity":"","overlay-gradient":""}}},"product_cat":[134],"product_tag":[],"class_list":{"0":"post-4610","1":"product","2":"type-product","3":"status-publish","4":"has-post-thumbnail","6":"product_cat-applications-dautomatisation","7":"desktop-align-left","8":"tablet-align-left","9":"mobile-align-left","11":"first","12":"instock","13":"shipping-taxable","14":"product-type-simple"},"acf":[],"_links":{"self":[{"href":"https:\/\/endustriyel.com\/fr\/wp-json\/wp\/v2\/product\/4610","targetHints":{"allow":["GET"]}}],"collection":[{"href":"https:\/\/endustriyel.com\/fr\/wp-json\/wp\/v2\/product"}],"about":[{"href":"https:\/\/endustriyel.com\/fr\/wp-json\/wp\/v2\/types\/product"}],"replies":[{"embeddable":true,"href":"https:\/\/endustriyel.com\/fr\/wp-json\/wp\/v2\/comments?post=4610"}],"wp:featuredmedia":[{"embeddable":true,"href":"https:\/\/endustriyel.com\/fr\/wp-json\/wp\/v2\/media\/3633"}],"wp:attachment":[{"href":"https:\/\/endustriyel.com\/fr\/wp-json\/wp\/v2\/media?parent=4610"}],"wp:term":[{"taxonomy":"product_cat","embeddable":true,"href":"https:\/\/endustriyel.com\/fr\/wp-json\/wp\/v2\/product_cat?post=4610"},{"taxonomy":"product_tag","embeddable":true,"href":"https:\/\/endustriyel.com\/fr\/wp-json\/wp\/v2\/product_tag?post=4610"}],"curies":[{"name":"wp","href":"https:\/\/api.w.org\/{rel}","templated":true}]}}