{"id":4604,"date":"2024-03-23T17:04:35","date_gmt":"2024-03-23T14:04:35","guid":{"rendered":"https:\/\/endustriyel.com\/urun\/makine-ve-tesis-otomasyon-uygulamalari\/"},"modified":"2024-05-07T16:23:52","modified_gmt":"2024-05-07T13:23:52","slug":"makine-ve-tesis-otomasyon-uygulamalari","status":"publish","type":"product","link":"https:\/\/endustriyel.com\/fr\/urun\/makine-ve-tesis-otomasyon-uygulamalari\/","title":{"rendered":"Applications d&rsquo;automatisation des machines et des installations"},"content":{"rendered":"<p>Nos solutions sur cette question sont g\u00e9n\u00e9ralement\u00a0:<br \/>\nConcevoir l&rsquo;automatisation et le syst\u00e8me \u00e9lectrique des machines.<br \/>\nLogiciels IPC, PLC, IO et SCADA, contr\u00f4le de mouvement, PTP et NCI.<br \/>\nApplications de programmation, de servomoteur et de pilote.<br \/>\nModernisation des machines op\u00e9rationnelles \u00e0 faible rendement avec des syst\u00e8mes et capteurs technologiques avanc\u00e9s.<br \/>\nOptimisation des performances \u00e9nerg\u00e9tiques des proc\u00e9d\u00e9s.<br \/>\nContr\u00f4le et protection des moteurs.<br \/>\nPerception des objets, des formes et des couleurs.<br \/>\nContr\u00f4le de la pression et du mouvement sur la charge.<br \/>\nS\u00e9curit\u00e9 des op\u00e9rateurs et arr\u00eat des machines en toute s\u00e9curit\u00e9.<br \/>\nContr\u00f4le des appareils d&rsquo;automatisation\u00a0; suivi et transmission des donn\u00e9es obtenues.<br \/>\nApplications d&#8217;emballage et d&#8217;emballage.<br \/>\nApplications de manutention m\u00e9canique.<br \/>\nApplications de pompe.<br \/>\nMoteurs pas \u00e0 pas, pilotes et unit\u00e9s de commande de moteurs pas \u00e0 pas.<br \/>\nContr\u00f4le des servomoteurs.<\/p>\n","protected":false},"excerpt":{"rendered":"<p>Dans nos solutions d&rsquo;automatisation de machines et d&rsquo;installations, l&rsquo;ensemble du syst\u00e8me est contr\u00f4l\u00e9 via le panneau de commande ou le syst\u00e8me informatis\u00e9, et les dysfonctionnements et les productions sont enregistr\u00e9s r\u00e9trospectivement.<br \/>\nIl offre une commodit\u00e9 \u00e0 l&rsquo;utilisateur dans de nombreux aspects, tels que l&rsquo;enregistrement en tant qu&rsquo;appareil et un d\u00e9pannage rapide.<\/p>\n","protected":false},"featured_media":3638,"comment_status":"open","ping_status":"closed","template":"","meta":{"_acf_changed":false,"site-sidebar-layout":"default","site-content-layout":"","ast-site-content-layout":"default","site-content-style":"default","site-sidebar-style":"default","ast-global-header-display":"","ast-banner-title-visibility":"","ast-main-header-display":"","ast-hfb-above-header-display":"","ast-hfb-below-header-display":"","ast-hfb-mobile-header-display":"","site-post-title":"","ast-breadcrumbs-content":"","ast-featured-img":"","footer-sml-layout":"","theme-transparent-header-meta":"default","adv-header-id-meta":"","stick-header-meta":"","header-above-stick-meta":"","header-main-stick-meta":"","header-below-stick-meta":"","astra-migrate-meta-layouts":"set","ast-page-background-enabled":"default","ast-page-background-meta":{"desktop":{"background-color":"var(--ast-global-color-4)","background-image":"","background-repeat":"repeat","background-position":"center center","background-size":"auto","background-attachment":"scroll","background-type":"","background-media":"","overlay-type":"","overlay-color":"","overlay-opacity":"","overlay-gradient":""},"tablet":{"background-color":"","background-image":"","background-repeat":"repeat","background-position":"center center","background-size":"auto","background-attachment":"scroll","background-type":"","background-media":"","overlay-type":"","overlay-color":"","overlay-opacity":"","overlay-gradient":""},"mobile":{"background-color":"","background-image":"","background-repeat":"repeat","background-position":"center center","background-size":"auto","background-attachment":"scroll","background-type":"","background-media":"","overlay-type":"","overlay-color":"","overlay-opacity":"","overlay-gradient":""}},"ast-content-background-meta":{"desktop":{"background-color":"var(--ast-global-color-5)","background-image":"","background-repeat":"repeat","background-position":"center center","background-size":"auto","background-attachment":"scroll","background-type":"","background-media":"","overlay-type":"","overlay-color":"","overlay-opacity":"","overlay-gradient":""},"tablet":{"background-color":"var(--ast-global-color-5)","background-image":"","background-repeat":"repeat","background-position":"center center","background-size":"auto","background-attachment":"scroll","background-type":"","background-media":"","overlay-type":"","overlay-color":"","overlay-opacity":"","overlay-gradient":""},"mobile":{"background-color":"var(--ast-global-color-5)","background-image":"","background-repeat":"repeat","background-position":"center center","background-size":"auto","background-attachment":"scroll","background-type":"","background-media":"","overlay-type":"","overlay-color":"","overlay-opacity":"","overlay-gradient":""}}},"product_cat":[134],"product_tag":[],"class_list":{"0":"post-4604","1":"product","2":"type-product","3":"status-publish","4":"has-post-thumbnail","6":"product_cat-applications-dautomatisation","7":"desktop-align-left","8":"tablet-align-left","9":"mobile-align-left","11":"first","12":"instock","13":"shipping-taxable","14":"product-type-simple"},"acf":[],"_links":{"self":[{"href":"https:\/\/endustriyel.com\/fr\/wp-json\/wp\/v2\/product\/4604","targetHints":{"allow":["GET"]}}],"collection":[{"href":"https:\/\/endustriyel.com\/fr\/wp-json\/wp\/v2\/product"}],"about":[{"href":"https:\/\/endustriyel.com\/fr\/wp-json\/wp\/v2\/types\/product"}],"replies":[{"embeddable":true,"href":"https:\/\/endustriyel.com\/fr\/wp-json\/wp\/v2\/comments?post=4604"}],"wp:featuredmedia":[{"embeddable":true,"href":"https:\/\/endustriyel.com\/fr\/wp-json\/wp\/v2\/media\/3638"}],"wp:attachment":[{"href":"https:\/\/endustriyel.com\/fr\/wp-json\/wp\/v2\/media?parent=4604"}],"wp:term":[{"taxonomy":"product_cat","embeddable":true,"href":"https:\/\/endustriyel.com\/fr\/wp-json\/wp\/v2\/product_cat?post=4604"},{"taxonomy":"product_tag","embeddable":true,"href":"https:\/\/endustriyel.com\/fr\/wp-json\/wp\/v2\/product_tag?post=4604"}],"curies":[{"name":"wp","href":"https:\/\/api.w.org\/{rel}","templated":true}]}}