{"id":10769,"date":"2024-03-23T16:46:55","date_gmt":"2024-03-23T13:46:55","guid":{"rendered":"https:\/\/endustriyel.com\/urun\/otomatik-pacallama-sistemi-flow-balancer-cift-loadcelli\/"},"modified":"2024-12-05T14:00:15","modified_gmt":"2024-12-05T11:00:15","slug":"systeme-de-melange-automatique-equilibreur-de-debit-double-cellule-de-charge","status":"publish","type":"product","link":"https:\/\/endustriyel.com\/fr\/urun\/systeme-de-melange-automatique-equilibreur-de-debit-double-cellule-de-charge\/","title":{"rendered":"Syst\u00e8me de m\u00e9lange automatique \/ R\u00e9gulateur de flux &#8211; Double cellule de charge"},"content":{"rendered":"<ul>\n<li>Il s&rsquo;agit d&rsquo;un syst\u00e8me con\u00e7u pour augmenter la qualit\u00e9 du produit, l&rsquo;efficacit\u00e9 et le contr\u00f4le de la production (produits test\u00e9s tels que le bl\u00e9, l&rsquo;orge, le seigle, l&rsquo;avoine, le riz, les lentilles, le ma\u00efs, etc.) en les m\u00e9langeant dans les proportions souhait\u00e9es et en les mettant en production.<\/li>\n<li>En pla\u00e7ant des balances de flux sous les silos de bl\u00e9 dans les usines, vous pouvez m\u00e9langer le produit souhait\u00e9 en fonction des valeurs saisies depuis l&rsquo;ordinateur, le terminal op\u00e9rateur ou via la machine. Le m\u00e9lange peut \u00eatre saisi en indiquant le total Kg\/Heure et en sp\u00e9cifiant les pourcentages, ou directement \u00e0 partir de chaque mat\u00e9riau en indiquant le Kg\/Heure. Cela permet aux fraiseuses de fonctionner de mani\u00e8re plus efficace et plus \u00e9conomique.  <\/li>\n<\/ul>\n","protected":false},"excerpt":{"rendered":"<ul>\n<li>Options de peinture en poudre chrom\u00e9e et \u00e9lectrostatique<\/li>\n<li>M\u00e9lange de produits pr\u00e9cis<\/li>\n<li>10\/15 tonnes par heure<\/li>\n<\/ul>\n","protected":false},"featured_media":4563,"comment_status":"open","ping_status":"closed","template":"","meta":{"_acf_changed":false,"site-sidebar-layout":"default","site-content-layout":"","ast-site-content-layout":"default","site-content-style":"default","site-sidebar-style":"default","ast-global-header-display":"","ast-banner-title-visibility":"","ast-main-header-display":"","ast-hfb-above-header-display":"","ast-hfb-below-header-display":"","ast-hfb-mobile-header-display":"","site-post-title":"","ast-breadcrumbs-content":"","ast-featured-img":"","footer-sml-layout":"","theme-transparent-header-meta":"default","adv-header-id-meta":"","stick-header-meta":"","header-above-stick-meta":"","header-main-stick-meta":"","header-below-stick-meta":"","astra-migrate-meta-layouts":"set","ast-page-background-enabled":"default","ast-page-background-meta":{"desktop":{"background-color":"var(--ast-global-color-4)","background-image":"","background-repeat":"repeat","background-position":"center center","background-size":"auto","background-attachment":"scroll","background-type":"","background-media":"","overlay-type":"","overlay-color":"","overlay-opacity":"","overlay-gradient":""},"tablet":{"background-color":"","background-image":"","background-repeat":"repeat","background-position":"center center","background-size":"auto","background-attachment":"scroll","background-type":"","background-media":"","overlay-type":"","overlay-color":"","overlay-opacity":"","overlay-gradient":""},"mobile":{"background-color":"","background-image":"","background-repeat":"repeat","background-position":"center center","background-size":"auto","background-attachment":"scroll","background-type":"","background-media":"","overlay-type":"","overlay-color":"","overlay-opacity":"","overlay-gradient":""}},"ast-content-background-meta":{"desktop":{"background-color":"var(--ast-global-color-5)","background-image":"","background-repeat":"repeat","background-position":"center center","background-size":"auto","background-attachment":"scroll","background-type":"","background-media":"","overlay-type":"","overlay-color":"","overlay-opacity":"","overlay-gradient":""},"tablet":{"background-color":"var(--ast-global-color-5)","background-image":"","background-repeat":"repeat","background-position":"center center","background-size":"auto","background-attachment":"scroll","background-type":"","background-media":"","overlay-type":"","overlay-color":"","overlay-opacity":"","overlay-gradient":""},"mobile":{"background-color":"var(--ast-global-color-5)","background-image":"","background-repeat":"repeat","background-position":"center center","background-size":"auto","background-attachment":"scroll","background-type":"","background-media":"","overlay-type":"","overlay-color":"","overlay-opacity":"","overlay-gradient":""}}},"product_cat":[245],"product_tag":[554],"class_list":{"0":"post-10769","1":"product","2":"type-product","3":"status-publish","4":"has-post-thumbnail","6":"product_cat-systemes-de-melange-automatiques","7":"product_tag-flow-balancer-fr","8":"desktop-align-left","9":"tablet-align-left","10":"mobile-align-left","12":"first","13":"instock","14":"shipping-taxable","15":"product-type-simple"},"acf":[],"_links":{"self":[{"href":"https:\/\/endustriyel.com\/fr\/wp-json\/wp\/v2\/product\/10769","targetHints":{"allow":["GET"]}}],"collection":[{"href":"https:\/\/endustriyel.com\/fr\/wp-json\/wp\/v2\/product"}],"about":[{"href":"https:\/\/endustriyel.com\/fr\/wp-json\/wp\/v2\/types\/product"}],"replies":[{"embeddable":true,"href":"https:\/\/endustriyel.com\/fr\/wp-json\/wp\/v2\/comments?post=10769"}],"wp:featuredmedia":[{"embeddable":true,"href":"https:\/\/endustriyel.com\/fr\/wp-json\/wp\/v2\/media\/4563"}],"wp:attachment":[{"href":"https:\/\/endustriyel.com\/fr\/wp-json\/wp\/v2\/media?parent=10769"}],"wp:term":[{"taxonomy":"product_cat","embeddable":true,"href":"https:\/\/endustriyel.com\/fr\/wp-json\/wp\/v2\/product_cat?post=10769"},{"taxonomy":"product_tag","embeddable":true,"href":"https:\/\/endustriyel.com\/fr\/wp-json\/wp\/v2\/product_tag?post=10769"}],"curies":[{"name":"wp","href":"https:\/\/api.w.org\/{rel}","templated":true}]}}