{"id":10741,"date":"2024-03-23T16:50:44","date_gmt":"2024-03-23T13:50:44","guid":{"rendered":"https:\/\/endustriyel.com\/urun\/akis-kontrollu-tavlama-sistemleri-plc-kontrollu\/"},"modified":"2024-05-21T19:56:53","modified_gmt":"2024-05-21T16:56:53","slug":"systemes-de-recuit-a-debit-controle-controles-par-plc","status":"publish","type":"product","link":"https:\/\/endustriyel.com\/fr\/urun\/systemes-de-recuit-a-debit-controle-controles-par-plc\/","title":{"rendered":"Syst\u00e8mes de recuit \u00e0 d\u00e9bit contr\u00f4l\u00e9 &#8211; contr\u00f4l\u00e9s par PLC"},"content":{"rendered":"<ul>\n<li>Les syst\u00e8mes de recuit automatiques \u00e0 d\u00e9bit contr\u00f4l\u00e9 de type autonome calculent automatiquement la quantit\u00e9 d&rsquo;eau \u00e0 prendre dans le syst\u00e8me et transf\u00e8rent automatiquement la quantit\u00e9 d&rsquo;eau d\u00e9termin\u00e9e au<\/li>\n<li>syst\u00e8me. Il est possible de contr\u00f4ler l&rsquo;eau \u00e0 distribuer automatiquement ou manuellement gr\u00e2ce \u00e0 la servovalve. Le d\u00e9bit d\u2019eau traversant le syst\u00e8me est mesur\u00e9 avec pr\u00e9cision \u00e0 l\u2019aide d\u2019un compteur \u00e9lectronique.<br \/>\nest mesur\u00e9 d\u2019une mani\u00e8re ou d\u2019une autre.<\/li>\n<li>Si les syst\u00e8mes de recuit automatique peuvent \u00eatre utilis\u00e9s via l&rsquo;appareil avec l&rsquo;aide d&rsquo;un op\u00e9rateur, ils peuvent \u00e9galement \u00eatre contr\u00f4l\u00e9s par un PLC, qui peut communiquer en permanence avec le syst\u00e8me de contr\u00f4le central.<\/li>\n<\/ul>\n","protected":false},"excerpt":{"rendered":"<ul>\n<li><strong>CARACT\u00c9RISTIQUES DU SYST\u00c8ME DE RECUIT AUTOMATIQUE<\/strong><\/li>\n<li>Le d\u00e9bit de bl\u00e9 entrant dans le syst\u00e8me est mesur\u00e9 \u00e0 un maximum de 2 %, et sa teneur en humidit\u00e9 est mesur\u00e9e entre 7\/25 % avec une pr\u00e9cision de \u00b10,3.<\/li>\n<li>A ce stade, il est n\u00e9cessaire de fixer une certaine valeur d&rsquo;humidit\u00e9 afin d&rsquo;obtenir un produit meilleur et de meilleure qualit\u00e9.<\/li>\n<li>Afin d&rsquo;amener le bl\u00e9 \u00e0 l&rsquo;humidit\u00e9 d\u00e9sir\u00e9e, le taux d&rsquo;humidit\u00e9 vis\u00e9 doit \u00eatre d\u00e9termin\u00e9 en fonction du d\u00e9bit de la mati\u00e8re dans le syst\u00e8me, et en cons\u00e9quence il faut calculer la quantit\u00e9 d&rsquo;eau qu&rsquo;il recevra et cette eau doit \u00eatre transf\u00e9r\u00e9e au syst\u00e8me. .<\/li>\n<\/ul>\n","protected":false},"featured_media":4569,"comment_status":"open","ping_status":"closed","template":"","meta":{"_acf_changed":false,"site-sidebar-layout":"default","site-content-layout":"","ast-site-content-layout":"default","site-content-style":"default","site-sidebar-style":"default","ast-global-header-display":"","ast-banner-title-visibility":"","ast-main-header-display":"","ast-hfb-above-header-display":"","ast-hfb-below-header-display":"","ast-hfb-mobile-header-display":"","site-post-title":"","ast-breadcrumbs-content":"","ast-featured-img":"","footer-sml-layout":"","theme-transparent-header-meta":"default","adv-header-id-meta":"","stick-header-meta":"","header-above-stick-meta":"","header-main-stick-meta":"","header-below-stick-meta":"","astra-migrate-meta-layouts":"set","ast-page-background-enabled":"default","ast-page-background-meta":{"desktop":{"background-color":"var(--ast-global-color-4)","background-image":"","background-repeat":"repeat","background-position":"center center","background-size":"auto","background-attachment":"scroll","background-type":"","background-media":"","overlay-type":"","overlay-color":"","overlay-opacity":"","overlay-gradient":""},"tablet":{"background-color":"","background-image":"","background-repeat":"repeat","background-position":"center center","background-size":"auto","background-attachment":"scroll","background-type":"","background-media":"","overlay-type":"","overlay-color":"","overlay-opacity":"","overlay-gradient":""},"mobile":{"background-color":"","background-image":"","background-repeat":"repeat","background-position":"center center","background-size":"auto","background-attachment":"scroll","background-type":"","background-media":"","overlay-type":"","overlay-color":"","overlay-opacity":"","overlay-gradient":""}},"ast-content-background-meta":{"desktop":{"background-color":"var(--ast-global-color-5)","background-image":"","background-repeat":"repeat","background-position":"center center","background-size":"auto","background-attachment":"scroll","background-type":"","background-media":"","overlay-type":"","overlay-color":"","overlay-opacity":"","overlay-gradient":""},"tablet":{"background-color":"var(--ast-global-color-5)","background-image":"","background-repeat":"repeat","background-position":"center center","background-size":"auto","background-attachment":"scroll","background-type":"","background-media":"","overlay-type":"","overlay-color":"","overlay-opacity":"","overlay-gradient":""},"mobile":{"background-color":"var(--ast-global-color-5)","background-image":"","background-repeat":"repeat","background-position":"center center","background-size":"auto","background-attachment":"scroll","background-type":"","background-media":"","overlay-type":"","overlay-color":"","overlay-opacity":"","overlay-gradient":""}}},"product_cat":[230],"product_tag":[],"class_list":{"0":"post-10741","1":"product","2":"type-product","3":"status-publish","4":"has-post-thumbnail","6":"product_cat-systemes-de-recuit-automatique","7":"desktop-align-left","8":"tablet-align-left","9":"mobile-align-left","11":"first","12":"instock","13":"shipping-taxable","14":"product-type-simple"},"acf":[],"_links":{"self":[{"href":"https:\/\/endustriyel.com\/fr\/wp-json\/wp\/v2\/product\/10741","targetHints":{"allow":["GET"]}}],"collection":[{"href":"https:\/\/endustriyel.com\/fr\/wp-json\/wp\/v2\/product"}],"about":[{"href":"https:\/\/endustriyel.com\/fr\/wp-json\/wp\/v2\/types\/product"}],"replies":[{"embeddable":true,"href":"https:\/\/endustriyel.com\/fr\/wp-json\/wp\/v2\/comments?post=10741"}],"wp:featuredmedia":[{"embeddable":true,"href":"https:\/\/endustriyel.com\/fr\/wp-json\/wp\/v2\/media\/4569"}],"wp:attachment":[{"href":"https:\/\/endustriyel.com\/fr\/wp-json\/wp\/v2\/media?parent=10741"}],"wp:term":[{"taxonomy":"product_cat","embeddable":true,"href":"https:\/\/endustriyel.com\/fr\/wp-json\/wp\/v2\/product_cat?post=10741"},{"taxonomy":"product_tag","embeddable":true,"href":"https:\/\/endustriyel.com\/fr\/wp-json\/wp\/v2\/product_tag?post=10741"}],"curies":[{"name":"wp","href":"https:\/\/api.w.org\/{rel}","templated":true}]}}