{"id":10728,"date":"2024-03-23T16:55:59","date_gmt":"2024-03-23T13:55:59","guid":{"rendered":"https:\/\/endustriyel.com\/urun\/elektro-valf-kontrollu-mekanik-debimetre\/"},"modified":"2024-05-21T19:51:47","modified_gmt":"2024-05-21T16:51:47","slug":"debitmetre-mecanique-controle-par-electrovanne","status":"publish","type":"product","link":"https:\/\/endustriyel.com\/fr\/urun\/debitmetre-mecanique-controle-par-electrovanne\/","title":{"rendered":"D\u00e9bitm\u00e8tre m\u00e9canique contr\u00f4l\u00e9 par \u00e9lectrovanne"},"content":{"rendered":"<ul>\n<li>Les d\u00e9bitm\u00e8tres m\u00e9caniques command\u00e9s par \u00e9lectrovanne utilisent le d\u00e9bitm\u00e8tre pour mesurer les informations qu&rsquo;il re\u00e7oit pendant l&rsquo;\u00e9coulement du bl\u00e9, gr\u00e2ce au capteur capacitif fix\u00e9 sur l&rsquo;appareil d&rsquo;entr\u00e9e des<\/li>\n<li>marchandises plac\u00e9 \u00e0 l&rsquo;entr\u00e9e de la temp\u00e9reuse forc\u00e9e.<\/li>\n<li>dispositif et l&rsquo;\u00e9lectrovanne s&rsquo;ouvre et d\u00e9marre l&rsquo;\u00e9coulement de l&rsquo;eau.<\/li>\n<li>Gr\u00e2ce \u00e0 la bille de d\u00e9bit \u00e0 l&rsquo;int\u00e9rieur du verre \u00e0 d\u00e9bit, le nombre de litres\/litres que l&rsquo;on souhaite d\u00e9biter par heure est r\u00e9gl\u00e9 \u00e0 partir de la vanne \u00e0 l&rsquo;entr\u00e9e. Les chiffres sur le verre \u00e0 d\u00e9bit d\u00e9terminent le niveau<\/li>\n<li>inf\u00e9rieur minimum et le niveau sup\u00e9rieur maximum et indiquent les litres\/. D\u00e9bit de litres par heure, par exemple, si un verre 50\/500 est install\u00e9 sur le dispositif de d\u00e9bit, au moins 50 litres\/litre signifie qu&rsquo;un<\/li>\n<li>maximum de 500 litres\/litre d&rsquo;eau peut passer.<\/li>\n<li>Types d&rsquo;\u00e9coulement dans le verre.<\/li>\n<li>15\/150 &#8211; 30\/300 &#8211; 50\/500 -100\/1000 -150\/1500<\/li>\n<\/ul>\n","protected":false},"excerpt":{"rendered":"<ul>\n<li>Les d\u00e9bitm\u00e8tres m\u00e9caniques command\u00e9s par \u00e9lectrovanne utilisent le d\u00e9bitm\u00e8tre pour mesurer les informations qu&rsquo;il re\u00e7oit pendant l&rsquo;\u00e9coulement du bl\u00e9, gr\u00e2ce au capteur capacitif fix\u00e9 sur l&rsquo;appareil d&rsquo;entr\u00e9e des<\/li>\n<li>marchandises plac\u00e9 \u00e0 l&rsquo;entr\u00e9e de la temp\u00e9reuse forc\u00e9e.<\/li>\n<li>dispositif et l&rsquo;\u00e9lectrovanne s&rsquo;ouvre et d\u00e9marre l&rsquo;\u00e9coulement de l&rsquo;eau.<\/li>\n<li>Gr\u00e2ce \u00e0 la bille de d\u00e9bit \u00e0 l&rsquo;int\u00e9rieur du verre \u00e0 d\u00e9bit, le nombre de litres\/litres que l&rsquo;on souhaite d\u00e9biter par heure est r\u00e9gl\u00e9 \u00e0 partir de la vanne \u00e0 l&rsquo;entr\u00e9e. Les chiffres sur le verre \u00e0 d\u00e9bit d\u00e9terminent le niveau<\/li>\n<li>inf\u00e9rieur minimum et le niveau sup\u00e9rieur maximum et indiquent les litres\/. D\u00e9bit de litres par heure, par exemple, si un verre 50\/500 est install\u00e9 sur le dispositif de d\u00e9bit, au moins 50 litres\/litre signifie qu&rsquo;un<\/li>\n<li>maximum de 500 litres\/litre d&rsquo;eau peut passer.<\/li>\n<li>Types d&rsquo;\u00e9coulement dans le verre.<\/li>\n<li>15\/150 &#8211; 30\/300 &#8211; 50\/500 -100\/1000 -150\/1500<\/li>\n<\/ul>\n","protected":false},"featured_media":3578,"comment_status":"open","ping_status":"closed","template":"","meta":{"_acf_changed":false,"site-sidebar-layout":"default","site-content-layout":"","ast-site-content-layout":"default","site-content-style":"default","site-sidebar-style":"default","ast-global-header-display":"","ast-banner-title-visibility":"","ast-main-header-display":"","ast-hfb-above-header-display":"","ast-hfb-below-header-display":"","ast-hfb-mobile-header-display":"","site-post-title":"","ast-breadcrumbs-content":"","ast-featured-img":"","footer-sml-layout":"","theme-transparent-header-meta":"default","adv-header-id-meta":"","stick-header-meta":"","header-above-stick-meta":"","header-main-stick-meta":"","header-below-stick-meta":"","astra-migrate-meta-layouts":"set","ast-page-background-enabled":"default","ast-page-background-meta":{"desktop":{"background-color":"var(--ast-global-color-4)","background-image":"","background-repeat":"repeat","background-position":"center center","background-size":"auto","background-attachment":"scroll","background-type":"","background-media":"","overlay-type":"","overlay-color":"","overlay-opacity":"","overlay-gradient":""},"tablet":{"background-color":"","background-image":"","background-repeat":"repeat","background-position":"center center","background-size":"auto","background-attachment":"scroll","background-type":"","background-media":"","overlay-type":"","overlay-color":"","overlay-opacity":"","overlay-gradient":""},"mobile":{"background-color":"","background-image":"","background-repeat":"repeat","background-position":"center center","background-size":"auto","background-attachment":"scroll","background-type":"","background-media":"","overlay-type":"","overlay-color":"","overlay-opacity":"","overlay-gradient":""}},"ast-content-background-meta":{"desktop":{"background-color":"var(--ast-global-color-5)","background-image":"","background-repeat":"repeat","background-position":"center center","background-size":"auto","background-attachment":"scroll","background-type":"","background-media":"","overlay-type":"","overlay-color":"","overlay-opacity":"","overlay-gradient":""},"tablet":{"background-color":"var(--ast-global-color-5)","background-image":"","background-repeat":"repeat","background-position":"center center","background-size":"auto","background-attachment":"scroll","background-type":"","background-media":"","overlay-type":"","overlay-color":"","overlay-opacity":"","overlay-gradient":""},"mobile":{"background-color":"var(--ast-global-color-5)","background-image":"","background-repeat":"repeat","background-position":"center center","background-size":"auto","background-attachment":"scroll","background-type":"","background-media":"","overlay-type":"","overlay-color":"","overlay-opacity":"","overlay-gradient":""}}},"product_cat":[230],"product_tag":[],"class_list":{"0":"post-10728","1":"product","2":"type-product","3":"status-publish","4":"has-post-thumbnail","6":"product_cat-systemes-de-recuit-automatique","7":"desktop-align-left","8":"tablet-align-left","9":"mobile-align-left","11":"first","12":"instock","13":"shipping-taxable","14":"product-type-simple"},"acf":[],"_links":{"self":[{"href":"https:\/\/endustriyel.com\/fr\/wp-json\/wp\/v2\/product\/10728","targetHints":{"allow":["GET"]}}],"collection":[{"href":"https:\/\/endustriyel.com\/fr\/wp-json\/wp\/v2\/product"}],"about":[{"href":"https:\/\/endustriyel.com\/fr\/wp-json\/wp\/v2\/types\/product"}],"replies":[{"embeddable":true,"href":"https:\/\/endustriyel.com\/fr\/wp-json\/wp\/v2\/comments?post=10728"}],"wp:featuredmedia":[{"embeddable":true,"href":"https:\/\/endustriyel.com\/fr\/wp-json\/wp\/v2\/media\/3578"}],"wp:attachment":[{"href":"https:\/\/endustriyel.com\/fr\/wp-json\/wp\/v2\/media?parent=10728"}],"wp:term":[{"taxonomy":"product_cat","embeddable":true,"href":"https:\/\/endustriyel.com\/fr\/wp-json\/wp\/v2\/product_cat?post=10728"},{"taxonomy":"product_tag","embeddable":true,"href":"https:\/\/endustriyel.com\/fr\/wp-json\/wp\/v2\/product_tag?post=10728"}],"curies":[{"name":"wp","href":"https:\/\/api.w.org\/{rel}","templated":true}]}}