{"id":10710,"date":"2024-03-23T16:46:55","date_gmt":"2024-03-23T13:46:55","guid":{"rendered":"https:\/\/endustriyel.com\/urun\/plc-kontrollu-otomatik-randiman-panosu\/"},"modified":"2024-05-21T19:42:50","modified_gmt":"2024-05-21T16:42:50","slug":"panneau-de-rendement-automatique-controle-par-plc","status":"publish","type":"product","link":"https:\/\/endustriyel.com\/fr\/urun\/panneau-de-rendement-automatique-controle-par-plc\/","title":{"rendered":"Panneau de rendement automatique contr\u00f4l\u00e9 par PLC"},"content":{"rendered":"<ul>\n<li>L&rsquo;\u00e9chelle d&rsquo;efficacit\u00e9 mesure pr\u00e9cis\u00e9ment le d\u00e9bit du produit entrant en kg\/heure (0,3%) en stabilisant le secouement au moment du d\u00e9chargement de la marchandise avec 3 cellules de pes\u00e9e. \u00c9chelle d&rsquo;efficacit\u00e9\u00a0; bl\u00e9, farine, son, etc. Il est utilis\u00e9 pour peser des produits. Il garantit que les valeurs de capacit\u00e9 et d&rsquo;efficacit\u00e9 sont constamment contr\u00f4l\u00e9es dans les usines de farine. Le fonctionnement de l&rsquo;\u00e9chelle d&rsquo;efficacit\u00e9 commence par le remplissage contr\u00f4l\u00e9 du produit fluide dans le bac \u00e0 l&rsquo;int\u00e9rieur de l&rsquo;\u00e9chelle d&rsquo;efficacit\u00e9 en ouvrant la vanne en haut. Le processus de pes\u00e9e est effectu\u00e9 par des cellules de pes\u00e9e situ\u00e9es en trois points du plateau pour ajuster le temps de stabilisation \u00e0 l&rsquo;int\u00e9rieur de l&rsquo;\u00e9chelle d&rsquo;efficacit\u00e9. Lorsque la quantit\u00e9 souhait\u00e9e est atteinte, la vanne sup\u00e9rieure se ferme. La fonction de remplissage est termin\u00e9e et les couvercles sous le bac sont ouverts et le fluide pes\u00e9 est introduit dans la ligne.<\/li>\n<li>Les vannes qui permettent au produit \u00e0 peser d&rsquo;entrer dans la tr\u00e9mie et les couvercles de tr\u00e9mie qui permettent de l&rsquo;\u00e9vacuer de la tr\u00e9mie vers le syst\u00e8me fonctionnent avec un syst\u00e8me pneumatique sur roulements. Il y a des couvercles sur la section de pes\u00e9e et sur les c\u00f4t\u00e9s des sections sup\u00e9rieures de la tr\u00e9mie pour nettoyer la balance d&rsquo;efficacit\u00e9. En plus d&rsquo;\u00eatre suffisamment grands pour le nettoyage et l&rsquo;entretien, ces couvercles sont \u00e9quip\u00e9s de joints pour assurer l&rsquo;\u00e9tanch\u00e9it\u00e9 n\u00e9cessaire une fois ferm\u00e9s. Les rapports peuvent \u00eatre obtenus par p\u00e9riodes horaires, de 8 heures, quotidiennes, hebdomadaires, mensuelles et annuelles. En cas de dysfonctionnement, un acc\u00e8s \u00e0 distance peut \u00eatre fourni via Internet et le dysfonctionnement peut \u00eatre intervenu.<\/li>\n<\/ul>\n","protected":false},"excerpt":{"rendered":"<p style=\"text-align: left;\">AVANTAGES DU SYST\u00c8ME \u00c0 EFFICACIT\u00c9 MULTIPLE<br \/>\n\u2022 Toutes les informations li\u00e9es \u00e0 la production sont facilement accessibles lorsque vous le souhaitez.<br \/>\n\u2022 Le d\u00e9bit du bl\u00e9 entrant et les valeurs proportionnelles (%) de tous les produits de sortie peuvent \u00eatre surveill\u00e9s sur l&rsquo;\u00e9cran.<br \/>\n\u2022 Toutes les donn\u00e9es peuvent \u00eatre lues en kg\/heure, tonne\/jour ou proportionnellement (%).<br \/>\n\u2022 Il peut fonctionner sur tous les programmes fonctionnant sous Windows. Un grand nombre de balances d&rsquo;efficacit\u00e9 (jusqu&rsquo;\u00e0 28) peuvent \u00eatre connect\u00e9es au syst\u00e8me.<br \/>\n\u2022 Les informations sur l&rsquo;\u00e9tat de l&rsquo;usine peuvent \u00eatre suivies en acc\u00e9dant directement au syst\u00e8me depuis n&rsquo;importe quel endroit disposant d&rsquo;un acc\u00e8s Internet.<br \/>\n\u2022 Des rapports de production instantan\u00e9s, horaires, par \u00e9quipe, hebdomadaires et mensuels peuvent \u00eatre re\u00e7us.<\/p>\n","protected":false},"featured_media":3018,"comment_status":"open","ping_status":"closed","template":"","meta":{"_acf_changed":false,"site-sidebar-layout":"default","site-content-layout":"","ast-site-content-layout":"default","site-content-style":"default","site-sidebar-style":"default","ast-global-header-display":"","ast-banner-title-visibility":"","ast-main-header-display":"","ast-hfb-above-header-display":"","ast-hfb-below-header-display":"","ast-hfb-mobile-header-display":"","site-post-title":"","ast-breadcrumbs-content":"","ast-featured-img":"","footer-sml-layout":"","theme-transparent-header-meta":"default","adv-header-id-meta":"","stick-header-meta":"","header-above-stick-meta":"","header-main-stick-meta":"","header-below-stick-meta":"","astra-migrate-meta-layouts":"set","ast-page-background-enabled":"default","ast-page-background-meta":{"desktop":{"background-color":"var(--ast-global-color-4)","background-image":"","background-repeat":"repeat","background-position":"center center","background-size":"auto","background-attachment":"scroll","background-type":"","background-media":"","overlay-type":"","overlay-color":"","overlay-opacity":"","overlay-gradient":""},"tablet":{"background-color":"","background-image":"","background-repeat":"repeat","background-position":"center center","background-size":"auto","background-attachment":"scroll","background-type":"","background-media":"","overlay-type":"","overlay-color":"","overlay-opacity":"","overlay-gradient":""},"mobile":{"background-color":"","background-image":"","background-repeat":"repeat","background-position":"center center","background-size":"auto","background-attachment":"scroll","background-type":"","background-media":"","overlay-type":"","overlay-color":"","overlay-opacity":"","overlay-gradient":""}},"ast-content-background-meta":{"desktop":{"background-color":"var(--ast-global-color-5)","background-image":"","background-repeat":"repeat","background-position":"center center","background-size":"auto","background-attachment":"scroll","background-type":"","background-media":"","overlay-type":"","overlay-color":"","overlay-opacity":"","overlay-gradient":""},"tablet":{"background-color":"var(--ast-global-color-5)","background-image":"","background-repeat":"repeat","background-position":"center center","background-size":"auto","background-attachment":"scroll","background-type":"","background-media":"","overlay-type":"","overlay-color":"","overlay-opacity":"","overlay-gradient":""},"mobile":{"background-color":"var(--ast-global-color-5)","background-image":"","background-repeat":"repeat","background-position":"center center","background-size":"auto","background-attachment":"scroll","background-type":"","background-media":"","overlay-type":"","overlay-color":"","overlay-opacity":"","overlay-gradient":""}}},"product_cat":[255],"product_tag":[539],"class_list":{"0":"post-10710","1":"product","2":"type-product","3":"status-publish","4":"has-post-thumbnail","6":"product_cat-randiman-kantarlari-fr","7":"product_tag-randiman-panosu-fr","8":"desktop-align-left","9":"tablet-align-left","10":"mobile-align-left","12":"first","13":"instock","14":"shipping-taxable","15":"product-type-simple"},"acf":[],"_links":{"self":[{"href":"https:\/\/endustriyel.com\/fr\/wp-json\/wp\/v2\/product\/10710","targetHints":{"allow":["GET"]}}],"collection":[{"href":"https:\/\/endustriyel.com\/fr\/wp-json\/wp\/v2\/product"}],"about":[{"href":"https:\/\/endustriyel.com\/fr\/wp-json\/wp\/v2\/types\/product"}],"replies":[{"embeddable":true,"href":"https:\/\/endustriyel.com\/fr\/wp-json\/wp\/v2\/comments?post=10710"}],"wp:featuredmedia":[{"embeddable":true,"href":"https:\/\/endustriyel.com\/fr\/wp-json\/wp\/v2\/media\/3018"}],"wp:attachment":[{"href":"https:\/\/endustriyel.com\/fr\/wp-json\/wp\/v2\/media?parent=10710"}],"wp:term":[{"taxonomy":"product_cat","embeddable":true,"href":"https:\/\/endustriyel.com\/fr\/wp-json\/wp\/v2\/product_cat?post=10710"},{"taxonomy":"product_tag","embeddable":true,"href":"https:\/\/endustriyel.com\/fr\/wp-json\/wp\/v2\/product_tag?post=10710"}],"curies":[{"name":"wp","href":"https:\/\/api.w.org\/{rel}","templated":true}]}}