{"id":10622,"date":"2024-03-23T16:46:55","date_gmt":"2024-03-23T13:46:55","guid":{"rendered":"https:\/\/endustriyel.com\/urun\/2-tartim-4-istasyon-karoser-un-paketleme-sistemi-10-25-50-kg\/"},"modified":"2024-05-21T19:16:03","modified_gmt":"2024-05-21T16:16:03","slug":"systeme-demballage-de-farine-corporelle-a-2-postes-de-pesee-4-stations-10-25-50-kg","status":"publish","type":"product","link":"https:\/\/endustriyel.com\/fr\/urun\/systeme-demballage-de-farine-corporelle-a-2-postes-de-pesee-4-stations-10-25-50-kg\/","title":{"rendered":"Syst\u00e8me d&#8217;emballage de farine corporelle \u00e0 2 postes de pes\u00e9e, 4 stations, 10\/25\/50 kg"},"content":{"rendered":"<ul>\n<li>Informations sur la capacit\u00e9 : Bien qu&rsquo;elles varient en fonction du produit \u00e0 ensacher et de la tol\u00e9rance souhait\u00e9e, les valeurs concernant la vitesse d&#8217;emballage ci-dessous donneront des informations sur la capacit\u00e9 du syst\u00e8me.<\/li>\n<li>Pour un colis de 10 kg, 9 tonnes\/heure. Pour un colis de 25 kg, 20 tonnes\/heure. Pour un colis de 50 kg, 37,5 tonnes\/heure. Pour un colis de 50 kg, la tol\u00e9rance par colis varie entre \u00b10,15 kg.<\/li>\n<li>De plus, son fonctionnement est garanti avec une capacit\u00e9 de 37,5 tonnes\/heure de farine ou de produits similaires avec une marge d&rsquo;erreur moyenne par colis.<\/li>\n<li>Valeurs d\u00e9finies pour l&#8217;emballage\u00a0: les poids de remplissage des emballages peuvent \u00eatre pr\u00e9f\u00e9r\u00e9s par l&rsquo;op\u00e9rateur entre 10\u00a0&#8211;\u00a025\u00a0&#8211;\u00a050\u00a0kg.<\/li>\n<\/ul>\n","protected":false},"excerpt":{"rendered":"<ul>\n<li>Informations sur la capacit\u00e9 : Bien qu&rsquo;elles varient en fonction du produit \u00e0 ensacher et de la tol\u00e9rance souhait\u00e9e, les valeurs concernant la vitesse d&#8217;emballage ci-dessous donneront des informations sur la capacit\u00e9 du syst\u00e8me.<\/li>\n<li>9 tonnes\/heure pour un emballage de 10 kg<\/li>\n<li>20 tonnes\/heure pour un emballage de 25 kg<\/li>\n<li>37,5 tonnes\/heure pour un emballage de 50 kg<\/li>\n<li>Pour les colis de 50 kg, la tol\u00e9rance par colis varie entre \u00b10,15 kg. De plus, la marge d&rsquo;erreur moyenne par colis et farine ou produits similaires<\/li>\n<li>Son fonctionnement est garanti avec une capacit\u00e9 de 37,5 tonnes\/heure.<\/li>\n<li>Valeurs d\u00e9finies pour l&#8217;emballage\u00a0: les poids de remplissage des emballages peuvent \u00eatre pr\u00e9f\u00e9r\u00e9s par l&rsquo;op\u00e9rateur entre 10\u00a0&#8211;\u00a025\u00a0&#8211;\u00a050\u00a0kg.<\/li>\n<\/ul>\n","protected":false},"featured_media":12554,"comment_status":"open","ping_status":"closed","template":"","meta":{"_acf_changed":false,"site-sidebar-layout":"default","site-content-layout":"","ast-site-content-layout":"default","site-content-style":"default","site-sidebar-style":"default","ast-global-header-display":"","ast-banner-title-visibility":"","ast-main-header-display":"","ast-hfb-above-header-display":"","ast-hfb-below-header-display":"","ast-hfb-mobile-header-display":"","site-post-title":"","ast-breadcrumbs-content":"","ast-featured-img":"","footer-sml-layout":"","theme-transparent-header-meta":"default","adv-header-id-meta":"","stick-header-meta":"","header-above-stick-meta":"","header-main-stick-meta":"","header-below-stick-meta":"","astra-migrate-meta-layouts":"set","ast-page-background-enabled":"default","ast-page-background-meta":{"desktop":{"background-color":"var(--ast-global-color-4)","background-image":"","background-repeat":"repeat","background-position":"center center","background-size":"auto","background-attachment":"scroll","background-type":"","background-media":"","overlay-type":"","overlay-color":"","overlay-opacity":"","overlay-gradient":""},"tablet":{"background-color":"","background-image":"","background-repeat":"repeat","background-position":"center center","background-size":"auto","background-attachment":"scroll","background-type":"","background-media":"","overlay-type":"","overlay-color":"","overlay-opacity":"","overlay-gradient":""},"mobile":{"background-color":"","background-image":"","background-repeat":"repeat","background-position":"center center","background-size":"auto","background-attachment":"scroll","background-type":"","background-media":"","overlay-type":"","overlay-color":"","overlay-opacity":"","overlay-gradient":""}},"ast-content-background-meta":{"desktop":{"background-color":"var(--ast-global-color-5)","background-image":"","background-repeat":"repeat","background-position":"center center","background-size":"auto","background-attachment":"scroll","background-type":"","background-media":"","overlay-type":"","overlay-color":"","overlay-opacity":"","overlay-gradient":""},"tablet":{"background-color":"var(--ast-global-color-5)","background-image":"","background-repeat":"repeat","background-position":"center center","background-size":"auto","background-attachment":"scroll","background-type":"","background-media":"","overlay-type":"","overlay-color":"","overlay-opacity":"","overlay-gradient":""},"mobile":{"background-color":"var(--ast-global-color-5)","background-image":"","background-repeat":"repeat","background-position":"center center","background-size":"auto","background-attachment":"scroll","background-type":"","background-media":"","overlay-type":"","overlay-color":"","overlay-opacity":"","overlay-gradient":""}}},"product_cat":[280],"product_tag":[],"class_list":{"0":"post-10622","1":"product","2":"type-product","3":"status-publish","4":"has-post-thumbnail","6":"product_cat-systemes-demballage-automatises","7":"desktop-align-left","8":"tablet-align-left","9":"mobile-align-left","11":"first","12":"instock","13":"shipping-taxable","14":"product-type-simple"},"acf":[],"_links":{"self":[{"href":"https:\/\/endustriyel.com\/fr\/wp-json\/wp\/v2\/product\/10622","targetHints":{"allow":["GET"]}}],"collection":[{"href":"https:\/\/endustriyel.com\/fr\/wp-json\/wp\/v2\/product"}],"about":[{"href":"https:\/\/endustriyel.com\/fr\/wp-json\/wp\/v2\/types\/product"}],"replies":[{"embeddable":true,"href":"https:\/\/endustriyel.com\/fr\/wp-json\/wp\/v2\/comments?post=10622"}],"wp:featuredmedia":[{"embeddable":true,"href":"https:\/\/endustriyel.com\/fr\/wp-json\/wp\/v2\/media\/12554"}],"wp:attachment":[{"href":"https:\/\/endustriyel.com\/fr\/wp-json\/wp\/v2\/media?parent=10622"}],"wp:term":[{"taxonomy":"product_cat","embeddable":true,"href":"https:\/\/endustriyel.com\/fr\/wp-json\/wp\/v2\/product_cat?post=10622"},{"taxonomy":"product_tag","embeddable":true,"href":"https:\/\/endustriyel.com\/fr\/wp-json\/wp\/v2\/product_tag?post=10622"}],"curies":[{"name":"wp","href":"https:\/\/api.w.org\/{rel}","templated":true}]}}