{"id":10603,"date":"2024-03-23T16:46:55","date_gmt":"2024-03-23T13:46:55","guid":{"rendered":"https:\/\/endustriyel.com\/urun\/6-tartimli-ventilli-un-paketleme-makinesi-10-25-50-kg\/"},"modified":"2024-05-21T19:10:47","modified_gmt":"2024-05-21T16:10:47","slug":"machine-de-conditionnement-de-farine-a-6-vannes-de-pesee-10-25-50-kg","status":"publish","type":"product","link":"https:\/\/endustriyel.com\/fr\/urun\/machine-de-conditionnement-de-farine-a-6-vannes-de-pesee-10-25-50-kg\/","title":{"rendered":"Machine de conditionnement de farine \u00e0 6 vannes de pes\u00e9e 10\/25\/50 kg"},"content":{"rendered":"<ul>\n<li>La machine de remplissage de sacs \u00e0 valve de type turbine est utilis\u00e9e pour emballer des produits de moyenne et haute densit\u00e9 dans des sacs en poly\u00e9thyl\u00e8ne kraft \u00e0 valve et offre la solution la plus appropri\u00e9e pour emballer des produits fins et broy\u00e9s avec une fluidit\u00e9 de moyenne et haute densit\u00e9. Le syst\u00e8me de dosage des machines de remplissage \u00e0 valve peut \u00eatre de diff\u00e9rents types en fonction des propri\u00e9t\u00e9s du mat\u00e9riau ensach\u00e9. Toutes les op\u00e9rations sont automatiques une fois le sac fix\u00e9 sur le bec de remplissage par l&rsquo;op\u00e9rateur. La vitesse de remplissage de la machine peut varier en fonction de la densit\u00e9 et de la fluidit\u00e9 du produit.<\/li>\n<li>Gr\u00e2ce \u00e0 sa structure rotative, il offre des performances de travail de grande capacit\u00e9. Il ajuste automatiquement la hauteur du tampon inf\u00e9rieur en fonction de la taille du sac. Le m\u00e9canisme pneumatique au niveau de la buse de remplissage s\u00e9curise le sac. Le syst\u00e8me effectue le processus de remplissage du sac en fonction de la quantit\u00e9 d\u00e9finie (mat\u00e9riau cible) d\u00e9termin\u00e9e par l&rsquo;utilisateur. Le m\u00e9lange dans la chambre de la machine est rempli dans le sac par l&rsquo;entra\u00eenement de la turbine et l&rsquo;air introduit dans la chambre mobilise le m\u00e9lange \u00e0 conditionner dans la chambre.<\/li>\n<li>Gr\u00e2ce \u00e0 son unit\u00e9 de pes\u00e9e \u00e9lectronique \u00e9quip\u00e9e d&rsquo;une cellule de pes\u00e9e et \u00e0 son syst\u00e8me de remplissage rapide\/lent, il p\u00e8se en permanence avec pr\u00e9cision et effectue \u00e9galement le processus de pes\u00e9e. Il poss\u00e8de une structure qui ajuste le processus de remplissage en fonction de la quantit\u00e9 de poids \u00e0 emballer et effectue ainsi un remplissage pr\u00e9cis, et il dispose d&rsquo;un syst\u00e8me de contr\u00f4le de vitesse qui ralentit \u00e0 mesure que l&rsquo;on s&rsquo;approche du poids souhait\u00e9 de l&#8217;emballage. Par exemple, lorsque l&rsquo;on fixe un objectif de remplissage de 25 kg, lorsqu&rsquo;il atteint 24 700 grammes, la pes\u00e9e ralentit la vitesse de rotation de la tribune et r\u00e9alise le remplissage avec la plus grande pr\u00e9cision.<\/li>\n<li>Les dents de turbine sont en mat\u00e9riau Hardox. Il existe \u00e9galement deux vannes de r\u00e9gulation de vitesse qui contr\u00f4lent l&rsquo;air fourni dans la chambre. Une fois le remplissage termin\u00e9, le sac bascule automatiquement sur le tapis roulant.<\/li>\n<\/ul>\n","protected":false},"excerpt":{"rendered":"<p>Caract\u00e9ristiques standards<br \/>\n\u2022 Syst\u00e8me de pes\u00e9e avec cellule de pes\u00e9e \u00e9lectronique.<br \/>\n\u2022 Ch\u00e2ssis robuste de type rotatif.<br \/>\n\u2022 Hauteur du sac r\u00e9glable.<br \/>\n\u2022 Syst\u00e8me de contr\u00f4le pneumatique.<br \/>\n\u2022 Syst\u00e8me de nettoyage automatique des buses de remplissage d&rsquo;air.<br \/>\n\u2022 Fonctionnalit\u00e9 facile \u00e0 utiliser gr\u00e2ce \u00e0 l&rsquo;\u00e9cran utilisateur PLC et LCD.<br \/>\n\u2022 Aubes de turbine de type Hardox facilement rempla\u00e7ables.<br \/>\n\u2022 Syst\u00e8me automatique de nettoyage des buses \u00e0 air.<br \/>\n\u2022 Travail minimum avec syst\u00e8me de lib\u00e9ration automatique des sacs.<br \/>\n\u2022 Port de connexion pour filtre (adapt\u00e9 \u00e0 une capacit\u00e9 d&rsquo;aspiration de 1 000 m3\/heure).<br \/>\n\u2022 Avec centrale \u00e9lectronique de pes\u00e9e (tare, remise \u00e0 z\u00e9ro).<br \/>\n\u2022 Roulement longue dur\u00e9e dans la turbine.<br \/>\n\u2022 Un sous-ch\u00e2ssis suppl\u00e9mentaire peut \u00eatre utilis\u00e9 pour le convoyeur de remplissage de sacs.<br \/>\n\u2022 Possibilit\u00e9 de r\u00e9gler l&rsquo;\u00e9chelle du ch\u00e2ssis \u00e0 partir des pieds.<\/p>\n","protected":false},"featured_media":12548,"comment_status":"open","ping_status":"closed","template":"","meta":{"_acf_changed":false,"site-sidebar-layout":"default","site-content-layout":"","ast-site-content-layout":"default","site-content-style":"default","site-sidebar-style":"default","ast-global-header-display":"","ast-banner-title-visibility":"","ast-main-header-display":"","ast-hfb-above-header-display":"","ast-hfb-below-header-display":"","ast-hfb-mobile-header-display":"","site-post-title":"","ast-breadcrumbs-content":"","ast-featured-img":"","footer-sml-layout":"","theme-transparent-header-meta":"default","adv-header-id-meta":"","stick-header-meta":"","header-above-stick-meta":"","header-main-stick-meta":"","header-below-stick-meta":"","astra-migrate-meta-layouts":"set","ast-page-background-enabled":"default","ast-page-background-meta":{"desktop":{"background-color":"var(--ast-global-color-4)","background-image":"","background-repeat":"repeat","background-position":"center center","background-size":"auto","background-attachment":"scroll","background-type":"","background-media":"","overlay-type":"","overlay-color":"","overlay-opacity":"","overlay-gradient":""},"tablet":{"background-color":"","background-image":"","background-repeat":"repeat","background-position":"center center","background-size":"auto","background-attachment":"scroll","background-type":"","background-media":"","overlay-type":"","overlay-color":"","overlay-opacity":"","overlay-gradient":""},"mobile":{"background-color":"","background-image":"","background-repeat":"repeat","background-position":"center center","background-size":"auto","background-attachment":"scroll","background-type":"","background-media":"","overlay-type":"","overlay-color":"","overlay-opacity":"","overlay-gradient":""}},"ast-content-background-meta":{"desktop":{"background-color":"var(--ast-global-color-5)","background-image":"","background-repeat":"repeat","background-position":"center center","background-size":"auto","background-attachment":"scroll","background-type":"","background-media":"","overlay-type":"","overlay-color":"","overlay-opacity":"","overlay-gradient":""},"tablet":{"background-color":"var(--ast-global-color-5)","background-image":"","background-repeat":"repeat","background-position":"center center","background-size":"auto","background-attachment":"scroll","background-type":"","background-media":"","overlay-type":"","overlay-color":"","overlay-opacity":"","overlay-gradient":""},"mobile":{"background-color":"var(--ast-global-color-5)","background-image":"","background-repeat":"repeat","background-position":"center center","background-size":"auto","background-attachment":"scroll","background-type":"","background-media":"","overlay-type":"","overlay-color":"","overlay-opacity":"","overlay-gradient":""}}},"product_cat":[280],"product_tag":[494],"class_list":{"0":"post-10603","1":"product","2":"type-product","3":"status-publish","4":"has-post-thumbnail","6":"product_cat-systemes-demballage-automatises","7":"product_tag-un-paketleme-makinesi-fr","8":"desktop-align-left","9":"tablet-align-left","10":"mobile-align-left","12":"first","13":"instock","14":"shipping-taxable","15":"product-type-simple"},"acf":[],"_links":{"self":[{"href":"https:\/\/endustriyel.com\/fr\/wp-json\/wp\/v2\/product\/10603","targetHints":{"allow":["GET"]}}],"collection":[{"href":"https:\/\/endustriyel.com\/fr\/wp-json\/wp\/v2\/product"}],"about":[{"href":"https:\/\/endustriyel.com\/fr\/wp-json\/wp\/v2\/types\/product"}],"replies":[{"embeddable":true,"href":"https:\/\/endustriyel.com\/fr\/wp-json\/wp\/v2\/comments?post=10603"}],"wp:featuredmedia":[{"embeddable":true,"href":"https:\/\/endustriyel.com\/fr\/wp-json\/wp\/v2\/media\/12548"}],"wp:attachment":[{"href":"https:\/\/endustriyel.com\/fr\/wp-json\/wp\/v2\/media?parent=10603"}],"wp:term":[{"taxonomy":"product_cat","embeddable":true,"href":"https:\/\/endustriyel.com\/fr\/wp-json\/wp\/v2\/product_cat?post=10603"},{"taxonomy":"product_tag","embeddable":true,"href":"https:\/\/endustriyel.com\/fr\/wp-json\/wp\/v2\/product_tag?post=10603"}],"curies":[{"name":"wp","href":"https:\/\/api.w.org\/{rel}","templated":true}]}}