{"id":9776,"date":"2024-04-29T17:04:56","date_gmt":"2024-04-29T14:04:56","guid":{"rendered":"https:\/\/endustriyel.com\/proje-departmani\/"},"modified":"2024-05-16T18:40:37","modified_gmt":"2024-05-16T15:40:37","slug":"departement-de-projet","status":"publish","type":"page","link":"https:\/\/endustriyel.com\/fr\/departement-de-projet\/","title":{"rendered":"D\u00e9partement de projet"},"content":{"rendered":"\t\t<div data-elementor-type=\"wp-page\" data-elementor-id=\"9776\" class=\"elementor elementor-9776 elementor-6978\" data-elementor-post-type=\"page\">\n\t\t\t\t\t\t<section class=\"elementor-section elementor-top-section elementor-element elementor-element-1442060 elementor-section-full_width elementor-section-stretched elementor-section-height-default elementor-section-height-default wpr-particle-no wpr-jarallax-no wpr-parallax-no wpr-sticky-section-no\" data-id=\"1442060\" data-element_type=\"section\" data-settings=\"{&quot;stretch_section&quot;:&quot;section-stretched&quot;,&quot;background_background&quot;:&quot;video&quot;,&quot;shape_divider_bottom&quot;:&quot;opacity-tilt&quot;,&quot;background_video_link&quot;:&quot;https:\\\/\\\/endustriyel.com\\\/wp-content\\\/uploads\\\/2024\\\/04\\\/saha-ve-montaj-2.mp4&quot;,&quot;background_play_on_mobile&quot;:&quot;yes&quot;}\">\n\t\t\t\t\t\t\t\t<div class=\"elementor-background-video-container\">\n\t\t\t\t\t\t\t\t\t\t\t\t\t<video class=\"elementor-background-video-hosted elementor-html5-video\" autoplay muted playsinline loop><\/video>\n\t\t\t\t\t\t\t\t\t\t\t<\/div>\n\t\t\t\t\t\t\t\t\t<div class=\"elementor-background-overlay\"><\/div>\n\t\t\t\t\t\t<div class=\"elementor-shape elementor-shape-bottom\" data-negative=\"false\">\n\t\t\t<svg xmlns=\"http:\/\/www.w3.org\/2000\/svg\" viewBox=\"0 0 2600 131.1\" preserveAspectRatio=\"none\">\n\t<path class=\"elementor-shape-fill\" d=\"M0 0L2600 0 2600 69.1 0 0z\"\/>\n\t<path class=\"elementor-shape-fill\" style=\"opacity:0.5\" d=\"M0 0L2600 0 2600 69.1 0 69.1z\"\/>\n\t<path class=\"elementor-shape-fill\" style=\"opacity:0.25\" d=\"M2600 0L0 0 0 130.1 2600 69.1z\"\/>\n<\/svg>\t\t<\/div>\n\t\t\t\t\t<div class=\"elementor-container elementor-column-gap-no\">\n\t\t\t\t\t<div class=\"elementor-column elementor-col-100 elementor-top-column elementor-element elementor-element-3be9af1\" data-id=\"3be9af1\" data-element_type=\"column\">\n\t\t\t<div class=\"elementor-widget-wrap elementor-element-populated\">\n\t\t\t\t\t\t<section class=\"elementor-section elementor-inner-section elementor-element elementor-element-3646fa3 elementor-section-boxed elementor-section-height-default elementor-section-height-default wpr-particle-no wpr-jarallax-no wpr-parallax-no wpr-sticky-section-no\" data-id=\"3646fa3\" data-element_type=\"section\">\n\t\t\t\t\t\t<div class=\"elementor-container elementor-column-gap-default\">\n\t\t\t\t\t<div class=\"elementor-column elementor-col-50 elementor-inner-column elementor-element elementor-element-5fd2dea\" data-id=\"5fd2dea\" data-element_type=\"column\">\n\t\t\t<div class=\"elementor-widget-wrap elementor-element-populated\">\n\t\t\t\t\t\t<div class=\"elementor-element elementor-element-8bee9ff elementor-icon-list--layout-inline elementor-list-item-link-full_width elementor-widget elementor-widget-icon-list\" data-id=\"8bee9ff\" data-element_type=\"widget\" data-widget_type=\"icon-list.default\">\n\t\t\t\t<div class=\"elementor-widget-container\">\n\t\t\t<link rel=\"stylesheet\" href=\"https:\/\/endustriyel.com\/wp-content\/uploads\/elementor\/css\/custom-widget-icon-list.min.css?ver=1730881101\">\t\t<ul class=\"elementor-icon-list-items elementor-inline-items\">\n\t\t\t\t\t\t\t<li class=\"elementor-icon-list-item elementor-inline-item\">\n\t\t\t\t\t\t\t\t\t\t\t<a href=\"https:\/\/endustriyel.com\/fr\/\">\n\n\t\t\t\t\t\t\t\t\t\t\t\t<span class=\"elementor-icon-list-icon\">\n\t\t\t\t\t\t\t<i aria-hidden=\"true\" class=\"icon icon-home1\"><\/i>\t\t\t\t\t\t<\/span>\n\t\t\t\t\t\t\t\t\t\t<span class=\"elementor-icon-list-text\">Page d'accueil<\/span>\n\t\t\t\t\t\t\t\t\t\t\t<\/a>\n\t\t\t\t\t\t\t\t\t<\/li>\n\t\t\t\t\t\t\t\t<li class=\"elementor-icon-list-item elementor-inline-item\">\n\t\t\t\t\t\t\t\t\t\t\t<span class=\"elementor-icon-list-icon\">\n\t\t\t\t\t\t\t<i aria-hidden=\"true\" class=\"icon icon-right-arrow1\"><\/i>\t\t\t\t\t\t<\/span>\n\t\t\t\t\t\t\t\t\t\t<span class=\"elementor-icon-list-text\"><\/span>\n\t\t\t\t\t\t\t\t\t<\/li>\n\t\t\t\t\t\t<\/ul>\n\t\t\t\t<\/div>\n\t\t\t\t<\/div>\n\t\t\t\t\t<\/div>\n\t\t<\/div>\n\t\t\t\t<div class=\"elementor-column elementor-col-50 elementor-inner-column elementor-element elementor-element-c13c48c\" data-id=\"c13c48c\" data-element_type=\"column\">\n\t\t\t<div class=\"elementor-widget-wrap\">\n\t\t\t\t\t\t\t<\/div>\n\t\t<\/div>\n\t\t\t\t\t<\/div>\n\t\t<\/section>\n\t\t\t\t\t<\/div>\n\t\t<\/div>\n\t\t\t\t\t<\/div>\n\t\t<\/section>\n\t\t<div class=\"elementor-element elementor-element-8a15d94 e-flex e-con-boxed wpr-particle-no wpr-jarallax-no wpr-parallax-no wpr-sticky-section-no e-con e-parent\" data-id=\"8a15d94\" data-element_type=\"container\" data-settings=\"{&quot;background_background&quot;:&quot;classic&quot;}\">\n\t\t\t\t\t<div class=\"e-con-inner\">\n\t\t<div class=\"elementor-element elementor-element-2e36e36 e-con-full e-flex wpr-sticky-section-no e-con e-child\" data-id=\"2e36e36\" data-element_type=\"container\" data-settings=\"{&quot;background_background&quot;:&quot;classic&quot;}\">\n\t\t\t\t<div class=\"elementor-element elementor-element-def72cf elementor-widget elementor-widget-image\" data-id=\"def72cf\" data-element_type=\"widget\" data-widget_type=\"image.default\">\n\t\t\t\t<div class=\"elementor-widget-container\">\n\t\t\t<style>\/*! elementor - v3.23.0 - 05-08-2024 *\/\n.elementor-widget-image{text-align:center}.elementor-widget-image a{display:inline-block}.elementor-widget-image a img[src$=\".svg\"]{width:48px}.elementor-widget-image img{vertical-align:middle;display:inline-block}<\/style>\t\t\t\t\t\t\t\t\t\t<img fetchpriority=\"high\" decoding=\"async\" width=\"2000\" height=\"2000\" src=\"https:\/\/endustriyel.com\/wp-content\/uploads\/2024\/04\/Adsiz-tasarim-16-1.jpg\" class=\"attachment-full size-full wp-image-7039\" alt=\"\" srcset=\"https:\/\/endustriyel.com\/wp-content\/uploads\/2024\/04\/Adsiz-tasarim-16-1.jpg 2000w, https:\/\/endustriyel.com\/wp-content\/uploads\/2024\/04\/Adsiz-tasarim-16-1-300x300.jpg 300w, https:\/\/endustriyel.com\/wp-content\/uploads\/2024\/04\/Adsiz-tasarim-16-1-1024x1024.jpg 1024w, https:\/\/endustriyel.com\/wp-content\/uploads\/2024\/04\/Adsiz-tasarim-16-1-150x150.jpg 150w, https:\/\/endustriyel.com\/wp-content\/uploads\/2024\/04\/Adsiz-tasarim-16-1-768x768.jpg 768w, https:\/\/endustriyel.com\/wp-content\/uploads\/2024\/04\/Adsiz-tasarim-16-1-1536x1536.jpg 1536w, https:\/\/endustriyel.com\/wp-content\/uploads\/2024\/04\/Adsiz-tasarim-16-1-600x600.jpg 600w, https:\/\/endustriyel.com\/wp-content\/uploads\/2024\/04\/Adsiz-tasarim-16-1-100x100.jpg 100w\" sizes=\"(max-width: 2000px) 100vw, 2000px\" \/>\t\t\t\t\t\t\t\t\t\t\t\t\t<\/div>\n\t\t\t\t<\/div>\n\t\t\t\t<\/div>\n\t\t<div class=\"elementor-element elementor-element-04c3cbe e-flex e-con-boxed wpr-particle-no wpr-jarallax-no wpr-parallax-no wpr-sticky-section-no elementor-invisible e-con e-child\" data-id=\"04c3cbe\" data-element_type=\"container\" data-settings=\"{&quot;animation&quot;:&quot;fadeIn&quot;,&quot;background_background&quot;:&quot;classic&quot;}\">\n\t\t\t\t\t<div class=\"e-con-inner\">\n\t\t\t\t<div class=\"elementor-element elementor-element-ce778a2 elementor-widget elementor-widget-heading\" data-id=\"ce778a2\" data-element_type=\"widget\" data-widget_type=\"heading.default\">\n\t\t\t\t<div class=\"elementor-widget-container\">\n\t\t\t<style>\/*! elementor - v3.23.0 - 05-08-2024 *\/\n.elementor-heading-title{padding:0;margin:0;line-height:1}.elementor-widget-heading .elementor-heading-title[class*=elementor-size-]>a{color:inherit;font-size:inherit;line-height:inherit}.elementor-widget-heading .elementor-heading-title.elementor-size-small{font-size:15px}.elementor-widget-heading .elementor-heading-title.elementor-size-medium{font-size:19px}.elementor-widget-heading .elementor-heading-title.elementor-size-large{font-size:29px}.elementor-widget-heading .elementor-heading-title.elementor-size-xl{font-size:39px}.elementor-widget-heading .elementor-heading-title.elementor-size-xxl{font-size:59px}<\/style><h2 class=\"elementor-heading-title elementor-size-default\">END\u00dcSTR\u0130YEL ELEKTR\u0130K<\/h2>\t\t<\/div>\n\t\t\t\t<\/div>\n\t\t\t\t<div class=\"elementor-element elementor-element-1bdf43a elementor-widget elementor-widget-heading\" data-id=\"1bdf43a\" data-element_type=\"widget\" data-widget_type=\"heading.default\">\n\t\t\t\t<div class=\"elementor-widget-container\">\n\t\t\t<h2 class=\"elementor-heading-title elementor-size-default\">D\u00e9partement de projet<\/h2>\t\t<\/div>\n\t\t\t\t<\/div>\n\t\t\t\t<div class=\"elementor-element elementor-element-cfeafa3 elementor-widget elementor-widget-text-editor\" data-id=\"cfeafa3\" data-element_type=\"widget\" data-widget_type=\"text-editor.default\">\n\t\t\t\t<div class=\"elementor-widget-container\">\n\t\t\t<style>\/*! elementor - v3.23.0 - 05-08-2024 *\/\n.elementor-widget-text-editor.elementor-drop-cap-view-stacked .elementor-drop-cap{background-color:#69727d;color:#fff}.elementor-widget-text-editor.elementor-drop-cap-view-framed .elementor-drop-cap{color:#69727d;border:3px solid;background-color:transparent}.elementor-widget-text-editor:not(.elementor-drop-cap-view-default) .elementor-drop-cap{margin-top:8px}.elementor-widget-text-editor:not(.elementor-drop-cap-view-default) .elementor-drop-cap-letter{width:1em;height:1em}.elementor-widget-text-editor .elementor-drop-cap{float:left;text-align:center;line-height:1;font-size:50px}.elementor-widget-text-editor .elementor-drop-cap-letter{display:inline-block}<\/style>\t\t\t\t<p><strong>Examen des demandes des clients<\/strong><\/p><p>L&rsquo;\u00c9LECTRICIT\u00c9 INDUSTRIELLE vise \u00e0 garantir que les demandes des investisseurs ou des clients soient con\u00e7ues conform\u00e9ment aux innovations d&rsquo;aujourd&rsquo;hui, en utilisant les \u00e9quipements les plus efficaces et technologiques, aux prix les plus abordables offerts par les conditions du march\u00e9. Tout en projetant les attentes de nos clients, nous utilisons les programmes e-plan, See Electrical et Autocad de classe mondiale. Les dessins de vues de panneaux, les plans d&rsquo;implantation et les diagrammes P&amp;I sont pr\u00e9par\u00e9s \u00e0 l&rsquo;aide du programme AutoCAD.<\/p>\t\t\t\t\t\t<\/div>\n\t\t\t\t<\/div>\n\t\t\t\t\t<\/div>\n\t\t\t\t<\/div>\n\t\t\t\t\t<\/div>\n\t\t\t\t<\/div>\n\t\t<div class=\"elementor-element elementor-element-e414a4b e-flex e-con-boxed wpr-particle-no wpr-jarallax-no wpr-parallax-no wpr-sticky-section-no e-con e-parent\" data-id=\"e414a4b\" data-element_type=\"container\" data-settings=\"{&quot;background_background&quot;:&quot;classic&quot;}\">\n\t\t\t\t\t<div class=\"e-con-inner\">\n\t\t<div class=\"elementor-element elementor-element-6ad823f e-con-full e-flex wpr-sticky-section-no e-con e-child\" data-id=\"6ad823f\" data-element_type=\"container\" data-settings=\"{&quot;background_background&quot;:&quot;classic&quot;}\">\n\t\t\t\t<div class=\"elementor-element elementor-element-768945f elementor-widget elementor-widget-heading\" data-id=\"768945f\" data-element_type=\"widget\" data-widget_type=\"heading.default\">\n\t\t\t\t<div class=\"elementor-widget-container\">\n\t\t\t<h2 class=\"elementor-heading-title elementor-size-default\">Plus<\/h2>\t\t<\/div>\n\t\t\t\t<\/div>\n\t\t\t\t<div class=\"elementor-element elementor-element-a4621b7 elementor-widget elementor-widget-text-editor\" data-id=\"a4621b7\" data-element_type=\"widget\" data-widget_type=\"text-editor.default\">\n\t\t\t\t<div class=\"elementor-widget-container\">\n\t\t\t\t\t\t\t<p><strong>Planification du projet du syst\u00e8me \u00e9lectrique<\/strong><br \/>Elle se compose d&rsquo;une \u00e9quipe de conception \u00e9lectrique qui con\u00e7oit la distribution d&rsquo;\u00e9nergie, l&rsquo;automatisation et la compensation, le contr\u00f4le PLC, les panneaux MCC et les syst\u00e8mes de jeux de barres conform\u00e9ment aux attentes technologiques conform\u00e9ment aux demandes des clients et pr\u00e9pare les projets \u00e9lectriques en e-plan.<\/p><p>En tant que l&rsquo;une des entreprises leaders du secteur, nous continuons d&rsquo;\u00eatre pionniers tant dans l&rsquo;introduction des technologies en d\u00e9veloppement mondial dans notre pays que dans la qualit\u00e9 du service, comme nous l&rsquo;avons fait jusqu&rsquo;\u00e0 pr\u00e9sent, tout en donnant toujours la priorit\u00e9 \u00e0 la satisfaction du client en fournissant un service dans des conditions conformes aux normes contemporaines. et les normes internationales.<\/p><p><strong>\u00c9tiquetage<\/strong><br \/>L&rsquo;\u00e9tiquetage des connexions de c\u00e2bles entre les bornes et les \u00e9quipements utilis\u00e9s dans les panneaux \u00e9lectriques facilite l&rsquo;application et le contr\u00f4le dans les dessins du projet et garantit l&rsquo;identification correcte de tous les mat\u00e9riaux et c\u00e2bles.<\/p><p>Les \u00e9tiquettes sont pr\u00e9par\u00e9es avec un traceur conform\u00e9ment aux projets pr\u00e9par\u00e9s. Les \u00e9tiquettes de c\u00e2ble sont fix\u00e9es au c\u00e2ble avec des couvercles en plastique pour emp\u00eacher l&rsquo;\u00e9tiquette de tomber du c\u00e2ble. Dans les \u00e9tiquettes de terminal, l&rsquo;\u00e9tiquetage est appliqu\u00e9 \u00e0 diff\u00e9rentes normes en fonction des fonctionnalit\u00e9s du terminal.<\/p><p>Gr\u00e2ce aux \u00e9tudes de labellisation r\u00e9alis\u00e9es dans notre service projets ; Il offre un haut niveau d\u2019efficacit\u00e9 du projet en facilitant le suivi et le d\u00e9pannage du projet.<\/p>\t\t\t\t\t\t<\/div>\n\t\t\t\t<\/div>\n\t\t\t\t<\/div>\n\t\t\t\t\t<\/div>\n\t\t\t\t<\/div>\n\t\t\t\t<\/div>\n\t\t","protected":false},"excerpt":{"rendered":"<p>Page d&rsquo;accueil END\u00dcSTR\u0130YEL ELEKTR\u0130K D\u00e9partement de projet Examen des demandes des clients L&rsquo;\u00c9LECTRICIT\u00c9 INDUSTRIELLE vise \u00e0 garantir que les demandes des investisseurs ou des clients soient con\u00e7ues conform\u00e9ment aux innovations d&rsquo;aujourd&rsquo;hui, en utilisant les \u00e9quipements les plus efficaces et technologiques, aux prix les plus abordables offerts par les conditions du march\u00e9. Tout en projetant les attentes de nos clients, nous utilisons les programmes e-plan, See Electrical et Autocad de classe mondiale. Les dessins de vues de panneaux, les plans d&rsquo;implantation et les diagrammes P&amp;I sont pr\u00e9par\u00e9s \u00e0 l&rsquo;aide du programme AutoCAD. Plus Planification du projet du syst\u00e8me \u00e9lectriqueElle se compose d&rsquo;une \u00e9quipe de conception \u00e9lectrique qui con\u00e7oit la distribution d&rsquo;\u00e9nergie, l&rsquo;automatisation et la compensation, le contr\u00f4le PLC, les panneaux MCC et les syst\u00e8mes de jeux de barres conform\u00e9ment aux attentes technologiques conform\u00e9ment aux demandes des clients et pr\u00e9pare les projets \u00e9lectriques en e-plan. En tant que l&rsquo;une des entreprises leaders du secteur, nous continuons d&rsquo;\u00eatre pionniers tant dans l&rsquo;introduction des technologies en d\u00e9veloppement mondial dans notre pays que dans la qualit\u00e9 du service, comme nous l&rsquo;avons fait jusqu&rsquo;\u00e0 pr\u00e9sent, tout en donnant toujours la priorit\u00e9 \u00e0 la satisfaction du client en fournissant un service dans des conditions conformes aux normes contemporaines. et les normes internationales. \u00c9tiquetageL&rsquo;\u00e9tiquetage des connexions de c\u00e2bles entre les bornes et les \u00e9quipements utilis\u00e9s dans les panneaux \u00e9lectriques facilite l&rsquo;application et le contr\u00f4le dans les dessins du projet et garantit l&rsquo;identification correcte de tous les mat\u00e9riaux et c\u00e2bles. Les \u00e9tiquettes sont pr\u00e9par\u00e9es avec un traceur conform\u00e9ment aux projets pr\u00e9par\u00e9s. Les \u00e9tiquettes de c\u00e2ble sont fix\u00e9es au c\u00e2ble avec des couvercles en plastique pour emp\u00eacher l&rsquo;\u00e9tiquette de tomber du c\u00e2ble. Dans les \u00e9tiquettes de terminal, l&rsquo;\u00e9tiquetage est appliqu\u00e9 \u00e0 diff\u00e9rentes normes en fonction des fonctionnalit\u00e9s du terminal. Gr\u00e2ce aux \u00e9tudes de labellisation r\u00e9alis\u00e9es dans notre service projets ; Il offre un haut niveau d\u2019efficacit\u00e9 du projet en facilitant le suivi et le d\u00e9pannage du projet.<\/p>\n","protected":false},"author":1,"featured_media":0,"parent":0,"menu_order":0,"comment_status":"closed","ping_status":"closed","template":"","meta":{"_acf_changed":false,"site-sidebar-layout":"no-sidebar","site-content-layout":"page-builder","ast-site-content-layout":"full-width-container","site-content-style":"default","site-sidebar-style":"default","ast-global-header-display":"","ast-banner-title-visibility":"","ast-main-header-display":"","ast-hfb-above-header-display":"","ast-hfb-below-header-display":"","ast-hfb-mobile-header-display":"","site-post-title":"disabled","ast-breadcrumbs-content":"","ast-featured-img":"disabled","footer-sml-layout":"","theme-transparent-header-meta":"default","adv-header-id-meta":"","stick-header-meta":"","header-above-stick-meta":"","header-main-stick-meta":"","header-below-stick-meta":"","astra-migrate-meta-layouts":"set","ast-page-background-enabled":"default","ast-page-background-meta":{"desktop":{"background-color":"var(--ast-global-color-4)","background-image":"","background-repeat":"repeat","background-position":"center center","background-size":"auto","background-attachment":"scroll","background-type":"","background-media":"","overlay-type":"","overlay-color":"","overlay-opacity":"","overlay-gradient":""},"tablet":{"background-color":"","background-image":"","background-repeat":"repeat","background-position":"center center","background-size":"auto","background-attachment":"scroll","background-type":"","background-media":"","overlay-type":"","overlay-color":"","overlay-opacity":"","overlay-gradient":""},"mobile":{"background-color":"","background-image":"","background-repeat":"repeat","background-position":"center center","background-size":"auto","background-attachment":"scroll","background-type":"","background-media":"","overlay-type":"","overlay-color":"","overlay-opacity":"","overlay-gradient":""}},"ast-content-background-meta":{"desktop":{"background-color":"var(--ast-global-color-5)","background-image":"","background-repeat":"repeat","background-position":"center center","background-size":"auto","background-attachment":"scroll","background-type":"","background-media":"","overlay-type":"","overlay-color":"","overlay-opacity":"","overlay-gradient":""},"tablet":{"background-color":"var(--ast-global-color-5)","background-image":"","background-repeat":"repeat","background-position":"center center","background-size":"auto","background-attachment":"scroll","background-type":"","background-media":"","overlay-type":"","overlay-color":"","overlay-opacity":"","overlay-gradient":""},"mobile":{"background-color":"var(--ast-global-color-5)","background-image":"","background-repeat":"repeat","background-position":"center center","background-size":"auto","background-attachment":"scroll","background-type":"","background-media":"","overlay-type":"","overlay-color":"","overlay-opacity":"","overlay-gradient":""}},"footnotes":""},"class_list":["post-9776","page","type-page","status-publish","hentry"],"acf":[],"_links":{"self":[{"href":"https:\/\/endustriyel.com\/fr\/wp-json\/wp\/v2\/pages\/9776","targetHints":{"allow":["GET"]}}],"collection":[{"href":"https:\/\/endustriyel.com\/fr\/wp-json\/wp\/v2\/pages"}],"about":[{"href":"https:\/\/endustriyel.com\/fr\/wp-json\/wp\/v2\/types\/page"}],"author":[{"embeddable":true,"href":"https:\/\/endustriyel.com\/fr\/wp-json\/wp\/v2\/users\/1"}],"replies":[{"embeddable":true,"href":"https:\/\/endustriyel.com\/fr\/wp-json\/wp\/v2\/comments?post=9776"}],"version-history":[{"count":0,"href":"https:\/\/endustriyel.com\/fr\/wp-json\/wp\/v2\/pages\/9776\/revisions"}],"wp:attachment":[{"href":"https:\/\/endustriyel.com\/fr\/wp-json\/wp\/v2\/media?parent=9776"}],"curies":[{"name":"wp","href":"https:\/\/api.w.org\/{rel}","templated":true}]}}