{"id":9724,"date":"2024-04-29T17:04:41","date_gmt":"2024-04-29T14:04:41","guid":{"rendered":"https:\/\/endustriyel.com\/saha-montaj-departmani\/"},"modified":"2024-05-16T18:29:58","modified_gmt":"2024-05-16T15:29:58","slug":"departement-de-terrain-et-dassemblage","status":"publish","type":"page","link":"https:\/\/endustriyel.com\/fr\/departement-de-terrain-et-dassemblage\/","title":{"rendered":"D\u00e9partement de terrain et d&rsquo;assemblage"},"content":{"rendered":"\t\t<div data-elementor-type=\"wp-page\" data-elementor-id=\"9724\" class=\"elementor elementor-9724 elementor-6976\" data-elementor-post-type=\"page\">\n\t\t\t\t\t\t<section class=\"elementor-section elementor-top-section elementor-element elementor-element-5125248 elementor-section-full_width elementor-section-stretched elementor-section-height-default elementor-section-height-default wpr-particle-no wpr-jarallax-no wpr-parallax-no wpr-sticky-section-no\" data-id=\"5125248\" data-element_type=\"section\" data-settings=\"{&quot;stretch_section&quot;:&quot;section-stretched&quot;,&quot;background_background&quot;:&quot;classic&quot;,&quot;shape_divider_bottom&quot;:&quot;opacity-tilt&quot;}\">\n\t\t\t\t\t\t\t<div class=\"elementor-background-overlay\"><\/div>\n\t\t\t\t\t\t<div class=\"elementor-shape elementor-shape-bottom\" data-negative=\"false\">\n\t\t\t<svg xmlns=\"http:\/\/www.w3.org\/2000\/svg\" viewBox=\"0 0 2600 131.1\" preserveAspectRatio=\"none\">\n\t<path class=\"elementor-shape-fill\" d=\"M0 0L2600 0 2600 69.1 0 0z\"\/>\n\t<path class=\"elementor-shape-fill\" style=\"opacity:0.5\" d=\"M0 0L2600 0 2600 69.1 0 69.1z\"\/>\n\t<path class=\"elementor-shape-fill\" style=\"opacity:0.25\" d=\"M2600 0L0 0 0 130.1 2600 69.1z\"\/>\n<\/svg>\t\t<\/div>\n\t\t\t\t\t<div class=\"elementor-container elementor-column-gap-no\">\n\t\t\t\t\t<div class=\"elementor-column elementor-col-100 elementor-top-column elementor-element elementor-element-426dfdd\" data-id=\"426dfdd\" data-element_type=\"column\">\n\t\t\t<div class=\"elementor-widget-wrap elementor-element-populated\">\n\t\t\t\t\t\t<section class=\"elementor-section elementor-inner-section elementor-element elementor-element-1f29ea1 elementor-section-boxed elementor-section-height-default elementor-section-height-default wpr-particle-no wpr-jarallax-no wpr-parallax-no wpr-sticky-section-no\" data-id=\"1f29ea1\" data-element_type=\"section\">\n\t\t\t\t\t\t<div class=\"elementor-container elementor-column-gap-default\">\n\t\t\t\t\t<div class=\"elementor-column elementor-col-50 elementor-inner-column elementor-element elementor-element-401dda3\" data-id=\"401dda3\" data-element_type=\"column\">\n\t\t\t<div class=\"elementor-widget-wrap elementor-element-populated\">\n\t\t\t\t\t\t<div class=\"elementor-element elementor-element-e4d80aa elementor-icon-list--layout-inline elementor-list-item-link-full_width elementor-widget elementor-widget-icon-list\" data-id=\"e4d80aa\" data-element_type=\"widget\" data-widget_type=\"icon-list.default\">\n\t\t\t\t<div class=\"elementor-widget-container\">\n\t\t\t<link rel=\"stylesheet\" href=\"https:\/\/endustriyel.com\/wp-content\/uploads\/elementor\/css\/custom-widget-icon-list.min.css?ver=1730881101\">\t\t<ul class=\"elementor-icon-list-items elementor-inline-items\">\n\t\t\t\t\t\t\t<li class=\"elementor-icon-list-item elementor-inline-item\">\n\t\t\t\t\t\t\t\t\t\t\t<a href=\"https:\/\/endustriyel.com\/fr\/\">\n\n\t\t\t\t\t\t\t\t\t\t\t\t<span class=\"elementor-icon-list-icon\">\n\t\t\t\t\t\t\t<i aria-hidden=\"true\" class=\"icon icon-home1\"><\/i>\t\t\t\t\t\t<\/span>\n\t\t\t\t\t\t\t\t\t\t<span class=\"elementor-icon-list-text\">Page d'accueil<\/span>\n\t\t\t\t\t\t\t\t\t\t\t<\/a>\n\t\t\t\t\t\t\t\t\t<\/li>\n\t\t\t\t\t\t\t\t<li class=\"elementor-icon-list-item elementor-inline-item\">\n\t\t\t\t\t\t\t\t\t\t\t<span class=\"elementor-icon-list-icon\">\n\t\t\t\t\t\t\t<i aria-hidden=\"true\" class=\"icon icon-right-arrow1\"><\/i>\t\t\t\t\t\t<\/span>\n\t\t\t\t\t\t\t\t\t\t<span class=\"elementor-icon-list-text\"><\/span>\n\t\t\t\t\t\t\t\t\t<\/li>\n\t\t\t\t\t\t<\/ul>\n\t\t\t\t<\/div>\n\t\t\t\t<\/div>\n\t\t\t\t\t<\/div>\n\t\t<\/div>\n\t\t\t\t<div class=\"elementor-column elementor-col-50 elementor-inner-column elementor-element elementor-element-100dca0\" data-id=\"100dca0\" data-element_type=\"column\">\n\t\t\t<div class=\"elementor-widget-wrap\">\n\t\t\t\t\t\t\t<\/div>\n\t\t<\/div>\n\t\t\t\t\t<\/div>\n\t\t<\/section>\n\t\t\t\t\t<\/div>\n\t\t<\/div>\n\t\t\t\t\t<\/div>\n\t\t<\/section>\n\t\t<div class=\"elementor-element elementor-element-3a5899c e-flex e-con-boxed wpr-particle-no wpr-jarallax-no wpr-parallax-no wpr-sticky-section-no e-con e-parent\" data-id=\"3a5899c\" data-element_type=\"container\" data-settings=\"{&quot;background_background&quot;:&quot;classic&quot;}\">\n\t\t\t\t\t<div class=\"e-con-inner\">\n\t\t<div class=\"elementor-element elementor-element-c30018a e-con-full e-flex wpr-sticky-section-no e-con e-child\" data-id=\"c30018a\" data-element_type=\"container\" data-settings=\"{&quot;background_background&quot;:&quot;classic&quot;}\">\n\t\t\t\t<div class=\"elementor-element elementor-element-a4aa925 elementor-widget elementor-widget-image\" data-id=\"a4aa925\" data-element_type=\"widget\" data-widget_type=\"image.default\">\n\t\t\t\t<div class=\"elementor-widget-container\">\n\t\t\t<style>\/*! elementor - v3.23.0 - 05-08-2024 *\/\n.elementor-widget-image{text-align:center}.elementor-widget-image a{display:inline-block}.elementor-widget-image a img[src$=\".svg\"]{width:48px}.elementor-widget-image img{vertical-align:middle;display:inline-block}<\/style>\t\t\t\t\t\t\t\t\t\t<img fetchpriority=\"high\" decoding=\"async\" width=\"2000\" height=\"1300\" src=\"https:\/\/endustriyel.com\/wp-content\/uploads\/2024\/04\/Adsiz-tasarim-15-1.jpg\" class=\"attachment-full size-full wp-image-7009\" alt=\"\" srcset=\"https:\/\/endustriyel.com\/wp-content\/uploads\/2024\/04\/Adsiz-tasarim-15-1.jpg 2000w, https:\/\/endustriyel.com\/wp-content\/uploads\/2024\/04\/Adsiz-tasarim-15-1-300x195.jpg 300w, https:\/\/endustriyel.com\/wp-content\/uploads\/2024\/04\/Adsiz-tasarim-15-1-1024x666.jpg 1024w, https:\/\/endustriyel.com\/wp-content\/uploads\/2024\/04\/Adsiz-tasarim-15-1-768x499.jpg 768w, https:\/\/endustriyel.com\/wp-content\/uploads\/2024\/04\/Adsiz-tasarim-15-1-1536x998.jpg 1536w, https:\/\/endustriyel.com\/wp-content\/uploads\/2024\/04\/Adsiz-tasarim-15-1-600x390.jpg 600w\" sizes=\"(max-width: 2000px) 100vw, 2000px\" \/>\t\t\t\t\t\t\t\t\t\t\t\t\t<\/div>\n\t\t\t\t<\/div>\n\t\t\t\t<\/div>\n\t\t<div class=\"elementor-element elementor-element-ae6862a e-flex e-con-boxed wpr-particle-no wpr-jarallax-no wpr-parallax-no wpr-sticky-section-no elementor-invisible e-con e-child\" data-id=\"ae6862a\" data-element_type=\"container\" data-settings=\"{&quot;animation&quot;:&quot;fadeIn&quot;,&quot;background_background&quot;:&quot;classic&quot;}\">\n\t\t\t\t\t<div class=\"e-con-inner\">\n\t\t\t\t<div class=\"elementor-element elementor-element-f137273 elementor-widget elementor-widget-heading\" data-id=\"f137273\" data-element_type=\"widget\" data-widget_type=\"heading.default\">\n\t\t\t\t<div class=\"elementor-widget-container\">\n\t\t\t<style>\/*! elementor - v3.23.0 - 05-08-2024 *\/\n.elementor-heading-title{padding:0;margin:0;line-height:1}.elementor-widget-heading .elementor-heading-title[class*=elementor-size-]>a{color:inherit;font-size:inherit;line-height:inherit}.elementor-widget-heading .elementor-heading-title.elementor-size-small{font-size:15px}.elementor-widget-heading .elementor-heading-title.elementor-size-medium{font-size:19px}.elementor-widget-heading .elementor-heading-title.elementor-size-large{font-size:29px}.elementor-widget-heading .elementor-heading-title.elementor-size-xl{font-size:39px}.elementor-widget-heading .elementor-heading-title.elementor-size-xxl{font-size:59px}<\/style><h2 class=\"elementor-heading-title elementor-size-default\">END\u00dcSTR\u0130YEL ELEKTR\u0130K<\/h2>\t\t<\/div>\n\t\t\t\t<\/div>\n\t\t\t\t<div class=\"elementor-element elementor-element-f5007b5 elementor-widget elementor-widget-heading\" data-id=\"f5007b5\" data-element_type=\"widget\" data-widget_type=\"heading.default\">\n\t\t\t\t<div class=\"elementor-widget-container\">\n\t\t\t<h2 class=\"elementor-heading-title elementor-size-default\">D\u00e9partement de terrain et d'assemblage\n<\/h2>\t\t<\/div>\n\t\t\t\t<\/div>\n\t\t\t\t<div class=\"elementor-element elementor-element-b7fd396 elementor-widget elementor-widget-text-editor\" data-id=\"b7fd396\" data-element_type=\"widget\" data-widget_type=\"text-editor.default\">\n\t\t\t\t<div class=\"elementor-widget-container\">\n\t\t\t<style>\/*! elementor - v3.23.0 - 05-08-2024 *\/\n.elementor-widget-text-editor.elementor-drop-cap-view-stacked .elementor-drop-cap{background-color:#69727d;color:#fff}.elementor-widget-text-editor.elementor-drop-cap-view-framed .elementor-drop-cap{color:#69727d;border:3px solid;background-color:transparent}.elementor-widget-text-editor:not(.elementor-drop-cap-view-default) .elementor-drop-cap{margin-top:8px}.elementor-widget-text-editor:not(.elementor-drop-cap-view-default) .elementor-drop-cap-letter{width:1em;height:1em}.elementor-widget-text-editor .elementor-drop-cap{float:left;text-align:center;line-height:1;font-size:50px}.elementor-widget-text-editor .elementor-drop-cap-letter{display:inline-block}<\/style>\t\t\t\t<p>Apr\u00e8s projection des demandes de nos clients, la fabrication de ces demandes d\u00e9bute dans notre usine et la fabrication est termin\u00e9e \u00e0 la fin de la p\u00e9riode pr\u00e9vue. Une fois la fabrication termin\u00e9e, des contr\u00f4les de qualit\u00e9 sont effectu\u00e9s sur toutes les listes de machines, d&rsquo;\u00e9quipements et d&rsquo;installations qui seront envoy\u00e9es \u00e0 la zone de montage et assembl\u00e9es. Les \u00e9ventuelles carences sont \u00e9limin\u00e9es et les projets sont assur\u00e9s d&rsquo;\u00eatre dans les poches des machines. Les produits sont emball\u00e9s et \u00e9tiquet\u00e9s apr\u00e8s des contr\u00f4les de qualit\u00e9. Le but de l&rsquo;\u00e9tiquetage est de garantir que les produits sont utilis\u00e9s conform\u00e9ment \u00e0 l&rsquo;ordre d&rsquo;assemblage lors de l&rsquo;assemblage sur le terrain. Dans le cas contraire, il s&rsquo;agit d&rsquo;\u00e9viter l&rsquo;absence de produits dans la zone de montage, leur arriv\u00e9e incompl\u00e8te ou une confusion qui emp\u00eacherait le bon d\u00e9roulement de l&rsquo;installation.<\/p>\t\t\t\t\t\t<\/div>\n\t\t\t\t<\/div>\n\t\t\t\t\t<\/div>\n\t\t\t\t<\/div>\n\t\t\t\t\t<\/div>\n\t\t\t\t<\/div>\n\t\t<div class=\"elementor-element elementor-element-5c1281f e-flex e-con-boxed wpr-particle-no wpr-jarallax-no wpr-parallax-no wpr-sticky-section-no e-con e-parent\" data-id=\"5c1281f\" data-element_type=\"container\" data-settings=\"{&quot;background_background&quot;:&quot;classic&quot;}\">\n\t\t\t\t\t<div class=\"e-con-inner\">\n\t\t<div class=\"elementor-element elementor-element-dcf4c83 e-con-full e-flex wpr-sticky-section-no e-con e-child\" data-id=\"dcf4c83\" data-element_type=\"container\" data-settings=\"{&quot;background_background&quot;:&quot;classic&quot;}\">\n\t\t\t\t<div class=\"elementor-element elementor-element-c0f2a23 elementor-widget elementor-widget-heading\" data-id=\"c0f2a23\" data-element_type=\"widget\" data-widget_type=\"heading.default\">\n\t\t\t\t<div class=\"elementor-widget-container\">\n\t\t\t<h2 class=\"elementor-heading-title elementor-size-default\">Plus<\/h2>\t\t<\/div>\n\t\t\t\t<\/div>\n\t\t\t\t<div class=\"elementor-element elementor-element-ee0362e elementor-widget elementor-widget-text-editor\" data-id=\"ee0362e\" data-element_type=\"widget\" data-widget_type=\"text-editor.default\">\n\t\t\t\t<div class=\"elementor-widget-container\">\n\t\t\t\t\t\t\t<p>Les mat\u00e9riaux ainsi pr\u00e9par\u00e9s sont exp\u00e9di\u00e9s sur le site d&rsquo;assemblage. Ensuite, l&rsquo;\u00e9quipe de montage est planifi\u00e9e. Le personnel technique le plus comp\u00e9tent et exp\u00e9riment\u00e9 est affect\u00e9 au travail \u00e0 r\u00e9aliser. La confirmation de l&rsquo;\u00e9tat des qualifications de l&rsquo;infrastructure requises pour l&rsquo;installation est re\u00e7ue de notre client, et s&rsquo;il n&rsquo;y a aucun d\u00e9faut, les travaux d&rsquo;installation commencent. Les listes de machines, d&rsquo;\u00e9quipements et d&rsquo;installations arrivant sur le site de montage sont v\u00e9rifi\u00e9es et v\u00e9rifi\u00e9es pour d\u00e9tecter d&rsquo;\u00e9ventuelles d\u00e9ficiences. Une bonne qualit\u00e9 d\u2019assemblage est l\u2019un des facteurs les plus importants qui affectent directement la dur\u00e9e de vie et les performances du syst\u00e8me. C&rsquo;est pour cette raison que le personnel technique le plus exp\u00e9riment\u00e9 est affect\u00e9 \u00e0 la zone de montage. L&rsquo;assemblage sur le terrain est initi\u00e9 conform\u00e9ment au sch\u00e9ma de flux et d&rsquo;une mani\u00e8re qui prend en compte et r\u00e9pond aux attentes du client. A chaque \u00e9tape, l&rsquo;ensemble est test\u00e9 et l&rsquo;approbation de conformit\u00e9 est obtenue. Tandis que le travail d&rsquo;installation \u00e9tape par \u00e9tape se poursuit, le personnel technique de nos clients est \u00e9galement form\u00e9 \u00e0 ce sujet. Des informations sont donn\u00e9es sur l&rsquo;ouverture et la fermeture du syst\u00e8me, son utilisation, les m\u00e9thodes de travail, le d\u00e9pannage et le d\u00e9pannage, ainsi que l&rsquo;utilisation manuelle. En faisant fonctionner le syst\u00e8me pendant 1 semaine de cette mani\u00e8re, les \u00e9ventuelles non-conformit\u00e9s sont d\u00e9tect\u00e9es et ces d\u00e9ficiences sont \u00e9limin\u00e9es alors que nous sommes encore en phase de projet. S&rsquo;il n&rsquo;y a pas de probl\u00e8me, un rapport est conserv\u00e9 et remis au client accompagn\u00e9 du travail que nous avons effectu\u00e9 et des premi\u00e8res donn\u00e9es obtenues. END\u00dcSTR\u0130YEL pr\u00e9voit de minimiser les pertes d&rsquo;installation sur le terrain gr\u00e2ce \u00e0 une analyse pr\u00e9cise sur le terrain, une planification correcte, l&rsquo;utilisation de produits de haute qualit\u00e9 et un assemblage m\u00e9ticuleux, et ainsi, les attentes de nos clients concernant l&rsquo;installation sont satisfaites sans aucun probl\u00e8me pendant de nombreuses ann\u00e9es.<\/p>\t\t\t\t\t\t<\/div>\n\t\t\t\t<\/div>\n\t\t\t\t<\/div>\n\t\t\t\t\t<\/div>\n\t\t\t\t<\/div>\n\t\t\t\t<\/div>\n\t\t","protected":false},"excerpt":{"rendered":"<p>Page d&rsquo;accueil END\u00dcSTR\u0130YEL ELEKTR\u0130K D\u00e9partement de terrain et d&rsquo;assemblage Apr\u00e8s projection des demandes de nos clients, la fabrication de ces demandes d\u00e9bute dans notre usine et la fabrication est termin\u00e9e \u00e0 la fin de la p\u00e9riode pr\u00e9vue. Une fois la fabrication termin\u00e9e, des contr\u00f4les de qualit\u00e9 sont effectu\u00e9s sur toutes les listes de machines, d&rsquo;\u00e9quipements et d&rsquo;installations qui seront envoy\u00e9es \u00e0 la zone de montage et assembl\u00e9es. Les \u00e9ventuelles carences sont \u00e9limin\u00e9es et les projets sont assur\u00e9s d&rsquo;\u00eatre dans les poches des machines. Les produits sont emball\u00e9s et \u00e9tiquet\u00e9s apr\u00e8s des contr\u00f4les de qualit\u00e9. Le but de l&rsquo;\u00e9tiquetage est de garantir que les produits sont utilis\u00e9s conform\u00e9ment \u00e0 l&rsquo;ordre d&rsquo;assemblage lors de l&rsquo;assemblage sur le terrain. Dans le cas contraire, il s&rsquo;agit d&rsquo;\u00e9viter l&rsquo;absence de produits dans la zone de montage, leur arriv\u00e9e incompl\u00e8te ou une confusion qui emp\u00eacherait le bon d\u00e9roulement de l&rsquo;installation. Plus Les mat\u00e9riaux ainsi pr\u00e9par\u00e9s sont exp\u00e9di\u00e9s sur le site d&rsquo;assemblage. Ensuite, l&rsquo;\u00e9quipe de montage est planifi\u00e9e. Le personnel technique le plus comp\u00e9tent et exp\u00e9riment\u00e9 est affect\u00e9 au travail \u00e0 r\u00e9aliser. La confirmation de l&rsquo;\u00e9tat des qualifications de l&rsquo;infrastructure requises pour l&rsquo;installation est re\u00e7ue de notre client, et s&rsquo;il n&rsquo;y a aucun d\u00e9faut, les travaux d&rsquo;installation commencent. Les listes de machines, d&rsquo;\u00e9quipements et d&rsquo;installations arrivant sur le site de montage sont v\u00e9rifi\u00e9es et v\u00e9rifi\u00e9es pour d\u00e9tecter d&rsquo;\u00e9ventuelles d\u00e9ficiences. Une bonne qualit\u00e9 d\u2019assemblage est l\u2019un des facteurs les plus importants qui affectent directement la dur\u00e9e de vie et les performances du syst\u00e8me. C&rsquo;est pour cette raison que le personnel technique le plus exp\u00e9riment\u00e9 est affect\u00e9 \u00e0 la zone de montage. L&rsquo;assemblage sur le terrain est initi\u00e9 conform\u00e9ment au sch\u00e9ma de flux et d&rsquo;une mani\u00e8re qui prend en compte et r\u00e9pond aux attentes du client. A chaque \u00e9tape, l&rsquo;ensemble est test\u00e9 et l&rsquo;approbation de conformit\u00e9 est obtenue. Tandis que le travail d&rsquo;installation \u00e9tape par \u00e9tape se poursuit, le personnel technique de nos clients est \u00e9galement form\u00e9 \u00e0 ce sujet. Des informations sont donn\u00e9es sur l&rsquo;ouverture et la fermeture du syst\u00e8me, son utilisation, les m\u00e9thodes de travail, le d\u00e9pannage et le d\u00e9pannage, ainsi que l&rsquo;utilisation manuelle. En faisant fonctionner le syst\u00e8me pendant 1 semaine de cette mani\u00e8re, les \u00e9ventuelles non-conformit\u00e9s sont d\u00e9tect\u00e9es et ces d\u00e9ficiences sont \u00e9limin\u00e9es alors que nous sommes encore en phase de projet. S&rsquo;il n&rsquo;y a pas de probl\u00e8me, un rapport est conserv\u00e9 et remis au client accompagn\u00e9 du travail que nous avons effectu\u00e9 et des premi\u00e8res donn\u00e9es obtenues. END\u00dcSTR\u0130YEL pr\u00e9voit de minimiser les pertes d&rsquo;installation sur le terrain gr\u00e2ce \u00e0 une analyse pr\u00e9cise sur le terrain, une planification correcte, l&rsquo;utilisation de produits de haute qualit\u00e9 et un assemblage m\u00e9ticuleux, et ainsi, les attentes de nos clients concernant l&rsquo;installation sont satisfaites sans aucun probl\u00e8me pendant de nombreuses ann\u00e9es.<\/p>\n","protected":false},"author":1,"featured_media":0,"parent":0,"menu_order":0,"comment_status":"closed","ping_status":"closed","template":"","meta":{"_acf_changed":false,"site-sidebar-layout":"no-sidebar","site-content-layout":"page-builder","ast-site-content-layout":"full-width-container","site-content-style":"default","site-sidebar-style":"default","ast-global-header-display":"","ast-banner-title-visibility":"","ast-main-header-display":"","ast-hfb-above-header-display":"","ast-hfb-below-header-display":"","ast-hfb-mobile-header-display":"","site-post-title":"disabled","ast-breadcrumbs-content":"","ast-featured-img":"disabled","footer-sml-layout":"","theme-transparent-header-meta":"default","adv-header-id-meta":"","stick-header-meta":"","header-above-stick-meta":"","header-main-stick-meta":"","header-below-stick-meta":"","astra-migrate-meta-layouts":"set","ast-page-background-enabled":"default","ast-page-background-meta":{"desktop":{"background-color":"var(--ast-global-color-4)","background-image":"","background-repeat":"repeat","background-position":"center center","background-size":"auto","background-attachment":"scroll","background-type":"","background-media":"","overlay-type":"","overlay-color":"","overlay-opacity":"","overlay-gradient":""},"tablet":{"background-color":"","background-image":"","background-repeat":"repeat","background-position":"center center","background-size":"auto","background-attachment":"scroll","background-type":"","background-media":"","overlay-type":"","overlay-color":"","overlay-opacity":"","overlay-gradient":""},"mobile":{"background-color":"","background-image":"","background-repeat":"repeat","background-position":"center center","background-size":"auto","background-attachment":"scroll","background-type":"","background-media":"","overlay-type":"","overlay-color":"","overlay-opacity":"","overlay-gradient":""}},"ast-content-background-meta":{"desktop":{"background-color":"var(--ast-global-color-5)","background-image":"","background-repeat":"repeat","background-position":"center center","background-size":"auto","background-attachment":"scroll","background-type":"","background-media":"","overlay-type":"","overlay-color":"","overlay-opacity":"","overlay-gradient":""},"tablet":{"background-color":"var(--ast-global-color-5)","background-image":"","background-repeat":"repeat","background-position":"center center","background-size":"auto","background-attachment":"scroll","background-type":"","background-media":"","overlay-type":"","overlay-color":"","overlay-opacity":"","overlay-gradient":""},"mobile":{"background-color":"var(--ast-global-color-5)","background-image":"","background-repeat":"repeat","background-position":"center center","background-size":"auto","background-attachment":"scroll","background-type":"","background-media":"","overlay-type":"","overlay-color":"","overlay-opacity":"","overlay-gradient":""}},"footnotes":""},"class_list":["post-9724","page","type-page","status-publish","hentry"],"acf":[],"_links":{"self":[{"href":"https:\/\/endustriyel.com\/fr\/wp-json\/wp\/v2\/pages\/9724","targetHints":{"allow":["GET"]}}],"collection":[{"href":"https:\/\/endustriyel.com\/fr\/wp-json\/wp\/v2\/pages"}],"about":[{"href":"https:\/\/endustriyel.com\/fr\/wp-json\/wp\/v2\/types\/page"}],"author":[{"embeddable":true,"href":"https:\/\/endustriyel.com\/fr\/wp-json\/wp\/v2\/users\/1"}],"replies":[{"embeddable":true,"href":"https:\/\/endustriyel.com\/fr\/wp-json\/wp\/v2\/comments?post=9724"}],"version-history":[{"count":0,"href":"https:\/\/endustriyel.com\/fr\/wp-json\/wp\/v2\/pages\/9724\/revisions"}],"wp:attachment":[{"href":"https:\/\/endustriyel.com\/fr\/wp-json\/wp\/v2\/media?parent=9724"}],"curies":[{"name":"wp","href":"https:\/\/api.w.org\/{rel}","templated":true}]}}