{"id":9652,"date":"2024-04-25T10:36:05","date_gmt":"2024-04-25T07:36:05","guid":{"rendered":"https:\/\/endustriyel.com\/mekanik-departmani\/"},"modified":"2024-05-16T18:12:01","modified_gmt":"2024-05-16T15:12:01","slug":"departement-mecanique","status":"publish","type":"page","link":"https:\/\/endustriyel.com\/fr\/departement-mecanique\/","title":{"rendered":"D\u00e9partement M\u00e9canique"},"content":{"rendered":"\t\t<div data-elementor-type=\"wp-page\" data-elementor-id=\"9652\" class=\"elementor elementor-9652 elementor-5550\" data-elementor-post-type=\"page\">\n\t\t\t\t\t\t<section class=\"elementor-section elementor-top-section elementor-element elementor-element-8586979 elementor-section-full_width elementor-section-stretched elementor-section-height-default elementor-section-height-default wpr-particle-no wpr-jarallax-no wpr-parallax-no wpr-sticky-section-no\" data-id=\"8586979\" data-element_type=\"section\" data-settings=\"{&quot;stretch_section&quot;:&quot;section-stretched&quot;,&quot;background_background&quot;:&quot;classic&quot;,&quot;shape_divider_bottom&quot;:&quot;opacity-tilt&quot;}\">\n\t\t\t\t\t\t\t<div class=\"elementor-background-overlay\"><\/div>\n\t\t\t\t\t\t<div class=\"elementor-shape elementor-shape-bottom\" data-negative=\"false\">\n\t\t\t<svg xmlns=\"http:\/\/www.w3.org\/2000\/svg\" viewBox=\"0 0 2600 131.1\" preserveAspectRatio=\"none\">\n\t<path class=\"elementor-shape-fill\" d=\"M0 0L2600 0 2600 69.1 0 0z\"\/>\n\t<path class=\"elementor-shape-fill\" style=\"opacity:0.5\" d=\"M0 0L2600 0 2600 69.1 0 69.1z\"\/>\n\t<path class=\"elementor-shape-fill\" style=\"opacity:0.25\" d=\"M2600 0L0 0 0 130.1 2600 69.1z\"\/>\n<\/svg>\t\t<\/div>\n\t\t\t\t\t<div class=\"elementor-container elementor-column-gap-no\">\n\t\t\t\t\t<div class=\"elementor-column elementor-col-100 elementor-top-column elementor-element elementor-element-296991e\" data-id=\"296991e\" data-element_type=\"column\">\n\t\t\t<div class=\"elementor-widget-wrap elementor-element-populated\">\n\t\t\t\t\t\t<section class=\"elementor-section elementor-inner-section elementor-element elementor-element-1614eb7 elementor-section-boxed elementor-section-height-default elementor-section-height-default wpr-particle-no wpr-jarallax-no wpr-parallax-no wpr-sticky-section-no\" data-id=\"1614eb7\" data-element_type=\"section\">\n\t\t\t\t\t\t<div class=\"elementor-container elementor-column-gap-default\">\n\t\t\t\t\t<div class=\"elementor-column elementor-col-50 elementor-inner-column elementor-element elementor-element-1794565\" data-id=\"1794565\" data-element_type=\"column\">\n\t\t\t<div class=\"elementor-widget-wrap elementor-element-populated\">\n\t\t\t\t\t\t<div class=\"elementor-element elementor-element-87354a6 elementor-icon-list--layout-inline elementor-list-item-link-full_width elementor-widget elementor-widget-icon-list\" data-id=\"87354a6\" data-element_type=\"widget\" data-widget_type=\"icon-list.default\">\n\t\t\t\t<div class=\"elementor-widget-container\">\n\t\t\t<link rel=\"stylesheet\" href=\"https:\/\/endustriyel.com\/wp-content\/uploads\/elementor\/css\/custom-widget-icon-list.min.css?ver=1730881101\">\t\t<ul class=\"elementor-icon-list-items elementor-inline-items\">\n\t\t\t\t\t\t\t<li class=\"elementor-icon-list-item elementor-inline-item\">\n\t\t\t\t\t\t\t\t\t\t\t<a href=\"https:\/\/endustriyel.com\/fr\/\">\n\n\t\t\t\t\t\t\t\t\t\t\t\t<span class=\"elementor-icon-list-icon\">\n\t\t\t\t\t\t\t<i aria-hidden=\"true\" class=\"icon icon-home1\"><\/i>\t\t\t\t\t\t<\/span>\n\t\t\t\t\t\t\t\t\t\t<span class=\"elementor-icon-list-text\">Page d'accueil<\/span>\n\t\t\t\t\t\t\t\t\t\t\t<\/a>\n\t\t\t\t\t\t\t\t\t<\/li>\n\t\t\t\t\t\t\t\t<li class=\"elementor-icon-list-item elementor-inline-item\">\n\t\t\t\t\t\t\t\t\t\t\t<span class=\"elementor-icon-list-icon\">\n\t\t\t\t\t\t\t<i aria-hidden=\"true\" class=\"icon icon-right-arrow1\"><\/i>\t\t\t\t\t\t<\/span>\n\t\t\t\t\t\t\t\t\t\t<span class=\"elementor-icon-list-text\"><\/span>\n\t\t\t\t\t\t\t\t\t<\/li>\n\t\t\t\t\t\t<\/ul>\n\t\t\t\t<\/div>\n\t\t\t\t<\/div>\n\t\t\t\t\t<\/div>\n\t\t<\/div>\n\t\t\t\t<div class=\"elementor-column elementor-col-50 elementor-inner-column elementor-element elementor-element-0c3ae65\" data-id=\"0c3ae65\" data-element_type=\"column\">\n\t\t\t<div class=\"elementor-widget-wrap\">\n\t\t\t\t\t\t\t<\/div>\n\t\t<\/div>\n\t\t\t\t\t<\/div>\n\t\t<\/section>\n\t\t\t\t\t<\/div>\n\t\t<\/div>\n\t\t\t\t\t<\/div>\n\t\t<\/section>\n\t\t<div class=\"elementor-element elementor-element-fa35488 e-flex e-con-boxed wpr-particle-no wpr-jarallax-no wpr-parallax-no wpr-sticky-section-no e-con e-parent\" data-id=\"fa35488\" data-element_type=\"container\" data-settings=\"{&quot;background_background&quot;:&quot;classic&quot;}\">\n\t\t\t\t\t<div class=\"e-con-inner\">\n\t\t<div class=\"elementor-element elementor-element-94e4232 e-con-full e-flex wpr-sticky-section-no e-con e-child\" data-id=\"94e4232\" data-element_type=\"container\" data-settings=\"{&quot;background_background&quot;:&quot;classic&quot;}\">\n\t\t\t\t<div class=\"elementor-element elementor-element-cacc710 elementor-widget elementor-widget-image\" data-id=\"cacc710\" data-element_type=\"widget\" data-widget_type=\"image.default\">\n\t\t\t\t<div class=\"elementor-widget-container\">\n\t\t\t<style>\/*! elementor - v3.23.0 - 05-08-2024 *\/\n.elementor-widget-image{text-align:center}.elementor-widget-image a{display:inline-block}.elementor-widget-image a img[src$=\".svg\"]{width:48px}.elementor-widget-image img{vertical-align:middle;display:inline-block}<\/style>\t\t\t\t\t\t\t\t\t\t<img fetchpriority=\"high\" decoding=\"async\" width=\"1024\" height=\"879\" src=\"https:\/\/endustriyel.com\/wp-content\/uploads\/2024\/04\/mekanik-son-guncelleme-1024x879.png\" class=\"attachment-large size-large wp-image-5939\" alt=\"\" srcset=\"https:\/\/endustriyel.com\/wp-content\/uploads\/2024\/04\/mekanik-son-guncelleme-1024x879.png 1024w, https:\/\/endustriyel.com\/wp-content\/uploads\/2024\/04\/mekanik-son-guncelleme-300x258.png 300w, https:\/\/endustriyel.com\/wp-content\/uploads\/2024\/04\/mekanik-son-guncelleme-768x659.png 768w, https:\/\/endustriyel.com\/wp-content\/uploads\/2024\/04\/mekanik-son-guncelleme-1536x1319.png 1536w, https:\/\/endustriyel.com\/wp-content\/uploads\/2024\/04\/mekanik-son-guncelleme-600x515.png 600w, https:\/\/endustriyel.com\/wp-content\/uploads\/2024\/04\/mekanik-son-guncelleme.png 2000w\" sizes=\"(max-width: 1024px) 100vw, 1024px\" \/>\t\t\t\t\t\t\t\t\t\t\t\t\t<\/div>\n\t\t\t\t<\/div>\n\t\t\t\t<\/div>\n\t\t<div class=\"elementor-element elementor-element-a1d5bf5 e-flex e-con-boxed wpr-particle-no wpr-jarallax-no wpr-parallax-no wpr-sticky-section-no elementor-invisible e-con e-child\" data-id=\"a1d5bf5\" data-element_type=\"container\" data-settings=\"{&quot;animation&quot;:&quot;fadeIn&quot;,&quot;background_background&quot;:&quot;classic&quot;}\">\n\t\t\t\t\t<div class=\"e-con-inner\">\n\t\t\t\t<div class=\"elementor-element elementor-element-0bb0fc6 elementor-widget elementor-widget-heading\" data-id=\"0bb0fc6\" data-element_type=\"widget\" data-widget_type=\"heading.default\">\n\t\t\t\t<div class=\"elementor-widget-container\">\n\t\t\t<style>\/*! elementor - v3.23.0 - 05-08-2024 *\/\n.elementor-heading-title{padding:0;margin:0;line-height:1}.elementor-widget-heading .elementor-heading-title[class*=elementor-size-]>a{color:inherit;font-size:inherit;line-height:inherit}.elementor-widget-heading .elementor-heading-title.elementor-size-small{font-size:15px}.elementor-widget-heading .elementor-heading-title.elementor-size-medium{font-size:19px}.elementor-widget-heading .elementor-heading-title.elementor-size-large{font-size:29px}.elementor-widget-heading .elementor-heading-title.elementor-size-xl{font-size:39px}.elementor-widget-heading .elementor-heading-title.elementor-size-xxl{font-size:59px}<\/style><h2 class=\"elementor-heading-title elementor-size-default\">END\u00dcSTR\u0130YEL ELEKTR\u0130K<\/h2>\t\t<\/div>\n\t\t\t\t<\/div>\n\t\t\t\t<div class=\"elementor-element elementor-element-5d3e8fe elementor-widget elementor-widget-heading\" data-id=\"5d3e8fe\" data-element_type=\"widget\" data-widget_type=\"heading.default\">\n\t\t\t\t<div class=\"elementor-widget-container\">\n\t\t\t<h2 class=\"elementor-heading-title elementor-size-default\">D\u00e9partement M\u00e9canique<\/h2>\t\t<\/div>\n\t\t\t\t<\/div>\n\t\t\t\t<div class=\"elementor-element elementor-element-7e492c5 elementor-widget elementor-widget-text-editor\" data-id=\"7e492c5\" data-element_type=\"widget\" data-widget_type=\"text-editor.default\">\n\t\t\t\t<div class=\"elementor-widget-container\">\n\t\t\t<style>\/*! elementor - v3.23.0 - 05-08-2024 *\/\n.elementor-widget-text-editor.elementor-drop-cap-view-stacked .elementor-drop-cap{background-color:#69727d;color:#fff}.elementor-widget-text-editor.elementor-drop-cap-view-framed .elementor-drop-cap{color:#69727d;border:3px solid;background-color:transparent}.elementor-widget-text-editor:not(.elementor-drop-cap-view-default) .elementor-drop-cap{margin-top:8px}.elementor-widget-text-editor:not(.elementor-drop-cap-view-default) .elementor-drop-cap-letter{width:1em;height:1em}.elementor-widget-text-editor .elementor-drop-cap{float:left;text-align:center;line-height:1;font-size:50px}.elementor-widget-text-editor .elementor-drop-cap-letter{display:inline-block}<\/style>\t\t\t\t<p>END\u00dcSTR\u0130YEL r\u00e9alise la production de machines et de pi\u00e8ces m\u00e9caniques d\u00e9velopp\u00e9es selon les demandes de nos clients dans ses propres installations. En ce sens, elle n\u2019a jamais compromis sur sa qualit\u00e9 et a toujours r\u00e9ussi \u00e0 la maintenir au plus haut niveau. Elle a toujours fait en sorte que ses clients se sentent en s\u00e9curit\u00e9 gr\u00e2ce \u00e0 son approche standard et fiable de la production, de sa gestion de la qualit\u00e9, de son approche du service et de sa rapidit\u00e9 dans la fourniture de pi\u00e8ces de rechange&#8230;<\/p>\t\t\t\t\t\t<\/div>\n\t\t\t\t<\/div>\n\t\t\t\t\t<\/div>\n\t\t\t\t<\/div>\n\t\t\t\t\t<\/div>\n\t\t\t\t<\/div>\n\t\t<div class=\"elementor-element elementor-element-bdedf5e e-flex e-con-boxed wpr-particle-no wpr-jarallax-no wpr-parallax-no wpr-sticky-section-no e-con e-parent\" data-id=\"bdedf5e\" data-element_type=\"container\">\n\t\t\t\t\t<div class=\"e-con-inner\">\n\t\t<div class=\"elementor-element elementor-element-3e54536 e-flex e-con-boxed wpr-particle-no wpr-jarallax-no wpr-parallax-no wpr-sticky-section-no e-con e-child\" data-id=\"3e54536\" data-element_type=\"container\">\n\t\t\t\t\t<div class=\"e-con-inner\">\n\t\t\t\t<div class=\"elementor-element elementor-element-175fa72 elementor-widget elementor-widget-heading\" data-id=\"175fa72\" data-element_type=\"widget\" data-widget_type=\"heading.default\">\n\t\t\t\t<div class=\"elementor-widget-container\">\n\t\t\t<h2 class=\"elementor-heading-title elementor-size-default\">Plus...<\/h2>\t\t<\/div>\n\t\t\t\t<\/div>\n\t\t<div class=\"elementor-element elementor-element-ed313b8 e-flex e-con-boxed wpr-particle-no wpr-jarallax-no wpr-parallax-no wpr-sticky-section-no e-con e-child\" data-id=\"ed313b8\" data-element_type=\"container\">\n\t\t\t\t\t<div class=\"e-con-inner\">\n\t\t<div class=\"elementor-element elementor-element-b9e2368 e-flex e-con-boxed wpr-particle-no wpr-jarallax-no wpr-parallax-no wpr-sticky-section-no e-con e-child\" data-id=\"b9e2368\" data-element_type=\"container\">\n\t\t\t\t\t<div class=\"e-con-inner\">\n\t\t\t\t<div class=\"elementor-element elementor-element-bd7dbfd elementor-widget elementor-widget-text-editor\" data-id=\"bd7dbfd\" data-element_type=\"widget\" data-widget_type=\"text-editor.default\">\n\t\t\t\t<div class=\"elementor-widget-container\">\n\t\t\t\t\t\t\t<p>Des normes \u00e9lev\u00e9es d\u00e9terminent notre qualit\u00e9 dans la production des pi\u00e8ces m\u00e9caniques de nos produits, \u00e0 savoir les balances d&rsquo;efficacit\u00e9, les balances de d\u00e9bit, les balances de recuit, les balances d&#8217;emballage, les machines d&#8217;emballage automatiques, les tableaux \u00e9lectriques, et rien n&rsquo;est laiss\u00e9 au hasard en mati\u00e8re de qualit\u00e9, de fiabilit\u00e9, d&rsquo;\u00e9conomie. , la s\u00e9curit\u00e9 au travail et les effets sur l&rsquo;environnement. Avec un personnel expert en contr\u00f4le qualit\u00e9, chaque \u00e9tape de la production m\u00e9canique est constamment soumise \u00e0 des contr\u00f4les de qualit\u00e9, tandis que toutes les pi\u00e8ces sont soumises \u00e0 une grande vari\u00e9t\u00e9 de tests et d&rsquo;inspections. Dans notre d\u00e9partement m\u00e9canique, la fabrication est r\u00e9alis\u00e9e au niveau des normes ISO 9001, CE, GHOST, TSE et essais de type, tandis que la production est r\u00e9alis\u00e9e en tenant compte des conditions de s\u00e9curit\u00e9 au travail, tant l\u00e9gales que des crit\u00e8res OHSAS 18001 OHS. Un soin maximum est apport\u00e9 \u00e0 l&rsquo;environnement dans notre production et nos effets n\u00e9gatifs sur l&rsquo;environnement sont \u00e9limin\u00e9s gr\u00e2ce \u00e0 la norme ISO 14001 EMS.<\/p><p>INDUSTRIE attache une grande importance \u00e0 la qualit\u00e9 de fabrication, notamment dans notre fabrication m\u00e9canique. Surtout dans la fabrication soud\u00e9e, le personnel de soudage poss\u00e8de des comp\u00e9tences internationales et notre personnel de soudage est certifi\u00e9 par les organismes d&rsquo;accr\u00e9ditation allemands. De plus, dans la fabrication soud\u00e9e, les tests WPS et PQR sont effectu\u00e9s en continu et un soudage parfait est recherch\u00e9 gr\u00e2ce au syst\u00e8me d&rsquo;assurance qualit\u00e9 du soudage ISO 3834. END\u00dcSTR\u0130YEL n&rsquo;est pas satisfait des certifications actuelles et poursuit ses efforts pour produire selon les normes ISO\/TS 16949.<\/p><p>En INDUSTRIE, la production m\u00e9canique s&rsquo;effectue sur une superficie d&rsquo;environ 3 000 m\u00b2. Au sein de cette zone de production\u00a0;<br \/>\u2022 1 machine de d\u00e9coupe laser CNC Reis<br \/>\u2022 1 machine de d\u00e9coupe laser CNC Bystronic<br \/>\u2022 1 cintrage de cylindre CNC Durmazlar (peut plier jusqu&rsquo;\u00e0 25 mm)<\/p><p>\u2022 2 robots de soudage ABB<br \/>\u2022 1 poin\u00e7onneuse CNC MVD<br \/>\u2022 1 cisaille guillotine CNC MVD<br \/>\u2022 1 cintreuse plieuse CNC MVD<br \/>\u2022 1 unit\u00e9 de peinture humide<br \/>\u2022 1 unit\u00e9 de poudrage<\/p><p>Ce parc machine est constamment d\u00e9velopp\u00e9 avec de nouveaux investissements selon les besoins.<\/p>\t\t\t\t\t\t<\/div>\n\t\t\t\t<\/div>\n\t\t\t\t\t<\/div>\n\t\t\t\t<\/div>\n\t\t\t\t\t<\/div>\n\t\t\t\t<\/div>\n\t\t\t\t\t<\/div>\n\t\t\t\t<\/div>\n\t\t\t\t\t<\/div>\n\t\t\t\t<\/div>\n\t\t\t\t<\/div>\n\t\t","protected":false},"excerpt":{"rendered":"<p>Page d&rsquo;accueil END\u00dcSTR\u0130YEL ELEKTR\u0130K D\u00e9partement M\u00e9canique END\u00dcSTR\u0130YEL r\u00e9alise la production de machines et de pi\u00e8ces m\u00e9caniques d\u00e9velopp\u00e9es selon les demandes de nos clients dans ses propres installations. En ce sens, elle n\u2019a jamais compromis sur sa qualit\u00e9 et a toujours r\u00e9ussi \u00e0 la maintenir au plus haut niveau. Elle a toujours fait en sorte que ses clients se sentent en s\u00e9curit\u00e9 gr\u00e2ce \u00e0 son approche standard et fiable de la production, de sa gestion de la qualit\u00e9, de son approche du service et de sa rapidit\u00e9 dans la fourniture de pi\u00e8ces de rechange&#8230; Plus&#8230; Des normes \u00e9lev\u00e9es d\u00e9terminent notre qualit\u00e9 dans la production des pi\u00e8ces m\u00e9caniques de nos produits, \u00e0 savoir les balances d&rsquo;efficacit\u00e9, les balances de d\u00e9bit, les balances de recuit, les balances d&#8217;emballage, les machines d&#8217;emballage automatiques, les tableaux \u00e9lectriques, et rien n&rsquo;est laiss\u00e9 au hasard en mati\u00e8re de qualit\u00e9, de fiabilit\u00e9, d&rsquo;\u00e9conomie. , la s\u00e9curit\u00e9 au travail et les effets sur l&rsquo;environnement. Avec un personnel expert en contr\u00f4le qualit\u00e9, chaque \u00e9tape de la production m\u00e9canique est constamment soumise \u00e0 des contr\u00f4les de qualit\u00e9, tandis que toutes les pi\u00e8ces sont soumises \u00e0 une grande vari\u00e9t\u00e9 de tests et d&rsquo;inspections. Dans notre d\u00e9partement m\u00e9canique, la fabrication est r\u00e9alis\u00e9e au niveau des normes ISO 9001, CE, GHOST, TSE et essais de type, tandis que la production est r\u00e9alis\u00e9e en tenant compte des conditions de s\u00e9curit\u00e9 au travail, tant l\u00e9gales que des crit\u00e8res OHSAS 18001 OHS. Un soin maximum est apport\u00e9 \u00e0 l&rsquo;environnement dans notre production et nos effets n\u00e9gatifs sur l&rsquo;environnement sont \u00e9limin\u00e9s gr\u00e2ce \u00e0 la norme ISO 14001 EMS. INDUSTRIE attache une grande importance \u00e0 la qualit\u00e9 de fabrication, notamment dans notre fabrication m\u00e9canique. Surtout dans la fabrication soud\u00e9e, le personnel de soudage poss\u00e8de des comp\u00e9tences internationales et notre personnel de soudage est certifi\u00e9 par les organismes d&rsquo;accr\u00e9ditation allemands. De plus, dans la fabrication soud\u00e9e, les tests WPS et PQR sont effectu\u00e9s en continu et un soudage parfait est recherch\u00e9 gr\u00e2ce au syst\u00e8me d&rsquo;assurance qualit\u00e9 du soudage ISO 3834. END\u00dcSTR\u0130YEL n&rsquo;est pas satisfait des certifications actuelles et poursuit ses efforts pour produire selon les normes ISO\/TS 16949. En INDUSTRIE, la production m\u00e9canique s&rsquo;effectue sur une superficie d&rsquo;environ 3 000 m\u00b2. Au sein de cette zone de production\u00a0;\u2022 1 machine de d\u00e9coupe laser CNC Reis\u2022 1 machine de d\u00e9coupe laser CNC Bystronic\u2022 1 cintrage de cylindre CNC Durmazlar (peut plier jusqu&rsquo;\u00e0 25 mm) \u2022 2 robots de soudage ABB\u2022 1 poin\u00e7onneuse CNC MVD\u2022 1 cisaille guillotine CNC MVD\u2022 1 cintreuse plieuse CNC MVD\u2022 1 unit\u00e9 de peinture humide\u2022 1 unit\u00e9 de poudrage Ce parc machine est constamment d\u00e9velopp\u00e9 avec de nouveaux investissements selon les besoins.<\/p>\n","protected":false},"author":1,"featured_media":0,"parent":0,"menu_order":0,"comment_status":"closed","ping_status":"closed","template":"","meta":{"_acf_changed":false,"site-sidebar-layout":"no-sidebar","site-content-layout":"page-builder","ast-site-content-layout":"full-width-container","site-content-style":"default","site-sidebar-style":"default","ast-global-header-display":"","ast-banner-title-visibility":"","ast-main-header-display":"","ast-hfb-above-header-display":"","ast-hfb-below-header-display":"","ast-hfb-mobile-header-display":"","site-post-title":"disabled","ast-breadcrumbs-content":"","ast-featured-img":"disabled","footer-sml-layout":"","theme-transparent-header-meta":"default","adv-header-id-meta":"","stick-header-meta":"","header-above-stick-meta":"","header-main-stick-meta":"","header-below-stick-meta":"","astra-migrate-meta-layouts":"set","ast-page-background-enabled":"default","ast-page-background-meta":{"desktop":{"background-color":"var(--ast-global-color-4)","background-image":"","background-repeat":"repeat","background-position":"center center","background-size":"auto","background-attachment":"scroll","background-type":"","background-media":"","overlay-type":"","overlay-color":"","overlay-opacity":"","overlay-gradient":""},"tablet":{"background-color":"","background-image":"","background-repeat":"repeat","background-position":"center center","background-size":"auto","background-attachment":"scroll","background-type":"","background-media":"","overlay-type":"","overlay-color":"","overlay-opacity":"","overlay-gradient":""},"mobile":{"background-color":"","background-image":"","background-repeat":"repeat","background-position":"center center","background-size":"auto","background-attachment":"scroll","background-type":"","background-media":"","overlay-type":"","overlay-color":"","overlay-opacity":"","overlay-gradient":""}},"ast-content-background-meta":{"desktop":{"background-color":"var(--ast-global-color-5)","background-image":"","background-repeat":"repeat","background-position":"center center","background-size":"auto","background-attachment":"scroll","background-type":"","background-media":"","overlay-type":"","overlay-color":"","overlay-opacity":"","overlay-gradient":""},"tablet":{"background-color":"var(--ast-global-color-5)","background-image":"","background-repeat":"repeat","background-position":"center center","background-size":"auto","background-attachment":"scroll","background-type":"","background-media":"","overlay-type":"","overlay-color":"","overlay-opacity":"","overlay-gradient":""},"mobile":{"background-color":"var(--ast-global-color-5)","background-image":"","background-repeat":"repeat","background-position":"center center","background-size":"auto","background-attachment":"scroll","background-type":"","background-media":"","overlay-type":"","overlay-color":"","overlay-opacity":"","overlay-gradient":""}},"footnotes":""},"class_list":["post-9652","page","type-page","status-publish","hentry"],"acf":[],"_links":{"self":[{"href":"https:\/\/endustriyel.com\/fr\/wp-json\/wp\/v2\/pages\/9652","targetHints":{"allow":["GET"]}}],"collection":[{"href":"https:\/\/endustriyel.com\/fr\/wp-json\/wp\/v2\/pages"}],"about":[{"href":"https:\/\/endustriyel.com\/fr\/wp-json\/wp\/v2\/types\/page"}],"author":[{"embeddable":true,"href":"https:\/\/endustriyel.com\/fr\/wp-json\/wp\/v2\/users\/1"}],"replies":[{"embeddable":true,"href":"https:\/\/endustriyel.com\/fr\/wp-json\/wp\/v2\/comments?post=9652"}],"version-history":[{"count":0,"href":"https:\/\/endustriyel.com\/fr\/wp-json\/wp\/v2\/pages\/9652\/revisions"}],"wp:attachment":[{"href":"https:\/\/endustriyel.com\/fr\/wp-json\/wp\/v2\/media?parent=9652"}],"curies":[{"name":"wp","href":"https:\/\/api.w.org\/{rel}","templated":true}]}}