{"id":8582,"date":"2024-03-23T16:17:48","date_gmt":"2024-03-23T13:17:48","guid":{"rendered":"https:\/\/endustriyel.com\/urunlerimiz\/"},"modified":"2024-06-13T20:06:07","modified_gmt":"2024-06-13T17:06:07","slug":"nos-produits","status":"publish","type":"page","link":"https:\/\/endustriyel.com\/fr\/nos-produits\/","title":{"rendered":"Nos Produits"},"content":{"rendered":"\t\t<div data-elementor-type=\"wp-page\" data-elementor-id=\"8582\" class=\"elementor elementor-8582 elementor-1604\" data-elementor-post-type=\"page\">\n\t\t\t\t\t\t<section class=\"elementor-section elementor-top-section elementor-element elementor-element-ea61cfb elementor-section-full_width elementor-section-stretched elementor-section-height-default elementor-section-height-default wpr-particle-no wpr-jarallax-no wpr-parallax-no wpr-sticky-section-no\" data-id=\"ea61cfb\" data-element_type=\"section\" data-settings=\"{&quot;stretch_section&quot;:&quot;section-stretched&quot;,&quot;background_background&quot;:&quot;classic&quot;,&quot;shape_divider_bottom&quot;:&quot;opacity-tilt&quot;}\">\n\t\t\t\t\t\t\t<div class=\"elementor-background-overlay\"><\/div>\n\t\t\t\t\t\t<div class=\"elementor-shape elementor-shape-bottom\" data-negative=\"false\">\n\t\t\t<svg xmlns=\"http:\/\/www.w3.org\/2000\/svg\" viewBox=\"0 0 2600 131.1\" preserveAspectRatio=\"none\">\n\t<path class=\"elementor-shape-fill\" d=\"M0 0L2600 0 2600 69.1 0 0z\"\/>\n\t<path class=\"elementor-shape-fill\" style=\"opacity:0.5\" d=\"M0 0L2600 0 2600 69.1 0 69.1z\"\/>\n\t<path class=\"elementor-shape-fill\" style=\"opacity:0.25\" d=\"M2600 0L0 0 0 130.1 2600 69.1z\"\/>\n<\/svg>\t\t<\/div>\n\t\t\t\t\t<div class=\"elementor-container elementor-column-gap-no\">\n\t\t\t\t\t<div class=\"elementor-column elementor-col-100 elementor-top-column elementor-element elementor-element-fa9193c\" data-id=\"fa9193c\" data-element_type=\"column\">\n\t\t\t<div class=\"elementor-widget-wrap elementor-element-populated\">\n\t\t\t\t\t\t<section class=\"elementor-section elementor-inner-section elementor-element elementor-element-f72c51c elementor-section-boxed elementor-section-height-default elementor-section-height-default wpr-particle-no wpr-jarallax-no wpr-parallax-no wpr-sticky-section-no\" data-id=\"f72c51c\" data-element_type=\"section\">\n\t\t\t\t\t\t<div class=\"elementor-container elementor-column-gap-default\">\n\t\t\t\t\t<div class=\"elementor-column elementor-col-50 elementor-inner-column elementor-element elementor-element-e35f79d\" data-id=\"e35f79d\" data-element_type=\"column\">\n\t\t\t<div class=\"elementor-widget-wrap elementor-element-populated\">\n\t\t\t\t\t\t<div class=\"elementor-element elementor-element-5f37007 elementor-icon-list--layout-inline elementor-list-item-link-full_width elementor-widget elementor-widget-icon-list\" data-id=\"5f37007\" data-element_type=\"widget\" data-widget_type=\"icon-list.default\">\n\t\t\t\t<div class=\"elementor-widget-container\">\n\t\t\t<link rel=\"stylesheet\" href=\"https:\/\/endustriyel.com\/wp-content\/uploads\/elementor\/css\/custom-widget-icon-list.min.css?ver=1730881101\">\t\t<ul class=\"elementor-icon-list-items elementor-inline-items\">\n\t\t\t\t\t\t\t<li class=\"elementor-icon-list-item elementor-inline-item\">\n\t\t\t\t\t\t\t\t\t\t\t<a href=\"https:\/\/endustriyel.com\/fr\/\">\n\n\t\t\t\t\t\t\t\t\t\t\t\t<span class=\"elementor-icon-list-icon\">\n\t\t\t\t\t\t\t<i aria-hidden=\"true\" class=\"icon icon-home1\"><\/i>\t\t\t\t\t\t<\/span>\n\t\t\t\t\t\t\t\t\t\t<span class=\"elementor-icon-list-text\">Page d'accueil<\/span>\n\t\t\t\t\t\t\t\t\t\t\t<\/a>\n\t\t\t\t\t\t\t\t\t<\/li>\n\t\t\t\t\t\t\t\t<li class=\"elementor-icon-list-item elementor-inline-item\">\n\t\t\t\t\t\t\t\t\t\t\t<span class=\"elementor-icon-list-icon\">\n\t\t\t\t\t\t\t<i aria-hidden=\"true\" class=\"icon icon-right-arrow1\"><\/i>\t\t\t\t\t\t<\/span>\n\t\t\t\t\t\t\t\t\t\t<span class=\"elementor-icon-list-text\"><\/span>\n\t\t\t\t\t\t\t\t\t<\/li>\n\t\t\t\t\t\t<\/ul>\n\t\t\t\t<\/div>\n\t\t\t\t<\/div>\n\t\t\t\t\t<\/div>\n\t\t<\/div>\n\t\t\t\t<div class=\"elementor-column elementor-col-50 elementor-inner-column elementor-element elementor-element-d8e95c0\" data-id=\"d8e95c0\" data-element_type=\"column\">\n\t\t\t<div class=\"elementor-widget-wrap\">\n\t\t\t\t\t\t\t<\/div>\n\t\t<\/div>\n\t\t\t\t\t<\/div>\n\t\t<\/section>\n\t\t\t\t\t<\/div>\n\t\t<\/div>\n\t\t\t\t\t<\/div>\n\t\t<\/section>\n\t\t<div class=\"elementor-element elementor-element-ec72d48 e-flex e-con-boxed wpr-particle-no wpr-jarallax-no wpr-parallax-no wpr-sticky-section-no e-con e-parent\" data-id=\"ec72d48\" data-element_type=\"container\">\n\t\t\t\t\t<div class=\"e-con-inner\">\n\t\t\t\t<div class=\"elementor-element elementor-element-95162fe elementor-grid-3 elementor-product-loop-item--align-center elementor-grid-tablet-3 elementor-grid-mobile-2 elementor-products-grid elementor-wc-products elementor-widget elementor-widget-wc-categories\" data-id=\"95162fe\" data-element_type=\"widget\" data-widget_type=\"wc-categories.default\">\n\t\t\t\t<div class=\"elementor-widget-container\">\n\t\t\t<link rel=\"stylesheet\" href=\"https:\/\/endustriyel.com\/wp-content\/plugins\/pro-elements\/assets\/css\/widget-woocommerce.min.css?ver=1724927326\"><div class=\"woocommerce columns-3\"><ul class=\"products elementor-grid columns-3\">\n<li class=\"product-category product first\">\n\t<a aria-label=\"Acc\u00e9der \u00e0 la cat\u00e9gorie de produits Syst\u00e8mes de tri automatique\" href=\"https:\/\/endustriyel.com\/fr\/cat\u00e9gorie-de-produit\/systemes-de-tri-automatique\/\"><img fetchpriority=\"high\" decoding=\"async\" src=\"https:\/\/endustriyel.com\/wp-content\/uploads\/2024\/07\/img-1-1-300x300.png\" alt=\"Syst\u00e8mes de tri automatique\" width=\"300\" height=\"300\" srcset=\"https:\/\/endustriyel.com\/wp-content\/uploads\/2024\/07\/img-1-1-300x300.png 300w, https:\/\/endustriyel.com\/wp-content\/uploads\/2024\/07\/img-1-1-150x150.png 150w, https:\/\/endustriyel.com\/wp-content\/uploads\/2024\/07\/img-1-1-100x100.png 100w\" sizes=\"(max-width: 300px) 100vw, 300px\" \/>\t\t<h2 class=\"woocommerce-loop-category__title\">\n\t\t\tSyst\u00e8mes de tri automatique<mark class=\"count\">1 produit<\/mark>\t\t<\/h2>\n\t\t<\/a><\/li>\n<li class=\"product-category product\">\n\t<a aria-label=\"Acc\u00e9der \u00e0 la cat\u00e9gorie de produits Syst\u00e8mes d&#039;emballage automatis\u00e9s\" href=\"https:\/\/endustriyel.com\/fr\/cat\u00e9gorie-de-produit\/systemes-demballage-automatises\/\"><img decoding=\"async\" src=\"https:\/\/endustriyel.com\/wp-content\/uploads\/2024\/03\/2-Tartim-6-I\u0307stasyon-Karoser-Un-Paketleme-Makinesi-10-25-50-Kg--300x300.png\" alt=\"Syst\u00e8mes d&#039;emballage automatis\u00e9s\" width=\"300\" height=\"300\" srcset=\"https:\/\/endustriyel.com\/wp-content\/uploads\/2024\/03\/2-Tartim-6-I\u0307stasyon-Karoser-Un-Paketleme-Makinesi-10-25-50-Kg--300x300.png 300w, https:\/\/endustriyel.com\/wp-content\/uploads\/2024\/03\/2-Tartim-6-I\u0307stasyon-Karoser-Un-Paketleme-Makinesi-10-25-50-Kg--1024x1024.png 1024w, https:\/\/endustriyel.com\/wp-content\/uploads\/2024\/03\/2-Tartim-6-I\u0307stasyon-Karoser-Un-Paketleme-Makinesi-10-25-50-Kg--150x150.png 150w, https:\/\/endustriyel.com\/wp-content\/uploads\/2024\/03\/2-Tartim-6-I\u0307stasyon-Karoser-Un-Paketleme-Makinesi-10-25-50-Kg--768x768.png 768w, https:\/\/endustriyel.com\/wp-content\/uploads\/2024\/03\/2-Tartim-6-I\u0307stasyon-Karoser-Un-Paketleme-Makinesi-10-25-50-Kg--1536x1536.png 1536w, https:\/\/endustriyel.com\/wp-content\/uploads\/2024\/03\/2-Tartim-6-I\u0307stasyon-Karoser-Un-Paketleme-Makinesi-10-25-50-Kg--2048x2048.png 2048w, https:\/\/endustriyel.com\/wp-content\/uploads\/2024\/03\/2-Tartim-6-I\u0307stasyon-Karoser-Un-Paketleme-Makinesi-10-25-50-Kg--600x600.png 600w, https:\/\/endustriyel.com\/wp-content\/uploads\/2024\/03\/2-Tartim-6-I\u0307stasyon-Karoser-Un-Paketleme-Makinesi-10-25-50-Kg--100x100.png 100w\" sizes=\"(max-width: 300px) 100vw, 300px\" \/>\t\t<h2 class=\"woocommerce-loop-category__title\">\n\t\t\tSyst\u00e8mes d&#039;emballage automatis\u00e9s<mark class=\"count\">24 produits<\/mark>\t\t<\/h2>\n\t\t<\/a><\/li>\n<li class=\"product-category product last\">\n\t<a aria-label=\"Acc\u00e9der \u00e0 la cat\u00e9gorie de produits Produits \u00e9lectroniques\" href=\"https:\/\/endustriyel.com\/fr\/cat\u00e9gorie-de-produit\/produits-electroniques\/\"><img decoding=\"async\" src=\"https:\/\/endustriyel.com\/wp-content\/uploads\/2024\/04\/plc-rolelu-ouput-modulu-300x300.jpg\" alt=\"Produits \u00e9lectroniques\" width=\"300\" height=\"300\" srcset=\"https:\/\/endustriyel.com\/wp-content\/uploads\/2024\/04\/plc-rolelu-ouput-modulu-300x300.jpg 300w, https:\/\/endustriyel.com\/wp-content\/uploads\/2024\/04\/plc-rolelu-ouput-modulu-150x150.jpg 150w, https:\/\/endustriyel.com\/wp-content\/uploads\/2024\/04\/plc-rolelu-ouput-modulu-100x100.jpg 100w\" sizes=\"(max-width: 300px) 100vw, 300px\" \/>\t\t<h2 class=\"woocommerce-loop-category__title\">\n\t\t\tProduits \u00e9lectroniques<mark class=\"count\">38 produits<\/mark>\t\t<\/h2>\n\t\t<\/a><\/li>\n<li class=\"product-category product first\">\n\t<a aria-label=\"Acc\u00e9der \u00e0 la cat\u00e9gorie de produits Syst\u00e8mes de palettisation automatique\" href=\"https:\/\/endustriyel.com\/fr\/cat\u00e9gorie-de-produit\/systemes-de-palettisation-automatique-fr\/\"><img loading=\"lazy\" decoding=\"async\" src=\"https:\/\/endustriyel.com\/wp-content\/uploads\/2024\/07\/img-2-1-1-300x300.png\" alt=\"Syst\u00e8mes de palettisation automatique\" width=\"300\" height=\"300\" srcset=\"https:\/\/endustriyel.com\/wp-content\/uploads\/2024\/07\/img-2-1-1-300x300.png 300w, https:\/\/endustriyel.com\/wp-content\/uploads\/2024\/07\/img-2-1-1-150x150.png 150w, https:\/\/endustriyel.com\/wp-content\/uploads\/2024\/07\/img-2-1-1-100x100.png 100w\" sizes=\"(max-width: 300px) 100vw, 300px\" \/>\t\t<h2 class=\"woocommerce-loop-category__title\">\n\t\t\tSyst\u00e8mes de palettisation automatique<mark class=\"count\">2 produits<\/mark>\t\t<\/h2>\n\t\t<\/a><\/li>\n<li class=\"product-category product\">\n\t<a aria-label=\"Acc\u00e9der \u00e0 la cat\u00e9gorie de produits Applications d&#039;automatisation\" href=\"https:\/\/endustriyel.com\/fr\/cat\u00e9gorie-de-produit\/applications-dautomatisation\/\"><img loading=\"lazy\" decoding=\"async\" src=\"https:\/\/endustriyel.com\/wp-content\/uploads\/2024\/08\/YEM_Otomosyan-kopya-300x300.png\" alt=\"Applications d&#039;automatisation\" width=\"300\" height=\"300\" srcset=\"https:\/\/endustriyel.com\/wp-content\/uploads\/2024\/08\/YEM_Otomosyan-kopya-300x300.png 300w, https:\/\/endustriyel.com\/wp-content\/uploads\/2024\/08\/YEM_Otomosyan-kopya-150x150.png 150w, https:\/\/endustriyel.com\/wp-content\/uploads\/2024\/08\/YEM_Otomosyan-kopya-100x100.png 100w\" sizes=\"(max-width: 300px) 100vw, 300px\" \/>\t\t<h2 class=\"woocommerce-loop-category__title\">\n\t\t\tApplications d&#039;automatisation<mark class=\"count\">5 produits<\/mark>\t\t<\/h2>\n\t\t<\/a><\/li>\n<li class=\"product-category product last\">\n\t<a aria-label=\"Acc\u00e9der \u00e0 la cat\u00e9gorie de produits Syst\u00e8mes de contr\u00f4le et de distribution \u00e9lectriques\" href=\"https:\/\/endustriyel.com\/fr\/cat\u00e9gorie-de-produit\/systemes-de-controle-et-de-distribution-electriques\/\"><img loading=\"lazy\" decoding=\"async\" src=\"https:\/\/endustriyel.com\/wp-content\/uploads\/2024\/03\/PFC-Kompanzasyon-Panolari-Ic-Kapakli-1-2-300x300.png\" alt=\"Syst\u00e8mes de contr\u00f4le et de distribution \u00e9lectriques\" width=\"300\" height=\"300\" srcset=\"https:\/\/endustriyel.com\/wp-content\/uploads\/2024\/03\/PFC-Kompanzasyon-Panolari-Ic-Kapakli-1-2-300x300.png 300w, https:\/\/endustriyel.com\/wp-content\/uploads\/2024\/03\/PFC-Kompanzasyon-Panolari-Ic-Kapakli-1-2-1024x1024.png 1024w, https:\/\/endustriyel.com\/wp-content\/uploads\/2024\/03\/PFC-Kompanzasyon-Panolari-Ic-Kapakli-1-2-150x150.png 150w, https:\/\/endustriyel.com\/wp-content\/uploads\/2024\/03\/PFC-Kompanzasyon-Panolari-Ic-Kapakli-1-2-768x768.png 768w, https:\/\/endustriyel.com\/wp-content\/uploads\/2024\/03\/PFC-Kompanzasyon-Panolari-Ic-Kapakli-1-2-1536x1536.png 1536w, https:\/\/endustriyel.com\/wp-content\/uploads\/2024\/03\/PFC-Kompanzasyon-Panolari-Ic-Kapakli-1-2-600x600.png 600w, https:\/\/endustriyel.com\/wp-content\/uploads\/2024\/03\/PFC-Kompanzasyon-Panolari-Ic-Kapakli-1-2-100x100.png 100w, https:\/\/endustriyel.com\/wp-content\/uploads\/2024\/03\/PFC-Kompanzasyon-Panolari-Ic-Kapakli-1-2.png 2000w\" sizes=\"(max-width: 300px) 100vw, 300px\" \/>\t\t<h2 class=\"woocommerce-loop-category__title\">\n\t\t\tSyst\u00e8mes de contr\u00f4le et de distribution \u00e9lectriques<mark class=\"count\">9 produits<\/mark>\t\t<\/h2>\n\t\t<\/a><\/li>\n<li class=\"product-category product first\">\n\t<a aria-label=\"Acc\u00e9der \u00e0 la cat\u00e9gorie de produits Syst\u00e8mes de recuit automatique\" href=\"https:\/\/endustriyel.com\/fr\/cat\u00e9gorie-de-produit\/systemes-de-recuit-automatique\/\"><img loading=\"lazy\" decoding=\"async\" src=\"https:\/\/endustriyel.com\/wp-content\/uploads\/2024\/03\/yeni_tavlama-7016-kopya-300x300.png\" alt=\"Syst\u00e8mes de recuit automatique\" width=\"300\" height=\"300\" srcset=\"https:\/\/endustriyel.com\/wp-content\/uploads\/2024\/03\/yeni_tavlama-7016-kopya-300x300.png 300w, https:\/\/endustriyel.com\/wp-content\/uploads\/2024\/03\/yeni_tavlama-7016-kopya-150x150.png 150w, https:\/\/endustriyel.com\/wp-content\/uploads\/2024\/03\/yeni_tavlama-7016-kopya-100x100.png 100w\" sizes=\"(max-width: 300px) 100vw, 300px\" \/>\t\t<h2 class=\"woocommerce-loop-category__title\">\n\t\t\tSyst\u00e8mes de recuit automatique<mark class=\"count\">8 produits<\/mark>\t\t<\/h2>\n\t\t<\/a><\/li>\n<li class=\"product-category product\">\n\t<a aria-label=\"Acc\u00e9der \u00e0 la cat\u00e9gorie de produits Syst\u00e8mes de m\u00e9lange automatiques\" href=\"https:\/\/endustriyel.com\/fr\/cat\u00e9gorie-de-produit\/systemes-de-melange-automatiques\/\"><img loading=\"lazy\" decoding=\"async\" src=\"https:\/\/endustriyel.com\/wp-content\/uploads\/2024\/03\/urun2-300x300.jpg\" alt=\"Syst\u00e8mes de m\u00e9lange automatiques\" width=\"300\" height=\"300\" srcset=\"https:\/\/endustriyel.com\/wp-content\/uploads\/2024\/03\/urun2-300x300.jpg 300w, https:\/\/endustriyel.com\/wp-content\/uploads\/2024\/03\/urun2-1024x1024.jpg 1024w, https:\/\/endustriyel.com\/wp-content\/uploads\/2024\/03\/urun2-150x150.jpg 150w, https:\/\/endustriyel.com\/wp-content\/uploads\/2024\/03\/urun2-768x768.jpg 768w, https:\/\/endustriyel.com\/wp-content\/uploads\/2024\/03\/urun2-600x600.jpg 600w, https:\/\/endustriyel.com\/wp-content\/uploads\/2024\/03\/urun2-100x100.jpg 100w, https:\/\/endustriyel.com\/wp-content\/uploads\/2024\/03\/urun2.jpg 1080w\" sizes=\"(max-width: 300px) 100vw, 300px\" \/>\t\t<h2 class=\"woocommerce-loop-category__title\">\n\t\t\tSyst\u00e8mes de m\u00e9lange automatiques<mark class=\"count\">2 produits<\/mark>\t\t<\/h2>\n\t\t<\/a><\/li>\n<li class=\"product-category product last\">\n\t<a aria-label=\"Acc\u00e9der \u00e0 la cat\u00e9gorie de produits \u00c9chelles d&#039;efficacit\u00e9\" href=\"https:\/\/endustriyel.com\/fr\/cat\u00e9gorie-de-produit\/randiman-kantarlari-fr\/\"><img loading=\"lazy\" decoding=\"async\" src=\"https:\/\/endustriyel.com\/wp-content\/uploads\/2024\/03\/Mu\u0308stakil-PLC-Kontrollu\u0308-Randiman-Kantarlari-30-60-100-250-Lt.--300x300.png\" alt=\"\u00c9chelles d&#039;efficacit\u00e9\" width=\"300\" height=\"300\" srcset=\"https:\/\/endustriyel.com\/wp-content\/uploads\/2024\/03\/Mu\u0308stakil-PLC-Kontrollu\u0308-Randiman-Kantarlari-30-60-100-250-Lt.--300x300.png 300w, https:\/\/endustriyel.com\/wp-content\/uploads\/2024\/03\/Mu\u0308stakil-PLC-Kontrollu\u0308-Randiman-Kantarlari-30-60-100-250-Lt.--1024x1024.png 1024w, https:\/\/endustriyel.com\/wp-content\/uploads\/2024\/03\/Mu\u0308stakil-PLC-Kontrollu\u0308-Randiman-Kantarlari-30-60-100-250-Lt.--150x150.png 150w, https:\/\/endustriyel.com\/wp-content\/uploads\/2024\/03\/Mu\u0308stakil-PLC-Kontrollu\u0308-Randiman-Kantarlari-30-60-100-250-Lt.--768x768.png 768w, https:\/\/endustriyel.com\/wp-content\/uploads\/2024\/03\/Mu\u0308stakil-PLC-Kontrollu\u0308-Randiman-Kantarlari-30-60-100-250-Lt.--1536x1536.png 1536w, https:\/\/endustriyel.com\/wp-content\/uploads\/2024\/03\/Mu\u0308stakil-PLC-Kontrollu\u0308-Randiman-Kantarlari-30-60-100-250-Lt.--2048x2048.png 2048w, https:\/\/endustriyel.com\/wp-content\/uploads\/2024\/03\/Mu\u0308stakil-PLC-Kontrollu\u0308-Randiman-Kantarlari-30-60-100-250-Lt.--600x600.png 600w, https:\/\/endustriyel.com\/wp-content\/uploads\/2024\/03\/Mu\u0308stakil-PLC-Kontrollu\u0308-Randiman-Kantarlari-30-60-100-250-Lt.--100x100.png 100w\" sizes=\"(max-width: 300px) 100vw, 300px\" \/>\t\t<h2 class=\"woocommerce-loop-category__title\">\n\t\t\t\u00c9chelles d&#039;efficacit\u00e9<mark class=\"count\">7 produits<\/mark>\t\t<\/h2>\n\t\t<\/a><\/li>\n<\/ul>\n<\/div>\t\t<\/div>\n\t\t\t\t<\/div>\n\t\t\t\t\t<\/div>\n\t\t\t\t<\/div>\n\t\t\t\t<\/div>\n\t\t","protected":false},"excerpt":{"rendered":"<p>Page d&rsquo;accueil<\/p>\n","protected":false},"author":1,"featured_media":0,"parent":0,"menu_order":0,"comment_status":"closed","ping_status":"closed","template":"","meta":{"_acf_changed":false,"site-sidebar-layout":"no-sidebar","site-content-layout":"page-builder","ast-site-content-layout":"full-width-container","site-content-style":"default","site-sidebar-style":"default","ast-global-header-display":"","ast-banner-title-visibility":"","ast-main-header-display":"","ast-hfb-above-header-display":"","ast-hfb-below-header-display":"","ast-hfb-mobile-header-display":"","site-post-title":"disabled","ast-breadcrumbs-content":"","ast-featured-img":"disabled","footer-sml-layout":"","theme-transparent-header-meta":"default","adv-header-id-meta":"","stick-header-meta":"","header-above-stick-meta":"","header-main-stick-meta":"","header-below-stick-meta":"","astra-migrate-meta-layouts":"set","ast-page-background-enabled":"default","ast-page-background-meta":{"desktop":{"background-color":"var(--ast-global-color-4)","background-image":"","background-repeat":"repeat","background-position":"center center","background-size":"auto","background-attachment":"scroll","background-type":"","background-media":"","overlay-type":"","overlay-color":"","overlay-opacity":"","overlay-gradient":""},"tablet":{"background-color":"","background-image":"","background-repeat":"repeat","background-position":"center center","background-size":"auto","background-attachment":"scroll","background-type":"","background-media":"","overlay-type":"","overlay-color":"","overlay-opacity":"","overlay-gradient":""},"mobile":{"background-color":"","background-image":"","background-repeat":"repeat","background-position":"center center","background-size":"auto","background-attachment":"scroll","background-type":"","background-media":"","overlay-type":"","overlay-color":"","overlay-opacity":"","overlay-gradient":""}},"ast-content-background-meta":{"desktop":{"background-color":"var(--ast-global-color-5)","background-image":"","background-repeat":"repeat","background-position":"center center","background-size":"auto","background-attachment":"scroll","background-type":"","background-media":"","overlay-type":"","overlay-color":"","overlay-opacity":"","overlay-gradient":""},"tablet":{"background-color":"var(--ast-global-color-5)","background-image":"","background-repeat":"repeat","background-position":"center center","background-size":"auto","background-attachment":"scroll","background-type":"","background-media":"","overlay-type":"","overlay-color":"","overlay-opacity":"","overlay-gradient":""},"mobile":{"background-color":"var(--ast-global-color-5)","background-image":"","background-repeat":"repeat","background-position":"center center","background-size":"auto","background-attachment":"scroll","background-type":"","background-media":"","overlay-type":"","overlay-color":"","overlay-opacity":"","overlay-gradient":""}},"footnotes":""},"class_list":["post-8582","page","type-page","status-publish","hentry"],"acf":[],"_links":{"self":[{"href":"https:\/\/endustriyel.com\/fr\/wp-json\/wp\/v2\/pages\/8582","targetHints":{"allow":["GET"]}}],"collection":[{"href":"https:\/\/endustriyel.com\/fr\/wp-json\/wp\/v2\/pages"}],"about":[{"href":"https:\/\/endustriyel.com\/fr\/wp-json\/wp\/v2\/types\/page"}],"author":[{"embeddable":true,"href":"https:\/\/endustriyel.com\/fr\/wp-json\/wp\/v2\/users\/1"}],"replies":[{"embeddable":true,"href":"https:\/\/endustriyel.com\/fr\/wp-json\/wp\/v2\/comments?post=8582"}],"version-history":[{"count":0,"href":"https:\/\/endustriyel.com\/fr\/wp-json\/wp\/v2\/pages\/8582\/revisions"}],"wp:attachment":[{"href":"https:\/\/endustriyel.com\/fr\/wp-json\/wp\/v2\/media?parent=8582"}],"curies":[{"name":"wp","href":"https:\/\/api.w.org\/{rel}","templated":true}]}}