{"id":11479,"date":"2024-05-23T14:43:31","date_gmt":"2024-05-23T11:43:31","guid":{"rendered":"https:\/\/endustriyel.com\/randiman-indikatoru-nasil-kalibrasyon-edilir-ee-w1-02\/"},"modified":"2024-05-26T23:12:27","modified_gmt":"2024-05-26T20:12:27","slug":"comment-calibrer-lindicateur-de-rendement-ee-w1-02","status":"publish","type":"page","link":"https:\/\/endustriyel.com\/fr\/comment-calibrer-lindicateur-de-rendement-ee-w1-02\/","title":{"rendered":"Comment calibrer l&rsquo;indicateur de rendement ? EE-W1-02"},"content":{"rendered":"\t\t<div data-elementor-type=\"wp-page\" data-elementor-id=\"11479\" class=\"elementor elementor-11479 elementor-11259\" data-elementor-post-type=\"page\">\n\t\t\t\t\t\t<section class=\"elementor-section elementor-top-section elementor-element elementor-element-d8067d3 elementor-section-full_width elementor-section-stretched elementor-section-height-default elementor-section-height-default wpr-particle-no wpr-jarallax-no wpr-parallax-no wpr-sticky-section-no\" data-id=\"d8067d3\" data-element_type=\"section\" data-settings=\"{&quot;stretch_section&quot;:&quot;section-stretched&quot;,&quot;background_background&quot;:&quot;classic&quot;,&quot;shape_divider_bottom&quot;:&quot;opacity-tilt&quot;}\">\n\t\t\t\t\t\t\t<div class=\"elementor-background-overlay\"><\/div>\n\t\t\t\t\t\t<div class=\"elementor-shape elementor-shape-bottom\" data-negative=\"false\">\n\t\t\t<svg xmlns=\"http:\/\/www.w3.org\/2000\/svg\" viewBox=\"0 0 2600 131.1\" preserveAspectRatio=\"none\">\n\t<path class=\"elementor-shape-fill\" d=\"M0 0L2600 0 2600 69.1 0 0z\"\/>\n\t<path class=\"elementor-shape-fill\" style=\"opacity:0.5\" d=\"M0 0L2600 0 2600 69.1 0 69.1z\"\/>\n\t<path class=\"elementor-shape-fill\" style=\"opacity:0.25\" d=\"M2600 0L0 0 0 130.1 2600 69.1z\"\/>\n<\/svg>\t\t<\/div>\n\t\t\t\t\t<div class=\"elementor-container elementor-column-gap-no\">\n\t\t\t\t\t<div class=\"elementor-column elementor-col-100 elementor-top-column elementor-element elementor-element-94082a7\" data-id=\"94082a7\" data-element_type=\"column\">\n\t\t\t<div class=\"elementor-widget-wrap elementor-element-populated\">\n\t\t\t\t\t\t<section class=\"elementor-section elementor-inner-section elementor-element elementor-element-c555011 elementor-section-boxed elementor-section-height-default elementor-section-height-default wpr-particle-no wpr-jarallax-no wpr-parallax-no wpr-sticky-section-no\" data-id=\"c555011\" data-element_type=\"section\">\n\t\t\t\t\t\t<div class=\"elementor-container elementor-column-gap-default\">\n\t\t\t\t\t<div class=\"elementor-column elementor-col-50 elementor-inner-column elementor-element elementor-element-6c042a7\" data-id=\"6c042a7\" data-element_type=\"column\">\n\t\t\t<div class=\"elementor-widget-wrap elementor-element-populated\">\n\t\t\t\t\t\t<div class=\"elementor-element elementor-element-6fd4158 elementor-icon-list--layout-inline elementor-list-item-link-full_width elementor-widget elementor-widget-icon-list\" data-id=\"6fd4158\" data-element_type=\"widget\" data-widget_type=\"icon-list.default\">\n\t\t\t\t<div class=\"elementor-widget-container\">\n\t\t\t<link rel=\"stylesheet\" href=\"https:\/\/endustriyel.com\/wp-content\/uploads\/elementor\/css\/custom-widget-icon-list.min.css?ver=1730881101\">\t\t<ul class=\"elementor-icon-list-items elementor-inline-items\">\n\t\t\t\t\t\t\t<li class=\"elementor-icon-list-item elementor-inline-item\">\n\t\t\t\t\t\t\t\t\t\t\t<a href=\"https:\/\/endustriyel.com\/fr\/\">\n\n\t\t\t\t\t\t\t\t\t\t\t\t<span class=\"elementor-icon-list-icon\">\n\t\t\t\t\t\t\t<i aria-hidden=\"true\" class=\"icon icon-home1\"><\/i>\t\t\t\t\t\t<\/span>\n\t\t\t\t\t\t\t\t\t\t<span class=\"elementor-icon-list-text\">Page d'accueil<\/span>\n\t\t\t\t\t\t\t\t\t\t\t<\/a>\n\t\t\t\t\t\t\t\t\t<\/li>\n\t\t\t\t\t\t\t\t<li class=\"elementor-icon-list-item elementor-inline-item\">\n\t\t\t\t\t\t\t\t\t\t\t<span class=\"elementor-icon-list-icon\">\n\t\t\t\t\t\t\t<i aria-hidden=\"true\" class=\"icon icon-right-arrow1\"><\/i>\t\t\t\t\t\t<\/span>\n\t\t\t\t\t\t\t\t\t\t<span class=\"elementor-icon-list-text\"><\/span>\n\t\t\t\t\t\t\t\t\t<\/li>\n\t\t\t\t\t\t<\/ul>\n\t\t\t\t<\/div>\n\t\t\t\t<\/div>\n\t\t\t\t\t<\/div>\n\t\t<\/div>\n\t\t\t\t<div class=\"elementor-column elementor-col-50 elementor-inner-column elementor-element elementor-element-39647e7\" data-id=\"39647e7\" data-element_type=\"column\">\n\t\t\t<div class=\"elementor-widget-wrap\">\n\t\t\t\t\t\t\t<\/div>\n\t\t<\/div>\n\t\t\t\t\t<\/div>\n\t\t<\/section>\n\t\t\t\t\t<\/div>\n\t\t<\/div>\n\t\t\t\t\t<\/div>\n\t\t<\/section>\n\t\t<div class=\"elementor-element elementor-element-f4cb8a1 e-flex e-con-boxed wpr-particle-no wpr-jarallax-no wpr-parallax-no wpr-sticky-section-no e-con e-parent\" data-id=\"f4cb8a1\" data-element_type=\"container\">\n\t\t\t\t\t<div class=\"e-con-inner\">\n\t\t<div class=\"elementor-element elementor-element-9efb38a e-con-full e-flex wpr-particle-no wpr-jarallax-no wpr-parallax-no wpr-sticky-section-no e-con e-child\" data-id=\"9efb38a\" data-element_type=\"container\">\n\t\t\t\t<div class=\"elementor-element elementor-element-d61aa17 elementor-widget elementor-widget-image\" data-id=\"d61aa17\" data-element_type=\"widget\" data-widget_type=\"image.default\">\n\t\t\t\t<div class=\"elementor-widget-container\">\n\t\t\t<style>\/*! elementor - v3.23.0 - 05-08-2024 *\/\n.elementor-widget-image{text-align:center}.elementor-widget-image a{display:inline-block}.elementor-widget-image a img[src$=\".svg\"]{width:48px}.elementor-widget-image img{vertical-align:middle;display:inline-block}<\/style>\t\t\t\t\t\t\t\t\t\t<img fetchpriority=\"high\" decoding=\"async\" width=\"950\" height=\"750\" src=\"https:\/\/endustriyel.com\/wp-content\/uploads\/2024\/04\/randiman.png\" class=\"attachment-full size-full wp-image-4501\" alt=\"\" srcset=\"https:\/\/endustriyel.com\/wp-content\/uploads\/2024\/04\/randiman.png 950w, https:\/\/endustriyel.com\/wp-content\/uploads\/2024\/04\/randiman-300x237.png 300w, https:\/\/endustriyel.com\/wp-content\/uploads\/2024\/04\/randiman-768x606.png 768w, https:\/\/endustriyel.com\/wp-content\/uploads\/2024\/04\/randiman-600x474.png 600w\" sizes=\"(max-width: 950px) 100vw, 950px\" \/>\t\t\t\t\t\t\t\t\t\t\t\t\t<\/div>\n\t\t\t\t<\/div>\n\t\t\t\t<\/div>\n\t\t<div class=\"elementor-element elementor-element-7a42e06 e-con-full e-flex wpr-particle-no wpr-jarallax-no wpr-parallax-no wpr-sticky-section-no e-con e-child\" data-id=\"7a42e06\" data-element_type=\"container\">\n\t\t\t\t<div class=\"elementor-element elementor-element-4a767bc elementor-widget elementor-widget-heading\" data-id=\"4a767bc\" data-element_type=\"widget\" data-widget_type=\"heading.default\">\n\t\t\t\t<div class=\"elementor-widget-container\">\n\t\t\t<style>\/*! elementor - v3.23.0 - 05-08-2024 *\/\n.elementor-heading-title{padding:0;margin:0;line-height:1}.elementor-widget-heading .elementor-heading-title[class*=elementor-size-]>a{color:inherit;font-size:inherit;line-height:inherit}.elementor-widget-heading .elementor-heading-title.elementor-size-small{font-size:15px}.elementor-widget-heading .elementor-heading-title.elementor-size-medium{font-size:19px}.elementor-widget-heading .elementor-heading-title.elementor-size-large{font-size:29px}.elementor-widget-heading .elementor-heading-title.elementor-size-xl{font-size:39px}.elementor-widget-heading .elementor-heading-title.elementor-size-xxl{font-size:59px}<\/style><h2 class=\"elementor-heading-title elementor-size-default\">Questions fr\u00e9quemment pos\u00e9es\n<\/h2>\t\t<\/div>\n\t\t\t\t<\/div>\n\t\t\t\t<div class=\"elementor-element elementor-element-eb4cd5b elementor-widget elementor-widget-theme-post-title elementor-page-title elementor-widget-heading\" data-id=\"eb4cd5b\" data-element_type=\"widget\" data-widget_type=\"theme-post-title.default\">\n\t\t\t\t<div class=\"elementor-widget-container\">\n\t\t\t<h1 class=\"elementor-heading-title elementor-size-default\">Comment calibrer l&rsquo;indicateur de rendement ? EE-W1-02<\/h1>\t\t<\/div>\n\t\t\t\t<\/div>\n\t\t\t\t<\/div>\n\t\t\t\t\t<\/div>\n\t\t\t\t<\/div>\n\t\t<div class=\"elementor-element elementor-element-6fc5719 e-flex e-con-boxed wpr-particle-no wpr-jarallax-no wpr-parallax-no wpr-sticky-section-no e-con e-parent\" data-id=\"6fc5719\" data-element_type=\"container\">\n\t\t\t\t\t<div class=\"e-con-inner\">\n\t\t\t\t<div class=\"elementor-element elementor-element-1e70567 elementor-widget elementor-widget-text-editor\" data-id=\"1e70567\" data-element_type=\"widget\" data-widget_type=\"text-editor.default\">\n\t\t\t\t<div class=\"elementor-widget-container\">\n\t\t\t<style>\/*! elementor - v3.23.0 - 05-08-2024 *\/\n.elementor-widget-text-editor.elementor-drop-cap-view-stacked .elementor-drop-cap{background-color:#69727d;color:#fff}.elementor-widget-text-editor.elementor-drop-cap-view-framed .elementor-drop-cap{color:#69727d;border:3px solid;background-color:transparent}.elementor-widget-text-editor:not(.elementor-drop-cap-view-default) .elementor-drop-cap{margin-top:8px}.elementor-widget-text-editor:not(.elementor-drop-cap-view-default) .elementor-drop-cap-letter{width:1em;height:1em}.elementor-widget-text-editor .elementor-drop-cap{float:left;text-align:center;line-height:1;font-size:50px}.elementor-widget-text-editor .elementor-drop-cap-letter{display:inline-block}<\/style>\t\t\t\t<p><b>\u00c9TALONNAGE<\/b><\/p>\n<p>Apr\u00e8s une connexion correcte de l&rsquo;appareil, celui-ci doit \u00eatre correctement calibr\u00e9.<br>\nLors de l&rsquo;\u00e9talonnage de l&rsquo;appareil, utilisez des poids d&rsquo;\u00e9talonnage dont la pr\u00e9cision a \u00e9t\u00e9 approuv\u00e9e.<br>\nSon utilisation \u00e9vitera les erreurs de mesure et l\u2019incertitude. Poids d&rsquo;\u00e9talonnage<br>\nChoisir un poids environ la moiti\u00e9 du poids le plus \u00e9lev\u00e9 \u00e0 mesurer,<br>\nCela garantira que l\u2019erreur de mesure totale se propage et devient donc plus petite.<br>\nL&rsquo;installation du poids d&rsquo;\u00e9talonnage au-del\u00e0 de la capacit\u00e9 de la cellule de pes\u00e9e entra\u00eenera des dommages permanents \u00e0 la cellule de pes\u00e9e.<br>\nCela pourrait causer des dommages ou une grave d\u00e9gradation permanente du signal. Sp\u00e9cifi\u00e9 dans les fonctionnalit\u00e9s<br>\nLe fait de ne pas connecter les cellules de pes\u00e9e en nombre et en caract\u00e9ristiques peut entra\u00eener des erreurs de mesure ou d&rsquo;appareil.<br>\nil pourrait \u00eatre.<br>\nUne fois toutes les dispositions prises, entrez dans le menu P0 avant de commencer l&rsquo;\u00e9talonnage.<br>\nLe poids d&rsquo;\u00e9talonnage doit \u00eatre fait en kg \u00e0 partir du param\u00e8tre. Ce<br>\nLe r\u00e9sultat de l&rsquo;\u00e9talonnage sera mis \u00e0 l&rsquo;\u00e9chelle en fonction du param\u00e8tre, le r\u00e9glage correct sera donc d\u00e9finitif.<br>\nC&rsquo;est extr\u00eamement important.<br>\nL&rsquo;\u00e9talonnage se compose de 2 \u00e9tapes&nbsp;: d\u00e9calage et gain.<br>\n\u00e9talonnage. Cet \u00e9talonnage en 2 \u00e9tapes d\u00e9termine la plage de mesure et la lin\u00e9arise.<br>\nest n\u00e9cessaire de faire. Calibrage du glissement en cas de poids minimum, c&rsquo;est-\u00e0-dire<br>\nCela se fait lorsque la cellule de pes\u00e9e est vide. Pour ce faire, retirez la charge de la cellule de charge et<br>\nAssurez-vous qu&rsquo;il est stable et aussi exempt de vibrations que possible. Plus tard<br>\nR\u00e9glez le param\u00e8tre \u00ab P8 \u00bb sur \u00ab 1 \u00bb dans le menu. Lorsque vous appuyez sur le bouton OK, l&rsquo;\u00e9cran<br>\nLe texte \u00ab OFFSEt \u00bb appara\u00eetra. Une fois le calibrage termin\u00e9, revenez au titre du menu \u00ab P8 \u00bb.<br>\nreviendra. Un calibrage du gain doit ensuite \u00eatre effectu\u00e9. Pour \u00e7a<br>\nLe poids d&rsquo;\u00e9talonnage est charg\u00e9 sur la cellule de charge et garantit un environnement stable et sans vibrations.<br>\nest fourni. Ensuite, le param\u00e8tre \u00ab P9 \u00bb est r\u00e9gl\u00e9 sur \u00ab 1 \u00bb et le bouton OK est enfonc\u00e9. Sur l&rsquo;\u00e9cran<br>\nLe texte \u00ab Gain \u00bb appara\u00eet. Une fois l\u2019\u00e9talonnage termin\u00e9, vous reviendrez au titre du menu \u00ab P9 \u00bb.<br>\nSi l&rsquo;\u00e9talonnage a \u00e9t\u00e9 effectu\u00e9 correctement, l&rsquo;\u00e9talonnage<br>\nSon poids est affich\u00e9 \u00e0 0 lorsqu&rsquo;il est vide. Si vous n&rsquo;obtenez pas de r\u00e9sultats pr\u00e9cis, calibrez<br>\nr\u00e9p\u00e9ter. Si vous n&rsquo;obtenez toujours pas les bons r\u00e9sultats, v\u00e9rifiez les liens, les param\u00e8tres,<br>\nV\u00e9rifier le poids d&rsquo;\u00e9talonnage, la cellule de charge et l&rsquo;environnement de travail<\/p>\t\t\t\t\t\t<\/div>\n\t\t\t\t<\/div>\n\t\t\t\t\t<\/div>\n\t\t\t\t<\/div>\n\t\t\t\t<\/div>\n\t\t","protected":false},"excerpt":{"rendered":"<p>Page d&rsquo;accueil Questions fr\u00e9quemment pos\u00e9es \u00c9TALONNAGE Apr\u00e8s une connexion correcte de l&rsquo;appareil, celui-ci doit \u00eatre correctement calibr\u00e9. Lors de l&rsquo;\u00e9talonnage de l&rsquo;appareil, utilisez des poids d&rsquo;\u00e9talonnage dont la pr\u00e9cision a \u00e9t\u00e9 approuv\u00e9e. Son utilisation \u00e9vitera les erreurs de mesure et l\u2019incertitude. Poids d&rsquo;\u00e9talonnage Choisir un poids environ la moiti\u00e9 du poids le plus \u00e9lev\u00e9 \u00e0 mesurer, Cela garantira que l\u2019erreur de mesure totale se propage et devient donc plus petite. L&rsquo;installation du poids d&rsquo;\u00e9talonnage au-del\u00e0 de la capacit\u00e9 de la cellule de pes\u00e9e entra\u00eenera des dommages permanents \u00e0 la cellule de pes\u00e9e. Cela pourrait causer des dommages ou une grave d\u00e9gradation permanente du signal. Sp\u00e9cifi\u00e9 dans les fonctionnalit\u00e9s Le fait de ne pas connecter les cellules de pes\u00e9e en nombre et en caract\u00e9ristiques peut entra\u00eener des erreurs de mesure ou d&rsquo;appareil. il pourrait \u00eatre. Une fois toutes les dispositions prises, entrez dans le menu P0 avant de commencer l&rsquo;\u00e9talonnage. Le poids d&rsquo;\u00e9talonnage doit \u00eatre fait en kg \u00e0 partir du param\u00e8tre. Ce Le r\u00e9sultat de l&rsquo;\u00e9talonnage sera mis \u00e0 l&rsquo;\u00e9chelle en fonction du param\u00e8tre, le r\u00e9glage correct sera donc d\u00e9finitif. C&rsquo;est extr\u00eamement important. L&rsquo;\u00e9talonnage se compose de 2 \u00e9tapes&nbsp;: d\u00e9calage et gain. \u00e9talonnage. Cet \u00e9talonnage en 2 \u00e9tapes d\u00e9termine la plage de mesure et la lin\u00e9arise. est n\u00e9cessaire de faire. Calibrage du glissement en cas de poids minimum, c&rsquo;est-\u00e0-dire Cela se fait lorsque la cellule de pes\u00e9e est vide. Pour ce faire, retirez la charge de la cellule de charge et Assurez-vous qu&rsquo;il est stable et aussi exempt de vibrations que possible. Plus tard R\u00e9glez le param\u00e8tre \u00ab P8 \u00bb sur \u00ab 1 \u00bb dans le menu. Lorsque vous appuyez sur le bouton OK, l&rsquo;\u00e9cran Le texte \u00ab OFFSEt \u00bb appara\u00eetra. Une fois le calibrage termin\u00e9, revenez au titre du menu \u00ab P8 \u00bb. reviendra. Un calibrage du gain doit ensuite \u00eatre effectu\u00e9. Pour \u00e7a Le poids d&rsquo;\u00e9talonnage est charg\u00e9 sur la cellule de charge et garantit un environnement stable et sans vibrations. est fourni. Ensuite, le param\u00e8tre \u00ab P9 \u00bb est r\u00e9gl\u00e9 sur \u00ab 1 \u00bb et le bouton OK est enfonc\u00e9. Sur l&rsquo;\u00e9cran Le texte \u00ab Gain \u00bb appara\u00eet. Une fois l\u2019\u00e9talonnage termin\u00e9, vous reviendrez au titre du menu \u00ab P9 \u00bb. Si l&rsquo;\u00e9talonnage a \u00e9t\u00e9 effectu\u00e9 correctement, l&rsquo;\u00e9talonnage Son poids est affich\u00e9 \u00e0 0 lorsqu&rsquo;il est vide. Si vous n&rsquo;obtenez pas de r\u00e9sultats pr\u00e9cis, calibrez r\u00e9p\u00e9ter. Si vous n&rsquo;obtenez toujours pas les bons r\u00e9sultats, v\u00e9rifiez les liens, les param\u00e8tres, V\u00e9rifier le poids d&rsquo;\u00e9talonnage, la cellule de charge et l&rsquo;environnement de travail<\/p>\n","protected":false},"author":1,"featured_media":0,"parent":0,"menu_order":0,"comment_status":"closed","ping_status":"closed","template":"","meta":{"_acf_changed":false,"site-sidebar-layout":"no-sidebar","site-content-layout":"page-builder","ast-site-content-layout":"full-width-container","site-content-style":"default","site-sidebar-style":"default","ast-global-header-display":"","ast-banner-title-visibility":"","ast-main-header-display":"","ast-hfb-above-header-display":"","ast-hfb-below-header-display":"","ast-hfb-mobile-header-display":"","site-post-title":"disabled","ast-breadcrumbs-content":"","ast-featured-img":"disabled","footer-sml-layout":"","theme-transparent-header-meta":"default","adv-header-id-meta":"","stick-header-meta":"","header-above-stick-meta":"","header-main-stick-meta":"","header-below-stick-meta":"","astra-migrate-meta-layouts":"set","ast-page-background-enabled":"default","ast-page-background-meta":{"desktop":{"background-color":"var(--ast-global-color-4)","background-image":"","background-repeat":"repeat","background-position":"center center","background-size":"auto","background-attachment":"scroll","background-type":"","background-media":"","overlay-type":"","overlay-color":"","overlay-opacity":"","overlay-gradient":""},"tablet":{"background-color":"","background-image":"","background-repeat":"repeat","background-position":"center center","background-size":"auto","background-attachment":"scroll","background-type":"","background-media":"","overlay-type":"","overlay-color":"","overlay-opacity":"","overlay-gradient":""},"mobile":{"background-color":"","background-image":"","background-repeat":"repeat","background-position":"center center","background-size":"auto","background-attachment":"scroll","background-type":"","background-media":"","overlay-type":"","overlay-color":"","overlay-opacity":"","overlay-gradient":""}},"ast-content-background-meta":{"desktop":{"background-color":"var(--ast-global-color-5)","background-image":"","background-repeat":"repeat","background-position":"center center","background-size":"auto","background-attachment":"scroll","background-type":"","background-media":"","overlay-type":"","overlay-color":"","overlay-opacity":"","overlay-gradient":""},"tablet":{"background-color":"var(--ast-global-color-5)","background-image":"","background-repeat":"repeat","background-position":"center center","background-size":"auto","background-attachment":"scroll","background-type":"","background-media":"","overlay-type":"","overlay-color":"","overlay-opacity":"","overlay-gradient":""},"mobile":{"background-color":"var(--ast-global-color-5)","background-image":"","background-repeat":"repeat","background-position":"center center","background-size":"auto","background-attachment":"scroll","background-type":"","background-media":"","overlay-type":"","overlay-color":"","overlay-opacity":"","overlay-gradient":""}},"footnotes":""},"class_list":["post-11479","page","type-page","status-publish","hentry"],"acf":[],"_links":{"self":[{"href":"https:\/\/endustriyel.com\/fr\/wp-json\/wp\/v2\/pages\/11479","targetHints":{"allow":["GET"]}}],"collection":[{"href":"https:\/\/endustriyel.com\/fr\/wp-json\/wp\/v2\/pages"}],"about":[{"href":"https:\/\/endustriyel.com\/fr\/wp-json\/wp\/v2\/types\/page"}],"author":[{"embeddable":true,"href":"https:\/\/endustriyel.com\/fr\/wp-json\/wp\/v2\/users\/1"}],"replies":[{"embeddable":true,"href":"https:\/\/endustriyel.com\/fr\/wp-json\/wp\/v2\/comments?post=11479"}],"version-history":[{"count":0,"href":"https:\/\/endustriyel.com\/fr\/wp-json\/wp\/v2\/pages\/11479\/revisions"}],"wp:attachment":[{"href":"https:\/\/endustriyel.com\/fr\/wp-json\/wp\/v2\/media?parent=11479"}],"curies":[{"name":"wp","href":"https:\/\/api.w.org\/{rel}","templated":true}]}}