{"id":11447,"date":"2024-05-23T14:39:17","date_gmt":"2024-05-23T11:39:17","guid":{"rendered":"https:\/\/endustriyel.com\/flow-balancer-ayarlari-ve-kalibrasoynu-nasil-yapilir\/"},"modified":"2024-05-26T23:01:52","modified_gmt":"2024-05-26T20:01:52","slug":"comment-effectuer-les-reglages-et-letalonnage-de-lequilibreur-de-debit","status":"publish","type":"page","link":"https:\/\/endustriyel.com\/fr\/comment-effectuer-les-reglages-et-letalonnage-de-lequilibreur-de-debit\/","title":{"rendered":"Comment effectuer les r\u00e9glages et l&rsquo;\u00e9talonnage de l&rsquo;\u00e9quilibreur de d\u00e9bit ?"},"content":{"rendered":"\t\t<div data-elementor-type=\"wp-page\" data-elementor-id=\"11447\" class=\"elementor elementor-11447 elementor-11254\" data-elementor-post-type=\"page\">\n\t\t\t\t\t\t<section class=\"elementor-section elementor-top-section elementor-element elementor-element-38dbb4f elementor-section-full_width elementor-section-stretched elementor-section-height-default elementor-section-height-default wpr-particle-no wpr-jarallax-no wpr-parallax-no wpr-sticky-section-no\" data-id=\"38dbb4f\" data-element_type=\"section\" data-settings=\"{&quot;stretch_section&quot;:&quot;section-stretched&quot;,&quot;background_background&quot;:&quot;classic&quot;,&quot;shape_divider_bottom&quot;:&quot;opacity-tilt&quot;}\">\n\t\t\t\t\t\t\t<div class=\"elementor-background-overlay\"><\/div>\n\t\t\t\t\t\t<div class=\"elementor-shape elementor-shape-bottom\" data-negative=\"false\">\n\t\t\t<svg xmlns=\"http:\/\/www.w3.org\/2000\/svg\" viewBox=\"0 0 2600 131.1\" preserveAspectRatio=\"none\">\n\t<path class=\"elementor-shape-fill\" d=\"M0 0L2600 0 2600 69.1 0 0z\"\/>\n\t<path class=\"elementor-shape-fill\" style=\"opacity:0.5\" d=\"M0 0L2600 0 2600 69.1 0 69.1z\"\/>\n\t<path class=\"elementor-shape-fill\" style=\"opacity:0.25\" d=\"M2600 0L0 0 0 130.1 2600 69.1z\"\/>\n<\/svg>\t\t<\/div>\n\t\t\t\t\t<div class=\"elementor-container elementor-column-gap-no\">\n\t\t\t\t\t<div class=\"elementor-column elementor-col-100 elementor-top-column elementor-element elementor-element-cc8bd29\" data-id=\"cc8bd29\" data-element_type=\"column\">\n\t\t\t<div class=\"elementor-widget-wrap elementor-element-populated\">\n\t\t\t\t\t\t<section class=\"elementor-section elementor-inner-section elementor-element elementor-element-13e5c3c elementor-section-boxed elementor-section-height-default elementor-section-height-default wpr-particle-no wpr-jarallax-no wpr-parallax-no wpr-sticky-section-no\" data-id=\"13e5c3c\" data-element_type=\"section\">\n\t\t\t\t\t\t<div class=\"elementor-container elementor-column-gap-default\">\n\t\t\t\t\t<div class=\"elementor-column elementor-col-50 elementor-inner-column elementor-element elementor-element-8d0550a\" data-id=\"8d0550a\" data-element_type=\"column\">\n\t\t\t<div class=\"elementor-widget-wrap elementor-element-populated\">\n\t\t\t\t\t\t<div class=\"elementor-element elementor-element-631209f elementor-icon-list--layout-inline elementor-list-item-link-full_width elementor-widget elementor-widget-icon-list\" data-id=\"631209f\" data-element_type=\"widget\" data-widget_type=\"icon-list.default\">\n\t\t\t\t<div class=\"elementor-widget-container\">\n\t\t\t<link rel=\"stylesheet\" href=\"https:\/\/endustriyel.com\/wp-content\/uploads\/elementor\/css\/custom-widget-icon-list.min.css?ver=1730881101\">\t\t<ul class=\"elementor-icon-list-items elementor-inline-items\">\n\t\t\t\t\t\t\t<li class=\"elementor-icon-list-item elementor-inline-item\">\n\t\t\t\t\t\t\t\t\t\t\t<a href=\"https:\/\/endustriyel.com\/fr\/\">\n\n\t\t\t\t\t\t\t\t\t\t\t\t<span class=\"elementor-icon-list-icon\">\n\t\t\t\t\t\t\t<i aria-hidden=\"true\" class=\"icon icon-home1\"><\/i>\t\t\t\t\t\t<\/span>\n\t\t\t\t\t\t\t\t\t\t<span class=\"elementor-icon-list-text\">Page d'accueil<\/span>\n\t\t\t\t\t\t\t\t\t\t\t<\/a>\n\t\t\t\t\t\t\t\t\t<\/li>\n\t\t\t\t\t\t\t\t<li class=\"elementor-icon-list-item elementor-inline-item\">\n\t\t\t\t\t\t\t\t\t\t\t<span class=\"elementor-icon-list-icon\">\n\t\t\t\t\t\t\t<i aria-hidden=\"true\" class=\"icon icon-right-arrow1\"><\/i>\t\t\t\t\t\t<\/span>\n\t\t\t\t\t\t\t\t\t\t<span class=\"elementor-icon-list-text\"><\/span>\n\t\t\t\t\t\t\t\t\t<\/li>\n\t\t\t\t\t\t<\/ul>\n\t\t\t\t<\/div>\n\t\t\t\t<\/div>\n\t\t\t\t\t<\/div>\n\t\t<\/div>\n\t\t\t\t<div class=\"elementor-column elementor-col-50 elementor-inner-column elementor-element elementor-element-1875c7e\" data-id=\"1875c7e\" data-element_type=\"column\">\n\t\t\t<div class=\"elementor-widget-wrap\">\n\t\t\t\t\t\t\t<\/div>\n\t\t<\/div>\n\t\t\t\t\t<\/div>\n\t\t<\/section>\n\t\t\t\t\t<\/div>\n\t\t<\/div>\n\t\t\t\t\t<\/div>\n\t\t<\/section>\n\t\t<div class=\"elementor-element elementor-element-ad55ef8 e-flex e-con-boxed wpr-particle-no wpr-jarallax-no wpr-parallax-no wpr-sticky-section-no e-con e-parent\" data-id=\"ad55ef8\" data-element_type=\"container\">\n\t\t\t\t\t<div class=\"e-con-inner\">\n\t\t<div class=\"elementor-element elementor-element-6e1f3a8 e-con-full e-flex wpr-particle-no wpr-jarallax-no wpr-parallax-no wpr-sticky-section-no e-con e-child\" data-id=\"6e1f3a8\" data-element_type=\"container\">\n\t\t\t\t<div class=\"elementor-element elementor-element-357371e elementor-widget elementor-widget-image\" data-id=\"357371e\" data-element_type=\"widget\" data-widget_type=\"image.default\">\n\t\t\t\t<div class=\"elementor-widget-container\">\n\t\t\t<style>\/*! elementor - v3.23.0 - 05-08-2024 *\/\n.elementor-widget-image{text-align:center}.elementor-widget-image a{display:inline-block}.elementor-widget-image a img[src$=\".svg\"]{width:48px}.elementor-widget-image img{vertical-align:middle;display:inline-block}<\/style>\t\t\t\t\t\t\t\t\t\t<img fetchpriority=\"high\" decoding=\"async\" width=\"950\" height=\"750\" src=\"https:\/\/endustriyel.com\/wp-content\/uploads\/2024\/04\/flow-balancer-1.png\" class=\"attachment-full size-full wp-image-4493\" alt=\"\" srcset=\"https:\/\/endustriyel.com\/wp-content\/uploads\/2024\/04\/flow-balancer-1.png 950w, https:\/\/endustriyel.com\/wp-content\/uploads\/2024\/04\/flow-balancer-1-300x237.png 300w, https:\/\/endustriyel.com\/wp-content\/uploads\/2024\/04\/flow-balancer-1-768x606.png 768w, https:\/\/endustriyel.com\/wp-content\/uploads\/2024\/04\/flow-balancer-1-600x474.png 600w\" sizes=\"(max-width: 950px) 100vw, 950px\" \/>\t\t\t\t\t\t\t\t\t\t\t\t\t<\/div>\n\t\t\t\t<\/div>\n\t\t\t\t<\/div>\n\t\t<div class=\"elementor-element elementor-element-a4c563f e-con-full e-flex wpr-particle-no wpr-jarallax-no wpr-parallax-no wpr-sticky-section-no e-con e-child\" data-id=\"a4c563f\" data-element_type=\"container\">\n\t\t\t\t<div class=\"elementor-element elementor-element-c0e04ea elementor-widget elementor-widget-heading\" data-id=\"c0e04ea\" data-element_type=\"widget\" data-widget_type=\"heading.default\">\n\t\t\t\t<div class=\"elementor-widget-container\">\n\t\t\t<style>\/*! elementor - v3.23.0 - 05-08-2024 *\/\n.elementor-heading-title{padding:0;margin:0;line-height:1}.elementor-widget-heading .elementor-heading-title[class*=elementor-size-]>a{color:inherit;font-size:inherit;line-height:inherit}.elementor-widget-heading .elementor-heading-title.elementor-size-small{font-size:15px}.elementor-widget-heading .elementor-heading-title.elementor-size-medium{font-size:19px}.elementor-widget-heading .elementor-heading-title.elementor-size-large{font-size:29px}.elementor-widget-heading .elementor-heading-title.elementor-size-xl{font-size:39px}.elementor-widget-heading .elementor-heading-title.elementor-size-xxl{font-size:59px}<\/style><h2 class=\"elementor-heading-title elementor-size-default\">Questions fr\u00e9quemment pos\u00e9es\n<\/h2>\t\t<\/div>\n\t\t\t\t<\/div>\n\t\t\t\t<div class=\"elementor-element elementor-element-6b37d81 elementor-widget elementor-widget-theme-post-title elementor-page-title elementor-widget-heading\" data-id=\"6b37d81\" data-element_type=\"widget\" data-widget_type=\"theme-post-title.default\">\n\t\t\t\t<div class=\"elementor-widget-container\">\n\t\t\t<h1 class=\"elementor-heading-title elementor-size-default\">Comment effectuer les r\u00e9glages et l&rsquo;\u00e9talonnage de l&rsquo;\u00e9quilibreur de d\u00e9bit ?<\/h1>\t\t<\/div>\n\t\t\t\t<\/div>\n\t\t\t\t<\/div>\n\t\t\t\t\t<\/div>\n\t\t\t\t<\/div>\n\t\t<div class=\"elementor-element elementor-element-f79b1c6 e-flex e-con-boxed wpr-particle-no wpr-jarallax-no wpr-parallax-no wpr-sticky-section-no e-con e-parent\" data-id=\"f79b1c6\" data-element_type=\"container\">\n\t\t\t\t\t<div class=\"e-con-inner\">\n\t\t\t\t<div class=\"elementor-element elementor-element-b5790dd elementor-widget elementor-widget-text-editor\" data-id=\"b5790dd\" data-element_type=\"widget\" data-widget_type=\"text-editor.default\">\n\t\t\t\t<div class=\"elementor-widget-container\">\n\t\t\t<style>\/*! elementor - v3.23.0 - 05-08-2024 *\/\n.elementor-widget-text-editor.elementor-drop-cap-view-stacked .elementor-drop-cap{background-color:#69727d;color:#fff}.elementor-widget-text-editor.elementor-drop-cap-view-framed .elementor-drop-cap{color:#69727d;border:3px solid;background-color:transparent}.elementor-widget-text-editor:not(.elementor-drop-cap-view-default) .elementor-drop-cap{margin-top:8px}.elementor-widget-text-editor:not(.elementor-drop-cap-view-default) .elementor-drop-cap-letter{width:1em;height:1em}.elementor-widget-text-editor .elementor-drop-cap{float:left;text-align:center;line-height:1;font-size:50px}.elementor-widget-text-editor .elementor-drop-cap-letter{display:inline-block}<\/style>\t\t\t\t<p>1. Pour acc\u00e9der au menu de l&rsquo;appareil Flow Balancer&nbsp;; Le bouton \u00ab&nbsp;OK&nbsp;\u00bb est enfonc\u00e9 pendant 3 secondes.<br>\n2. Apr\u00e8s \u00eatre entr\u00e9 dans le menu, vous pouvez passer au param\u00e8tre souhait\u00e9 avec les touches fl\u00e9ch\u00e9es haut et bas.<br>\n3. Pour effectuer des op\u00e9ra<span style=\"font-style: inherit; font-weight: inherit;\">tions sur Flow Balancer, entrez le param\u00e8tre PASWORD dans le 4\u00e8me param\u00e8tre.<\/span><\/p><p>\nUn mot de passe doit \u00eatre saisi pour effectuer les r\u00e9glages (Mot de passe&nbsp;: 23230)<br>\n4. Apr\u00e8s avoir saisi le mot de passe, cliquez sur le bouton \u00ab OK \u00bb pour acc\u00e9der au menu (PARAM\u00c8TRES DE CALIBRAGE) du menu principal.<br>\nest saisi<\/p>\n<p>5. Entrez le param\u00e8tre (Poids de calibrage) avec le bouton \u00ab\u00a0OK\u00a0\u00bb et entrez la valeur du poids (3000 g).<br>\n6. Le param\u00e8tre (Zero Calibration) est saisi avec le bouton \u00ab OK \u00bb (non) (oui) et le bouton \u00ab OK \u00bb est enfonc\u00e9 (5<br>\nsecondes) est attendu<br>\nLe param\u00e8tre (Gain Calibration) est saisi avec le bouton \u00ab OK \u00bb, le poids est accroch\u00e9 sur la feuille LOADCELL (non) (oui).<br>\ntermin\u00e9, appuyez sur le bouton \u00ab OK \u00bb (5 secondes) et attendez.<br>\n7. Appuyez deux fois sur le bouton ( ESC ) pour quitter le menu. Une fois le MENU PRINCIPAL affich\u00e9, appuyez sur le bouton haut \u2191.<br>\nLe KG de calibrage est visible sur l&rsquo;\u00c9CRAN (3000 gr) Le KG est pr\u00e9lev\u00e9 sur le cintre La valeur est (0) sur l&rsquo;\u00c9CRAN.<br>\nappara\u00eet \u00e0 nouveau, appuyez deux fois sur le bouton haut \u2191 pour revenir \u00e0 l&rsquo;\u00c9CRAN PRINCIPAL et l&rsquo;\u00e9talonnage est termin\u00e9.<\/p>\t\t\t\t\t\t<\/div>\n\t\t\t\t<\/div>\n\t\t\t\t\t<\/div>\n\t\t\t\t<\/div>\n\t\t\t\t<\/div>\n\t\t","protected":false},"excerpt":{"rendered":"<p>Page d&rsquo;accueil Questions fr\u00e9quemment pos\u00e9es 1. Pour acc\u00e9der au menu de l&rsquo;appareil Flow Balancer&nbsp;; Le bouton \u00ab&nbsp;OK&nbsp;\u00bb est enfonc\u00e9 pendant 3 secondes. 2. Apr\u00e8s \u00eatre entr\u00e9 dans le menu, vous pouvez passer au param\u00e8tre souhait\u00e9 avec les touches fl\u00e9ch\u00e9es haut et bas. 3. Pour effectuer des op\u00e9rations sur Flow Balancer, entrez le param\u00e8tre PASWORD dans le 4\u00e8me param\u00e8tre. Un mot de passe doit \u00eatre saisi pour effectuer les r\u00e9glages (Mot de passe&nbsp;: 23230) 4. Apr\u00e8s avoir saisi le mot de passe, cliquez sur le bouton \u00ab OK \u00bb pour acc\u00e9der au menu (PARAM\u00c8TRES DE CALIBRAGE) du menu principal. est saisi 5. Entrez le param\u00e8tre (Poids de calibrage) avec le bouton \u00ab\u00a0OK\u00a0\u00bb et entrez la valeur du poids (3000 g). 6. Le param\u00e8tre (Zero Calibration) est saisi avec le bouton \u00ab OK \u00bb (non) (oui) et le bouton \u00ab OK \u00bb est enfonc\u00e9 (5 secondes) est attendu Le param\u00e8tre (Gain Calibration) est saisi avec le bouton \u00ab OK \u00bb, le poids est accroch\u00e9 sur la feuille LOADCELL (non) (oui). termin\u00e9, appuyez sur le bouton \u00ab OK \u00bb (5 secondes) et attendez. 7. Appuyez deux fois sur le bouton ( ESC ) pour quitter le menu. Une fois le MENU PRINCIPAL affich\u00e9, appuyez sur le bouton haut \u2191. Le KG de calibrage est visible sur l&rsquo;\u00c9CRAN (3000 gr) Le KG est pr\u00e9lev\u00e9 sur le cintre La valeur est (0) sur l&rsquo;\u00c9CRAN. appara\u00eet \u00e0 nouveau, appuyez deux fois sur le bouton haut \u2191 pour revenir \u00e0 l&rsquo;\u00c9CRAN PRINCIPAL et l&rsquo;\u00e9talonnage est termin\u00e9.<\/p>\n","protected":false},"author":1,"featured_media":0,"parent":0,"menu_order":0,"comment_status":"closed","ping_status":"closed","template":"","meta":{"_acf_changed":false,"site-sidebar-layout":"no-sidebar","site-content-layout":"page-builder","ast-site-content-layout":"full-width-container","site-content-style":"default","site-sidebar-style":"default","ast-global-header-display":"","ast-banner-title-visibility":"","ast-main-header-display":"","ast-hfb-above-header-display":"","ast-hfb-below-header-display":"","ast-hfb-mobile-header-display":"","site-post-title":"disabled","ast-breadcrumbs-content":"","ast-featured-img":"disabled","footer-sml-layout":"","theme-transparent-header-meta":"default","adv-header-id-meta":"","stick-header-meta":"","header-above-stick-meta":"","header-main-stick-meta":"","header-below-stick-meta":"","astra-migrate-meta-layouts":"set","ast-page-background-enabled":"default","ast-page-background-meta":{"desktop":{"background-color":"var(--ast-global-color-4)","background-image":"","background-repeat":"repeat","background-position":"center center","background-size":"auto","background-attachment":"scroll","background-type":"","background-media":"","overlay-type":"","overlay-color":"","overlay-opacity":"","overlay-gradient":""},"tablet":{"background-color":"","background-image":"","background-repeat":"repeat","background-position":"center center","background-size":"auto","background-attachment":"scroll","background-type":"","background-media":"","overlay-type":"","overlay-color":"","overlay-opacity":"","overlay-gradient":""},"mobile":{"background-color":"","background-image":"","background-repeat":"repeat","background-position":"center center","background-size":"auto","background-attachment":"scroll","background-type":"","background-media":"","overlay-type":"","overlay-color":"","overlay-opacity":"","overlay-gradient":""}},"ast-content-background-meta":{"desktop":{"background-color":"var(--ast-global-color-5)","background-image":"","background-repeat":"repeat","background-position":"center center","background-size":"auto","background-attachment":"scroll","background-type":"","background-media":"","overlay-type":"","overlay-color":"","overlay-opacity":"","overlay-gradient":""},"tablet":{"background-color":"var(--ast-global-color-5)","background-image":"","background-repeat":"repeat","background-position":"center center","background-size":"auto","background-attachment":"scroll","background-type":"","background-media":"","overlay-type":"","overlay-color":"","overlay-opacity":"","overlay-gradient":""},"mobile":{"background-color":"var(--ast-global-color-5)","background-image":"","background-repeat":"repeat","background-position":"center center","background-size":"auto","background-attachment":"scroll","background-type":"","background-media":"","overlay-type":"","overlay-color":"","overlay-opacity":"","overlay-gradient":""}},"footnotes":""},"class_list":["post-11447","page","type-page","status-publish","hentry"],"acf":[],"_links":{"self":[{"href":"https:\/\/endustriyel.com\/fr\/wp-json\/wp\/v2\/pages\/11447","targetHints":{"allow":["GET"]}}],"collection":[{"href":"https:\/\/endustriyel.com\/fr\/wp-json\/wp\/v2\/pages"}],"about":[{"href":"https:\/\/endustriyel.com\/fr\/wp-json\/wp\/v2\/types\/page"}],"author":[{"embeddable":true,"href":"https:\/\/endustriyel.com\/fr\/wp-json\/wp\/v2\/users\/1"}],"replies":[{"embeddable":true,"href":"https:\/\/endustriyel.com\/fr\/wp-json\/wp\/v2\/comments?post=11447"}],"version-history":[{"count":0,"href":"https:\/\/endustriyel.com\/fr\/wp-json\/wp\/v2\/pages\/11447\/revisions"}],"wp:attachment":[{"href":"https:\/\/endustriyel.com\/fr\/wp-json\/wp\/v2\/media?parent=11447"}],"curies":[{"name":"wp","href":"https:\/\/api.w.org\/{rel}","templated":true}]}}