{"id":11415,"date":"2024-05-23T14:36:41","date_gmt":"2024-05-23T11:36:41","guid":{"rendered":"https:\/\/endustriyel.com\/bx3-nasil-kalibrasyon-edilir\/"},"modified":"2024-05-26T22:48:46","modified_gmt":"2024-05-26T19:48:46","slug":"comment-calibrer-le-bx3","status":"publish","type":"page","link":"https:\/\/endustriyel.com\/fr\/comment-calibrer-le-bx3\/","title":{"rendered":"Comment calibrer le Bx3 ?"},"content":{"rendered":"\t\t<div data-elementor-type=\"wp-page\" data-elementor-id=\"11415\" class=\"elementor elementor-11415 elementor-11249\" data-elementor-post-type=\"page\">\n\t\t\t\t\t\t<section class=\"elementor-section elementor-top-section elementor-element elementor-element-3d83296 elementor-section-full_width elementor-section-stretched elementor-section-height-default elementor-section-height-default wpr-particle-no wpr-jarallax-no wpr-parallax-no wpr-sticky-section-no\" data-id=\"3d83296\" data-element_type=\"section\" data-settings=\"{&quot;stretch_section&quot;:&quot;section-stretched&quot;,&quot;background_background&quot;:&quot;classic&quot;,&quot;shape_divider_bottom&quot;:&quot;opacity-tilt&quot;}\">\n\t\t\t\t\t\t\t<div class=\"elementor-background-overlay\"><\/div>\n\t\t\t\t\t\t<div class=\"elementor-shape elementor-shape-bottom\" data-negative=\"false\">\n\t\t\t<svg xmlns=\"http:\/\/www.w3.org\/2000\/svg\" viewBox=\"0 0 2600 131.1\" preserveAspectRatio=\"none\">\n\t<path class=\"elementor-shape-fill\" d=\"M0 0L2600 0 2600 69.1 0 0z\"\/>\n\t<path class=\"elementor-shape-fill\" style=\"opacity:0.5\" d=\"M0 0L2600 0 2600 69.1 0 69.1z\"\/>\n\t<path class=\"elementor-shape-fill\" style=\"opacity:0.25\" d=\"M2600 0L0 0 0 130.1 2600 69.1z\"\/>\n<\/svg>\t\t<\/div>\n\t\t\t\t\t<div class=\"elementor-container elementor-column-gap-no\">\n\t\t\t\t\t<div class=\"elementor-column elementor-col-100 elementor-top-column elementor-element elementor-element-b96cd24\" data-id=\"b96cd24\" data-element_type=\"column\">\n\t\t\t<div class=\"elementor-widget-wrap elementor-element-populated\">\n\t\t\t\t\t\t<section class=\"elementor-section elementor-inner-section elementor-element elementor-element-98b8c83 elementor-section-boxed elementor-section-height-default elementor-section-height-default wpr-particle-no wpr-jarallax-no wpr-parallax-no wpr-sticky-section-no\" data-id=\"98b8c83\" data-element_type=\"section\">\n\t\t\t\t\t\t<div class=\"elementor-container elementor-column-gap-default\">\n\t\t\t\t\t<div class=\"elementor-column elementor-col-50 elementor-inner-column elementor-element elementor-element-aac1c71\" data-id=\"aac1c71\" data-element_type=\"column\">\n\t\t\t<div class=\"elementor-widget-wrap elementor-element-populated\">\n\t\t\t\t\t\t<div class=\"elementor-element elementor-element-38931c1 elementor-icon-list--layout-inline elementor-list-item-link-full_width elementor-widget elementor-widget-icon-list\" data-id=\"38931c1\" data-element_type=\"widget\" data-widget_type=\"icon-list.default\">\n\t\t\t\t<div class=\"elementor-widget-container\">\n\t\t\t<link rel=\"stylesheet\" href=\"https:\/\/endustriyel.com\/wp-content\/uploads\/elementor\/css\/custom-widget-icon-list.min.css?ver=1730881101\">\t\t<ul class=\"elementor-icon-list-items elementor-inline-items\">\n\t\t\t\t\t\t\t<li class=\"elementor-icon-list-item elementor-inline-item\">\n\t\t\t\t\t\t\t\t\t\t\t<a href=\"https:\/\/endustriyel.com\/fr\/\">\n\n\t\t\t\t\t\t\t\t\t\t\t\t<span class=\"elementor-icon-list-icon\">\n\t\t\t\t\t\t\t<i aria-hidden=\"true\" class=\"icon icon-home1\"><\/i>\t\t\t\t\t\t<\/span>\n\t\t\t\t\t\t\t\t\t\t<span class=\"elementor-icon-list-text\">Page d'accueil<\/span>\n\t\t\t\t\t\t\t\t\t\t\t<\/a>\n\t\t\t\t\t\t\t\t\t<\/li>\n\t\t\t\t\t\t\t\t<li class=\"elementor-icon-list-item elementor-inline-item\">\n\t\t\t\t\t\t\t\t\t\t\t<span class=\"elementor-icon-list-icon\">\n\t\t\t\t\t\t\t<i aria-hidden=\"true\" class=\"icon icon-right-arrow1\"><\/i>\t\t\t\t\t\t<\/span>\n\t\t\t\t\t\t\t\t\t\t<span class=\"elementor-icon-list-text\"><\/span>\n\t\t\t\t\t\t\t\t\t<\/li>\n\t\t\t\t\t\t<\/ul>\n\t\t\t\t<\/div>\n\t\t\t\t<\/div>\n\t\t\t\t\t<\/div>\n\t\t<\/div>\n\t\t\t\t<div class=\"elementor-column elementor-col-50 elementor-inner-column elementor-element elementor-element-109fff0\" data-id=\"109fff0\" data-element_type=\"column\">\n\t\t\t<div class=\"elementor-widget-wrap\">\n\t\t\t\t\t\t\t<\/div>\n\t\t<\/div>\n\t\t\t\t\t<\/div>\n\t\t<\/section>\n\t\t\t\t\t<\/div>\n\t\t<\/div>\n\t\t\t\t\t<\/div>\n\t\t<\/section>\n\t\t<div class=\"elementor-element elementor-element-2c81511 e-flex e-con-boxed wpr-particle-no wpr-jarallax-no wpr-parallax-no wpr-sticky-section-no e-con e-parent\" data-id=\"2c81511\" data-element_type=\"container\">\n\t\t\t\t\t<div class=\"e-con-inner\">\n\t\t<div class=\"elementor-element elementor-element-3f8eced e-con-full e-flex wpr-particle-no wpr-jarallax-no wpr-parallax-no wpr-sticky-section-no e-con e-child\" data-id=\"3f8eced\" data-element_type=\"container\">\n\t\t\t\t<div class=\"elementor-element elementor-element-27e2226 elementor-widget elementor-widget-image\" data-id=\"27e2226\" data-element_type=\"widget\" data-widget_type=\"image.default\">\n\t\t\t\t<div class=\"elementor-widget-container\">\n\t\t\t<style>\/*! elementor - v3.23.0 - 05-08-2024 *\/\n.elementor-widget-image{text-align:center}.elementor-widget-image a{display:inline-block}.elementor-widget-image a img[src$=\".svg\"]{width:48px}.elementor-widget-image img{vertical-align:middle;display:inline-block}<\/style>\t\t\t\t\t\t\t\t\t\t<img fetchpriority=\"high\" decoding=\"async\" width=\"950\" height=\"750\" src=\"https:\/\/endustriyel.com\/wp-content\/uploads\/2024\/04\/bx3-sss.jpg\" class=\"attachment-full size-full wp-image-4469\" alt=\"\" srcset=\"https:\/\/endustriyel.com\/wp-content\/uploads\/2024\/04\/bx3-sss.jpg 950w, https:\/\/endustriyel.com\/wp-content\/uploads\/2024\/04\/bx3-sss-300x237.jpg 300w, https:\/\/endustriyel.com\/wp-content\/uploads\/2024\/04\/bx3-sss-768x606.jpg 768w, https:\/\/endustriyel.com\/wp-content\/uploads\/2024\/04\/bx3-sss-600x474.jpg 600w\" sizes=\"(max-width: 950px) 100vw, 950px\" \/>\t\t\t\t\t\t\t\t\t\t\t\t\t<\/div>\n\t\t\t\t<\/div>\n\t\t\t\t<\/div>\n\t\t<div class=\"elementor-element elementor-element-9795031 e-con-full e-flex wpr-particle-no wpr-jarallax-no wpr-parallax-no wpr-sticky-section-no e-con e-child\" data-id=\"9795031\" data-element_type=\"container\">\n\t\t\t\t<div class=\"elementor-element elementor-element-e33c54a elementor-widget elementor-widget-heading\" data-id=\"e33c54a\" data-element_type=\"widget\" data-widget_type=\"heading.default\">\n\t\t\t\t<div class=\"elementor-widget-container\">\n\t\t\t<style>\/*! elementor - v3.23.0 - 05-08-2024 *\/\n.elementor-heading-title{padding:0;margin:0;line-height:1}.elementor-widget-heading .elementor-heading-title[class*=elementor-size-]>a{color:inherit;font-size:inherit;line-height:inherit}.elementor-widget-heading .elementor-heading-title.elementor-size-small{font-size:15px}.elementor-widget-heading .elementor-heading-title.elementor-size-medium{font-size:19px}.elementor-widget-heading .elementor-heading-title.elementor-size-large{font-size:29px}.elementor-widget-heading .elementor-heading-title.elementor-size-xl{font-size:39px}.elementor-widget-heading .elementor-heading-title.elementor-size-xxl{font-size:59px}<\/style><h2 class=\"elementor-heading-title elementor-size-default\">Questions fr\u00e9quemment pos\u00e9es\n<\/h2>\t\t<\/div>\n\t\t\t\t<\/div>\n\t\t\t\t<div class=\"elementor-element elementor-element-5fb75c5 elementor-widget elementor-widget-theme-post-title elementor-page-title elementor-widget-heading\" data-id=\"5fb75c5\" data-element_type=\"widget\" data-widget_type=\"theme-post-title.default\">\n\t\t\t\t<div class=\"elementor-widget-container\">\n\t\t\t<h1 class=\"elementor-heading-title elementor-size-default\">Comment calibrer le Bx3 ?<\/h1>\t\t<\/div>\n\t\t\t\t<\/div>\n\t\t\t\t<\/div>\n\t\t\t\t\t<\/div>\n\t\t\t\t<\/div>\n\t\t<div class=\"elementor-element elementor-element-6ad4c0c e-flex e-con-boxed wpr-particle-no wpr-jarallax-no wpr-parallax-no wpr-sticky-section-no e-con e-parent\" data-id=\"6ad4c0c\" data-element_type=\"container\">\n\t\t\t\t\t<div class=\"e-con-inner\">\n\t\t\t\t<div class=\"elementor-element elementor-element-36ece41 elementor-widget elementor-widget-text-editor\" data-id=\"36ece41\" data-element_type=\"widget\" data-widget_type=\"text-editor.default\">\n\t\t\t\t<div class=\"elementor-widget-container\">\n\t\t\t<style>\/*! elementor - v3.23.0 - 05-08-2024 *\/\n.elementor-widget-text-editor.elementor-drop-cap-view-stacked .elementor-drop-cap{background-color:#69727d;color:#fff}.elementor-widget-text-editor.elementor-drop-cap-view-framed .elementor-drop-cap{color:#69727d;border:3px solid;background-color:transparent}.elementor-widget-text-editor:not(.elementor-drop-cap-view-default) .elementor-drop-cap{margin-top:8px}.elementor-widget-text-editor:not(.elementor-drop-cap-view-default) .elementor-drop-cap-letter{width:1em;height:1em}.elementor-widget-text-editor .elementor-drop-cap{float:left;text-align:center;line-height:1;font-size:50px}.elementor-widget-text-editor .elementor-drop-cap-letter{display:inline-block}<\/style>\t\t\t\t<p><b>\u00c9TALONNAGE<\/b><\/p>\n<p>Lorsque vous appuyez sur les boutons F \u2013 Mode &#8211; \u21920\u2190 &#8211; Mode &#8211; Enter dans l&rsquo;ordre, 0&#8211; appara\u00eet \u00e0 l&rsquo;\u00e9cran.<br>\nLorsque le bouton Mode est enfonc\u00e9 3 fois, 3&#8211; appara\u00eet \u00e0 l&rsquo;\u00e9cran.<br>\nAppuyez une fois sur Entr\u00e9e et 30-<br>\n301 en appuyant deux fois sur Entr\u00e9e<br>\nLorsque vous appuyez 3 fois sur Entr\u00e9e, z\u00e9ro cl appara\u00eet.<br>\nApr\u00e8s vous \u00eatre assur\u00e9 que l&rsquo;int\u00e9rieur du car\u00e9nage est vide, appuyez sur Entr\u00e9e.<br>\nNous aurons fait le calibrage du z\u00e9ro. Apr\u00e8s avoir attendu un moment, un message appara\u00eet \u00e0 l&rsquo;\u00e9cran.<br>\nLorsque la valeur sort, 20,00 kg sont mis dans le linceul. 20h00 \u00e0 l&rsquo;\u00e9cran<br>\nest \u00e9crit et le bouton Entr\u00e9e est enfonc\u00e9. Lorsque SAVE appara\u00eet \u00e0 l\u2019\u00e9cran, appuyez sur Entr\u00e9e.<br>\nest imprim\u00e9. Le processus d&rsquo;\u00e9talonnage est termin\u00e9. F pour quitter le menu<br>\nAppuie sur le bouton.<\/p>\t\t\t\t\t\t<\/div>\n\t\t\t\t<\/div>\n\t\t\t\t\t<\/div>\n\t\t\t\t<\/div>\n\t\t\t\t<\/div>\n\t\t","protected":false},"excerpt":{"rendered":"<p>Page d&rsquo;accueil Questions fr\u00e9quemment pos\u00e9es \u00c9TALONNAGE Lorsque vous appuyez sur les boutons F \u2013 Mode &#8211; \u21920\u2190 &#8211; Mode &#8211; Enter dans l&rsquo;ordre, 0&#8211; appara\u00eet \u00e0 l&rsquo;\u00e9cran. Lorsque le bouton Mode est enfonc\u00e9 3 fois, 3&#8211; appara\u00eet \u00e0 l&rsquo;\u00e9cran. Appuyez une fois sur Entr\u00e9e et 30- 301 en appuyant deux fois sur Entr\u00e9e Lorsque vous appuyez 3 fois sur Entr\u00e9e, z\u00e9ro cl appara\u00eet. Apr\u00e8s vous \u00eatre assur\u00e9 que l&rsquo;int\u00e9rieur du car\u00e9nage est vide, appuyez sur Entr\u00e9e. Nous aurons fait le calibrage du z\u00e9ro. Apr\u00e8s avoir attendu un moment, un message appara\u00eet \u00e0 l&rsquo;\u00e9cran. Lorsque la valeur sort, 20,00 kg sont mis dans le linceul. 20h00 \u00e0 l&rsquo;\u00e9cran est \u00e9crit et le bouton Entr\u00e9e est enfonc\u00e9. Lorsque SAVE appara\u00eet \u00e0 l\u2019\u00e9cran, appuyez sur Entr\u00e9e. est imprim\u00e9. Le processus d&rsquo;\u00e9talonnage est termin\u00e9. F pour quitter le menu Appuie sur le bouton.<\/p>\n","protected":false},"author":1,"featured_media":0,"parent":0,"menu_order":0,"comment_status":"closed","ping_status":"closed","template":"","meta":{"_acf_changed":false,"site-sidebar-layout":"no-sidebar","site-content-layout":"page-builder","ast-site-content-layout":"full-width-container","site-content-style":"default","site-sidebar-style":"default","ast-global-header-display":"","ast-banner-title-visibility":"","ast-main-header-display":"","ast-hfb-above-header-display":"","ast-hfb-below-header-display":"","ast-hfb-mobile-header-display":"","site-post-title":"disabled","ast-breadcrumbs-content":"","ast-featured-img":"disabled","footer-sml-layout":"","theme-transparent-header-meta":"default","adv-header-id-meta":"","stick-header-meta":"","header-above-stick-meta":"","header-main-stick-meta":"","header-below-stick-meta":"","astra-migrate-meta-layouts":"set","ast-page-background-enabled":"default","ast-page-background-meta":{"desktop":{"background-color":"var(--ast-global-color-4)","background-image":"","background-repeat":"repeat","background-position":"center center","background-size":"auto","background-attachment":"scroll","background-type":"","background-media":"","overlay-type":"","overlay-color":"","overlay-opacity":"","overlay-gradient":""},"tablet":{"background-color":"","background-image":"","background-repeat":"repeat","background-position":"center center","background-size":"auto","background-attachment":"scroll","background-type":"","background-media":"","overlay-type":"","overlay-color":"","overlay-opacity":"","overlay-gradient":""},"mobile":{"background-color":"","background-image":"","background-repeat":"repeat","background-position":"center center","background-size":"auto","background-attachment":"scroll","background-type":"","background-media":"","overlay-type":"","overlay-color":"","overlay-opacity":"","overlay-gradient":""}},"ast-content-background-meta":{"desktop":{"background-color":"var(--ast-global-color-5)","background-image":"","background-repeat":"repeat","background-position":"center center","background-size":"auto","background-attachment":"scroll","background-type":"","background-media":"","overlay-type":"","overlay-color":"","overlay-opacity":"","overlay-gradient":""},"tablet":{"background-color":"var(--ast-global-color-5)","background-image":"","background-repeat":"repeat","background-position":"center center","background-size":"auto","background-attachment":"scroll","background-type":"","background-media":"","overlay-type":"","overlay-color":"","overlay-opacity":"","overlay-gradient":""},"mobile":{"background-color":"var(--ast-global-color-5)","background-image":"","background-repeat":"repeat","background-position":"center center","background-size":"auto","background-attachment":"scroll","background-type":"","background-media":"","overlay-type":"","overlay-color":"","overlay-opacity":"","overlay-gradient":""}},"footnotes":""},"class_list":["post-11415","page","type-page","status-publish","hentry"],"acf":[],"_links":{"self":[{"href":"https:\/\/endustriyel.com\/fr\/wp-json\/wp\/v2\/pages\/11415","targetHints":{"allow":["GET"]}}],"collection":[{"href":"https:\/\/endustriyel.com\/fr\/wp-json\/wp\/v2\/pages"}],"about":[{"href":"https:\/\/endustriyel.com\/fr\/wp-json\/wp\/v2\/types\/page"}],"author":[{"embeddable":true,"href":"https:\/\/endustriyel.com\/fr\/wp-json\/wp\/v2\/users\/1"}],"replies":[{"embeddable":true,"href":"https:\/\/endustriyel.com\/fr\/wp-json\/wp\/v2\/comments?post=11415"}],"version-history":[{"count":0,"href":"https:\/\/endustriyel.com\/fr\/wp-json\/wp\/v2\/pages\/11415\/revisions"}],"wp:attachment":[{"href":"https:\/\/endustriyel.com\/fr\/wp-json\/wp\/v2\/media?parent=11415"}],"curies":[{"name":"wp","href":"https:\/\/api.w.org\/{rel}","templated":true}]}}