{"id":11350,"date":"2024-05-23T14:18:52","date_gmt":"2024-05-23T11:18:52","guid":{"rendered":"https:\/\/endustriyel.com\/mavi-sensor-kalibrasyon-2\/"},"modified":"2024-05-25T12:49:11","modified_gmt":"2024-05-25T09:49:11","slug":"calibrage-du-capteur-bleu","status":"publish","type":"page","link":"https:\/\/endustriyel.com\/fr\/calibrage-du-capteur-bleu\/","title":{"rendered":"CALIBRAGE DU CAPTEUR BLEU"},"content":{"rendered":"\t\t<div data-elementor-type=\"wp-page\" data-elementor-id=\"11350\" class=\"elementor elementor-11350 elementor-11231\" data-elementor-post-type=\"page\">\n\t\t\t\t\t\t<section class=\"elementor-section elementor-top-section elementor-element elementor-element-3f014ff elementor-section-full_width elementor-section-stretched elementor-section-height-default elementor-section-height-default wpr-particle-no wpr-jarallax-no wpr-parallax-no wpr-sticky-section-no\" data-id=\"3f014ff\" data-element_type=\"section\" data-settings=\"{&quot;stretch_section&quot;:&quot;section-stretched&quot;,&quot;background_background&quot;:&quot;classic&quot;,&quot;shape_divider_bottom&quot;:&quot;opacity-tilt&quot;}\">\n\t\t\t\t\t\t\t<div class=\"elementor-background-overlay\"><\/div>\n\t\t\t\t\t\t<div class=\"elementor-shape elementor-shape-bottom\" data-negative=\"false\">\n\t\t\t<svg xmlns=\"http:\/\/www.w3.org\/2000\/svg\" viewBox=\"0 0 2600 131.1\" preserveAspectRatio=\"none\">\n\t<path class=\"elementor-shape-fill\" d=\"M0 0L2600 0 2600 69.1 0 0z\"\/>\n\t<path class=\"elementor-shape-fill\" style=\"opacity:0.5\" d=\"M0 0L2600 0 2600 69.1 0 69.1z\"\/>\n\t<path class=\"elementor-shape-fill\" style=\"opacity:0.25\" d=\"M2600 0L0 0 0 130.1 2600 69.1z\"\/>\n<\/svg>\t\t<\/div>\n\t\t\t\t\t<div class=\"elementor-container elementor-column-gap-no\">\n\t\t\t\t\t<div class=\"elementor-column elementor-col-100 elementor-top-column elementor-element elementor-element-65172a7\" data-id=\"65172a7\" data-element_type=\"column\">\n\t\t\t<div class=\"elementor-widget-wrap elementor-element-populated\">\n\t\t\t\t\t\t<section class=\"elementor-section elementor-inner-section elementor-element elementor-element-7e72f64 elementor-section-boxed elementor-section-height-default elementor-section-height-default wpr-particle-no wpr-jarallax-no wpr-parallax-no wpr-sticky-section-no\" data-id=\"7e72f64\" data-element_type=\"section\">\n\t\t\t\t\t\t<div class=\"elementor-container elementor-column-gap-default\">\n\t\t\t\t\t<div class=\"elementor-column elementor-col-50 elementor-inner-column elementor-element elementor-element-3d71b64\" data-id=\"3d71b64\" data-element_type=\"column\">\n\t\t\t<div class=\"elementor-widget-wrap elementor-element-populated\">\n\t\t\t\t\t\t<div class=\"elementor-element elementor-element-25496cc elementor-icon-list--layout-inline elementor-list-item-link-full_width elementor-widget elementor-widget-icon-list\" data-id=\"25496cc\" data-element_type=\"widget\" data-widget_type=\"icon-list.default\">\n\t\t\t\t<div class=\"elementor-widget-container\">\n\t\t\t<link rel=\"stylesheet\" href=\"https:\/\/endustriyel.com\/wp-content\/uploads\/elementor\/css\/custom-widget-icon-list.min.css?ver=1730881101\">\t\t<ul class=\"elementor-icon-list-items elementor-inline-items\">\n\t\t\t\t\t\t\t<li class=\"elementor-icon-list-item elementor-inline-item\">\n\t\t\t\t\t\t\t\t\t\t\t<a href=\"https:\/\/endustriyel.com\/fr\/\">\n\n\t\t\t\t\t\t\t\t\t\t\t\t<span class=\"elementor-icon-list-icon\">\n\t\t\t\t\t\t\t<i aria-hidden=\"true\" class=\"icon icon-home1\"><\/i>\t\t\t\t\t\t<\/span>\n\t\t\t\t\t\t\t\t\t\t<span class=\"elementor-icon-list-text\">Page d'accueil<\/span>\n\t\t\t\t\t\t\t\t\t\t\t<\/a>\n\t\t\t\t\t\t\t\t\t<\/li>\n\t\t\t\t\t\t\t\t<li class=\"elementor-icon-list-item elementor-inline-item\">\n\t\t\t\t\t\t\t\t\t\t\t<span class=\"elementor-icon-list-icon\">\n\t\t\t\t\t\t\t<i aria-hidden=\"true\" class=\"icon icon-right-arrow1\"><\/i>\t\t\t\t\t\t<\/span>\n\t\t\t\t\t\t\t\t\t\t<span class=\"elementor-icon-list-text\"><\/span>\n\t\t\t\t\t\t\t\t\t<\/li>\n\t\t\t\t\t\t<\/ul>\n\t\t\t\t<\/div>\n\t\t\t\t<\/div>\n\t\t\t\t\t<\/div>\n\t\t<\/div>\n\t\t\t\t<div class=\"elementor-column elementor-col-50 elementor-inner-column elementor-element elementor-element-6054f4f\" data-id=\"6054f4f\" data-element_type=\"column\">\n\t\t\t<div class=\"elementor-widget-wrap\">\n\t\t\t\t\t\t\t<\/div>\n\t\t<\/div>\n\t\t\t\t\t<\/div>\n\t\t<\/section>\n\t\t\t\t\t<\/div>\n\t\t<\/div>\n\t\t\t\t\t<\/div>\n\t\t<\/section>\n\t\t<div class=\"elementor-element elementor-element-36a9f53 e-flex e-con-boxed wpr-particle-no wpr-jarallax-no wpr-parallax-no wpr-sticky-section-no e-con e-parent\" data-id=\"36a9f53\" data-element_type=\"container\">\n\t\t\t\t\t<div class=\"e-con-inner\">\n\t\t<div class=\"elementor-element elementor-element-7836032 e-con-full e-flex wpr-particle-no wpr-jarallax-no wpr-parallax-no wpr-sticky-section-no e-con e-child\" data-id=\"7836032\" data-element_type=\"container\">\n\t\t\t\t<div class=\"elementor-element elementor-element-e264506 elementor-widget elementor-widget-image\" data-id=\"e264506\" data-element_type=\"widget\" data-widget_type=\"image.default\">\n\t\t\t\t<div class=\"elementor-widget-container\">\n\t\t\t<style>\/*! elementor - v3.23.0 - 05-08-2024 *\/\n.elementor-widget-image{text-align:center}.elementor-widget-image a{display:inline-block}.elementor-widget-image a img[src$=\".svg\"]{width:48px}.elementor-widget-image img{vertical-align:middle;display:inline-block}<\/style>\t\t\t\t\t\t\t\t\t\t<img fetchpriority=\"high\" decoding=\"async\" width=\"950\" height=\"750\" src=\"https:\/\/endustriyel.com\/wp-content\/uploads\/2024\/04\/mavi-sensor.png\" class=\"attachment-full size-full wp-image-4522\" alt=\"\" srcset=\"https:\/\/endustriyel.com\/wp-content\/uploads\/2024\/04\/mavi-sensor.png 950w, https:\/\/endustriyel.com\/wp-content\/uploads\/2024\/04\/mavi-sensor-300x237.png 300w, https:\/\/endustriyel.com\/wp-content\/uploads\/2024\/04\/mavi-sensor-768x606.png 768w, https:\/\/endustriyel.com\/wp-content\/uploads\/2024\/04\/mavi-sensor-600x474.png 600w\" sizes=\"(max-width: 950px) 100vw, 950px\" \/>\t\t\t\t\t\t\t\t\t\t\t\t\t<\/div>\n\t\t\t\t<\/div>\n\t\t\t\t<\/div>\n\t\t<div class=\"elementor-element elementor-element-656182b e-con-full e-flex wpr-particle-no wpr-jarallax-no wpr-parallax-no wpr-sticky-section-no e-con e-child\" data-id=\"656182b\" data-element_type=\"container\">\n\t\t\t\t<div class=\"elementor-element elementor-element-2be9d41 elementor-widget elementor-widget-heading\" data-id=\"2be9d41\" data-element_type=\"widget\" data-widget_type=\"heading.default\">\n\t\t\t\t<div class=\"elementor-widget-container\">\n\t\t\t<style>\/*! elementor - v3.23.0 - 05-08-2024 *\/\n.elementor-heading-title{padding:0;margin:0;line-height:1}.elementor-widget-heading .elementor-heading-title[class*=elementor-size-]>a{color:inherit;font-size:inherit;line-height:inherit}.elementor-widget-heading .elementor-heading-title.elementor-size-small{font-size:15px}.elementor-widget-heading .elementor-heading-title.elementor-size-medium{font-size:19px}.elementor-widget-heading .elementor-heading-title.elementor-size-large{font-size:29px}.elementor-widget-heading .elementor-heading-title.elementor-size-xl{font-size:39px}.elementor-widget-heading .elementor-heading-title.elementor-size-xxl{font-size:59px}<\/style><h2 class=\"elementor-heading-title elementor-size-default\">Questions fr\u00e9quemment pos\u00e9es\n<\/h2>\t\t<\/div>\n\t\t\t\t<\/div>\n\t\t\t\t<div class=\"elementor-element elementor-element-1fe068a elementor-widget elementor-widget-theme-post-title elementor-page-title elementor-widget-heading\" data-id=\"1fe068a\" data-element_type=\"widget\" data-widget_type=\"theme-post-title.default\">\n\t\t\t\t<div class=\"elementor-widget-container\">\n\t\t\t<h1 class=\"elementor-heading-title elementor-size-default\">CALIBRAGE DU CAPTEUR BLEU<\/h1>\t\t<\/div>\n\t\t\t\t<\/div>\n\t\t\t\t<\/div>\n\t\t\t\t\t<\/div>\n\t\t\t\t<\/div>\n\t\t<div class=\"elementor-element elementor-element-e138285 e-flex e-con-boxed wpr-particle-no wpr-jarallax-no wpr-parallax-no wpr-sticky-section-no e-con e-parent\" data-id=\"e138285\" data-element_type=\"container\">\n\t\t\t\t\t<div class=\"e-con-inner\">\n\t\t\t\t<div class=\"elementor-element elementor-element-ad1b348 elementor-widget elementor-widget-text-editor\" data-id=\"ad1b348\" data-element_type=\"widget\" data-widget_type=\"text-editor.default\">\n\t\t\t\t<div class=\"elementor-widget-container\">\n\t\t\t<style>\/*! elementor - v3.23.0 - 05-08-2024 *\/\n.elementor-widget-text-editor.elementor-drop-cap-view-stacked .elementor-drop-cap{background-color:#69727d;color:#fff}.elementor-widget-text-editor.elementor-drop-cap-view-framed .elementor-drop-cap{color:#69727d;border:3px solid;background-color:transparent}.elementor-widget-text-editor:not(.elementor-drop-cap-view-default) .elementor-drop-cap{margin-top:8px}.elementor-widget-text-editor:not(.elementor-drop-cap-view-default) .elementor-drop-cap-letter{width:1em;height:1em}.elementor-widget-text-editor .elementor-drop-cap{float:left;text-align:center;line-height:1;font-size:50px}.elementor-widget-text-editor .elementor-drop-cap-letter{display:inline-block}<\/style>\t\t\t\t<p><b>UTILISATION ET PARAM\u00c8TRES :<\/b><\/p><p>Il y a un total de 4 r\u00e9glages de programme sur l&rsquo;appareil. Ceux-ci sont r\u00e9gl\u00e9s pour d\u00e9terminer le fonctionnement de l&rsquo;appareil. En plus de cela, il existe 2 options de calibrage, basse et haute, \u00e0 partir de deux boutons.<br \/>Pour acc\u00e9der aux programmes, maintenez le bouton enfonc\u00e9 pendant environ 2 secondes. Lorsque vous entrez dans les programmes, vous verrez \u00ab\u00a0P0\u00a0\u00bb sur l&rsquo;\u00e9cran. Utilisez les boutons &lt;\u2191&gt; et &lt;\u2193&gt; pour naviguer entre les programmes. Lorsque vous souhaitez entrer dans un programme sp\u00e9cifique, appuyez sur le bouton correspondant. Une fois que les param\u00e8tres du programme concern\u00e9 ont \u00e9t\u00e9 ajust\u00e9s avec les boutons &lt;\u2191&gt; et &lt;\u2193&gt;, appuyez sur le bouton pour les enregistrer ; si vous souhaitez sortir sans enregistrer, appuyez sur le bouton.<br \/>Pour revenir au mode de fonctionnement normal, appuyez sur le bouton, et la valeur de mesure sera affich\u00e9e \u00e0 l&rsquo;\u00e9cran.<\/p><p>P0 &#8211; Valeur de sortie de relais : R\u00e9glable entre 0 et 99. \u00c0 cette valeur, le relais devient actif. En r\u00e9glant la valeur souhait\u00e9e, un signal peut \u00eatre re\u00e7u des bornes de contact du relais lorsque le niveau est \u00e0 la valeur souhait\u00e9e.<\/p><p>P1 &#8211; Valeur d&rsquo;hyst\u00e9r\u00e9sis : Cette valeur repr\u00e9sente la diff\u00e9rence entre la valeur d&rsquo;activation et de d\u00e9sactivation du relais. Si la mesure est instable (en raison de variations rapides du niveau, etc.), cette valeur emp\u00eache l&rsquo;instabilit\u00e9 du relais et ses activations et d\u00e9sactivations rapides. Selon l&rsquo;application, elle doit \u00eatre r\u00e9gl\u00e9e sur une valeur appropri\u00e9e.<\/p><p>P2 &#8211; Type de sortie de relais (Mode de fonctionnement) :<br \/>0 =&gt; La sortie de relais est d\u00e9sactiv\u00e9e.<br \/>1 =&gt; La sortie de relais est active en continu.<br \/>2 =&gt; Le relais se d\u00e9clenche lorsque la valeur r\u00e9gl\u00e9e est atteinte et la maintient en dessous de la valeur r\u00e9gl\u00e9e moins la valeur d&rsquo;hyst\u00e9r\u00e9sis. (Logique directe)<br \/>3 =&gt; Le relais se d\u00e9clenche lorsque la valeur r\u00e9gl\u00e9e est atteinte et la maintient au-dessus de la valeur r\u00e9gl\u00e9e moins la valeur d&rsquo;hyst\u00e9r\u00e9sis. (Logique inverse)<\/p><p>P3 &#8211; Menu r\u00e9serv\u00e9 : Menu ferm\u00e9.<br \/>P4 &#8211; Codes d&rsquo;information sur le calibrage et calibrage automatique :<br \/>Ce menu contient les codes d&rsquo;information sur le calibrage, les informations relatives \u00e0 la mesure et les r\u00e9glages des intervalles de calibrage enregistr\u00e9s en m\u00e9moire.<br \/>Codes d&rsquo;erreur de calibrage :<br \/>1o =&gt; Le calibrage sup\u00e9rieur est plus grand que le calibrage inf\u00e9rieur, donc le calibrage est correct.<br \/>1E =&gt; Le calibrage inf\u00e9rieur est plus grand que le calibrage sup\u00e9rieur, donc le calibrage est incorrect.<br \/>2o =&gt; La diff\u00e9rence entre le calibrage sup\u00e9rieur et le calibrage inf\u00e9rieur est appropri\u00e9e pour l&rsquo;\u00e9chelle.<br \/>2H =&gt; La diff\u00e9rence entre le calibrage sup\u00e9rieur et le calibrage inf\u00e9rieur est grande ; pas appropri\u00e9 pour l&rsquo;\u00e9chelle.<br \/>2E =&gt; La diff\u00e9rence entre le calibrage sup\u00e9rieur et le calibrage inf\u00e9rieur est petite ; pas appropri\u00e9 pour l&rsquo;\u00e9chelle.<br \/>3o =&gt; La valeur de capacit\u00e9 instantan\u00e9e re\u00e7ue est dans l&rsquo;intervalle de calibrage r\u00e9gl\u00e9.<br \/>3H =&gt; L&rsquo;appareil est \u00e0 99 ; la valeur de capacit\u00e9 instantan\u00e9e re\u00e7ue est sup\u00e9rieure \u00e0 la valeur de calibrage sup\u00e9rieure.<br \/>3A =&gt; L&rsquo;appareil est \u00e0 00 ; la valeur de capacit\u00e9 instantan\u00e9e re\u00e7ue est inf\u00e9rieure \u00e0 la valeur de calibrage inf\u00e9rieure.<\/p><p>CALIBRAGE :<br \/>Le calibrage de l&rsquo;appareil peut \u00eatre effectu\u00e9 comme suit. Utilisez les boutons &lt;\u2191&gt; et &lt;\u2193&gt; pour effectuer le calibrage bas ou haut. Utilisez &lt;\u2191&gt; pour le calibrage haut et &lt;\u2193&gt; pour le calibrage bas. Pour effectuer un calibrage sup\u00e9rieur, appuyez sur le bouton pendant ~2 secondes lorsque l&rsquo;appareil est en mode de mesure normal. Pour le calibrage inf\u00e9rieur, appuyez de la m\u00eame mani\u00e8re pendant ~2 secondes sur le bouton.<br \/>Lorsque le calibrage est termin\u00e9, \u00ab\u00a0o\u00a0\u00bb clignote trois fois \u00e0 l&rsquo;\u00e9cran, puis la nouvelle valeur de mesure est affich\u00e9e (normalement, \u00ab\u00a00\u00a0\u00bb est affich\u00e9 apr\u00e8s le calibrage bas, et \u00ab\u00a099\u00a0\u00bb apr\u00e8s le calibrage haut).<br \/>Le calibrage se fait en deux \u00e9tapes. La premi\u00e8re \u00e9tape est le calibrage bas, qui d\u00e9termine le point z\u00e9ro. Pour cela, la pointe du capteur doit \u00eatre plac\u00e9e au niveau le plus bas \u00e0 mesurer et calibr\u00e9e comme expliqu\u00e9. Apr\u00e8s le calibrage, \u00ab\u00a00\u00a0\u00bb doit \u00eatre affich\u00e9 \u00e0 l&rsquo;\u00e9cran. Le calibrage bas ne doit pas \u00eatre effectu\u00e9 dans l&rsquo;air, car la capacit\u00e9 de l&rsquo;air sera diff\u00e9rente de celle au niveau le plus bas, et le capteur affichera une valeur diff\u00e9rente de \u00ab\u00a00\u00a0\u00bb lorsque le niveau est au plus bas.<br \/>De m\u00eame, le calibrage haut doit \u00eatre effectu\u00e9 une fois que la pointe du capteur est au niveau le plus haut. Cela permet d&rsquo;\u00e9chelonner correctement les deux points.<br \/>Pendant le calibrage, une mesure aussi constante que possible est n\u00e9cessaire pour assurer la fiabilit\u00e9 du calibrage. Une mauvaise connexion \u00e0 la terre ou des probl\u00e8mes de contact entre la carte de terre, la carte du capteur ou des d\u00e9fauts de contact peuvent entra\u00eener des probl\u00e8mes de calibrage et des changements de capacit\u00e9 et de valeur inattendus pendant la mesure normale.<br \/>L&rsquo;objet calibr\u00e9 doit absolument \u00eatre dans la plage de mesure du capteur. Sinon, les deux points ne seront pas correctement \u00e9chelonn\u00e9s.<br \/>Si pour une raison quelconque le calibrage bas ou haut n&rsquo;est pas correct, le calibrage doit \u00eatre refait en tenant compte des avertissements ci-dessus. Le calibrage bas et haut peut \u00eatre effectu\u00e9 ind\u00e9pendamment l&rsquo;un de l&rsquo;autre.<\/p>\t\t\t\t\t\t<\/div>\n\t\t\t\t<\/div>\n\t\t\t\t\t<\/div>\n\t\t\t\t<\/div>\n\t\t\t\t<\/div>\n\t\t","protected":false},"excerpt":{"rendered":"<p>Page d&rsquo;accueil Questions fr\u00e9quemment pos\u00e9es UTILISATION ET PARAM\u00c8TRES : Il y a un total de 4 r\u00e9glages de programme sur l&rsquo;appareil. Ceux-ci sont r\u00e9gl\u00e9s pour d\u00e9terminer le fonctionnement de l&rsquo;appareil. En plus de cela, il existe 2 options de calibrage, basse et haute, \u00e0 partir de deux boutons.Pour acc\u00e9der aux programmes, maintenez le bouton enfonc\u00e9 pendant environ 2 secondes. Lorsque vous entrez dans les programmes, vous verrez \u00ab\u00a0P0\u00a0\u00bb sur l&rsquo;\u00e9cran. Utilisez les boutons &lt;\u2191&gt; et &lt;\u2193&gt; pour naviguer entre les programmes. Lorsque vous souhaitez entrer dans un programme sp\u00e9cifique, appuyez sur le bouton correspondant. Une fois que les param\u00e8tres du programme concern\u00e9 ont \u00e9t\u00e9 ajust\u00e9s avec les boutons &lt;\u2191&gt; et &lt;\u2193&gt;, appuyez sur le bouton pour les enregistrer ; si vous souhaitez sortir sans enregistrer, appuyez sur le bouton.Pour revenir au mode de fonctionnement normal, appuyez sur le bouton, et la valeur de mesure sera affich\u00e9e \u00e0 l&rsquo;\u00e9cran. P0 &#8211; Valeur de sortie de relais : R\u00e9glable entre 0 et 99. \u00c0 cette valeur, le relais devient actif. En r\u00e9glant la valeur souhait\u00e9e, un signal peut \u00eatre re\u00e7u des bornes de contact du relais lorsque le niveau est \u00e0 la valeur souhait\u00e9e. P1 &#8211; Valeur d&rsquo;hyst\u00e9r\u00e9sis : Cette valeur repr\u00e9sente la diff\u00e9rence entre la valeur d&rsquo;activation et de d\u00e9sactivation du relais. Si la mesure est instable (en raison de variations rapides du niveau, etc.), cette valeur emp\u00eache l&rsquo;instabilit\u00e9 du relais et ses activations et d\u00e9sactivations rapides. Selon l&rsquo;application, elle doit \u00eatre r\u00e9gl\u00e9e sur une valeur appropri\u00e9e. P2 &#8211; Type de sortie de relais (Mode de fonctionnement) :0 =&gt; La sortie de relais est d\u00e9sactiv\u00e9e.1 =&gt; La sortie de relais est active en continu.2 =&gt; Le relais se d\u00e9clenche lorsque la valeur r\u00e9gl\u00e9e est atteinte et la maintient en dessous de la valeur r\u00e9gl\u00e9e moins la valeur d&rsquo;hyst\u00e9r\u00e9sis. (Logique directe)3 =&gt; Le relais se d\u00e9clenche lorsque la valeur r\u00e9gl\u00e9e est atteinte et la maintient au-dessus de la valeur r\u00e9gl\u00e9e moins la valeur d&rsquo;hyst\u00e9r\u00e9sis. (Logique inverse) P3 &#8211; Menu r\u00e9serv\u00e9 : Menu ferm\u00e9.P4 &#8211; Codes d&rsquo;information sur le calibrage et calibrage automatique :Ce menu contient les codes d&rsquo;information sur le calibrage, les informations relatives \u00e0 la mesure et les r\u00e9glages des intervalles de calibrage enregistr\u00e9s en m\u00e9moire.Codes d&rsquo;erreur de calibrage :1o =&gt; Le calibrage sup\u00e9rieur est plus grand que le calibrage inf\u00e9rieur, donc le calibrage est correct.1E =&gt; Le calibrage inf\u00e9rieur est plus grand que le calibrage sup\u00e9rieur, donc le calibrage est incorrect.2o =&gt; La diff\u00e9rence entre le calibrage sup\u00e9rieur et le calibrage inf\u00e9rieur est appropri\u00e9e pour l&rsquo;\u00e9chelle.2H =&gt; La diff\u00e9rence entre le calibrage sup\u00e9rieur et le calibrage inf\u00e9rieur est grande ; pas appropri\u00e9 pour l&rsquo;\u00e9chelle.2E =&gt; La diff\u00e9rence entre le calibrage sup\u00e9rieur et le calibrage inf\u00e9rieur est petite ; pas appropri\u00e9 pour l&rsquo;\u00e9chelle.3o =&gt; La valeur de capacit\u00e9 instantan\u00e9e re\u00e7ue est dans l&rsquo;intervalle de calibrage r\u00e9gl\u00e9.3H =&gt; L&rsquo;appareil est \u00e0 99 ; la valeur de capacit\u00e9 instantan\u00e9e re\u00e7ue est sup\u00e9rieure \u00e0 la valeur de calibrage sup\u00e9rieure.3A =&gt; L&rsquo;appareil est \u00e0 00 ; la valeur de capacit\u00e9 instantan\u00e9e re\u00e7ue est inf\u00e9rieure \u00e0 la valeur de calibrage inf\u00e9rieure. CALIBRAGE :Le calibrage de l&rsquo;appareil peut \u00eatre effectu\u00e9 comme suit. Utilisez les boutons &lt;\u2191&gt; et &lt;\u2193&gt; pour effectuer le calibrage bas ou haut. Utilisez &lt;\u2191&gt; pour le calibrage haut et &lt;\u2193&gt; pour le calibrage bas. Pour effectuer un calibrage sup\u00e9rieur, appuyez sur le bouton pendant ~2 secondes lorsque l&rsquo;appareil est en mode de mesure normal. Pour le calibrage inf\u00e9rieur, appuyez de la m\u00eame mani\u00e8re pendant ~2 secondes sur le bouton.Lorsque le calibrage est termin\u00e9, \u00ab\u00a0o\u00a0\u00bb clignote trois fois \u00e0 l&rsquo;\u00e9cran, puis la nouvelle valeur de mesure est affich\u00e9e (normalement, \u00ab\u00a00\u00a0\u00bb est affich\u00e9 apr\u00e8s le calibrage bas, et \u00ab\u00a099\u00a0\u00bb apr\u00e8s le calibrage haut).Le calibrage se fait en deux \u00e9tapes. La premi\u00e8re \u00e9tape est le calibrage bas, qui d\u00e9termine le point z\u00e9ro. Pour cela, la pointe du capteur doit \u00eatre plac\u00e9e au niveau le plus bas \u00e0 mesurer et calibr\u00e9e comme expliqu\u00e9. Apr\u00e8s le calibrage, \u00ab\u00a00\u00a0\u00bb doit \u00eatre affich\u00e9 \u00e0 l&rsquo;\u00e9cran. Le calibrage bas ne doit pas \u00eatre effectu\u00e9 dans l&rsquo;air, car la capacit\u00e9 de l&rsquo;air sera diff\u00e9rente de celle au niveau le plus bas, et le capteur affichera une valeur diff\u00e9rente de \u00ab\u00a00\u00a0\u00bb lorsque le niveau est au plus bas.De m\u00eame, le calibrage haut doit \u00eatre effectu\u00e9 une fois que la pointe du capteur est au niveau le plus haut. Cela permet d&rsquo;\u00e9chelonner correctement les deux points.Pendant le calibrage, une mesure aussi constante que possible est n\u00e9cessaire pour assurer la fiabilit\u00e9 du calibrage. Une mauvaise connexion \u00e0 la terre ou des probl\u00e8mes de contact entre la carte de terre, la carte du capteur ou des d\u00e9fauts de contact peuvent entra\u00eener des probl\u00e8mes de calibrage et des changements de capacit\u00e9 et de valeur inattendus pendant la mesure normale.L&rsquo;objet calibr\u00e9 doit absolument \u00eatre dans la plage de mesure du capteur. Sinon, les deux points ne seront pas correctement \u00e9chelonn\u00e9s.Si pour une raison quelconque le calibrage bas ou haut n&rsquo;est pas correct, le calibrage doit \u00eatre refait en tenant compte des avertissements ci-dessus. Le calibrage bas et haut peut \u00eatre effectu\u00e9 ind\u00e9pendamment l&rsquo;un de l&rsquo;autre.<\/p>\n","protected":false},"author":1,"featured_media":0,"parent":0,"menu_order":0,"comment_status":"closed","ping_status":"closed","template":"","meta":{"_acf_changed":false,"site-sidebar-layout":"no-sidebar","site-content-layout":"page-builder","ast-site-content-layout":"full-width-container","site-content-style":"default","site-sidebar-style":"default","ast-global-header-display":"","ast-banner-title-visibility":"","ast-main-header-display":"","ast-hfb-above-header-display":"","ast-hfb-below-header-display":"","ast-hfb-mobile-header-display":"","site-post-title":"disabled","ast-breadcrumbs-content":"","ast-featured-img":"disabled","footer-sml-layout":"","theme-transparent-header-meta":"default","adv-header-id-meta":"","stick-header-meta":"","header-above-stick-meta":"","header-main-stick-meta":"","header-below-stick-meta":"","astra-migrate-meta-layouts":"set","ast-page-background-enabled":"default","ast-page-background-meta":{"desktop":{"background-color":"var(--ast-global-color-4)","background-image":"","background-repeat":"repeat","background-position":"center center","background-size":"auto","background-attachment":"scroll","background-type":"","background-media":"","overlay-type":"","overlay-color":"","overlay-opacity":"","overlay-gradient":""},"tablet":{"background-color":"","background-image":"","background-repeat":"repeat","background-position":"center center","background-size":"auto","background-attachment":"scroll","background-type":"","background-media":"","overlay-type":"","overlay-color":"","overlay-opacity":"","overlay-gradient":""},"mobile":{"background-color":"","background-image":"","background-repeat":"repeat","background-position":"center center","background-size":"auto","background-attachment":"scroll","background-type":"","background-media":"","overlay-type":"","overlay-color":"","overlay-opacity":"","overlay-gradient":""}},"ast-content-background-meta":{"desktop":{"background-color":"var(--ast-global-color-5)","background-image":"","background-repeat":"repeat","background-position":"center center","background-size":"auto","background-attachment":"scroll","background-type":"","background-media":"","overlay-type":"","overlay-color":"","overlay-opacity":"","overlay-gradient":""},"tablet":{"background-color":"var(--ast-global-color-5)","background-image":"","background-repeat":"repeat","background-position":"center center","background-size":"auto","background-attachment":"scroll","background-type":"","background-media":"","overlay-type":"","overlay-color":"","overlay-opacity":"","overlay-gradient":""},"mobile":{"background-color":"var(--ast-global-color-5)","background-image":"","background-repeat":"repeat","background-position":"center center","background-size":"auto","background-attachment":"scroll","background-type":"","background-media":"","overlay-type":"","overlay-color":"","overlay-opacity":"","overlay-gradient":""}},"footnotes":""},"class_list":["post-11350","page","type-page","status-publish","hentry"],"acf":[],"_links":{"self":[{"href":"https:\/\/endustriyel.com\/fr\/wp-json\/wp\/v2\/pages\/11350","targetHints":{"allow":["GET"]}}],"collection":[{"href":"https:\/\/endustriyel.com\/fr\/wp-json\/wp\/v2\/pages"}],"about":[{"href":"https:\/\/endustriyel.com\/fr\/wp-json\/wp\/v2\/types\/page"}],"author":[{"embeddable":true,"href":"https:\/\/endustriyel.com\/fr\/wp-json\/wp\/v2\/users\/1"}],"replies":[{"embeddable":true,"href":"https:\/\/endustriyel.com\/fr\/wp-json\/wp\/v2\/comments?post=11350"}],"version-history":[{"count":0,"href":"https:\/\/endustriyel.com\/fr\/wp-json\/wp\/v2\/pages\/11350\/revisions"}],"wp:attachment":[{"href":"https:\/\/endustriyel.com\/fr\/wp-json\/wp\/v2\/media?parent=11350"}],"curies":[{"name":"wp","href":"https:\/\/api.w.org\/{rel}","templated":true}]}}