{"id":4822,"date":"2024-03-23T16:57:39","date_gmt":"2024-03-23T13:57:39","guid":{"rendered":"https:\/\/endustriyel.com\/urun\/pfc-kompanzasyon-panolari-ic-kapakli\/"},"modified":"2024-04-18T13:02:56","modified_gmt":"2024-04-18T10:02:56","slug":"pfc-compensation-panels-with-inner-cover","status":"publish","type":"product","link":"https:\/\/endustriyel.com\/en\/urun\/pfc-compensation-panels-with-inner-cover\/","title":{"rendered":"PFC Compensation Panels with Inner Cover"},"content":{"rendered":"<p>All of the sheet metal parts and switchgear material groups used in the manufacturing of INDUSTRIAL, type tested and TSE certified electrical panels are produced worldwide.<br \/>\nThese are branded products that comply with the standards.<br \/>\nCompensation panels are made with features that will not be affected by rain, sun and other outdoor conditions if used in outdoor conditions.<br \/>\nNote: Special panels, which we call external type, are made for outdoor environments.<\/p>\n","protected":false},"excerpt":{"rendered":"<ul>\n<li>Panolar\u0131m\u0131z\u0131n sac aksamlar\u0131 en y\u00fcksek teknoloji ile d\u00fcnya standartlar\u0131nda imal edilmektedir.<\/li>\n<li>\u00dcr\u00fcnlerimizde kullan\u0131lan saclar, Erdemir mam\u00fclleri olup, DKP sac, 6112 DIN EN 10130\u201399 DC01, galvaniz sac 1311 DIN EN 10142\u201300 DX51 D+Z, paslanmaz sac ise 304 veya 316 (1,4301) normlar\u0131na uygun kalitededir.<\/li>\n<li>\u00dcretti\u011fimiz elektrik panolar\u0131, 5000 A\u2019e kadar test edilmi\u015f ve belgelendirilmi\u015ftir. Ayr\u0131ca panolar\u0131m\u0131z, d\u0131\u015far\u0131dan gelebilecek toz di\u011fer partik\u00fcl s\u0131z\u0131nt\u0131lar\u0131na kar\u015f\u0131 IP44 \u015fartlar\u0131nda koruma sa\u011flamaktad\u0131r.<\/li>\n<\/ul>\n","protected":false},"featured_media":3592,"comment_status":"open","ping_status":"closed","template":"","meta":{"_acf_changed":false,"site-sidebar-layout":"default","site-content-layout":"","ast-site-content-layout":"default","site-content-style":"default","site-sidebar-style":"default","ast-global-header-display":"","ast-banner-title-visibility":"","ast-main-header-display":"","ast-hfb-above-header-display":"","ast-hfb-below-header-display":"","ast-hfb-mobile-header-display":"","site-post-title":"","ast-breadcrumbs-content":"","ast-featured-img":"","footer-sml-layout":"","theme-transparent-header-meta":"default","adv-header-id-meta":"","stick-header-meta":"","header-above-stick-meta":"","header-main-stick-meta":"","header-below-stick-meta":"","astra-migrate-meta-layouts":"set","ast-page-background-enabled":"default","ast-page-background-meta":{"desktop":{"background-color":"var(--ast-global-color-4)","background-image":"","background-repeat":"repeat","background-position":"center center","background-size":"auto","background-attachment":"scroll","background-type":"","background-media":"","overlay-type":"","overlay-color":"","overlay-opacity":"","overlay-gradient":""},"tablet":{"background-color":"","background-image":"","background-repeat":"repeat","background-position":"center center","background-size":"auto","background-attachment":"scroll","background-type":"","background-media":"","overlay-type":"","overlay-color":"","overlay-opacity":"","overlay-gradient":""},"mobile":{"background-color":"","background-image":"","background-repeat":"repeat","background-position":"center center","background-size":"auto","background-attachment":"scroll","background-type":"","background-media":"","overlay-type":"","overlay-color":"","overlay-opacity":"","overlay-gradient":""}},"ast-content-background-meta":{"desktop":{"background-color":"var(--ast-global-color-5)","background-image":"","background-repeat":"repeat","background-position":"center center","background-size":"auto","background-attachment":"scroll","background-type":"","background-media":"","overlay-type":"","overlay-color":"","overlay-opacity":"","overlay-gradient":""},"tablet":{"background-color":"var(--ast-global-color-5)","background-image":"","background-repeat":"repeat","background-position":"center center","background-size":"auto","background-attachment":"scroll","background-type":"","background-media":"","overlay-type":"","overlay-color":"","overlay-opacity":"","overlay-gradient":""},"mobile":{"background-color":"var(--ast-global-color-5)","background-image":"","background-repeat":"repeat","background-position":"center center","background-size":"auto","background-attachment":"scroll","background-type":"","background-media":"","overlay-type":"","overlay-color":"","overlay-opacity":"","overlay-gradient":""}}},"product_cat":[158],"product_tag":[],"class_list":{"0":"post-4822","1":"product","2":"type-product","3":"status-publish","4":"has-post-thumbnail","6":"product_cat-electrical-control-and-distribution-systems","7":"desktop-align-left","8":"tablet-align-left","9":"mobile-align-left","11":"first","12":"instock","13":"shipping-taxable","14":"product-type-simple"},"acf":[],"_links":{"self":[{"href":"https:\/\/endustriyel.com\/en\/wp-json\/wp\/v2\/product\/4822","targetHints":{"allow":["GET"]}}],"collection":[{"href":"https:\/\/endustriyel.com\/en\/wp-json\/wp\/v2\/product"}],"about":[{"href":"https:\/\/endustriyel.com\/en\/wp-json\/wp\/v2\/types\/product"}],"replies":[{"embeddable":true,"href":"https:\/\/endustriyel.com\/en\/wp-json\/wp\/v2\/comments?post=4822"}],"wp:featuredmedia":[{"embeddable":true,"href":"https:\/\/endustriyel.com\/en\/wp-json\/wp\/v2\/media\/3592"}],"wp:attachment":[{"href":"https:\/\/endustriyel.com\/en\/wp-json\/wp\/v2\/media?parent=4822"}],"wp:term":[{"taxonomy":"product_cat","embeddable":true,"href":"https:\/\/endustriyel.com\/en\/wp-json\/wp\/v2\/product_cat?post=4822"},{"taxonomy":"product_tag","embeddable":true,"href":"https:\/\/endustriyel.com\/en\/wp-json\/wp\/v2\/product_tag?post=4822"}],"curies":[{"name":"wp","href":"https:\/\/api.w.org\/{rel}","templated":true}]}}