{"id":9808,"date":"2024-04-29T17:05:11","date_gmt":"2024-04-29T14:05:11","guid":{"rendered":"https:\/\/endustriyel.com\/teknik-servis-departmani\/"},"modified":"2024-06-02T23:21:18","modified_gmt":"2024-06-02T20:21:18","slug":"technical-service-department","status":"publish","type":"page","link":"https:\/\/endustriyel.com\/en\/technical-service-department\/","title":{"rendered":"Technical Service Department"},"content":{"rendered":"\t\t<div data-elementor-type=\"wp-page\" data-elementor-id=\"9808\" class=\"elementor elementor-9808 elementor-6980\" data-elementor-post-type=\"page\">\n\t\t\t\t\t\t<section class=\"elementor-section elementor-top-section elementor-element elementor-element-565bd6f elementor-section-full_width elementor-section-stretched elementor-section-height-default elementor-section-height-default wpr-particle-no wpr-jarallax-no wpr-parallax-no wpr-sticky-section-no\" data-id=\"565bd6f\" data-element_type=\"section\" data-settings=\"{&quot;stretch_section&quot;:&quot;section-stretched&quot;,&quot;background_background&quot;:&quot;classic&quot;,&quot;shape_divider_bottom&quot;:&quot;opacity-tilt&quot;}\">\n\t\t\t\t\t\t\t<div class=\"elementor-background-overlay\"><\/div>\n\t\t\t\t\t\t<div class=\"elementor-shape elementor-shape-bottom\" data-negative=\"false\">\n\t\t\t<svg xmlns=\"http:\/\/www.w3.org\/2000\/svg\" viewBox=\"0 0 2600 131.1\" preserveAspectRatio=\"none\">\n\t<path class=\"elementor-shape-fill\" d=\"M0 0L2600 0 2600 69.1 0 0z\"\/>\n\t<path class=\"elementor-shape-fill\" style=\"opacity:0.5\" d=\"M0 0L2600 0 2600 69.1 0 69.1z\"\/>\n\t<path class=\"elementor-shape-fill\" style=\"opacity:0.25\" d=\"M2600 0L0 0 0 130.1 2600 69.1z\"\/>\n<\/svg>\t\t<\/div>\n\t\t\t\t\t<div class=\"elementor-container elementor-column-gap-no\">\n\t\t\t\t\t<div class=\"elementor-column elementor-col-100 elementor-top-column elementor-element elementor-element-2adbd42\" data-id=\"2adbd42\" data-element_type=\"column\">\n\t\t\t<div class=\"elementor-widget-wrap elementor-element-populated\">\n\t\t\t\t\t\t<section class=\"elementor-section elementor-inner-section elementor-element elementor-element-3b27a88 elementor-section-boxed elementor-section-height-default elementor-section-height-default wpr-particle-no wpr-jarallax-no wpr-parallax-no wpr-sticky-section-no\" data-id=\"3b27a88\" data-element_type=\"section\">\n\t\t\t\t\t\t<div class=\"elementor-container elementor-column-gap-default\">\n\t\t\t\t\t<div class=\"elementor-column elementor-col-50 elementor-inner-column elementor-element elementor-element-538f448\" data-id=\"538f448\" data-element_type=\"column\">\n\t\t\t<div class=\"elementor-widget-wrap elementor-element-populated\">\n\t\t\t\t\t\t<div class=\"elementor-element elementor-element-e3e8376 elementor-icon-list--layout-inline elementor-list-item-link-full_width elementor-widget elementor-widget-icon-list\" data-id=\"e3e8376\" data-element_type=\"widget\" data-widget_type=\"icon-list.default\">\n\t\t\t\t<div class=\"elementor-widget-container\">\n\t\t\t<link rel=\"stylesheet\" href=\"https:\/\/endustriyel.com\/wp-content\/uploads\/elementor\/css\/custom-widget-icon-list.min.css?ver=1730881101\">\t\t<ul class=\"elementor-icon-list-items elementor-inline-items\">\n\t\t\t\t\t\t\t<li class=\"elementor-icon-list-item elementor-inline-item\">\n\t\t\t\t\t\t\t\t\t\t\t<a href=\"https:\/\/endustriyel.com\/en\/\">\n\n\t\t\t\t\t\t\t\t\t\t\t\t<span class=\"elementor-icon-list-icon\">\n\t\t\t\t\t\t\t<i aria-hidden=\"true\" class=\"icon icon-home1\"><\/i>\t\t\t\t\t\t<\/span>\n\t\t\t\t\t\t\t\t\t\t<span class=\"elementor-icon-list-text\">Home page<\/span>\n\t\t\t\t\t\t\t\t\t\t\t<\/a>\n\t\t\t\t\t\t\t\t\t<\/li>\n\t\t\t\t\t\t\t\t<li class=\"elementor-icon-list-item elementor-inline-item\">\n\t\t\t\t\t\t\t\t\t\t\t<span class=\"elementor-icon-list-icon\">\n\t\t\t\t\t\t\t<i aria-hidden=\"true\" class=\"icon icon-right-arrow1\"><\/i>\t\t\t\t\t\t<\/span>\n\t\t\t\t\t\t\t\t\t\t<span class=\"elementor-icon-list-text\"><\/span>\n\t\t\t\t\t\t\t\t\t<\/li>\n\t\t\t\t\t\t<\/ul>\n\t\t\t\t<\/div>\n\t\t\t\t<\/div>\n\t\t\t\t\t<\/div>\n\t\t<\/div>\n\t\t\t\t<div class=\"elementor-column elementor-col-50 elementor-inner-column elementor-element elementor-element-4bb6b55\" data-id=\"4bb6b55\" data-element_type=\"column\">\n\t\t\t<div class=\"elementor-widget-wrap\">\n\t\t\t\t\t\t\t<\/div>\n\t\t<\/div>\n\t\t\t\t\t<\/div>\n\t\t<\/section>\n\t\t\t\t\t<\/div>\n\t\t<\/div>\n\t\t\t\t\t<\/div>\n\t\t<\/section>\n\t\t<div class=\"elementor-element elementor-element-3c0726d e-flex e-con-boxed wpr-particle-no wpr-jarallax-no wpr-parallax-no wpr-sticky-section-no e-con e-parent\" data-id=\"3c0726d\" data-element_type=\"container\" data-settings=\"{&quot;background_background&quot;:&quot;classic&quot;}\">\n\t\t\t\t\t<div class=\"e-con-inner\">\n\t\t<div class=\"elementor-element elementor-element-14cb283 e-con-full e-flex wpr-sticky-section-no e-con e-child\" data-id=\"14cb283\" data-element_type=\"container\" data-settings=\"{&quot;background_background&quot;:&quot;classic&quot;}\">\n\t\t\t\t<div class=\"elementor-element elementor-element-3923670 elementor-widget elementor-widget-image\" data-id=\"3923670\" data-element_type=\"widget\" data-widget_type=\"image.default\">\n\t\t\t\t<div class=\"elementor-widget-container\">\n\t\t\t<style>\/*! elementor - v3.23.0 - 05-08-2024 *\/\n.elementor-widget-image{text-align:center}.elementor-widget-image a{display:inline-block}.elementor-widget-image a img[src$=\".svg\"]{width:48px}.elementor-widget-image img{vertical-align:middle;display:inline-block}<\/style>\t\t\t\t\t\t\t\t\t\t<img fetchpriority=\"high\" decoding=\"async\" width=\"2000\" height=\"2000\" src=\"https:\/\/endustriyel.com\/wp-content\/uploads\/2024\/06\/technical-service-endustriyel.jpg\" class=\"attachment-full size-full wp-image-13468\" alt=\"\" srcset=\"https:\/\/endustriyel.com\/wp-content\/uploads\/2024\/06\/technical-service-endustriyel.jpg 2000w, https:\/\/endustriyel.com\/wp-content\/uploads\/2024\/06\/technical-service-endustriyel-300x300.jpg 300w, https:\/\/endustriyel.com\/wp-content\/uploads\/2024\/06\/technical-service-endustriyel-1024x1024.jpg 1024w, https:\/\/endustriyel.com\/wp-content\/uploads\/2024\/06\/technical-service-endustriyel-150x150.jpg 150w, https:\/\/endustriyel.com\/wp-content\/uploads\/2024\/06\/technical-service-endustriyel-768x768.jpg 768w, https:\/\/endustriyel.com\/wp-content\/uploads\/2024\/06\/technical-service-endustriyel-1536x1536.jpg 1536w, https:\/\/endustriyel.com\/wp-content\/uploads\/2024\/06\/technical-service-endustriyel-600x600.jpg 600w, https:\/\/endustriyel.com\/wp-content\/uploads\/2024\/06\/technical-service-endustriyel-100x100.jpg 100w\" sizes=\"(max-width: 2000px) 100vw, 2000px\" \/>\t\t\t\t\t\t\t\t\t\t\t\t\t<\/div>\n\t\t\t\t<\/div>\n\t\t\t\t<\/div>\n\t\t<div class=\"elementor-element elementor-element-c8e6d9f e-flex e-con-boxed wpr-particle-no wpr-jarallax-no wpr-parallax-no wpr-sticky-section-no elementor-invisible e-con e-child\" data-id=\"c8e6d9f\" data-element_type=\"container\" data-settings=\"{&quot;animation&quot;:&quot;fadeIn&quot;,&quot;background_background&quot;:&quot;classic&quot;}\">\n\t\t\t\t\t<div class=\"e-con-inner\">\n\t\t\t\t<div class=\"elementor-element elementor-element-703e193 elementor-widget elementor-widget-heading\" data-id=\"703e193\" data-element_type=\"widget\" data-widget_type=\"heading.default\">\n\t\t\t\t<div class=\"elementor-widget-container\">\n\t\t\t<style>\/*! elementor - v3.23.0 - 05-08-2024 *\/\n.elementor-heading-title{padding:0;margin:0;line-height:1}.elementor-widget-heading .elementor-heading-title[class*=elementor-size-]>a{color:inherit;font-size:inherit;line-height:inherit}.elementor-widget-heading .elementor-heading-title.elementor-size-small{font-size:15px}.elementor-widget-heading .elementor-heading-title.elementor-size-medium{font-size:19px}.elementor-widget-heading .elementor-heading-title.elementor-size-large{font-size:29px}.elementor-widget-heading .elementor-heading-title.elementor-size-xl{font-size:39px}.elementor-widget-heading .elementor-heading-title.elementor-size-xxl{font-size:59px}<\/style><h2 class=\"elementor-heading-title elementor-size-default\">END\u00dcSTR\u0130YEL ELEKTR\u0130K<\/h2>\t\t<\/div>\n\t\t\t\t<\/div>\n\t\t\t\t<div class=\"elementor-element elementor-element-d7612ed elementor-widget elementor-widget-heading\" data-id=\"d7612ed\" data-element_type=\"widget\" data-widget_type=\"heading.default\">\n\t\t\t\t<div class=\"elementor-widget-container\">\n\t\t\t<h2 class=\"elementor-heading-title elementor-size-default\">Technical Service Department\n<\/h2>\t\t<\/div>\n\t\t\t\t<\/div>\n\t\t\t\t<div class=\"elementor-element elementor-element-9a11547 elementor-widget elementor-widget-text-editor\" data-id=\"9a11547\" data-element_type=\"widget\" data-widget_type=\"text-editor.default\">\n\t\t\t\t<div class=\"elementor-widget-container\">\n\t\t\t<style>\/*! elementor - v3.23.0 - 05-08-2024 *\/\n.elementor-widget-text-editor.elementor-drop-cap-view-stacked .elementor-drop-cap{background-color:#69727d;color:#fff}.elementor-widget-text-editor.elementor-drop-cap-view-framed .elementor-drop-cap{color:#69727d;border:3px solid;background-color:transparent}.elementor-widget-text-editor:not(.elementor-drop-cap-view-default) .elementor-drop-cap{margin-top:8px}.elementor-widget-text-editor:not(.elementor-drop-cap-view-default) .elementor-drop-cap-letter{width:1em;height:1em}.elementor-widget-text-editor .elementor-drop-cap{float:left;text-align:center;line-height:1;font-size:50px}.elementor-widget-text-editor .elementor-drop-cap-letter{display:inline-block}<\/style>\t\t\t\t<p><strong>Every project taken, every request of our customers, is under INDUSTRIAL assurance.<\/strong><\/p><p>END\u00dcSTR\u0130YEL&#8217;s basic approach to technical services is to provide the fastest, most reliable, most accurate service to its customers in the most economical way, and it constantly makes investments to improve its services, provide technical service diversity and closely follow the ever-changing and developing technology. .<\/p><p>Our technical service is equipped with all necessary equipment and spare parts. Our company offers a comprehensive technical service against all problems that may arise after the installation and commissioning of our projects.<\/p><p>The warranty begins on the date the projects are delivered to the customer. During the warranty period, malfunctions that may arise from manufacturing, assembly or materials in our projects, repair or complete part replacement and labor related to the malfunction are covered by INDUSTRIAL without charging any fee to the customer.<\/p>\t\t\t\t\t\t<\/div>\n\t\t\t\t<\/div>\n\t\t\t\t\t<\/div>\n\t\t\t\t<\/div>\n\t\t\t\t\t<\/div>\n\t\t\t\t<\/div>\n\t\t<div class=\"elementor-element elementor-element-9fc1b29 e-flex e-con-boxed wpr-particle-no wpr-jarallax-no wpr-parallax-no wpr-sticky-section-no e-con e-parent\" data-id=\"9fc1b29\" data-element_type=\"container\" data-settings=\"{&quot;background_background&quot;:&quot;classic&quot;}\">\n\t\t\t\t\t<div class=\"e-con-inner\">\n\t\t<div class=\"elementor-element elementor-element-65299d6 e-con-full e-flex wpr-sticky-section-no e-con e-child\" data-id=\"65299d6\" data-element_type=\"container\" data-settings=\"{&quot;background_background&quot;:&quot;classic&quot;}\">\n\t\t\t\t<div class=\"elementor-element elementor-element-e67dce3 elementor-widget elementor-widget-heading\" data-id=\"e67dce3\" data-element_type=\"widget\" data-widget_type=\"heading.default\">\n\t\t\t\t<div class=\"elementor-widget-container\">\n\t\t\t<h2 class=\"elementor-heading-title elementor-size-default\">More<\/h2>\t\t<\/div>\n\t\t\t\t<\/div>\n\t\t\t\t<div class=\"elementor-element elementor-element-a61efa4 elementor-widget elementor-widget-text-editor\" data-id=\"a61efa4\" data-element_type=\"widget\" data-widget_type=\"text-editor.default\">\n\t\t\t\t<div class=\"elementor-widget-container\">\n\t\t\t\t\t\t\t<p><strong>Fault Response and Repair<\/strong><br \/>While technical services are provided free of charge for our projects that are still under warranty, our technical services continue as spare parts and service for our customers whose warranty coverage has expired.<\/p><p>Our technical services vary as remote access and on-site service. Malfunctions that occur or may occur in factories are primarily intervened with the remote access system, and if the problem cannot be solved remotely, on-site support is provided.<\/p><p><br \/><strong>Spare Parts Maintenance and Repair<\/strong><br \/>Our technical service also provides service for our customers&#8217; malfunctioning equipment. These equipment that reach our company are first recorded and fault diagnosed.<\/p><p>Then, the necessary repair procedure is run and the fault of the spare part is eliminated. A report is kept for parts and equipment that cannot be repaired or that are excessively damaged, and the customer is informed. If there is no user error and the warranty period has not expired, the part will be replaced with a new one. User errors and parts whose warranty period has expired are reported to the customer in detail and invoiced.<\/p>\t\t\t\t\t\t<\/div>\n\t\t\t\t<\/div>\n\t\t\t\t<\/div>\n\t\t\t\t\t<\/div>\n\t\t\t\t<\/div>\n\t\t\t\t<\/div>\n\t\t","protected":false},"excerpt":{"rendered":"<p>Home page END\u00dcSTR\u0130YEL ELEKTR\u0130K Technical Service Department Every project taken, every request of our customers, is under INDUSTRIAL assurance. END\u00dcSTR\u0130YEL&#8217;s basic approach to technical services is to provide the fastest, most reliable, most accurate service to its customers in the most economical way, and it constantly makes investments to improve its services, provide technical service diversity and closely follow the ever-changing and developing technology. . Our technical service is equipped with all necessary equipment and spare parts. Our company offers a comprehensive technical service against all problems that may arise after the installation and commissioning of our projects. The warranty begins on the date the projects are delivered to the customer. During the warranty period, malfunctions that may arise from manufacturing, assembly or materials in our projects, repair or complete part replacement and labor related to the malfunction are covered by INDUSTRIAL without charging any fee to the customer. More Fault Response and RepairWhile technical services are provided free of charge for our projects that are still under warranty, our technical services continue as spare parts and service for our customers whose warranty coverage has expired. Our technical services vary as remote access and on-site service. Malfunctions that occur or may occur in factories are primarily intervened with the remote access system, and if the problem cannot be solved remotely, on-site support is provided. Spare Parts Maintenance and RepairOur technical service also provides service for our customers&#8217; malfunctioning equipment. These equipment that reach our company are first recorded and fault diagnosed. Then, the necessary repair procedure is run and the fault of the spare part is eliminated. A report is kept for parts and equipment that cannot be repaired or that are excessively damaged, and the customer is informed. If there is no user error and the warranty period has not expired, the part will be replaced with a new one. User errors and parts whose warranty period has expired are reported to the customer in detail and invoiced.<\/p>\n","protected":false},"author":1,"featured_media":0,"parent":0,"menu_order":0,"comment_status":"closed","ping_status":"closed","template":"","meta":{"_acf_changed":false,"site-sidebar-layout":"no-sidebar","site-content-layout":"page-builder","ast-site-content-layout":"full-width-container","site-content-style":"default","site-sidebar-style":"default","ast-global-header-display":"","ast-banner-title-visibility":"","ast-main-header-display":"","ast-hfb-above-header-display":"","ast-hfb-below-header-display":"","ast-hfb-mobile-header-display":"","site-post-title":"disabled","ast-breadcrumbs-content":"","ast-featured-img":"disabled","footer-sml-layout":"","theme-transparent-header-meta":"default","adv-header-id-meta":"","stick-header-meta":"","header-above-stick-meta":"","header-main-stick-meta":"","header-below-stick-meta":"","astra-migrate-meta-layouts":"set","ast-page-background-enabled":"default","ast-page-background-meta":{"desktop":{"background-color":"var(--ast-global-color-4)","background-image":"","background-repeat":"repeat","background-position":"center center","background-size":"auto","background-attachment":"scroll","background-type":"","background-media":"","overlay-type":"","overlay-color":"","overlay-opacity":"","overlay-gradient":""},"tablet":{"background-color":"","background-image":"","background-repeat":"repeat","background-position":"center center","background-size":"auto","background-attachment":"scroll","background-type":"","background-media":"","overlay-type":"","overlay-color":"","overlay-opacity":"","overlay-gradient":""},"mobile":{"background-color":"","background-image":"","background-repeat":"repeat","background-position":"center center","background-size":"auto","background-attachment":"scroll","background-type":"","background-media":"","overlay-type":"","overlay-color":"","overlay-opacity":"","overlay-gradient":""}},"ast-content-background-meta":{"desktop":{"background-color":"var(--ast-global-color-5)","background-image":"","background-repeat":"repeat","background-position":"center center","background-size":"auto","background-attachment":"scroll","background-type":"","background-media":"","overlay-type":"","overlay-color":"","overlay-opacity":"","overlay-gradient":""},"tablet":{"background-color":"var(--ast-global-color-5)","background-image":"","background-repeat":"repeat","background-position":"center center","background-size":"auto","background-attachment":"scroll","background-type":"","background-media":"","overlay-type":"","overlay-color":"","overlay-opacity":"","overlay-gradient":""},"mobile":{"background-color":"var(--ast-global-color-5)","background-image":"","background-repeat":"repeat","background-position":"center center","background-size":"auto","background-attachment":"scroll","background-type":"","background-media":"","overlay-type":"","overlay-color":"","overlay-opacity":"","overlay-gradient":""}},"footnotes":""},"class_list":["post-9808","page","type-page","status-publish","hentry"],"acf":[],"_links":{"self":[{"href":"https:\/\/endustriyel.com\/en\/wp-json\/wp\/v2\/pages\/9808","targetHints":{"allow":["GET"]}}],"collection":[{"href":"https:\/\/endustriyel.com\/en\/wp-json\/wp\/v2\/pages"}],"about":[{"href":"https:\/\/endustriyel.com\/en\/wp-json\/wp\/v2\/types\/page"}],"author":[{"embeddable":true,"href":"https:\/\/endustriyel.com\/en\/wp-json\/wp\/v2\/users\/1"}],"replies":[{"embeddable":true,"href":"https:\/\/endustriyel.com\/en\/wp-json\/wp\/v2\/comments?post=9808"}],"version-history":[{"count":0,"href":"https:\/\/endustriyel.com\/en\/wp-json\/wp\/v2\/pages\/9808\/revisions"}],"wp:attachment":[{"href":"https:\/\/endustriyel.com\/en\/wp-json\/wp\/v2\/media?parent=9808"}],"curies":[{"name":"wp","href":"https:\/\/api.w.org\/{rel}","templated":true}]}}