{"id":11338,"date":"2024-05-23T15:47:15","date_gmt":"2024-05-23T12:47:15","guid":{"rendered":"https:\/\/endustriyel.com\/blog\/"},"modified":"2024-07-30T09:45:30","modified_gmt":"2024-07-30T06:45:30","slug":"blog","status":"publish","type":"page","link":"https:\/\/endustriyel.com\/en\/blog\/","title":{"rendered":"Blog"},"content":{"rendered":"\t\t<div data-elementor-type=\"wp-page\" data-elementor-id=\"11338\" class=\"elementor elementor-11338 elementor-11326\" data-elementor-post-type=\"page\">\n\t\t\t\t\t\t<section class=\"elementor-section elementor-top-section elementor-element elementor-element-2520408 elementor-section-height-min-height elementor-section-boxed elementor-section-height-default elementor-section-items-middle wpr-particle-no wpr-jarallax-no wpr-parallax-no wpr-sticky-section-no\" data-id=\"2520408\" data-element_type=\"section\" data-settings=\"{&quot;background_background&quot;:&quot;classic&quot;}\">\n\t\t\t\t\t\t<div class=\"elementor-container elementor-column-gap-default\">\n\t\t\t\t\t<div class=\"elementor-column elementor-col-100 elementor-top-column elementor-element elementor-element-1b8e68b\" data-id=\"1b8e68b\" data-element_type=\"column\">\n\t\t\t<div class=\"elementor-widget-wrap elementor-element-populated\">\n\t\t\t\t\t\t<div class=\"elementor-element elementor-element-16104a5 elementor-widget elementor-widget-heading\" data-id=\"16104a5\" data-element_type=\"widget\" data-widget_type=\"heading.default\">\n\t\t\t\t<div class=\"elementor-widget-container\">\n\t\t\t<style>\/*! elementor - v3.23.0 - 05-08-2024 *\/\n.elementor-heading-title{padding:0;margin:0;line-height:1}.elementor-widget-heading .elementor-heading-title[class*=elementor-size-]>a{color:inherit;font-size:inherit;line-height:inherit}.elementor-widget-heading .elementor-heading-title.elementor-size-small{font-size:15px}.elementor-widget-heading .elementor-heading-title.elementor-size-medium{font-size:19px}.elementor-widget-heading .elementor-heading-title.elementor-size-large{font-size:29px}.elementor-widget-heading .elementor-heading-title.elementor-size-xl{font-size:39px}.elementor-widget-heading .elementor-heading-title.elementor-size-xxl{font-size:59px}<\/style><h2 class=\"elementor-heading-title elementor-size-default\">Blog<\/h2>\t\t<\/div>\n\t\t\t\t<\/div>\n\t\t\t\t\t<\/div>\n\t\t<\/div>\n\t\t\t\t\t<\/div>\n\t\t<\/section>\n\t\t\t\t<section class=\"elementor-section elementor-top-section elementor-element elementor-element-a0b2dbf elementor-section-boxed elementor-section-height-default elementor-section-height-default wpr-particle-no wpr-jarallax-no wpr-parallax-no wpr-sticky-section-no\" data-id=\"a0b2dbf\" data-element_type=\"section\">\n\t\t\t\t\t\t<div class=\"elementor-container elementor-column-gap-default\">\n\t\t\t\t\t<div class=\"elementor-column elementor-col-100 elementor-top-column elementor-element elementor-element-49f65f5f\" data-id=\"49f65f5f\" data-element_type=\"column\">\n\t\t\t<div class=\"elementor-widget-wrap elementor-element-populated\">\n\t\t\t\t\t\t<div class=\"elementor-element elementor-element-7ec79ba wpr-grid-columns--tablet1 wpr-grid-columns-3 wpr-grid-columns--widescreen3 wpr-grid-columns--laptop3 wpr-grid-columns--mobile1 wpr-grid-pagination-center wpr-item-styles-inner elementor-invisible elementor-widget elementor-widget-wpr-grid\" data-id=\"7ec79ba\" data-element_type=\"widget\" data-settings=\"{&quot;_animation&quot;:&quot;fadeIn&quot;}\" data-widget_type=\"wpr-grid.default\">\n\t\t\t\t<div class=\"elementor-widget-container\">\n\t\t\t<ul class=\"wpr-grid-filters elementor-clearfix wpr-grid-filters-sep-right\"><li class=\" wpr-pointer-none wpr-pointer-line-fx wpr-pointer-fx-none\"><span data-filter=\"*\" class=\"wpr-active-filter \">T\u00fcm Yaz\u0131lar<\/span><em class=\"wpr-grid-filters-sep\"><\/em><\/li><li class=\" wpr-pointer-none wpr-pointer-line-fx wpr-pointer-fx-none\"><span  data-filter=\".category-innovative-solutions\">Innovative Solutions<\/span><em class=\"wpr-grid-filters-sep\"><\/em><\/li><li class=\" wpr-pointer-none wpr-pointer-line-fx wpr-pointer-fx-none\"><span  data-filter=\".category-solar-energy-systems\">Solar Energy Systems<\/span><em class=\"wpr-grid-filters-sep\"><\/em><\/li><li class=\" wpr-pointer-none wpr-pointer-line-fx wpr-pointer-fx-none\"><span  data-filter=\".category-the-future-of-electronic-cards\">The Future of Electronic Cards<\/span><em class=\"wpr-grid-filters-sep\"><\/em><\/li><\/ul><section class=\"wpr-grid elementor-clearfix\" data-settings=\"{&quot;layout&quot;:&quot;masonry&quot;,&quot;stick_last_element_to_bottom&quot;:&quot;no&quot;,&quot;columns_desktop&quot;:&quot;3&quot;,&quot;gutter_hr&quot;:25,&quot;gutter_hr_mobile&quot;:25,&quot;gutter_hr_mobile_extra&quot;:25,&quot;gutter_hr_tablet&quot;:25,&quot;gutter_hr_tablet_extra&quot;:25,&quot;gutter_hr_laptop&quot;:25,&quot;gutter_hr_widescreen&quot;:25,&quot;gutter_vr&quot;:30,&quot;gutter_vr_mobile&quot;:30,&quot;gutter_vr_mobile_extra&quot;:30,&quot;gutter_vr_tablet&quot;:30,&quot;gutter_vr_tablet_extra&quot;:30,&quot;gutter_vr_laptop&quot;:30,&quot;gutter_vr_widescreen&quot;:30,&quot;animation&quot;:&quot;default&quot;,&quot;animation_duration&quot;:0.299999999999999988897769753748434595763683319091796875,&quot;animation_delay&quot;:0.1000000000000000055511151231257827021181583404541015625,&quot;deeplinking&quot;:&quot;&quot;,&quot;filters_linkable&quot;:&quot;no&quot;,&quot;filters_default_filter&quot;:&quot;&quot;,&quot;filters_count&quot;:&quot;&quot;,&quot;filters_hide_empty&quot;:&quot;no&quot;,&quot;filters_animation&quot;:&quot;default&quot;,&quot;filters_animation_duration&quot;:0.299999999999999988897769753748434595763683319091796875,&quot;filters_animation_delay&quot;:0.1000000000000000055511151231257827021181583404541015625,&quot;pagination_type&quot;:&quot;default&quot;,&quot;pagination_max_pages&quot;:1,&quot;lightbox&quot;:{&quot;selector&quot;:&quot;.wpr-grid-image-wrap&quot;,&quot;iframeMaxWidth&quot;:&quot;60%&quot;,&quot;hash&quot;:false,&quot;autoplay&quot;:&quot;true&quot;,&quot;pause&quot;:5000,&quot;progressBar&quot;:&quot;true&quot;,&quot;counter&quot;:&quot;true&quot;,&quot;controls&quot;:&quot;true&quot;,&quot;getCaptionFromTitleOrAlt&quot;:&quot;true&quot;,&quot;thumbnail&quot;:&quot;&quot;,&quot;showThumbByDefault&quot;:&quot;&quot;,&quot;share&quot;:&quot;&quot;,&quot;zoom&quot;:&quot;true&quot;,&quot;fullScreen&quot;:&quot;true&quot;,&quot;download&quot;:&quot;true&quot;}}\"><article class=\"wpr-grid-item elementor-clearfix post-10139 post type-post status-publish format-standard has-post-thumbnail hentry category-solar-energy-systems\"><div class=\"wpr-grid-item-inner\"><div class=\"wpr-grid-media-wrap wpr-effect-size-medium \" data-overlay-link=\"yes\"><div class=\"wpr-grid-image-wrap\" data-src=\"https:\/\/endustriyel.com\/wp-content\/uploads\/2024\/03\/solar-enerji.jpg\" data-img-on-hover=\"\"  data-src-secondary=\"\"><img decoding=\"async\" data-no-lazy=\"1\" src=\"https:\/\/endustriyel.com\/wp-content\/uploads\/2024\/03\/solar-enerji.jpg\" alt=\"&#8220;Industrial Uses of Solar Energy Panels&#8221;\" class=\"wpr-anim-timing-ease-default\"><\/div><div class=\"wpr-grid-media-hover wpr-animation-wrap\"><div class=\"wpr-grid-media-hover-bg  wpr-overlay-fade-in wpr-anim-size-large wpr-anim-timing-ease-default wpr-anim-transparency\" data-url=\"https:\/\/endustriyel.com\/en\/industrial-uses-of-solar-energy-panels\/\"><\/div><\/div><\/div><div class=\"wpr-grid-item-below-content elementor-clearfix\"><h2 class=\"wpr-grid-item-title elementor-repeater-item-ed06ca0 wpr-grid-item-display-block wpr-grid-item-align-left wpr-pointer-none wpr-pointer-line-fx wpr-pointer-fx-fade\"><div class=\"inner-block\"><a target=\"_self\"  href=\"https:\/\/endustriyel.com\/en\/industrial-uses-of-solar-energy-panels\/\">&#8220;Industrial Uses of Solar Energy Panels&#8221;<\/a><\/div><\/h2><div class=\"wpr-grid-item-date elementor-repeater-item-a4e9fd2 wpr-grid-item-display-inline wpr-grid-item-align-left\"><div class=\"inner-block\"><span>25 March 2024<span class=\"wpr-grid-extra-text-right\">\/<\/span><\/span><\/div><\/div><div class=\"wpr-grid-item-excerpt elementor-repeater-item-d85a36b wpr-grid-item-display-block wpr-grid-item-align-left\"><div class=\"inner-block\"><p>Today, while the need for energy is increasing rapidly, the demand for sustainable and environmentally friendly energy resources is&hellip;<\/p><\/div><\/div><\/div><\/div><\/article><article class=\"wpr-grid-item elementor-clearfix post-10010 post type-post status-publish format-standard has-post-thumbnail hentry category-innovative-solutions\"><div class=\"wpr-grid-item-inner\"><div class=\"wpr-grid-media-wrap wpr-effect-size-medium \" data-overlay-link=\"yes\"><div class=\"wpr-grid-image-wrap\" data-src=\"https:\/\/endustriyel.com\/wp-content\/uploads\/2024\/03\/mekanik-departmani-endustriyel-1.jpg\" data-img-on-hover=\"\"  data-src-secondary=\"\"><img decoding=\"async\" data-no-lazy=\"1\" src=\"https:\/\/endustriyel.com\/wp-content\/uploads\/2024\/03\/mekanik-departmani-endustriyel-1.jpg\" alt=\"&#8220;Innovative Solutions in Industrial Electrical Systems&#8221;\" class=\"wpr-anim-timing-ease-default\"><\/div><div class=\"wpr-grid-media-hover wpr-animation-wrap\"><div class=\"wpr-grid-media-hover-bg  wpr-overlay-fade-in wpr-anim-size-large wpr-anim-timing-ease-default wpr-anim-transparency\" data-url=\"https:\/\/endustriyel.com\/en\/innovative-solutions-in-industrial-electrical-systems\/\"><\/div><\/div><\/div><div class=\"wpr-grid-item-below-content elementor-clearfix\"><h2 class=\"wpr-grid-item-title elementor-repeater-item-ed06ca0 wpr-grid-item-display-block wpr-grid-item-align-left wpr-pointer-none wpr-pointer-line-fx wpr-pointer-fx-fade\"><div class=\"inner-block\"><a target=\"_self\"  href=\"https:\/\/endustriyel.com\/en\/innovative-solutions-in-industrial-electrical-systems\/\">&#8220;Innovative Solutions in Industrial Electrical Systems&#8221;<\/a><\/div><\/h2><div class=\"wpr-grid-item-date elementor-repeater-item-a4e9fd2 wpr-grid-item-display-inline wpr-grid-item-align-left\"><div class=\"inner-block\"><span>25 March 2024<span class=\"wpr-grid-extra-text-right\">\/<\/span><\/span><\/div><\/div><div class=\"wpr-grid-item-excerpt elementor-repeater-item-d85a36b wpr-grid-item-display-block wpr-grid-item-align-left\"><div class=\"inner-block\"><p>Innovative Solutions in Industrial Electrical Systems; \u00a0 Industrial electrical systems are critical components that form the backbone of modern&hellip;<\/p><\/div><\/div><\/div><\/div><\/article><article class=\"wpr-grid-item elementor-clearfix post-10284 post type-post status-publish format-standard has-post-thumbnail hentry category-the-future-of-electronic-cards tag-endustriyel-elektrik-en tag-inovasyon-en tag-teknoloji-en\"><div class=\"wpr-grid-item-inner\"><div class=\"wpr-grid-media-wrap wpr-effect-size-medium \" data-overlay-link=\"yes\"><div class=\"wpr-grid-image-wrap\" data-src=\"https:\/\/endustriyel.com\/wp-content\/uploads\/2024\/03\/elektronik-kartlar.jpg\" data-img-on-hover=\"\"  data-src-secondary=\"\"><img decoding=\"async\" data-no-lazy=\"1\" src=\"https:\/\/endustriyel.com\/wp-content\/uploads\/2024\/03\/elektronik-kartlar.jpg\" alt=\"&#8220;Industrial Applications and Future of Electronic Cards&#8221;\" class=\"wpr-anim-timing-ease-default\"><\/div><div class=\"wpr-grid-media-hover wpr-animation-wrap\"><div class=\"wpr-grid-media-hover-bg  wpr-overlay-fade-in wpr-anim-size-large wpr-anim-timing-ease-default wpr-anim-transparency\" data-url=\"https:\/\/endustriyel.com\/en\/industrial-applications-and-future-of-electronic-cards\/\"><\/div><\/div><\/div><div class=\"wpr-grid-item-below-content elementor-clearfix\"><h2 class=\"wpr-grid-item-title elementor-repeater-item-ed06ca0 wpr-grid-item-display-block wpr-grid-item-align-left wpr-pointer-none wpr-pointer-line-fx wpr-pointer-fx-fade\"><div class=\"inner-block\"><a target=\"_self\"  href=\"https:\/\/endustriyel.com\/en\/industrial-applications-and-future-of-electronic-cards\/\">&#8220;Industrial Applications and Future of Electronic Cards&#8221;<\/a><\/div><\/h2><div class=\"wpr-grid-item-date elementor-repeater-item-a4e9fd2 wpr-grid-item-display-inline wpr-grid-item-align-left\"><div class=\"inner-block\"><span>23 March 2024<span class=\"wpr-grid-extra-text-right\">\/<\/span><\/span><\/div><\/div><div class=\"wpr-grid-item-excerpt elementor-repeater-item-d85a36b wpr-grid-item-display-block wpr-grid-item-align-left\"><div class=\"inner-block\"><p>Electronic boards are critical components that form the backbone of modern industrial systems. These cards are used in a&hellip;<\/p><\/div><\/div><\/div><\/div><\/article><\/section>\t\t<\/div>\n\t\t\t\t<\/div>\n\t\t\t\t\t<\/div>\n\t\t<\/div>\n\t\t\t\t\t<\/div>\n\t\t<\/section>\n\t\t\t\t<\/div>\n\t\t","protected":false},"excerpt":{"rendered":"<p>Blog T\u00fcm Yaz\u0131lar Elektronik Kartlar\u0131n Gelece\u011fi Solar Enerji Sistemleri Yenilik\u00e7i \u00c7\u00f6z\u00fcmler &#8220;Solar Enerji Panellerinin End\u00fcstriyel Kullan\u0131m Alanlar\u0131&#8221; 25 Mart 2024\/ G\u00fcn\u00fcm\u00fczde enerji ihtiyac\u0131 h\u0131zla artarken, s\u00fcrd\u00fcr\u00fclebilir ve \u00e7evre dostu enerji kaynaklar\u0131na olan talep de y\u00fckselmektedir. Bu ba\u011flamda, solar enerji&hellip; &#8220;End\u00fcstriyel Elektrik Sistemlerinde Yenilik\u00e7i \u00c7\u00f6z\u00fcmler&#8221; 25 Mart 2024\/ End\u00fcstriyel Elektrik Sistemlerinde Yenilik\u00e7i \u00c7\u00f6z\u00fcmler; End\u00fcstriyel elektrik sistemleri, modern end\u00fcstrinin bel kemi\u011fini olu\u015fturan kritik bile\u015fenlerdir. Bu sistemler, \u00fcretim tesislerinden&hellip; &#8220;Elektronik Kartlar\u0131n End\u00fcstriyel Uygulamalar\u0131 ve Gelece\u011fi&#8221; 23 Mart 2024\/ Elektronik kartlar, modern end\u00fcstriyel sistemlerin bel kemi\u011fini olu\u015fturan kritik bile\u015fenlerdir. Bu kartlar, otomasyon sistemlerinden enerji y\u00f6netimine kadar geni\u015f bir&hellip;<\/p>\n","protected":false},"author":1,"featured_media":0,"parent":0,"menu_order":0,"comment_status":"closed","ping_status":"closed","template":"","meta":{"_acf_changed":false,"site-sidebar-layout":"no-sidebar","site-content-layout":"page-builder","ast-site-content-layout":"full-width-container","site-content-style":"default","site-sidebar-style":"default","ast-global-header-display":"","ast-banner-title-visibility":"","ast-main-header-display":"","ast-hfb-above-header-display":"","ast-hfb-below-header-display":"","ast-hfb-mobile-header-display":"","site-post-title":"disabled","ast-breadcrumbs-content":"","ast-featured-img":"disabled","footer-sml-layout":"","theme-transparent-header-meta":"default","adv-header-id-meta":"","stick-header-meta":"","header-above-stick-meta":"","header-main-stick-meta":"","header-below-stick-meta":"","astra-migrate-meta-layouts":"set","ast-page-background-enabled":"default","ast-page-background-meta":{"desktop":{"background-color":"var(--ast-global-color-4)","background-image":"","background-repeat":"repeat","background-position":"center center","background-size":"auto","background-attachment":"scroll","background-type":"","background-media":"","overlay-type":"","overlay-color":"","overlay-opacity":"","overlay-gradient":""},"tablet":{"background-color":"","background-image":"","background-repeat":"repeat","background-position":"center center","background-size":"auto","background-attachment":"scroll","background-type":"","background-media":"","overlay-type":"","overlay-color":"","overlay-opacity":"","overlay-gradient":""},"mobile":{"background-color":"","background-image":"","background-repeat":"repeat","background-position":"center center","background-size":"auto","background-attachment":"scroll","background-type":"","background-media":"","overlay-type":"","overlay-color":"","overlay-opacity":"","overlay-gradient":""}},"ast-content-background-meta":{"desktop":{"background-color":"var(--ast-global-color-5)","background-image":"","background-repeat":"repeat","background-position":"center center","background-size":"auto","background-attachment":"scroll","background-type":"","background-media":"","overlay-type":"","overlay-color":"","overlay-opacity":"","overlay-gradient":""},"tablet":{"background-color":"var(--ast-global-color-5)","background-image":"","background-repeat":"repeat","background-position":"center center","background-size":"auto","background-attachment":"scroll","background-type":"","background-media":"","overlay-type":"","overlay-color":"","overlay-opacity":"","overlay-gradient":""},"mobile":{"background-color":"var(--ast-global-color-5)","background-image":"","background-repeat":"repeat","background-position":"center center","background-size":"auto","background-attachment":"scroll","background-type":"","background-media":"","overlay-type":"","overlay-color":"","overlay-opacity":"","overlay-gradient":""}},"footnotes":""},"class_list":["post-11338","page","type-page","status-publish","hentry"],"acf":[],"_links":{"self":[{"href":"https:\/\/endustriyel.com\/en\/wp-json\/wp\/v2\/pages\/11338","targetHints":{"allow":["GET"]}}],"collection":[{"href":"https:\/\/endustriyel.com\/en\/wp-json\/wp\/v2\/pages"}],"about":[{"href":"https:\/\/endustriyel.com\/en\/wp-json\/wp\/v2\/types\/page"}],"author":[{"embeddable":true,"href":"https:\/\/endustriyel.com\/en\/wp-json\/wp\/v2\/users\/1"}],"replies":[{"embeddable":true,"href":"https:\/\/endustriyel.com\/en\/wp-json\/wp\/v2\/comments?post=11338"}],"version-history":[{"count":0,"href":"https:\/\/endustriyel.com\/en\/wp-json\/wp\/v2\/pages\/11338\/revisions"}],"wp:attachment":[{"href":"https:\/\/endustriyel.com\/en\/wp-json\/wp\/v2\/media?parent=11338"}],"curies":[{"name":"wp","href":"https:\/\/api.w.org\/{rel}","templated":true}]}}