{"id":6654,"date":"2024-04-29T13:21:01","date_gmt":"2024-04-29T10:21:01","guid":{"rendered":"https:\/\/endustriyel.com\/urun\/plc-triyakli-output-modulu\/"},"modified":"2024-05-03T12:11:20","modified_gmt":"2024-05-03T09:11:20","slug":"sps-triac-ausgangsmodul","status":"publish","type":"product","link":"https:\/\/endustriyel.com\/de\/urun\/sps-triac-ausgangsmodul\/","title":{"rendered":"SPS-Triac-Ausgangsmodul"},"content":{"rendered":"<p>Das SPS-Ausgangsmodul bietet eine elektronische Steuerung, indem es die Ausg\u00e4nge der SPS mit einem unabh\u00e4ngigen Triac vollst\u00e4ndig \u00fcberwacht.<br \/>\nf\u00fchrt die Umschaltung durch. Es bietet Hochfrequenzschaltung mit elektronischer Schaltung. Das<br \/>\nDar\u00fcber hinaus bietet es eine einfache Handhabung bei Kabelverbindungen und hilft bei der Verfolgung von Adressen.<br \/>\nEs ist m\u00f6glich. Die steckbare Kabelverbindung erm\u00f6glicht eine schnelle Installation. Der Ausgangsstatus kann mit LEDs \u00fcberwacht werden.<br \/>\nDie rote LED leuchtet, wenn der Ausgang aktiv ist.<\/p>\n","protected":false},"excerpt":{"rendered":"<p>Das SPS-Ausgangsmodul bietet eine elektronische Steuerung, indem es die Ausg\u00e4nge der SPS mit einem unabh\u00e4ngigen Triac vollst\u00e4ndig \u00fcberwacht.<br \/>\nf\u00fchrt die Umschaltung durch. Es bietet Hochfrequenzschaltung mit elektronischer Schaltung. Das<br \/>\nDar\u00fcber hinaus bietet es eine einfache Handhabung bei Kabelverbindungen und hilft bei der Verfolgung von Adressen.<br \/>\nEs ist m\u00f6glich. Die steckbare Kabelverbindung erm\u00f6glicht eine schnelle Installation. Der Ausgangsstatus kann mit LEDs \u00fcberwacht werden.<br \/>\nDie rote LED leuchtet, wenn der Ausgang aktiv ist.<\/p>\n","protected":false},"featured_media":6649,"comment_status":"open","ping_status":"closed","template":"","meta":{"_acf_changed":false,"site-sidebar-layout":"default","site-content-layout":"","ast-site-content-layout":"default","site-content-style":"default","site-sidebar-style":"default","ast-global-header-display":"","ast-banner-title-visibility":"","ast-main-header-display":"","ast-hfb-above-header-display":"","ast-hfb-below-header-display":"","ast-hfb-mobile-header-display":"","site-post-title":"","ast-breadcrumbs-content":"","ast-featured-img":"","footer-sml-layout":"","theme-transparent-header-meta":"default","adv-header-id-meta":"","stick-header-meta":"","header-above-stick-meta":"","header-main-stick-meta":"","header-below-stick-meta":"","astra-migrate-meta-layouts":"set","ast-page-background-enabled":"default","ast-page-background-meta":{"desktop":{"background-color":"var(--ast-global-color-4)","background-image":"","background-repeat":"repeat","background-position":"center center","background-size":"auto","background-attachment":"scroll","background-type":"","background-media":"","overlay-type":"","overlay-color":"","overlay-opacity":"","overlay-gradient":""},"tablet":{"background-color":"","background-image":"","background-repeat":"repeat","background-position":"center center","background-size":"auto","background-attachment":"scroll","background-type":"","background-media":"","overlay-type":"","overlay-color":"","overlay-opacity":"","overlay-gradient":""},"mobile":{"background-color":"","background-image":"","background-repeat":"repeat","background-position":"center center","background-size":"auto","background-attachment":"scroll","background-type":"","background-media":"","overlay-type":"","overlay-color":"","overlay-opacity":"","overlay-gradient":""}},"ast-content-background-meta":{"desktop":{"background-color":"var(--ast-global-color-5)","background-image":"","background-repeat":"repeat","background-position":"center center","background-size":"auto","background-attachment":"scroll","background-type":"","background-media":"","overlay-type":"","overlay-color":"","overlay-opacity":"","overlay-gradient":""},"tablet":{"background-color":"var(--ast-global-color-5)","background-image":"","background-repeat":"repeat","background-position":"center center","background-size":"auto","background-attachment":"scroll","background-type":"","background-media":"","overlay-type":"","overlay-color":"","overlay-opacity":"","overlay-gradient":""},"mobile":{"background-color":"var(--ast-global-color-5)","background-image":"","background-repeat":"repeat","background-position":"center center","background-size":"auto","background-attachment":"scroll","background-type":"","background-media":"","overlay-type":"","overlay-color":"","overlay-opacity":"","overlay-gradient":""}}},"product_cat":[409],"product_tag":[],"class_list":{"0":"post-6654","1":"product","2":"type-product","3":"status-publish","4":"has-post-thumbnail","6":"product_cat-elektronische-produkte","7":"desktop-align-left","8":"tablet-align-left","9":"mobile-align-left","11":"first","12":"instock","13":"shipping-taxable","14":"product-type-simple"},"acf":[],"_links":{"self":[{"href":"https:\/\/endustriyel.com\/de\/wp-json\/wp\/v2\/product\/6654","targetHints":{"allow":["GET"]}}],"collection":[{"href":"https:\/\/endustriyel.com\/de\/wp-json\/wp\/v2\/product"}],"about":[{"href":"https:\/\/endustriyel.com\/de\/wp-json\/wp\/v2\/types\/product"}],"replies":[{"embeddable":true,"href":"https:\/\/endustriyel.com\/de\/wp-json\/wp\/v2\/comments?post=6654"}],"wp:featuredmedia":[{"embeddable":true,"href":"https:\/\/endustriyel.com\/de\/wp-json\/wp\/v2\/media\/6649"}],"wp:attachment":[{"href":"https:\/\/endustriyel.com\/de\/wp-json\/wp\/v2\/media?parent=6654"}],"wp:term":[{"taxonomy":"product_cat","embeddable":true,"href":"https:\/\/endustriyel.com\/de\/wp-json\/wp\/v2\/product_cat?post=6654"},{"taxonomy":"product_tag","embeddable":true,"href":"https:\/\/endustriyel.com\/de\/wp-json\/wp\/v2\/product_tag?post=6654"}],"curies":[{"name":"wp","href":"https:\/\/api.w.org\/{rel}","templated":true}]}}