{"id":6578,"date":"2024-04-25T15:57:53","date_gmt":"2024-04-25T12:57:53","guid":{"rendered":"https:\/\/endustriyel.com\/urun\/flow-balancer-kontrol-unitesi\/"},"modified":"2024-05-03T12:18:19","modified_gmt":"2024-05-03T09:18:19","slug":"flow-balancer-steuereinheit","status":"publish","type":"product","link":"https:\/\/endustriyel.com\/de\/urun\/flow-balancer-steuereinheit\/","title":{"rendered":"Flow Balancer-Steuereinheit"},"content":{"rendered":"<p>Der Durchflussausgleicher wird verwendet, um Weizen verschiedener Arten und Qualit\u00e4ten in den Silos mit der gew\u00fcnschten Geschwindigkeit zu mischen.<br \/>\nEs dient dem pr\u00e4zisen Mischen. Auf diese Weise Produktqualit\u00e4t und Produktion<br \/>\nDie Effizienz kann unter Kontrolle gehalten und die gew\u00fcnschte Kapazit\u00e4t stabil erreicht werden.<br \/>\nsorgt f\u00fcr deren Umsetzung.<br \/>\nDer Durchflussausgleicher misst mit einer maximalen Genauigkeit von \u00b1 1,5 %. Kombiniert mit mechanischen Teilen<br \/>\nDie Durchflussausgleichseinheit berechnet die Durchflussrate und Durchflussmenge des durch das System flie\u00dfenden Produkts<br \/>\nund \u00f6ffnet bzw. schlie\u00dft entsprechend das darauf befindliche Pneumatikventil. Blending-Informationsmaschine<br \/>\nDer Zugriff erfolgt \u00fcber Bedienpanels oder zentrale Steuereinheit,<br \/>\n\u00fcberwacht und ver\u00e4ndert werden k\u00f6nnen. Zus\u00e4tzlich Informationen \u00fcber das Produkt, das das System durchl\u00e4uft, kg\/Stunde oder<br \/>\nEs erm\u00f6glicht eine proportionale \u00dcberwachung (%).<\/p>\n","protected":false},"excerpt":{"rendered":"<p>Der Durchflussausgleicher wird verwendet, um Weizen verschiedener Arten und Qualit\u00e4ten in den Silos mit der gew\u00fcnschten Geschwindigkeit zu mischen.<br \/>\nEs dient dem pr\u00e4zisen Mischen. Auf diese Weise Produktqualit\u00e4t und Produktion<br \/>\nDie Effizienz kann unter Kontrolle gehalten und die gew\u00fcnschte Kapazit\u00e4t stabil erreicht werden.<br \/>\nsorgt f\u00fcr deren Umsetzung.<br \/>\nDer Durchflussausgleicher misst mit einer maximalen Genauigkeit von \u00b1 1,5 %. Kombiniert mit mechanischen Teilen<br \/>\nDie Durchflussausgleichseinheit berechnet die Durchflussrate und Durchflussmenge des durch das System flie\u00dfenden Produkts<br \/>\nund \u00f6ffnet bzw. schlie\u00dft entsprechend das darauf befindliche Pneumatikventil. Blending-Informationsmaschine<br \/>\nDer Zugriff erfolgt \u00fcber Bedienpanels oder zentrale Steuereinheit,<br \/>\n\u00fcberwacht und ver\u00e4ndert werden k\u00f6nnen. Zus\u00e4tzlich Informationen \u00fcber das Produkt, das das System durchl\u00e4uft, kg\/Stunde oder<br \/>\nEs erm\u00f6glicht eine proportionale \u00dcberwachung (%).<\/p>\n","protected":false},"featured_media":6584,"comment_status":"open","ping_status":"closed","template":"","meta":{"_acf_changed":false,"site-sidebar-layout":"default","site-content-layout":"","ast-site-content-layout":"default","site-content-style":"default","site-sidebar-style":"default","ast-global-header-display":"","ast-banner-title-visibility":"","ast-main-header-display":"","ast-hfb-above-header-display":"","ast-hfb-below-header-display":"","ast-hfb-mobile-header-display":"","site-post-title":"","ast-breadcrumbs-content":"","ast-featured-img":"","footer-sml-layout":"","theme-transparent-header-meta":"default","adv-header-id-meta":"","stick-header-meta":"","header-above-stick-meta":"","header-main-stick-meta":"","header-below-stick-meta":"","astra-migrate-meta-layouts":"set","ast-page-background-enabled":"default","ast-page-background-meta":{"desktop":{"background-color":"var(--ast-global-color-4)","background-image":"","background-repeat":"repeat","background-position":"center center","background-size":"auto","background-attachment":"scroll","background-type":"","background-media":"","overlay-type":"","overlay-color":"","overlay-opacity":"","overlay-gradient":""},"tablet":{"background-color":"","background-image":"","background-repeat":"repeat","background-position":"center center","background-size":"auto","background-attachment":"scroll","background-type":"","background-media":"","overlay-type":"","overlay-color":"","overlay-opacity":"","overlay-gradient":""},"mobile":{"background-color":"","background-image":"","background-repeat":"repeat","background-position":"center center","background-size":"auto","background-attachment":"scroll","background-type":"","background-media":"","overlay-type":"","overlay-color":"","overlay-opacity":"","overlay-gradient":""}},"ast-content-background-meta":{"desktop":{"background-color":"var(--ast-global-color-5)","background-image":"","background-repeat":"repeat","background-position":"center center","background-size":"auto","background-attachment":"scroll","background-type":"","background-media":"","overlay-type":"","overlay-color":"","overlay-opacity":"","overlay-gradient":""},"tablet":{"background-color":"var(--ast-global-color-5)","background-image":"","background-repeat":"repeat","background-position":"center center","background-size":"auto","background-attachment":"scroll","background-type":"","background-media":"","overlay-type":"","overlay-color":"","overlay-opacity":"","overlay-gradient":""},"mobile":{"background-color":"var(--ast-global-color-5)","background-image":"","background-repeat":"repeat","background-position":"center center","background-size":"auto","background-attachment":"scroll","background-type":"","background-media":"","overlay-type":"","overlay-color":"","overlay-opacity":"","overlay-gradient":""}}},"product_cat":[409],"product_tag":[],"class_list":{"0":"post-6578","1":"product","2":"type-product","3":"status-publish","4":"has-post-thumbnail","6":"product_cat-elektronische-produkte","7":"desktop-align-left","8":"tablet-align-left","9":"mobile-align-left","11":"first","12":"instock","13":"shipping-taxable","14":"product-type-simple"},"acf":[],"_links":{"self":[{"href":"https:\/\/endustriyel.com\/de\/wp-json\/wp\/v2\/product\/6578","targetHints":{"allow":["GET"]}}],"collection":[{"href":"https:\/\/endustriyel.com\/de\/wp-json\/wp\/v2\/product"}],"about":[{"href":"https:\/\/endustriyel.com\/de\/wp-json\/wp\/v2\/types\/product"}],"replies":[{"embeddable":true,"href":"https:\/\/endustriyel.com\/de\/wp-json\/wp\/v2\/comments?post=6578"}],"wp:featuredmedia":[{"embeddable":true,"href":"https:\/\/endustriyel.com\/de\/wp-json\/wp\/v2\/media\/6584"}],"wp:attachment":[{"href":"https:\/\/endustriyel.com\/de\/wp-json\/wp\/v2\/media?parent=6578"}],"wp:term":[{"taxonomy":"product_cat","embeddable":true,"href":"https:\/\/endustriyel.com\/de\/wp-json\/wp\/v2\/product_cat?post=6578"},{"taxonomy":"product_tag","embeddable":true,"href":"https:\/\/endustriyel.com\/de\/wp-json\/wp\/v2\/product_tag?post=6578"}],"curies":[{"name":"wp","href":"https:\/\/api.w.org\/{rel}","templated":true}]}}