{"id":5876,"date":"2024-04-25T15:27:42","date_gmt":"2024-04-25T12:27:42","guid":{"rendered":"https:\/\/endustriyel.com\/urun\/vals-paneli\/"},"modified":"2024-05-03T13:39:40","modified_gmt":"2024-05-03T10:39:40","slug":"rollpaneel","status":"publish","type":"product","link":"https:\/\/endustriyel.com\/de\/urun\/rollpaneel\/","title":{"rendered":"Rollpaneel"},"content":{"rendered":"<p>Bietet Rollautomatisierung. Gleichzeitige Anzeige der aktuellen Geschwindigkeit und des F\u00fcllstands<br \/>\nwird gefolgt.<\/p>\n<p>Geschwindigkeitsalarm, Hochstromalarm, F\u00fcllstandalarm, Fehlerdank<br \/>\nerleichtert die Nachverfolgung. Die Ein- und Ausschaltstufen der Walze sind programmierbar.<\/p>\n<p>Zur F\u00fchlerlehrenverstellung (f\u00fcr V5-Modell) kann die Rolle am Ger\u00e4t gesteuert werden.<\/p>\n<p>Die Beleuchtungs-LED (f\u00fcr V5-Modell) kann \u00fcber das Ger\u00e4t gesteuert werden.<\/p>\n","protected":false},"excerpt":{"rendered":"<p>Bietet Rollautomatisierung. Gleichzeitige Anzeige der aktuellen Geschwindigkeit und des F\u00fcllstands<br \/>\nwird gefolgt.<\/p>\n<p>Geschwindigkeitsalarm, Hochstromalarm, F\u00fcllstandalarm, Fehlerdank<br \/>\nerleichtert die Nachverfolgung. Die Ein- und Ausschaltstufen der Walze sind programmierbar.<\/p>\n<p>Zur F\u00fchlerlehrenverstellung (f\u00fcr V5-Modell) kann die Rolle am Ger\u00e4t gesteuert werden.<\/p>\n<p>Die Beleuchtungs-LED (f\u00fcr V5-Modell) kann \u00fcber das Ger\u00e4t gesteuert werden.<\/p>\n","protected":false},"featured_media":5882,"comment_status":"open","ping_status":"closed","template":"","meta":{"_acf_changed":false,"site-sidebar-layout":"default","site-content-layout":"","ast-site-content-layout":"default","site-content-style":"default","site-sidebar-style":"default","ast-global-header-display":"","ast-banner-title-visibility":"","ast-main-header-display":"","ast-hfb-above-header-display":"","ast-hfb-below-header-display":"","ast-hfb-mobile-header-display":"","site-post-title":"","ast-breadcrumbs-content":"","ast-featured-img":"","footer-sml-layout":"","theme-transparent-header-meta":"default","adv-header-id-meta":"","stick-header-meta":"","header-above-stick-meta":"","header-main-stick-meta":"","header-below-stick-meta":"","astra-migrate-meta-layouts":"set","ast-page-background-enabled":"default","ast-page-background-meta":{"desktop":{"background-color":"var(--ast-global-color-4)","background-image":"","background-repeat":"repeat","background-position":"center center","background-size":"auto","background-attachment":"scroll","background-type":"","background-media":"","overlay-type":"","overlay-color":"","overlay-opacity":"","overlay-gradient":""},"tablet":{"background-color":"","background-image":"","background-repeat":"repeat","background-position":"center center","background-size":"auto","background-attachment":"scroll","background-type":"","background-media":"","overlay-type":"","overlay-color":"","overlay-opacity":"","overlay-gradient":""},"mobile":{"background-color":"","background-image":"","background-repeat":"repeat","background-position":"center center","background-size":"auto","background-attachment":"scroll","background-type":"","background-media":"","overlay-type":"","overlay-color":"","overlay-opacity":"","overlay-gradient":""}},"ast-content-background-meta":{"desktop":{"background-color":"var(--ast-global-color-5)","background-image":"","background-repeat":"repeat","background-position":"center center","background-size":"auto","background-attachment":"scroll","background-type":"","background-media":"","overlay-type":"","overlay-color":"","overlay-opacity":"","overlay-gradient":""},"tablet":{"background-color":"var(--ast-global-color-5)","background-image":"","background-repeat":"repeat","background-position":"center center","background-size":"auto","background-attachment":"scroll","background-type":"","background-media":"","overlay-type":"","overlay-color":"","overlay-opacity":"","overlay-gradient":""},"mobile":{"background-color":"var(--ast-global-color-5)","background-image":"","background-repeat":"repeat","background-position":"center center","background-size":"auto","background-attachment":"scroll","background-type":"","background-media":"","overlay-type":"","overlay-color":"","overlay-opacity":"","overlay-gradient":""}}},"product_cat":[409],"product_tag":[],"class_list":{"0":"post-5876","1":"product","2":"type-product","3":"status-publish","4":"has-post-thumbnail","6":"product_cat-elektronische-produkte","7":"desktop-align-left","8":"tablet-align-left","9":"mobile-align-left","11":"first","12":"instock","13":"shipping-taxable","14":"product-type-simple"},"acf":[],"_links":{"self":[{"href":"https:\/\/endustriyel.com\/de\/wp-json\/wp\/v2\/product\/5876","targetHints":{"allow":["GET"]}}],"collection":[{"href":"https:\/\/endustriyel.com\/de\/wp-json\/wp\/v2\/product"}],"about":[{"href":"https:\/\/endustriyel.com\/de\/wp-json\/wp\/v2\/types\/product"}],"replies":[{"embeddable":true,"href":"https:\/\/endustriyel.com\/de\/wp-json\/wp\/v2\/comments?post=5876"}],"wp:featuredmedia":[{"embeddable":true,"href":"https:\/\/endustriyel.com\/de\/wp-json\/wp\/v2\/media\/5882"}],"wp:attachment":[{"href":"https:\/\/endustriyel.com\/de\/wp-json\/wp\/v2\/media?parent=5876"}],"wp:term":[{"taxonomy":"product_cat","embeddable":true,"href":"https:\/\/endustriyel.com\/de\/wp-json\/wp\/v2\/product_cat?post=5876"},{"taxonomy":"product_tag","embeddable":true,"href":"https:\/\/endustriyel.com\/de\/wp-json\/wp\/v2\/product_tag?post=5876"}],"curies":[{"name":"wp","href":"https:\/\/api.w.org\/{rel}","templated":true}]}}