{"id":4956,"date":"2024-03-23T16:46:55","date_gmt":"2024-03-23T13:46:55","guid":{"rendered":"https:\/\/endustriyel.com\/urun\/renk-ayirici\/"},"modified":"2024-05-09T14:06:53","modified_gmt":"2024-05-09T11:06:53","slug":"farbsortierer","status":"publish","type":"product","link":"https:\/\/endustriyel.com\/de\/urun\/farbsortierer\/","title":{"rendered":"Farbsortierer"},"content":{"rendered":"<p>TECHNISCHE SPEZIFIKATIONEN<\/p>\n<p>Maximale Kapazit\u00e4t, hervorragende Leistung<br \/>\nSorgt dank LED-Lichtquelle f\u00fcr eine klarere und pr\u00e4zisere Trennung<br \/>\nEs hat eine lange Lebensdauer<br \/>\nPerfekte Trennfunktion durch leistungsstarke High-Pixel-CCD-Sensoren, die zwei Blasarten nutzen, die gleichzeitig von der Front- und R\u00fcckkamera ausgel\u00f6st werden (Smart Blowing Technology)<br \/>\nDank der automatischen Kalibrierung kalibriert es sich in regelm\u00e4\u00dfigen Abst\u00e4nden selbst und Sie m\u00fcssen es nicht anpassen.<br \/>\nDank seiner gewellten Kan\u00e4le sorgt es f\u00fcr einen stabileren Produktfluss und sorgt f\u00fcr eine genaue Trennung auf dem Feld.<br \/>\nDank Sensoren ist es in der Lage, St\u00f6rungen mit \u00e4hnlichen Farben zu klassifizieren.<br \/>\nEs kann viele K\u00f6rner nach Farbfehlern trennen.<br \/>\nEs verf\u00fcgt \u00fcber ein von einer speziellen Software unterst\u00fctztes System, das sich dank der EMBEDDED-Kontrollkarte gegenseitig kontrolliert und \u00fcberpr\u00fcft.<br \/>\nLeicht verst\u00e4ndliche Benutzeroberfl\u00e4che<br \/>\nMit seinem ber\u00fchrungsempfindlichen, leicht verst\u00e4ndlichen Farbbildschirm und der leicht verst\u00e4ndlichen Benutzeroberfl\u00e4che erm\u00f6glicht es dem Bediener eine einfachere und komfortablere Bedienung.<\/p>\n<p>EXRA-FUNKTIONEN<\/p>\n<p>Fotoaufnahmefunktion<br \/>\nFehlerschutz aller elektronischen Komponenten und M\u00f6glichkeit, Fehlermeldungen auf dem Bildschirm zu beobachten<br \/>\nM\u00f6glichkeit, die Qualit\u00e4t und den Wert der Eingangsspannung zu messen und auf dem Bildschirm anzuzeigen<br \/>\nM\u00f6glichkeit zur Auswahl einer Punktgr\u00f6\u00dfe von bis zu 0,04 mm<br \/>\nBei jeder Kamera wird ein 54-mm-Objektiv verwendet<br \/>\nEs wird ein hochaufl\u00f6sender 12,1-Zoll-Touchscreen verwendet<br \/>\nLanglebige LED-Lichttechnik und die M\u00f6glichkeit, die Lichtintensit\u00e4t \u00fcber den Bildschirm einzustellen<br \/>\nKratzfeste Kan\u00e4le<br \/>\nZur K\u00fchlung elektronischer Karten steht ein internes L\u00fcftersystem zur Verf\u00fcgung<br \/>\nHochleistung. Stabile Zuf\u00fchrung, Ausschussrate und Genauigkeit werden erheblich verbessert.<br \/>\nGeringe Bruchrate. Durch die geringere Bewegung und die geringere Kollisionsrate der Materialien ist die Bruchrate deutlich gesunken, was den Kunden zugute kommt.<br \/>\nHohe Kapazit\u00e4t. Ohne Kanalbegrenzung wird das gesamte Band voll ausgenutzt und die Kapazit\u00e4t ist deutlich h\u00f6her.<br \/>\nBequemer und einfacher Austausch des Bandes.<br \/>\nHohe Zuverl\u00e4ssigkeit. Es kommen verschiedene \u00dcberwachungstools zum Einsatz.<br \/>\nF\u00fcr die Installation wird weniger Platz ben\u00f6tigt.<br \/>\nAufgrund der hohen Materialausbeute eignen sie sich auch f\u00fcr die Installation anderer Ger\u00e4te in der Linie.<\/p>\n","protected":false},"excerpt":{"rendered":"<p>Empfindliche CCD-Sensoren. F\u00e4higkeit, jedes Produkt zu erfassen, ohne es zu \u00fcbersehen. Die optische Farbseparationsmaschine unterscheidet Partikel mit schlechter Farbqualit\u00e4t in Getreide- oder H\u00fclsenfruchtprodukten, die die Vorreinigungsphase durchlaufen haben, von guten Produkten.<br \/>\nAuf diese Weise steigt die Qualit\u00e4t des gesiebten und verarbeiteten Produkts um 99,8 %. Die beim Sieben und Unterscheiden mit der Farbsortiermaschine erreichte Produktqualit\u00e4t ist der neueste Stand der heutigen Technik.<\/p>\n","protected":false},"featured_media":3049,"comment_status":"open","ping_status":"closed","template":"","meta":{"_acf_changed":false,"site-sidebar-layout":"default","site-content-layout":"","ast-site-content-layout":"default","site-content-style":"default","site-sidebar-style":"default","ast-global-header-display":"","ast-banner-title-visibility":"","ast-main-header-display":"","ast-hfb-above-header-display":"","ast-hfb-below-header-display":"","ast-hfb-mobile-header-display":"","site-post-title":"","ast-breadcrumbs-content":"","ast-featured-img":"","footer-sml-layout":"","theme-transparent-header-meta":"default","adv-header-id-meta":"","stick-header-meta":"","header-above-stick-meta":"","header-main-stick-meta":"","header-below-stick-meta":"","astra-migrate-meta-layouts":"set","ast-page-background-enabled":"default","ast-page-background-meta":{"desktop":{"background-color":"var(--ast-global-color-4)","background-image":"","background-repeat":"repeat","background-position":"center center","background-size":"auto","background-attachment":"scroll","background-type":"","background-media":"","overlay-type":"","overlay-color":"","overlay-opacity":"","overlay-gradient":""},"tablet":{"background-color":"","background-image":"","background-repeat":"repeat","background-position":"center center","background-size":"auto","background-attachment":"scroll","background-type":"","background-media":"","overlay-type":"","overlay-color":"","overlay-opacity":"","overlay-gradient":""},"mobile":{"background-color":"","background-image":"","background-repeat":"repeat","background-position":"center center","background-size":"auto","background-attachment":"scroll","background-type":"","background-media":"","overlay-type":"","overlay-color":"","overlay-opacity":"","overlay-gradient":""}},"ast-content-background-meta":{"desktop":{"background-color":"var(--ast-global-color-5)","background-image":"","background-repeat":"repeat","background-position":"center center","background-size":"auto","background-attachment":"scroll","background-type":"","background-media":"","overlay-type":"","overlay-color":"","overlay-opacity":"","overlay-gradient":""},"tablet":{"background-color":"var(--ast-global-color-5)","background-image":"","background-repeat":"repeat","background-position":"center center","background-size":"auto","background-attachment":"scroll","background-type":"","background-media":"","overlay-type":"","overlay-color":"","overlay-opacity":"","overlay-gradient":""},"mobile":{"background-color":"var(--ast-global-color-5)","background-image":"","background-repeat":"repeat","background-position":"center center","background-size":"auto","background-attachment":"scroll","background-type":"","background-media":"","overlay-type":"","overlay-color":"","overlay-opacity":"","overlay-gradient":""}}},"product_cat":[566],"product_tag":[346],"class_list":{"0":"post-4956","1":"product","2":"type-product","3":"status-publish","4":"has-post-thumbnail","6":"product_cat-automatische-sortiersysteme","7":"product_tag-renk-ayirici-de","8":"desktop-align-left","9":"tablet-align-left","10":"mobile-align-left","12":"first","13":"onbackorder","14":"shipping-taxable","15":"product-type-simple"},"acf":[],"_links":{"self":[{"href":"https:\/\/endustriyel.com\/de\/wp-json\/wp\/v2\/product\/4956","targetHints":{"allow":["GET"]}}],"collection":[{"href":"https:\/\/endustriyel.com\/de\/wp-json\/wp\/v2\/product"}],"about":[{"href":"https:\/\/endustriyel.com\/de\/wp-json\/wp\/v2\/types\/product"}],"replies":[{"embeddable":true,"href":"https:\/\/endustriyel.com\/de\/wp-json\/wp\/v2\/comments?post=4956"}],"wp:featuredmedia":[{"embeddable":true,"href":"https:\/\/endustriyel.com\/de\/wp-json\/wp\/v2\/media\/3049"}],"wp:attachment":[{"href":"https:\/\/endustriyel.com\/de\/wp-json\/wp\/v2\/media?parent=4956"}],"wp:term":[{"taxonomy":"product_cat","embeddable":true,"href":"https:\/\/endustriyel.com\/de\/wp-json\/wp\/v2\/product_cat?post=4956"},{"taxonomy":"product_tag","embeddable":true,"href":"https:\/\/endustriyel.com\/de\/wp-json\/wp\/v2\/product_tag?post=4956"}],"curies":[{"name":"wp","href":"https:\/\/api.w.org\/{rel}","templated":true}]}}