{"id":4946,"date":"2024-03-23T16:46:55","date_gmt":"2024-03-23T13:46:55","guid":{"rendered":"https:\/\/endustriyel.com\/urun\/mmc-kumanda-panolari\/"},"modified":"2024-05-07T16:48:47","modified_gmt":"2024-05-07T13:48:47","slug":"mmc-bedienfelder","status":"publish","type":"product","link":"https:\/\/endustriyel.com\/de\/urun\/mmc-bedienfelder\/","title":{"rendered":"MMC-Bedienfelder"},"content":{"rendered":"<p>10-002-01 \u2013 BEDIENFELD (MCC)<br \/>\n10-002-01-0008: 210 x 80 x 50 freistehendes MCC-Bedienfeld \u2013 Glas<br \/>\n10-002-01-0095: 210 x 80 x 50 freistehendes MCC-Bedienfeld \u2013 mit Knopfloch und ohne Display<br \/>\n10-002-01-0042: 210 x 80 x 50 freistehendes MCC-Bedienfeld \u2013 mit Knopfloch und Bildschirm<\/p>\n","protected":false},"excerpt":{"rendered":"<p>Unsere MCC-Zentralen enthalten die Hauptversorgungseinheiten und die notwendigen Instrumente zur Steuerung.<br \/>\nDar\u00fcber hinaus verf\u00fcgen diese Panels \u00fcber die notwendige Kommunikationsinfrastruktur f\u00fcr SPS-, zentrale Automatisierungs- und SCADA-Systeme.<br \/>\nBesonderes Augenmerk wird darauf gelegt, dass es sich bei allen Ger\u00e4ten und Schaltanlagenmaterialien, die wir in unseren Schaltschr\u00e4nken verwenden, um qualit\u00e4tszertifizierte Produkte handelt.<br \/>\nAlle Blechteile und Schaltanlagenmaterialgruppen sowie die Materialien, die bei der Herstellung von INDUSTRIAL-, typgepr\u00fcften und TSE-zertifizierten Schaltschr\u00e4nken verwendet werden, sind erstklassige Markenprodukte.<br \/>\nDie von uns hergestellten Schalttafeln sind bis 5000 A gepr\u00fcft und zertifiziert. Unsere Panels bieten Schutz unter IP44-Bedingungen.<\/p>\n","protected":false},"featured_media":3069,"comment_status":"open","ping_status":"closed","template":"","meta":{"_acf_changed":false,"site-sidebar-layout":"default","site-content-layout":"","ast-site-content-layout":"default","site-content-style":"default","site-sidebar-style":"default","ast-global-header-display":"","ast-banner-title-visibility":"","ast-main-header-display":"","ast-hfb-above-header-display":"","ast-hfb-below-header-display":"","ast-hfb-mobile-header-display":"","site-post-title":"","ast-breadcrumbs-content":"","ast-featured-img":"","footer-sml-layout":"","theme-transparent-header-meta":"default","adv-header-id-meta":"","stick-header-meta":"","header-above-stick-meta":"","header-main-stick-meta":"","header-below-stick-meta":"","astra-migrate-meta-layouts":"set","ast-page-background-enabled":"default","ast-page-background-meta":{"desktop":{"background-color":"var(--ast-global-color-4)","background-image":"","background-repeat":"repeat","background-position":"center center","background-size":"auto","background-attachment":"scroll","background-type":"","background-media":"","overlay-type":"","overlay-color":"","overlay-opacity":"","overlay-gradient":""},"tablet":{"background-color":"","background-image":"","background-repeat":"repeat","background-position":"center center","background-size":"auto","background-attachment":"scroll","background-type":"","background-media":"","overlay-type":"","overlay-color":"","overlay-opacity":"","overlay-gradient":""},"mobile":{"background-color":"","background-image":"","background-repeat":"repeat","background-position":"center center","background-size":"auto","background-attachment":"scroll","background-type":"","background-media":"","overlay-type":"","overlay-color":"","overlay-opacity":"","overlay-gradient":""}},"ast-content-background-meta":{"desktop":{"background-color":"var(--ast-global-color-5)","background-image":"","background-repeat":"repeat","background-position":"center center","background-size":"auto","background-attachment":"scroll","background-type":"","background-media":"","overlay-type":"","overlay-color":"","overlay-opacity":"","overlay-gradient":""},"tablet":{"background-color":"var(--ast-global-color-5)","background-image":"","background-repeat":"repeat","background-position":"center center","background-size":"auto","background-attachment":"scroll","background-type":"","background-media":"","overlay-type":"","overlay-color":"","overlay-opacity":"","overlay-gradient":""},"mobile":{"background-color":"var(--ast-global-color-5)","background-image":"","background-repeat":"repeat","background-position":"center center","background-size":"auto","background-attachment":"scroll","background-type":"","background-media":"","overlay-type":"","overlay-color":"","overlay-opacity":"","overlay-gradient":""}}},"product_cat":[162],"product_tag":[322],"class_list":{"0":"post-4946","1":"product","2":"type-product","3":"status-publish","4":"has-post-thumbnail","6":"product_cat-elektrische-steuerungs-und-verteilungssysteme","7":"product_tag-mmc-kumanda-panolari-de","8":"desktop-align-left","9":"tablet-align-left","10":"mobile-align-left","12":"first","13":"instock","14":"shipping-taxable","15":"product-type-simple"},"acf":[],"_links":{"self":[{"href":"https:\/\/endustriyel.com\/de\/wp-json\/wp\/v2\/product\/4946","targetHints":{"allow":["GET"]}}],"collection":[{"href":"https:\/\/endustriyel.com\/de\/wp-json\/wp\/v2\/product"}],"about":[{"href":"https:\/\/endustriyel.com\/de\/wp-json\/wp\/v2\/types\/product"}],"replies":[{"embeddable":true,"href":"https:\/\/endustriyel.com\/de\/wp-json\/wp\/v2\/comments?post=4946"}],"wp:featuredmedia":[{"embeddable":true,"href":"https:\/\/endustriyel.com\/de\/wp-json\/wp\/v2\/media\/3069"}],"wp:attachment":[{"href":"https:\/\/endustriyel.com\/de\/wp-json\/wp\/v2\/media?parent=4946"}],"wp:term":[{"taxonomy":"product_cat","embeddable":true,"href":"https:\/\/endustriyel.com\/de\/wp-json\/wp\/v2\/product_cat?post=4946"},{"taxonomy":"product_tag","embeddable":true,"href":"https:\/\/endustriyel.com\/de\/wp-json\/wp\/v2\/product_tag?post=4946"}],"curies":[{"name":"wp","href":"https:\/\/api.w.org\/{rel}","templated":true}]}}