{"id":4906,"date":"2024-03-23T16:48:00","date_gmt":"2024-03-23T13:48:00","guid":{"rendered":"https:\/\/endustriyel.com\/urun\/merkezi-plc-kontrollu-randiman-kantarlari-500-700-1500-2000-lt\/"},"modified":"2024-12-05T11:59:21","modified_gmt":"2024-12-05T08:59:21","slug":"zentrale-sps-gesteuerte-ertragswaage-500-700-1500-2000-lt","status":"publish","type":"product","link":"https:\/\/endustriyel.com\/de\/urun\/zentrale-sps-gesteuerte-ertragswaage-500-700-1500-2000-lt\/","title":{"rendered":"Zentrale PLC-gesteuerte Ertragswaagen 500\/700\/1500\/2000 L"},"content":{"rendered":"<ul>\n<li>Bei den Leistungswaagesystemen handelt es sich um die Systeme, die zum ununterbrochenen Wiegen der Produkte wie Weizen, Mehl, Kleie usw. bei der Herstellung zu benutzen sind. <\/li>\n<li>Erm\u00f6glicht in den Mehlfabriken die st\u00e4ndige Kontrolle von Kapazit\u00e4ts- und Leistungswerten.<\/li>\n<li>Die st\u00e4ndige Kontrolle von Kapazit\u00e4ts- und Leistungswerten ist eine der wichtigsten Sachen bei der Mehlherstellung.<\/li>\n<li>Aus diesem Grund hat die Leistungswaage in den letzten Jahren stark an Bedeutung gewonnen und begann in den Fabriken benutzt zu werden.<\/li>\n<li>In den Leistungssystemen mit der entwickelten technologischen Infrastruktur kann man w\u00e4hrend der Herstellung jederzeit die Angaben wie Kapazit\u00e4t und Leistung leicht erreichen.<\/li>\n<li>Diese Angaben kann man durch die Bedientafeln, die zentrale Kontrolleinheiten und -beim Internetzugang- aus der Ferne erreichen.<\/li>\n<li>Die Durchflussmenge der eingegangenen Weizen und die Werte von allen dementsprechend gewonnenen Produkten k\u00f6nnen pozentual (%) auf dem Bildschirm beobachtet werden.<\/li>\n<li>Alle Daten k\u00f6nnen in kg\/Stunden, Tonne\/Tag oder prozentual (%) abgelesen werden.<\/li>\n<li>Es k\u00f6nnen die momentane, st\u00fcndliche, schichtbasierte, w\u00f6chentliche und monatliche Herstellungsberichte eingeholt werden.<\/li>\n<li>Alle Messparameter k\u00f6nnen problemlos \u00fcber den Computer eingestellt, ge\u00f6ffnet, geschlossen und berichtet werden.<\/li>\n<li>An das System k\u00f6nnen mehrere Leistungswaagen angeschlossen werden.<\/li>\n<li>Die Berichte in st\u00fcndlichen, 8-st\u00fcndlichen, t\u00e4glichen, w\u00f6chentlichen, monatlichen, j\u00e4hrlichen Perioden eingeholt werden.<\/li>\n<li>Im Fall einer St\u00f6rung ist der Eingriff durch den Fernzugriff per Internet m\u00f6glich.<\/li>\n<\/ul>\n","protected":false},"excerpt":{"rendered":"<p><strong>VORTEILE VON MEHRLEISTUNGSSYSTEMEN<\/strong><\/p>\n<ul>\n<li> Alle Angaben \u00fcber die Herstellung sind jederzeit leicht erreichbar.<\/li>\n<li>Die Durchflussmenge der eingegangenen Weizen und die Werte von allen dementsprechend gewonnenen Produkten k\u00f6nnen pozentual (%) auf dem Bildschirm beobachtet werden.<\/li>\n<li>Alle Daten k\u00f6nnen in kg\/Stunden, Tonne\/Tag oder prozentual (%) abgelesen werden.<\/li>\n<li> Kann in allen mit Windows kompatiblen Programmen funktionieren. An das System k\u00f6nnen mehrere Leistungswaagen (bis 28) angeschlossen werden. <\/li>\n<li>Durch den direkten Zugang auf das System von jedem Ort mit Internetzugang aus k\u00f6nnen die Informationen \u00fcber den Status der Fabrik beobachtet werden.<\/li>\n<li>Es k\u00f6nnen die momentane, st\u00fcndliche, schichtbasierte, w\u00f6chentliche und monatliche Herstellungsberichte eingeholt werden.<\/li>\n<\/ul>\n","protected":false},"featured_media":4558,"comment_status":"open","ping_status":"closed","template":"","meta":{"_acf_changed":false,"site-sidebar-layout":"default","site-content-layout":"","ast-site-content-layout":"default","site-content-style":"default","site-sidebar-style":"default","ast-global-header-display":"","ast-banner-title-visibility":"","ast-main-header-display":"","ast-hfb-above-header-display":"","ast-hfb-below-header-display":"","ast-hfb-mobile-header-display":"","site-post-title":"","ast-breadcrumbs-content":"","ast-featured-img":"","footer-sml-layout":"","theme-transparent-header-meta":"default","adv-header-id-meta":"","stick-header-meta":"","header-above-stick-meta":"","header-main-stick-meta":"","header-below-stick-meta":"","astra-migrate-meta-layouts":"set","ast-page-background-enabled":"default","ast-page-background-meta":{"desktop":{"background-color":"var(--ast-global-color-4)","background-image":"","background-repeat":"repeat","background-position":"center center","background-size":"auto","background-attachment":"scroll","background-type":"","background-media":"","overlay-type":"","overlay-color":"","overlay-opacity":"","overlay-gradient":""},"tablet":{"background-color":"","background-image":"","background-repeat":"repeat","background-position":"center center","background-size":"auto","background-attachment":"scroll","background-type":"","background-media":"","overlay-type":"","overlay-color":"","overlay-opacity":"","overlay-gradient":""},"mobile":{"background-color":"","background-image":"","background-repeat":"repeat","background-position":"center center","background-size":"auto","background-attachment":"scroll","background-type":"","background-media":"","overlay-type":"","overlay-color":"","overlay-opacity":"","overlay-gradient":""}},"ast-content-background-meta":{"desktop":{"background-color":"var(--ast-global-color-5)","background-image":"","background-repeat":"repeat","background-position":"center center","background-size":"auto","background-attachment":"scroll","background-type":"","background-media":"","overlay-type":"","overlay-color":"","overlay-opacity":"","overlay-gradient":""},"tablet":{"background-color":"var(--ast-global-color-5)","background-image":"","background-repeat":"repeat","background-position":"center center","background-size":"auto","background-attachment":"scroll","background-type":"","background-media":"","overlay-type":"","overlay-color":"","overlay-opacity":"","overlay-gradient":""},"mobile":{"background-color":"var(--ast-global-color-5)","background-image":"","background-repeat":"repeat","background-position":"center center","background-size":"auto","background-attachment":"scroll","background-type":"","background-media":"","overlay-type":"","overlay-color":"","overlay-opacity":"","overlay-gradient":""}}},"product_cat":[257],"product_tag":[],"class_list":{"0":"post-4906","1":"product","2":"type-product","3":"status-publish","4":"has-post-thumbnail","6":"product_cat-effizienzskalen","7":"desktop-align-left","8":"tablet-align-left","9":"mobile-align-left","11":"first","12":"instock","13":"shipping-taxable","14":"product-type-simple"},"acf":[],"_links":{"self":[{"href":"https:\/\/endustriyel.com\/de\/wp-json\/wp\/v2\/product\/4906","targetHints":{"allow":["GET"]}}],"collection":[{"href":"https:\/\/endustriyel.com\/de\/wp-json\/wp\/v2\/product"}],"about":[{"href":"https:\/\/endustriyel.com\/de\/wp-json\/wp\/v2\/types\/product"}],"replies":[{"embeddable":true,"href":"https:\/\/endustriyel.com\/de\/wp-json\/wp\/v2\/comments?post=4906"}],"wp:featuredmedia":[{"embeddable":true,"href":"https:\/\/endustriyel.com\/de\/wp-json\/wp\/v2\/media\/4558"}],"wp:attachment":[{"href":"https:\/\/endustriyel.com\/de\/wp-json\/wp\/v2\/media?parent=4906"}],"wp:term":[{"taxonomy":"product_cat","embeddable":true,"href":"https:\/\/endustriyel.com\/de\/wp-json\/wp\/v2\/product_cat?post=4906"},{"taxonomy":"product_tag","embeddable":true,"href":"https:\/\/endustriyel.com\/de\/wp-json\/wp\/v2\/product_tag?post=4906"}],"curies":[{"name":"wp","href":"https:\/\/api.w.org\/{rel}","templated":true}]}}