{"id":4874,"date":"2024-03-23T16:49:13","date_gmt":"2024-03-23T13:49:13","guid":{"rendered":"https:\/\/endustriyel.com\/urun\/merkezi-plc-kontrollu-randiman-kantarlari-30-60-100-250-lt\/"},"modified":"2024-05-09T14:04:29","modified_gmt":"2024-05-09T11:04:29","slug":"zentrale-sps-gesteuerte-ertragswaage-30-60-100-250-lt","status":"publish","type":"product","link":"https:\/\/endustriyel.com\/de\/urun\/zentrale-sps-gesteuerte-ertragswaage-30-60-100-250-lt\/","title":{"rendered":"Zentrale SPS-gesteuerte Ertragswaage 30\/60\/100\/250 Lt."},"content":{"rendered":"<p>Effizienzskalensysteme; Weizen, Mehl, Kleie usw. Hierbei handelt es sich um Systeme zum Wiegen von Produkten w\u00e4hrend der Produktion, ohne die Produktion zu unterbrechen.<br \/>\nEs sorgt daf\u00fcr, dass Kapazit\u00e4ts- und Effizienzwerte in Mehlfabriken st\u00e4ndig unter Kontrolle gehalten werden.<br \/>\nEine der wichtigsten Aufgaben bei der Mehlproduktion besteht darin, die Kapazit\u00e4ts- und Effizienzwerte st\u00e4ndig unter Kontrolle zu halten.<br \/>\nAus diesem Grund haben Effizienzskalen in den letzten Jahren stark an Bedeutung gewonnen und werden zunehmend auch in Fabriken eingesetzt.<br \/>\nIn Effizienzsystemen mit fortschrittlicher technologischer Infrastruktur k\u00f6nnen Informationen \u00fcber die Produktion wie Kapazit\u00e4ts- und Effizienzwerte jederzeit problemlos abgerufen werden, w\u00e4hrend die Produktion l\u00e4uft.<br \/>\nDer Zugriff auf diese Informationen kann \u00fcber Bedienfelder, zentrale Steuereinheiten und in Umgebungen mit Internetzugang aus viel gr\u00f6\u00dferen Entfernungen erfolgen.<br \/>\nDie Durchflussmenge des zugef\u00fchrten Weizens und die prozentualen Werte aller ausgegebenen Produkte k\u00f6nnen auf dem Bildschirm \u00fcberwacht werden.<br \/>\nAlle Daten k\u00f6nnen als kg\/Stunde, Tonne\/Tag oder proportional (%) abgelesen werden.<br \/>\nEs k\u00f6nnen sofortige, st\u00fcndliche, schichtbasierte, w\u00f6chentliche und monatliche Produktionsberichte abgerufen werden.<br \/>\nAlle Messparameter, Einstellungen, \u00d6ffnen, Schlie\u00dfen und Protokollieren k\u00f6nnen einfach am Computer durchgef\u00fchrt werden.<br \/>\nAn das System k\u00f6nnen viele Effizienzwaagen angeschlossen werden.<br \/>\nBerichte k\u00f6nnen in st\u00fcndlichen, 8-st\u00fcndigen, t\u00e4glichen, w\u00f6chentlichen, monatlichen und j\u00e4hrlichen Zeitr\u00e4umen abgerufen werden.<br \/>\nIm St\u00f6rungsfall kann \u00fcber das Internet ein Fernzugriff erfolgen und die St\u00f6rung behoben werden.<\/p>\n","protected":false},"excerpt":{"rendered":"<p>VIELF\u00c4LTIGE VORTEILE DES EFFIZIENZSYSTEMS<\/p>\n<p>Alle produktionsrelevanten Informationen sind bei Bedarf einfach abrufbar.<br \/>\nDie Durchflussrate des eingegebenen Weizens und die proportionalen (%) Werte aller ausgegebenen Produkte k\u00f6nnen auf dem Bildschirm \u00fcberwacht werden.<br \/>\nAlle Daten k\u00f6nnen als kg\/Stunde, Tonne\/Tag oder proportional (%) abgelesen werden.<br \/>\nEs kann auf allen Programmen ausgef\u00fchrt werden, die unter Windows laufen. An das System k\u00f6nnen zahlreiche Effizienzwaagen (bis zu 28) angeschlossen werden.<br \/>\nInformationen \u00fcber den Status der Fabrik k\u00f6nnen durch direkten Zugriff auf das System von jedem Ort mit Internetzugang aus verfolgt werden.<br \/>\nEs k\u00f6nnen sofortige, st\u00fcndliche, Schicht-, w\u00f6chentliche und monatliche Produktionsberichte abgerufen werden.<\/p>\n","protected":false},"featured_media":4595,"comment_status":"open","ping_status":"closed","template":"","meta":{"_acf_changed":false,"site-sidebar-layout":"default","site-content-layout":"","ast-site-content-layout":"default","site-content-style":"default","site-sidebar-style":"default","ast-global-header-display":"","ast-banner-title-visibility":"","ast-main-header-display":"","ast-hfb-above-header-display":"","ast-hfb-below-header-display":"","ast-hfb-mobile-header-display":"","site-post-title":"","ast-breadcrumbs-content":"","ast-featured-img":"","footer-sml-layout":"","theme-transparent-header-meta":"default","adv-header-id-meta":"","stick-header-meta":"","header-above-stick-meta":"","header-main-stick-meta":"","header-below-stick-meta":"","astra-migrate-meta-layouts":"set","ast-page-background-enabled":"default","ast-page-background-meta":{"desktop":{"background-color":"var(--ast-global-color-4)","background-image":"","background-repeat":"repeat","background-position":"center center","background-size":"auto","background-attachment":"scroll","background-type":"","background-media":"","overlay-type":"","overlay-color":"","overlay-opacity":"","overlay-gradient":""},"tablet":{"background-color":"","background-image":"","background-repeat":"repeat","background-position":"center center","background-size":"auto","background-attachment":"scroll","background-type":"","background-media":"","overlay-type":"","overlay-color":"","overlay-opacity":"","overlay-gradient":""},"mobile":{"background-color":"","background-image":"","background-repeat":"repeat","background-position":"center center","background-size":"auto","background-attachment":"scroll","background-type":"","background-media":"","overlay-type":"","overlay-color":"","overlay-opacity":"","overlay-gradient":""}},"ast-content-background-meta":{"desktop":{"background-color":"var(--ast-global-color-5)","background-image":"","background-repeat":"repeat","background-position":"center center","background-size":"auto","background-attachment":"scroll","background-type":"","background-media":"","overlay-type":"","overlay-color":"","overlay-opacity":"","overlay-gradient":""},"tablet":{"background-color":"var(--ast-global-color-5)","background-image":"","background-repeat":"repeat","background-position":"center center","background-size":"auto","background-attachment":"scroll","background-type":"","background-media":"","overlay-type":"","overlay-color":"","overlay-opacity":"","overlay-gradient":""},"mobile":{"background-color":"var(--ast-global-color-5)","background-image":"","background-repeat":"repeat","background-position":"center center","background-size":"auto","background-attachment":"scroll","background-type":"","background-media":"","overlay-type":"","overlay-color":"","overlay-opacity":"","overlay-gradient":""}}},"product_cat":[257],"product_tag":[],"class_list":{"0":"post-4874","1":"product","2":"type-product","3":"status-publish","4":"has-post-thumbnail","6":"product_cat-effizienzskalen","7":"desktop-align-left","8":"tablet-align-left","9":"mobile-align-left","11":"first","12":"instock","13":"shipping-taxable","14":"product-type-simple"},"acf":[],"_links":{"self":[{"href":"https:\/\/endustriyel.com\/de\/wp-json\/wp\/v2\/product\/4874","targetHints":{"allow":["GET"]}}],"collection":[{"href":"https:\/\/endustriyel.com\/de\/wp-json\/wp\/v2\/product"}],"about":[{"href":"https:\/\/endustriyel.com\/de\/wp-json\/wp\/v2\/types\/product"}],"replies":[{"embeddable":true,"href":"https:\/\/endustriyel.com\/de\/wp-json\/wp\/v2\/comments?post=4874"}],"wp:featuredmedia":[{"embeddable":true,"href":"https:\/\/endustriyel.com\/de\/wp-json\/wp\/v2\/media\/4595"}],"wp:attachment":[{"href":"https:\/\/endustriyel.com\/de\/wp-json\/wp\/v2\/media?parent=4874"}],"wp:term":[{"taxonomy":"product_cat","embeddable":true,"href":"https:\/\/endustriyel.com\/de\/wp-json\/wp\/v2\/product_cat?post=4874"},{"taxonomy":"product_tag","embeddable":true,"href":"https:\/\/endustriyel.com\/de\/wp-json\/wp\/v2\/product_tag?post=4874"}],"curies":[{"name":"wp","href":"https:\/\/api.w.org\/{rel}","templated":true}]}}