{"id":4854,"date":"2024-03-23T16:50:44","date_gmt":"2024-03-23T13:50:44","guid":{"rendered":"https:\/\/endustriyel.com\/urun\/mustakil-plc-kontrollu-randiman-kantarli-tavlama-sistemleri\/"},"modified":"2024-12-05T11:41:25","modified_gmt":"2024-12-05T08:41:25","slug":"freistehende-sps-gesteuerte-effizienzskala-gluehsystemefreistehende-sps-gesteuerte-effizienzskala-gluehsysteme","status":"publish","type":"product","link":"https:\/\/endustriyel.com\/de\/urun\/freistehende-sps-gesteuerte-effizienzskala-gluehsystemefreistehende-sps-gesteuerte-effizienzskala-gluehsysteme\/","title":{"rendered":"Dampfungssysteme mit dediziertem PLC-Steuerung und Ertragswaagen"},"content":{"rendered":"<div class=\"site_wrapper \">\n<div class=\"content_fullwidth less2\">\n<div class=\"container mobildeAc\">\n<div class=\"content_right col-md-8\">\n<div class=\"one_full\">\n<div class=\"tabs-content3 two\">\n<div id=\"example-3-tab-1\" class=\"tabs-panel3\">\n<div class=\"one_half last\">\n<div>\n<ul>\n<li>Die flusskontrollierten eigenst\u00e4ndigen automatischen Temperiersysteme berechnen die ins System aufzunehmende Wassermenge automatisch. Die Weiterleitung des Wassers in festgesetzter Menge ins System erfolgt ebenfalls automatisch. Das abzugebende Wasser kann \u00fcber das Servoventil automatisch oder manuell kontrolliert werden. <\/li>\n<li>Die Durchflussmenge des durch das System durchzuflie\u00dfenden Wassers wird mithilfe des elektronischen Z\u00e4hlers empfindlich gemessen.<\/li>\n<li>Die flusskontrollierten eigenst\u00e4ndigen automatischen Temperiersysteme k\u00f6nnen die Kontrolle durchf\u00fchren, in dem sie st\u00e4ndig mit dem zentralen Steuersystem kommunizieren.<\/li>\n<\/ul>\n<\/div>\n<\/div>\n<\/div>\n<\/div>\n<\/div>\n<\/div>\n<\/div>\n<\/div>\n<\/div>\n<footer id=\"footer\" class=\"footer divider layer-overlay overlay-dark-9 hidden-xs hidden-sm\">\n<div class=\"container pt-70 pb-40\">\n<div class=\"row border-bottom footermenu\">\n<div class=\"col-sm-3 col-md-3 footercizgi\">\n<div class=\"widget dark \"><\/div>\n<\/div>\n<\/div>\n<\/div>\n<\/footer>\n","protected":false},"excerpt":{"rendered":"<ul>\n<li><strong>MERKMALE DES AUTOMATISCHEN TEMPERIERSYSTEMS<\/strong><br \/>\nDie Durchflussmenge des ins System zugehenden Weizens wird mit einer Empfindlichkeit von maximal 2% gemessen, w\u00e4hrend dessen Feuchtigkeit von 7 bis 25% mit einer Empfindlichkeit von \u00b10,3 gemessen wird.<\/li>\n<li>Um in dieser Phase ein bessere Produkt mit h\u00f6herer Qualit\u00e4t gewinnen zu k\u00f6nnen, muss ein bestimmter Feuchtigkeitswert befestigt werden.<\/li>\n<li>Damit der Weizen die gew\u00fcnschte Feuchtigkeit erreicht, ist das nach der Flussmenge des Materials im System gezielte Feuchtigkeitsverh\u00e4ltnis festzusetzen und die dementsprechende Wassermenge ist zu berechnen und dieses Wasser ist ins System zu \u00fcbermitteln.<\/li>\n<\/ul>\n","protected":false},"featured_media":4577,"comment_status":"open","ping_status":"closed","template":"","meta":{"_acf_changed":false,"site-sidebar-layout":"default","site-content-layout":"","ast-site-content-layout":"default","site-content-style":"default","site-sidebar-style":"default","ast-global-header-display":"","ast-banner-title-visibility":"","ast-main-header-display":"","ast-hfb-above-header-display":"","ast-hfb-below-header-display":"","ast-hfb-mobile-header-display":"","site-post-title":"","ast-breadcrumbs-content":"","ast-featured-img":"","footer-sml-layout":"","theme-transparent-header-meta":"default","adv-header-id-meta":"","stick-header-meta":"","header-above-stick-meta":"","header-main-stick-meta":"","header-below-stick-meta":"","astra-migrate-meta-layouts":"set","ast-page-background-enabled":"default","ast-page-background-meta":{"desktop":{"background-color":"var(--ast-global-color-4)","background-image":"","background-repeat":"repeat","background-position":"center center","background-size":"auto","background-attachment":"scroll","background-type":"","background-media":"","overlay-type":"","overlay-color":"","overlay-opacity":"","overlay-gradient":""},"tablet":{"background-color":"","background-image":"","background-repeat":"repeat","background-position":"center center","background-size":"auto","background-attachment":"scroll","background-type":"","background-media":"","overlay-type":"","overlay-color":"","overlay-opacity":"","overlay-gradient":""},"mobile":{"background-color":"","background-image":"","background-repeat":"repeat","background-position":"center center","background-size":"auto","background-attachment":"scroll","background-type":"","background-media":"","overlay-type":"","overlay-color":"","overlay-opacity":"","overlay-gradient":""}},"ast-content-background-meta":{"desktop":{"background-color":"var(--ast-global-color-5)","background-image":"","background-repeat":"repeat","background-position":"center center","background-size":"auto","background-attachment":"scroll","background-type":"","background-media":"","overlay-type":"","overlay-color":"","overlay-opacity":"","overlay-gradient":""},"tablet":{"background-color":"var(--ast-global-color-5)","background-image":"","background-repeat":"repeat","background-position":"center center","background-size":"auto","background-attachment":"scroll","background-type":"","background-media":"","overlay-type":"","overlay-color":"","overlay-opacity":"","overlay-gradient":""},"mobile":{"background-color":"var(--ast-global-color-5)","background-image":"","background-repeat":"repeat","background-position":"center center","background-size":"auto","background-attachment":"scroll","background-type":"","background-media":"","overlay-type":"","overlay-color":"","overlay-opacity":"","overlay-gradient":""}}},"product_cat":[232],"product_tag":[],"class_list":{"0":"post-4854","1":"product","2":"type-product","3":"status-publish","4":"has-post-thumbnail","6":"product_cat-automatische-gluhsysteme","7":"desktop-align-left","8":"tablet-align-left","9":"mobile-align-left","11":"first","12":"instock","13":"shipping-taxable","14":"product-type-simple"},"acf":[],"_links":{"self":[{"href":"https:\/\/endustriyel.com\/de\/wp-json\/wp\/v2\/product\/4854","targetHints":{"allow":["GET"]}}],"collection":[{"href":"https:\/\/endustriyel.com\/de\/wp-json\/wp\/v2\/product"}],"about":[{"href":"https:\/\/endustriyel.com\/de\/wp-json\/wp\/v2\/types\/product"}],"replies":[{"embeddable":true,"href":"https:\/\/endustriyel.com\/de\/wp-json\/wp\/v2\/comments?post=4854"}],"wp:featuredmedia":[{"embeddable":true,"href":"https:\/\/endustriyel.com\/de\/wp-json\/wp\/v2\/media\/4577"}],"wp:attachment":[{"href":"https:\/\/endustriyel.com\/de\/wp-json\/wp\/v2\/media?parent=4854"}],"wp:term":[{"taxonomy":"product_cat","embeddable":true,"href":"https:\/\/endustriyel.com\/de\/wp-json\/wp\/v2\/product_cat?post=4854"},{"taxonomy":"product_tag","embeddable":true,"href":"https:\/\/endustriyel.com\/de\/wp-json\/wp\/v2\/product_tag?post=4854"}],"curies":[{"name":"wp","href":"https:\/\/api.w.org\/{rel}","templated":true}]}}