{"id":4849,"date":"2024-03-23T16:52:08","date_gmt":"2024-03-23T13:52:08","guid":{"rendered":"https:\/\/endustriyel.com\/urun\/akis-kontrollu-hekto-litreli-plc-kontrollu-otomatik-tavlama\/"},"modified":"2024-05-09T14:32:18","modified_gmt":"2024-05-09T11:32:18","slug":"durchflussgesteuerte-hektoliter-sps-gesteuerte-automatische-gluehung","status":"publish","type":"product","link":"https:\/\/endustriyel.com\/de\/urun\/durchflussgesteuerte-hektoliter-sps-gesteuerte-automatische-gluehung\/","title":{"rendered":"Durchflussgesteuerte Hektoliter-SPS-gesteuerte automatische Gl\u00fchung"},"content":{"rendered":"<p>In sich geschlossene, durchflussgesteuerte automatische Gl\u00fchsysteme berechnen automatisch die in das System aufzunehmende Wassermenge und \u00fcbertragen die ermittelte Wassermenge automatisch in das System.<br \/>\nMit dem Servoventil ist es m\u00f6glich, die Wasserabgabe automatisch oder manuell zu steuern.<br \/>\nMithilfe eines elektronischen Messger\u00e4ts wird die Durchflussmenge des durch das System flie\u00dfenden Wassers pr\u00e4zise gemessen.<br \/>\nW\u00e4hrend \u00fcber das Ger\u00e4t mit Hilfe eines Bedieners automatische Gl\u00fchanlagen bedient werden k\u00f6nnen, k\u00f6nnen diese auch \u00fcber eine SPS gesteuert werden, die kontinuierlich mit der zentralen Steuerung kommunizieren kann.<\/p>\n","protected":false},"excerpt":{"rendered":"<p>EIGENSCHAFTEN DES AUTOMATISCHEN Gl\u00fchsystems<br \/>\nDie Durchflussrate des Weizens, der in das System gelangt, wird mit maximal 2 % gemessen, und die Luftfeuchtigkeit wird zwischen 7 und 25 % mit einer Genauigkeit von \u00b10,3 gemessen.<br \/>\nIn diesem Stadium ist es notwendig, einen bestimmten Feuchtigkeitswert festzulegen, um ein besseres und qualitativ hochwertigeres Produkt zu erhalten.<br \/>\nUm den Weizen auf den gew\u00fcnschten Feuchtigkeitsgehalt zu bringen, muss die angestrebte Feuchtigkeitsrate entsprechend der Durchflussmenge des Materials im System bestimmt werden, und dementsprechend muss berechnet werden, wie viel Wasser er erhalten wird, und dieses Wasser muss dem System zugef\u00fchrt werden .v<\/p>\n","protected":false},"featured_media":4547,"comment_status":"open","ping_status":"closed","template":"","meta":{"_acf_changed":false,"site-sidebar-layout":"default","site-content-layout":"","ast-site-content-layout":"default","site-content-style":"default","site-sidebar-style":"default","ast-global-header-display":"","ast-banner-title-visibility":"","ast-main-header-display":"","ast-hfb-above-header-display":"","ast-hfb-below-header-display":"","ast-hfb-mobile-header-display":"","site-post-title":"","ast-breadcrumbs-content":"","ast-featured-img":"","footer-sml-layout":"","theme-transparent-header-meta":"default","adv-header-id-meta":"","stick-header-meta":"","header-above-stick-meta":"","header-main-stick-meta":"","header-below-stick-meta":"","astra-migrate-meta-layouts":"set","ast-page-background-enabled":"default","ast-page-background-meta":{"desktop":{"background-color":"var(--ast-global-color-4)","background-image":"","background-repeat":"repeat","background-position":"center center","background-size":"auto","background-attachment":"scroll","background-type":"","background-media":"","overlay-type":"","overlay-color":"","overlay-opacity":"","overlay-gradient":""},"tablet":{"background-color":"","background-image":"","background-repeat":"repeat","background-position":"center center","background-size":"auto","background-attachment":"scroll","background-type":"","background-media":"","overlay-type":"","overlay-color":"","overlay-opacity":"","overlay-gradient":""},"mobile":{"background-color":"","background-image":"","background-repeat":"repeat","background-position":"center center","background-size":"auto","background-attachment":"scroll","background-type":"","background-media":"","overlay-type":"","overlay-color":"","overlay-opacity":"","overlay-gradient":""}},"ast-content-background-meta":{"desktop":{"background-color":"var(--ast-global-color-5)","background-image":"","background-repeat":"repeat","background-position":"center center","background-size":"auto","background-attachment":"scroll","background-type":"","background-media":"","overlay-type":"","overlay-color":"","overlay-opacity":"","overlay-gradient":""},"tablet":{"background-color":"var(--ast-global-color-5)","background-image":"","background-repeat":"repeat","background-position":"center center","background-size":"auto","background-attachment":"scroll","background-type":"","background-media":"","overlay-type":"","overlay-color":"","overlay-opacity":"","overlay-gradient":""},"mobile":{"background-color":"var(--ast-global-color-5)","background-image":"","background-repeat":"repeat","background-position":"center center","background-size":"auto","background-attachment":"scroll","background-type":"","background-media":"","overlay-type":"","overlay-color":"","overlay-opacity":"","overlay-gradient":""}}},"product_cat":[232],"product_tag":[],"class_list":{"0":"post-4849","1":"product","2":"type-product","3":"status-publish","4":"has-post-thumbnail","6":"product_cat-automatische-gluhsysteme","7":"desktop-align-left","8":"tablet-align-left","9":"mobile-align-left","11":"first","12":"instock","13":"shipping-taxable","14":"product-type-simple"},"acf":[],"_links":{"self":[{"href":"https:\/\/endustriyel.com\/de\/wp-json\/wp\/v2\/product\/4849","targetHints":{"allow":["GET"]}}],"collection":[{"href":"https:\/\/endustriyel.com\/de\/wp-json\/wp\/v2\/product"}],"about":[{"href":"https:\/\/endustriyel.com\/de\/wp-json\/wp\/v2\/types\/product"}],"replies":[{"embeddable":true,"href":"https:\/\/endustriyel.com\/de\/wp-json\/wp\/v2\/comments?post=4849"}],"wp:featuredmedia":[{"embeddable":true,"href":"https:\/\/endustriyel.com\/de\/wp-json\/wp\/v2\/media\/4547"}],"wp:attachment":[{"href":"https:\/\/endustriyel.com\/de\/wp-json\/wp\/v2\/media?parent=4849"}],"wp:term":[{"taxonomy":"product_cat","embeddable":true,"href":"https:\/\/endustriyel.com\/de\/wp-json\/wp\/v2\/product_cat?post=4849"},{"taxonomy":"product_tag","embeddable":true,"href":"https:\/\/endustriyel.com\/de\/wp-json\/wp\/v2\/product_tag?post=4849"}],"curies":[{"name":"wp","href":"https:\/\/api.w.org\/{rel}","templated":true}]}}