{"id":4839,"date":"2024-03-23T16:54:22","date_gmt":"2024-03-23T13:54:22","guid":{"rendered":"https:\/\/endustriyel.com\/urun\/hava-kontrollu-mekanik-debimetre\/"},"modified":"2024-05-09T14:35:26","modified_gmt":"2024-05-09T11:35:26","slug":"mechanischer-durchflussmesser-zur-luftsteuerung","status":"publish","type":"product","link":"https:\/\/endustriyel.com\/de\/urun\/mechanischer-durchflussmesser-zur-luftsteuerung\/","title":{"rendered":"Mechanischer Durchflussmesser zur Luftsteuerung"},"content":{"rendered":"<p>Luftgesteuerte mechanische Durchflussmesser \u00fcbermitteln dank des kapazitiven Sensors, der an der Wareneingabevorrichtung am Eingang der Zwangstemperiermaschine angebracht ist, die w\u00e4hrend des Weizenflusses empfangenen Informationen an die Durchflussmesservorrichtung und starten durch \u00d6ffnen den Wasserfluss das Luftventil.<br \/>\nDank der Durchflusskugel im Durchflussglas wird die Anzahl der Liter\/Liter, die pro Stunde durchflie\u00dfen m\u00fcssen, \u00fcber das Ventil am Einlass eingestellt.<br \/>\nDie Zahlen auf dem Durchflussglas bestimmen den minimalen unteren F\u00fcllstand und den maximalen oberen F\u00fcllstand und zeigen den Liter\/Liter-Durchfluss pro Stunde an. Wenn beispielsweise ein 50\/500-Glas auf dem Durchflussger\u00e4t installiert ist, bedeutet dies, dass mindestens 50 Liter\/Liter vorhanden sind und maximal 500 Liter\/Liter Wasserdurchfluss pro Stunde.<br \/>\nDar\u00fcber hinaus wird dieses Modell unseres Ger\u00e4tes auch in Warmwasserdurchfl\u00fcssen eingesetzt und erm\u00f6glicht einen Wasserdurchfluss bis maximal 30\u00b0.<br \/>\nDurchflussglastypen<br \/>\n15\/150 \u2013 30\/300 \u2013 50\/500 \u2013 100\/1000 \u2013 150\/1500<\/p>\n","protected":false},"excerpt":{"rendered":"<p>Luftgesteuerte mechanische Durchflussmesser \u00fcbermitteln dank des kapazitiven Sensors, der an der Wareneingabevorrichtung am Eingang der Zwangstemperiermaschine angebracht ist, die w\u00e4hrend des Weizenflusses empfangenen Informationen an die Durchflussmesservorrichtung und starten durch \u00d6ffnen den Wasserfluss das Luftventil.<br \/>\nDank der Durchflusskugel im Durchflussglas wird die Anzahl der Liter\/Liter, die pro Stunde durchflie\u00dfen m\u00fcssen, \u00fcber das Ventil am Einlass eingestellt.<br \/>\nDie Zahlen auf dem Durchflussglas bestimmen den minimalen unteren F\u00fcllstand und den maximalen oberen F\u00fcllstand und zeigen den Liter\/Liter-Durchfluss pro Stunde an. Wenn beispielsweise ein 50\/500-Glas auf dem Durchflussger\u00e4t installiert ist, bedeutet dies, dass mindestens 50 Liter\/Liter vorhanden sind und maximal 500 Liter\/Liter Wasserdurchfluss pro Stunde.<br \/>\nDar\u00fcber hinaus wird dieses Modell unseres Ger\u00e4tes auch in Warmwasserdurchfl\u00fcssen eingesetzt und erm\u00f6glicht einen Wasserdurchfluss bis maximal 30\u00b0.<br \/>\nDurchflussglastypen<br \/>\n15\/150 \u2013 30\/300 \u2013 50\/500 \u2013 100\/1000 \u2013 150\/1500<\/p>\n","protected":false},"featured_media":3574,"comment_status":"open","ping_status":"closed","template":"","meta":{"_acf_changed":false,"site-sidebar-layout":"default","site-content-layout":"","ast-site-content-layout":"default","site-content-style":"default","site-sidebar-style":"default","ast-global-header-display":"","ast-banner-title-visibility":"","ast-main-header-display":"","ast-hfb-above-header-display":"","ast-hfb-below-header-display":"","ast-hfb-mobile-header-display":"","site-post-title":"","ast-breadcrumbs-content":"","ast-featured-img":"","footer-sml-layout":"","theme-transparent-header-meta":"default","adv-header-id-meta":"","stick-header-meta":"","header-above-stick-meta":"","header-main-stick-meta":"","header-below-stick-meta":"","astra-migrate-meta-layouts":"set","ast-page-background-enabled":"default","ast-page-background-meta":{"desktop":{"background-color":"var(--ast-global-color-4)","background-image":"","background-repeat":"repeat","background-position":"center center","background-size":"auto","background-attachment":"scroll","background-type":"","background-media":"","overlay-type":"","overlay-color":"","overlay-opacity":"","overlay-gradient":""},"tablet":{"background-color":"","background-image":"","background-repeat":"repeat","background-position":"center center","background-size":"auto","background-attachment":"scroll","background-type":"","background-media":"","overlay-type":"","overlay-color":"","overlay-opacity":"","overlay-gradient":""},"mobile":{"background-color":"","background-image":"","background-repeat":"repeat","background-position":"center center","background-size":"auto","background-attachment":"scroll","background-type":"","background-media":"","overlay-type":"","overlay-color":"","overlay-opacity":"","overlay-gradient":""}},"ast-content-background-meta":{"desktop":{"background-color":"var(--ast-global-color-5)","background-image":"","background-repeat":"repeat","background-position":"center center","background-size":"auto","background-attachment":"scroll","background-type":"","background-media":"","overlay-type":"","overlay-color":"","overlay-opacity":"","overlay-gradient":""},"tablet":{"background-color":"var(--ast-global-color-5)","background-image":"","background-repeat":"repeat","background-position":"center center","background-size":"auto","background-attachment":"scroll","background-type":"","background-media":"","overlay-type":"","overlay-color":"","overlay-opacity":"","overlay-gradient":""},"mobile":{"background-color":"var(--ast-global-color-5)","background-image":"","background-repeat":"repeat","background-position":"center center","background-size":"auto","background-attachment":"scroll","background-type":"","background-media":"","overlay-type":"","overlay-color":"","overlay-opacity":"","overlay-gradient":""}}},"product_cat":[232],"product_tag":[],"class_list":{"0":"post-4839","1":"product","2":"type-product","3":"status-publish","4":"has-post-thumbnail","6":"product_cat-automatische-gluhsysteme","7":"desktop-align-left","8":"tablet-align-left","9":"mobile-align-left","11":"first","12":"instock","13":"shipping-taxable","14":"product-type-simple"},"acf":[],"_links":{"self":[{"href":"https:\/\/endustriyel.com\/de\/wp-json\/wp\/v2\/product\/4839","targetHints":{"allow":["GET"]}}],"collection":[{"href":"https:\/\/endustriyel.com\/de\/wp-json\/wp\/v2\/product"}],"about":[{"href":"https:\/\/endustriyel.com\/de\/wp-json\/wp\/v2\/types\/product"}],"replies":[{"embeddable":true,"href":"https:\/\/endustriyel.com\/de\/wp-json\/wp\/v2\/comments?post=4839"}],"wp:featuredmedia":[{"embeddable":true,"href":"https:\/\/endustriyel.com\/de\/wp-json\/wp\/v2\/media\/3574"}],"wp:attachment":[{"href":"https:\/\/endustriyel.com\/de\/wp-json\/wp\/v2\/media?parent=4839"}],"wp:term":[{"taxonomy":"product_cat","embeddable":true,"href":"https:\/\/endustriyel.com\/de\/wp-json\/wp\/v2\/product_cat?post=4839"},{"taxonomy":"product_tag","embeddable":true,"href":"https:\/\/endustriyel.com\/de\/wp-json\/wp\/v2\/product_tag?post=4839"}],"curies":[{"name":"wp","href":"https:\/\/api.w.org\/{rel}","templated":true}]}}