{"id":4834,"date":"2024-03-23T16:55:59","date_gmt":"2024-03-23T13:55:59","guid":{"rendered":"https:\/\/endustriyel.com\/urun\/ag-og-dagitim-panolari\/"},"modified":"2024-05-09T14:38:35","modified_gmt":"2024-05-09T11:38:35","slug":"lv-mv-distribution-panels","status":"publish","type":"product","link":"https:\/\/endustriyel.com\/de\/urun\/lv-mv-distribution-panels\/","title":{"rendered":"LV &#8211; MV Distribution Panels"},"content":{"rendered":"<p>The sheet metal parts of our panels are manufactured with the highest technology and at world standards.<br \/>\nThe sheets used in our products are Erdemir products, DKP sheet is of quality in accordance with 6112 DIN EN 10130\u201399 DC01, galvanized sheet is of 1311 DIN EN 10142\u201300 DX51 D+Z, and stainless sheet is of 304 or 316 (1.4301) standards.<br \/>\nIn our panels, labeling and cable color coding are done according to their status for ease of installation, fault finding, quick response to errors\/malfunctions and problem solving.<br \/>\nThe electrical panels we produce have been tested and certified up to 5000 A. In addition, our panels provide IP44 protection against dust and other particle leaks that may come from outside.<br \/>\nAll sheet metal parts and switchgear material groups, among the materials used in the manufacturing of INDUSTRIAL, type tested and TSE certified electrical panels, are world-class brand products.<\/p>\n","protected":false},"excerpt":{"rendered":"<p>Die Blechteile unserer Paneele werden mit modernster Technologie und nach Weltstandards hergestellt.<br \/>\nDie in unseren Produkten verwendeten Bleche sind Erdemir-Produkte. DKP-Bleche entsprechen der Qualit\u00e4t 6112 DIN EN 10130\u201399 DC01, verzinkte Bleche entsprechen der Qualit\u00e4t 1311 DIN EN 10142\u201300 DX51 D+Z und rostfreie Bleche entsprechen der G\u00fcteklasse 304 oder 316 ( 1.4301) Standards.<br \/>\nIn unseren Schaltschr\u00e4nken erfolgt die Kennzeichnung und Farbcodierung der Kabel entsprechend ihrem Status, um die Installation, Fehlersuche, schnelle Reaktion auf Fehler\/Fehlfunktionen und Probleml\u00f6sung zu erleichtern.<br \/>\nDie von uns hergestellten Schalttafeln sind bis 5000 A gepr\u00fcft und zertifiziert. Dar\u00fcber hinaus bieten unsere Panels IP44-Schutz gegen Staub und andere Partikellecks, die von au\u00dfen eindringen k\u00f6nnen.<br \/>\nAlle Blechteile und Schaltanlagenmaterialgruppen sowie die Materialien, die bei der Herstellung von INDUSTRIAL-, typgepr\u00fcften und TSE-zertifizierten Schaltschr\u00e4nken verwendet werden, sind erstklassige Markenprodukte.<\/p>\n","protected":false},"featured_media":3584,"comment_status":"open","ping_status":"closed","template":"","meta":{"_acf_changed":false,"site-sidebar-layout":"default","site-content-layout":"","ast-site-content-layout":"default","site-content-style":"default","site-sidebar-style":"default","ast-global-header-display":"","ast-banner-title-visibility":"","ast-main-header-display":"","ast-hfb-above-header-display":"","ast-hfb-below-header-display":"","ast-hfb-mobile-header-display":"","site-post-title":"","ast-breadcrumbs-content":"","ast-featured-img":"","footer-sml-layout":"","theme-transparent-header-meta":"default","adv-header-id-meta":"","stick-header-meta":"","header-above-stick-meta":"","header-main-stick-meta":"","header-below-stick-meta":"","astra-migrate-meta-layouts":"set","ast-page-background-enabled":"default","ast-page-background-meta":{"desktop":{"background-color":"var(--ast-global-color-4)","background-image":"","background-repeat":"repeat","background-position":"center center","background-size":"auto","background-attachment":"scroll","background-type":"","background-media":"","overlay-type":"","overlay-color":"","overlay-opacity":"","overlay-gradient":""},"tablet":{"background-color":"","background-image":"","background-repeat":"repeat","background-position":"center center","background-size":"auto","background-attachment":"scroll","background-type":"","background-media":"","overlay-type":"","overlay-color":"","overlay-opacity":"","overlay-gradient":""},"mobile":{"background-color":"","background-image":"","background-repeat":"repeat","background-position":"center center","background-size":"auto","background-attachment":"scroll","background-type":"","background-media":"","overlay-type":"","overlay-color":"","overlay-opacity":"","overlay-gradient":""}},"ast-content-background-meta":{"desktop":{"background-color":"var(--ast-global-color-5)","background-image":"","background-repeat":"repeat","background-position":"center center","background-size":"auto","background-attachment":"scroll","background-type":"","background-media":"","overlay-type":"","overlay-color":"","overlay-opacity":"","overlay-gradient":""},"tablet":{"background-color":"var(--ast-global-color-5)","background-image":"","background-repeat":"repeat","background-position":"center center","background-size":"auto","background-attachment":"scroll","background-type":"","background-media":"","overlay-type":"","overlay-color":"","overlay-opacity":"","overlay-gradient":""},"mobile":{"background-color":"var(--ast-global-color-5)","background-image":"","background-repeat":"repeat","background-position":"center center","background-size":"auto","background-attachment":"scroll","background-type":"","background-media":"","overlay-type":"","overlay-color":"","overlay-opacity":"","overlay-gradient":""}}},"product_cat":[162],"product_tag":[],"class_list":{"0":"post-4834","1":"product","2":"type-product","3":"status-publish","4":"has-post-thumbnail","6":"product_cat-elektrische-steuerungs-und-verteilungssysteme","7":"desktop-align-left","8":"tablet-align-left","9":"mobile-align-left","11":"first","12":"instock","13":"shipping-taxable","14":"product-type-simple"},"acf":[],"_links":{"self":[{"href":"https:\/\/endustriyel.com\/de\/wp-json\/wp\/v2\/product\/4834","targetHints":{"allow":["GET"]}}],"collection":[{"href":"https:\/\/endustriyel.com\/de\/wp-json\/wp\/v2\/product"}],"about":[{"href":"https:\/\/endustriyel.com\/de\/wp-json\/wp\/v2\/types\/product"}],"replies":[{"embeddable":true,"href":"https:\/\/endustriyel.com\/de\/wp-json\/wp\/v2\/comments?post=4834"}],"wp:featuredmedia":[{"embeddable":true,"href":"https:\/\/endustriyel.com\/de\/wp-json\/wp\/v2\/media\/3584"}],"wp:attachment":[{"href":"https:\/\/endustriyel.com\/de\/wp-json\/wp\/v2\/media?parent=4834"}],"wp:term":[{"taxonomy":"product_cat","embeddable":true,"href":"https:\/\/endustriyel.com\/de\/wp-json\/wp\/v2\/product_cat?post=4834"},{"taxonomy":"product_tag","embeddable":true,"href":"https:\/\/endustriyel.com\/de\/wp-json\/wp\/v2\/product_tag?post=4834"}],"curies":[{"name":"wp","href":"https:\/\/api.w.org\/{rel}","templated":true}]}}