{"id":4668,"date":"2024-03-23T17:01:53","date_gmt":"2024-03-23T14:01:53","guid":{"rendered":"https:\/\/endustriyel.com\/urun\/yem-fabrikalari-otomasyon-sistemleri\/"},"modified":"2024-05-09T14:53:19","modified_gmt":"2024-05-09T11:53:19","slug":"automatisierungssysteme-fuer-futtermittelfabriken","status":"publish","type":"product","link":"https:\/\/endustriyel.com\/de\/urun\/automatisierungssysteme-fuer-futtermittelfabriken\/","title":{"rendered":"Automatisierungssysteme f\u00fcr Futtermittelfabriken"},"content":{"rendered":"<p>Abgesehen von der allgemeinen Automatisierung f\u00fcr Futtermittelfabriken, Melasseautomatisierung von Futtermittelfabriken, Pelletpressenautomatisierung, SPS-gesteuertem Dosier-\/Mischsystem<br \/>\nLokale Automatisierungen wie z. B. k\u00f6nnen erfolgreich zum bestehenden System hinzugef\u00fcgt werden.<br \/>\nDas Automatisierungssystem der Futterm\u00fchle wird ebenfalls \u00fcber das Internet gesteuert und kann auch Berichterstellung und technische Serviceunterst\u00fctzung bieten.<\/p>\n","protected":false},"excerpt":{"rendered":"<p>In Futterm\u00fchlen kann das Flussdiagramm aller Abschnitte der Futterm\u00fchlen, beginnend mit der Eingabe der Rohstoffe in das System, wie Dosierung, Zerkleinerung, Mischung und Melassezugabe, mit Hilfe eines Computers verfolgt werden Durch die Verbindung mit dem Automatisierungssystem trifft das System selbstst\u00e4ndig Entscheidungen und stellt so sicher, dass die Fabrik vollautomatisch arbeitet.<br \/>\nDie Produktion erfolgt durch Eingabe von Informationen wie Tagesproduktionsplan, Produktfluss, Produktflussreihenfolge, Silonummer usw.<br \/>\nDurch die st\u00e4ndige Kontrolle der Durchfluss-, Dampf- und W\u00e4rmemengen w\u00e4hrend der Pelletherstellung wird eine homogene Futterproduktion sichergestellt.<br \/>\nEntsprechend der Melasselaufzeit wird die Melassemenge pro Zeiteinheit automatisch angepasst.<\/p>\n","protected":false},"featured_media":3624,"comment_status":"open","ping_status":"closed","template":"","meta":{"_acf_changed":false,"site-sidebar-layout":"default","site-content-layout":"","ast-site-content-layout":"default","site-content-style":"default","site-sidebar-style":"default","ast-global-header-display":"","ast-banner-title-visibility":"","ast-main-header-display":"","ast-hfb-above-header-display":"","ast-hfb-below-header-display":"","ast-hfb-mobile-header-display":"","site-post-title":"","ast-breadcrumbs-content":"","ast-featured-img":"","footer-sml-layout":"","theme-transparent-header-meta":"default","adv-header-id-meta":"","stick-header-meta":"","header-above-stick-meta":"","header-main-stick-meta":"","header-below-stick-meta":"","astra-migrate-meta-layouts":"set","ast-page-background-enabled":"default","ast-page-background-meta":{"desktop":{"background-color":"var(--ast-global-color-4)","background-image":"","background-repeat":"repeat","background-position":"center center","background-size":"auto","background-attachment":"scroll","background-type":"","background-media":"","overlay-type":"","overlay-color":"","overlay-opacity":"","overlay-gradient":""},"tablet":{"background-color":"","background-image":"","background-repeat":"repeat","background-position":"center center","background-size":"auto","background-attachment":"scroll","background-type":"","background-media":"","overlay-type":"","overlay-color":"","overlay-opacity":"","overlay-gradient":""},"mobile":{"background-color":"","background-image":"","background-repeat":"repeat","background-position":"center center","background-size":"auto","background-attachment":"scroll","background-type":"","background-media":"","overlay-type":"","overlay-color":"","overlay-opacity":"","overlay-gradient":""}},"ast-content-background-meta":{"desktop":{"background-color":"var(--ast-global-color-5)","background-image":"","background-repeat":"repeat","background-position":"center center","background-size":"auto","background-attachment":"scroll","background-type":"","background-media":"","overlay-type":"","overlay-color":"","overlay-opacity":"","overlay-gradient":""},"tablet":{"background-color":"var(--ast-global-color-5)","background-image":"","background-repeat":"repeat","background-position":"center center","background-size":"auto","background-attachment":"scroll","background-type":"","background-media":"","overlay-type":"","overlay-color":"","overlay-opacity":"","overlay-gradient":""},"mobile":{"background-color":"var(--ast-global-color-5)","background-image":"","background-repeat":"repeat","background-position":"center center","background-size":"auto","background-attachment":"scroll","background-type":"","background-media":"","overlay-type":"","overlay-color":"","overlay-opacity":"","overlay-gradient":""}}},"product_cat":[136],"product_tag":[172],"class_list":{"0":"post-4668","1":"product","2":"type-product","3":"status-publish","4":"has-post-thumbnail","6":"product_cat-automatisierungsanwendungen","7":"product_tag-yem-fabrikalari-de","8":"desktop-align-left","9":"tablet-align-left","10":"mobile-align-left","12":"first","13":"instock","14":"shipping-taxable","15":"product-type-simple"},"acf":[],"_links":{"self":[{"href":"https:\/\/endustriyel.com\/de\/wp-json\/wp\/v2\/product\/4668","targetHints":{"allow":["GET"]}}],"collection":[{"href":"https:\/\/endustriyel.com\/de\/wp-json\/wp\/v2\/product"}],"about":[{"href":"https:\/\/endustriyel.com\/de\/wp-json\/wp\/v2\/types\/product"}],"replies":[{"embeddable":true,"href":"https:\/\/endustriyel.com\/de\/wp-json\/wp\/v2\/comments?post=4668"}],"wp:featuredmedia":[{"embeddable":true,"href":"https:\/\/endustriyel.com\/de\/wp-json\/wp\/v2\/media\/3624"}],"wp:attachment":[{"href":"https:\/\/endustriyel.com\/de\/wp-json\/wp\/v2\/media?parent=4668"}],"wp:term":[{"taxonomy":"product_cat","embeddable":true,"href":"https:\/\/endustriyel.com\/de\/wp-json\/wp\/v2\/product_cat?post=4668"},{"taxonomy":"product_tag","embeddable":true,"href":"https:\/\/endustriyel.com\/de\/wp-json\/wp\/v2\/product_tag?post=4668"}],"curies":[{"name":"wp","href":"https:\/\/api.w.org\/{rel}","templated":true}]}}