{"id":4624,"date":"2024-03-23T17:02:57","date_gmt":"2024-03-23T14:02:57","guid":{"rendered":"https:\/\/endustriyel.com\/urun\/makarna-fabrikalari-otomasyon-sistemleri\/"},"modified":"2024-05-09T14:28:55","modified_gmt":"2024-05-09T11:28:55","slug":"automatisierungssysteme-fuer-nudelfabriken","status":"publish","type":"product","link":"https:\/\/endustriyel.com\/de\/urun\/automatisierungssysteme-fuer-nudelfabriken\/","title":{"rendered":"Automatisierungssysteme f\u00fcr Nudelfabriken"},"content":{"rendered":"<ul>\n<li>Mit diesem System werden viele Faktoren wie alle Arten von Sensoren, alle Arten von pneumatischen und hydraulischen Ger\u00e4ten, Motoren, Bewegungs- und Positionssteuerungen, Roboter, Reporting, Leistungseinheiten (MCC) und Fernbedienungen, die im gesamten Produktionsprozess erforderlich sein k\u00f6nnen, nun ber\u00fccksichtigt unter der Kontrolle dieser Automatisierungsanwendung.<br \/>\nWenn diese Automatisierungsanwendung in Betrieb genommen wird, werden die momentanen Daten der Maschinen im System (Strom, Menge des pro Zeiteinheit durchlaufenden Produkts, Gewicht, Temperatur usw.) realistisch, sofort und r\u00fcckw\u00e4rts auf dem SCADA-Bildschirm \u00fcberwacht.<\/li>\n<\/ul>\n","protected":false},"excerpt":{"rendered":"<p>Mit dieser Automatisierungsanwendung vom Typ PCL \u2013 SCADA, die END\u00dcSTR\u0130YEL f\u00fcr seine Kunden in der Nudelproduktion entwickelt hat, wird jeder Prozess in der Nudelproduktion automatisch gesteuert.<br \/>\nDas Hauptziel besteht darin, sicherzustellen, dass das System verwaltet wird.<br \/>\nMit dieser entwickelten Anwendung werden nun eine Reihe von Prozessen wie die rationelle Steuerung des Nudelproduktionsprozesses, die Planung von Produktionsstufen, die Steuerung von Produktionsstufen sowie die sofortige und nachtr\u00e4gliche \u00dcberwachung mit diesen SCADA- und Bedienpanels, sogenannten HMI (Human), durchgef\u00fchrt Machine Interface), das die Kommunikation zwischen Mensch und Maschine erm\u00f6glicht.<\/p>\n","protected":false},"featured_media":3629,"comment_status":"open","ping_status":"closed","template":"","meta":{"_acf_changed":false,"site-sidebar-layout":"default","site-content-layout":"","ast-site-content-layout":"default","site-content-style":"default","site-sidebar-style":"default","ast-global-header-display":"","ast-banner-title-visibility":"","ast-main-header-display":"","ast-hfb-above-header-display":"","ast-hfb-below-header-display":"","ast-hfb-mobile-header-display":"","site-post-title":"","ast-breadcrumbs-content":"","ast-featured-img":"","footer-sml-layout":"","theme-transparent-header-meta":"default","adv-header-id-meta":"","stick-header-meta":"","header-above-stick-meta":"","header-main-stick-meta":"","header-below-stick-meta":"","astra-migrate-meta-layouts":"set","ast-page-background-enabled":"default","ast-page-background-meta":{"desktop":{"background-color":"var(--ast-global-color-4)","background-image":"","background-repeat":"repeat","background-position":"center center","background-size":"auto","background-attachment":"scroll","background-type":"","background-media":"","overlay-type":"","overlay-color":"","overlay-opacity":"","overlay-gradient":""},"tablet":{"background-color":"","background-image":"","background-repeat":"repeat","background-position":"center center","background-size":"auto","background-attachment":"scroll","background-type":"","background-media":"","overlay-type":"","overlay-color":"","overlay-opacity":"","overlay-gradient":""},"mobile":{"background-color":"","background-image":"","background-repeat":"repeat","background-position":"center center","background-size":"auto","background-attachment":"scroll","background-type":"","background-media":"","overlay-type":"","overlay-color":"","overlay-opacity":"","overlay-gradient":""}},"ast-content-background-meta":{"desktop":{"background-color":"var(--ast-global-color-5)","background-image":"","background-repeat":"repeat","background-position":"center center","background-size":"auto","background-attachment":"scroll","background-type":"","background-media":"","overlay-type":"","overlay-color":"","overlay-opacity":"","overlay-gradient":""},"tablet":{"background-color":"var(--ast-global-color-5)","background-image":"","background-repeat":"repeat","background-position":"center center","background-size":"auto","background-attachment":"scroll","background-type":"","background-media":"","overlay-type":"","overlay-color":"","overlay-opacity":"","overlay-gradient":""},"mobile":{"background-color":"var(--ast-global-color-5)","background-image":"","background-repeat":"repeat","background-position":"center center","background-size":"auto","background-attachment":"scroll","background-type":"","background-media":"","overlay-type":"","overlay-color":"","overlay-opacity":"","overlay-gradient":""}}},"product_cat":[136],"product_tag":[],"class_list":{"0":"post-4624","1":"product","2":"type-product","3":"status-publish","4":"has-post-thumbnail","6":"product_cat-automatisierungsanwendungen","7":"desktop-align-left","8":"tablet-align-left","9":"mobile-align-left","11":"first","12":"instock","13":"shipping-taxable","14":"product-type-simple"},"acf":[],"_links":{"self":[{"href":"https:\/\/endustriyel.com\/de\/wp-json\/wp\/v2\/product\/4624","targetHints":{"allow":["GET"]}}],"collection":[{"href":"https:\/\/endustriyel.com\/de\/wp-json\/wp\/v2\/product"}],"about":[{"href":"https:\/\/endustriyel.com\/de\/wp-json\/wp\/v2\/types\/product"}],"replies":[{"embeddable":true,"href":"https:\/\/endustriyel.com\/de\/wp-json\/wp\/v2\/comments?post=4624"}],"wp:featuredmedia":[{"embeddable":true,"href":"https:\/\/endustriyel.com\/de\/wp-json\/wp\/v2\/media\/3629"}],"wp:attachment":[{"href":"https:\/\/endustriyel.com\/de\/wp-json\/wp\/v2\/media?parent=4624"}],"wp:term":[{"taxonomy":"product_cat","embeddable":true,"href":"https:\/\/endustriyel.com\/de\/wp-json\/wp\/v2\/product_cat?post=4624"},{"taxonomy":"product_tag","embeddable":true,"href":"https:\/\/endustriyel.com\/de\/wp-json\/wp\/v2\/product_tag?post=4624"}],"curies":[{"name":"wp","href":"https:\/\/api.w.org\/{rel}","templated":true}]}}